{"id":1565,"date":"2025-07-30T11:22:01","date_gmt":"2025-07-30T10:22:01","guid":{"rendered":"https:\/\/ibbss.com\/vara-larare\/vara-larare-owen-farr\/"},"modified":"2025-11-19T17:46:50","modified_gmt":"2025-11-19T17:46:50","slug":"vara-larare-owen-farr","status":"publish","type":"page","link":"https:\/\/ibbss.com\/sv\/vara-larare\/vara-larare-owen-farr\/","title":{"rendered":"V\u00e5ra l\u00e4rare &#8211; Owen Farr"},"content":{"rendered":"\n<div class=\"gb-element-a4058368\">\n<div class=\"gb-element-ac7a1dbc\">\n<div class=\"gb-element-bdd81fb5\">\n<img loading=\"lazy\" decoding=\"async\" width=\"200\" height=\"280\" class=\"gb-media-fe8716a9\" alt=\"\" src=\"http:\/\/www.ibbss.com\/wp-content\/uploads\/2025\/07\/Owen-Farr.jpg\" title=\"Owen Farr\">\n<\/div>\n\n\n\n<div>\n<p class=\"gb-text\"><strong>Owen Farr<\/strong> har hj\u00e4lpt till att s\u00e4tta Pontypool, South Wales, p\u00e5 den musikaliska kartan med sitt v\u00e4rldsklassiga tenorhornsspel och engagemang f\u00f6r brassinstrumentutbildning. Owen b\u00f6rjade sin musikaliska resa redan vid sex \u00e5rs \u00e5lder med Pontypool Brass Band och avancerade snabbt genom leden. Han blev st\u00e4mledare f\u00f6r horn i b\u00e5de <strong>Gwent County Youth Brass Band<\/strong> och <strong>National Youth Brass Band of Wales<\/strong>. \u00c5r 1995 uts\u00e5gs han till <strong>British Open Junior Solo Champion<\/strong> och vid 16 \u00e5rs \u00e5lder blev han solohorn f\u00f6r <strong>Tredegar Town Band<\/strong>.  <\/p>\n\n\n\n<p>Owen fortsatte sina studier vid <strong>Royal Northern College of Music<\/strong> och gick med i <strong>Williams Fairey Band<\/strong> inom sex m\u00e5nader. Han uts\u00e5gs till &#8221;\u00c5rets musiker&#8221; av sina bandmedlemmar och spelade en nyckelroll i tv\u00e5 segrar i National Finals. Efter examen 2002 utn\u00e4mndes han omedelbart till tenorhornsl\u00e4rare vid RNCM och fick \u00e4ven en undervisningsposition vid <strong>Liverpool University<\/strong>.   <\/p>\n\n\n\n<p>Som grundande medlem av <strong>Sonar Brass<\/strong> har Owen framtr\u00e4tt i nationella s\u00e4ndningar inklusive <em>Listen to the Band<\/em> och <em>Friday Night is Music Night<\/em>. Han \u00e4r en passionerad f\u00f6respr\u00e5kare f\u00f6r tenorhornsundervisning, innehar l\u00e4rartj\u00e4nster vid <strong>Royal Welsh College of Music and Drama<\/strong> och <strong>Birmingham Conservatoire<\/strong>, och arbetar som <strong>Besson-kliniker<\/strong> d\u00e4r han turnerar omfattande f\u00f6r att fr\u00e4mja instrumentet.  <\/p>\n\n\n\n<p>Efter att ha \u00e5terv\u00e4nt till Wales 2004 f\u00f6r att g\u00e5 med i <strong>Buy As You View Band<\/strong> forts\u00e4tter Owen att inspirera genom sin lyriska ton, tekniska briljans och engagemang f\u00f6r musikutbildning. Hans unika kombination av konstn\u00e4rskap och l\u00e4rdom bef\u00e4ster hans plats bland de fr\u00e4msta bl\u00e5smusikerna och pedagogerna i sin generation.  <\/p>\n<\/div>\n<\/div>\n<\/div>\n","protected":false},"excerpt":{"rendered":"<p>Owen Farr har hj\u00e4lpt till att s\u00e4tta Pontypool, South Wales, p\u00e5 den musikaliska kartan med sitt v\u00e4rldsklassiga tenorhornsspel och engagemang f\u00f6r brassinstrumentutbildning. Owen b\u00f6rjade sin musikaliska resa redan vid sex \u00e5rs \u00e5lder med Pontypool Brass Band och avancerade snabbt genom leden. Han blev st\u00e4mledare f\u00f6r horn i b\u00e5de Gwent County Youth Brass Band och National &#8230; <a title=\"V\u00e5ra l\u00e4rare &#8211; Owen Farr\" class=\"read-more\" href=\"https:\/\/ibbss.com\/sv\/vara-larare\/vara-larare-owen-farr\/\" aria-label=\"L\u00e4s mer om V\u00e5ra l\u00e4rare &#8211; Owen Farr\">L\u00e4s mer<\/a><\/p>\n","protected":false},"author":5,"featured_media":0,"parent":1296,"menu_order":0,"comment_status":"closed","ping_status":"closed","template":"","meta":{"_acf_changed":false,"footnotes":""},"class_list":["post-1565","page","type-page","status-publish"],"acf":[],"_links":{"self":[{"href":"https:\/\/ibbss.com\/sv\/wp-json\/wp\/v2\/pages\/1565","targetHints":{"allow":["GET"]}}],"collection":[{"href":"https:\/\/ibbss.com\/sv\/wp-json\/wp\/v2\/pages"}],"about":[{"href":"https:\/\/ibbss.com\/sv\/wp-json\/wp\/v2\/types\/page"}],"author":[{"embeddable":true,"href":"https:\/\/ibbss.com\/sv\/wp-json\/wp\/v2\/users\/5"}],"replies":[{"embeddable":true,"href":"https:\/\/ibbss.com\/sv\/wp-json\/wp\/v2\/comments?post=1565"}],"version-history":[{"count":2,"href":"https:\/\/ibbss.com\/sv\/wp-json\/wp\/v2\/pages\/1565\/revisions"}],"predecessor-version":[{"id":1938,"href":"https:\/\/ibbss.com\/sv\/wp-json\/wp\/v2\/pages\/1565\/revisions\/1938"}],"up":[{"embeddable":true,"href":"https:\/\/ibbss.com\/sv\/wp-json\/wp\/v2\/pages\/1296"}],"wp:attachment":[{"href":"https:\/\/ibbss.com\/sv\/wp-json\/wp\/v2\/media?parent=1565"}],"curies":[{"name":"wp","href":"https:\/\/api.w.org\/{rel}","templated":true}]}}