{"id":1559,"date":"2025-07-30T11:27:21","date_gmt":"2025-07-30T10:27:21","guid":{"rendered":"https:\/\/ibbss.com\/vara-larare\/vara-larare-gary-curtin\/"},"modified":"2025-11-19T17:45:44","modified_gmt":"2025-11-19T17:45:44","slug":"vara-larare-gary-curtin","status":"publish","type":"page","link":"https:\/\/ibbss.com\/sv\/vara-larare\/vara-larare-gary-curtin\/","title":{"rendered":"V\u00e5ra l\u00e4rare &#8211; Gary Curtin"},"content":{"rendered":"\n<div class=\"gb-element-a4058368\">\n<div class=\"gb-element-ac7a1dbc\">\n<div>\n<img loading=\"lazy\" decoding=\"async\" width=\"768\" height=\"512\" class=\"gb-media-fe8716a9\" alt=\"\" src=\"http:\/\/www.ibbss.com\/wp-content\/uploads\/2025\/07\/Gary-Curtain.jpg\" title=\"Gary Curtin\" srcset=\"https:\/\/ibbss.com\/wp-content\/uploads\/2025\/07\/Gary-Curtain.jpg 768w, https:\/\/ibbss.com\/wp-content\/uploads\/2025\/07\/Gary-Curtain-600x400.jpg 600w\" sizes=\"auto, (max-width: 768px) 100vw, 768px\" \/>\n<\/div>\n\n\n\n<div>\n<p class=\"gb-text\"><strong>Gary Curtin<\/strong> f\u00f6ddes i Cork City, Irland. Han b\u00f6rjade spela baryton vid 12 \u00e5rs \u00e5lder och \u00f6vergick till euphonium 1996. Efter \u00f6verg\u00e5ngen till euphonium f\u00f6r\u00e4lskade han sig i instrumentets klang och blev mer och mer \u00f6vertygad om att han ville \u00e4gna sin tid \u00e5t att utvecklas som spelare och musiker.  &nbsp;<\/p>\n\n\n\n<p>Gary var den f\u00f6rsta euphoniumspelaren som studerade p\u00e5 kandidatniv\u00e5 vid Cork School of Music, och han fortsatte sedan att studera p\u00e5 magisterniv\u00e5 ocks\u00e5. Under sin tid vid Cork School of Music tilldelades han \u00e4ven Yamaha Solo Prize.  <br\/><br\/>Flytten till Storbritannien var ett stort steg f\u00f6r Gary, men hans \u00f6nskan att spela p\u00e5 en h\u00f6gre niv\u00e5 p\u00e5 sitt instrument tog \u00f6verhand och 2005 flyttade han till Manchester. Under ett \u00e5rs studier vid RNCM under Steven Meads v\u00e4gledning b\u00f6rjade Gary f\u00f6rdjupa sig i brass band-scenen och har spelat solo euphonium med Wingates Band och Fairey (Geneva) Band innan han flyttade till positionen som Principal Euphonium vid Black Dyke Band.  <\/p>\n\n\n\n<p>Han mottog Geoff Whitham Memorial Award f\u00f6r &#8217;Best Euphonium&#8217; vid 2010 British Open Championships p\u00e5 Birmingham Symphony Hall. <br\/>Gary har \u00e4ven haft orkesterupplevelser p\u00e5 b\u00e5de euphonium och bastrumpet och har framf\u00f6rt Wagners Ring-cykel vid tv\u00e5 tillf\u00e4llen samt det mesta av orkesterrepertoaren f\u00f6r euphonium.<\/p>\n<\/div>\n<\/div>\n<\/div>\n","protected":false},"excerpt":{"rendered":"<p>Gary Curtin f\u00f6ddes i Cork City, Irland. Han b\u00f6rjade spela baryton vid 12 \u00e5rs \u00e5lder och \u00f6vergick till euphonium 1996. Efter \u00f6verg\u00e5ngen till euphonium f\u00f6r\u00e4lskade han sig i instrumentets klang och blev mer och mer \u00f6vertygad om att han ville \u00e4gna sin tid \u00e5t att utvecklas som spelare och musiker. &nbsp; Gary var den f\u00f6rsta &#8230; <a title=\"V\u00e5ra l\u00e4rare &#8211; Gary Curtin\" class=\"read-more\" href=\"https:\/\/ibbss.com\/sv\/vara-larare\/vara-larare-gary-curtin\/\" aria-label=\"L\u00e4s mer om V\u00e5ra l\u00e4rare &#8211; Gary Curtin\">L\u00e4s mer<\/a><\/p>\n","protected":false},"author":5,"featured_media":0,"parent":1296,"menu_order":0,"comment_status":"closed","ping_status":"closed","template":"","meta":{"_acf_changed":false,"footnotes":""},"class_list":["post-1559","page","type-page","status-publish"],"acf":[],"_links":{"self":[{"href":"https:\/\/ibbss.com\/sv\/wp-json\/wp\/v2\/pages\/1559","targetHints":{"allow":["GET"]}}],"collection":[{"href":"https:\/\/ibbss.com\/sv\/wp-json\/wp\/v2\/pages"}],"about":[{"href":"https:\/\/ibbss.com\/sv\/wp-json\/wp\/v2\/types\/page"}],"author":[{"embeddable":true,"href":"https:\/\/ibbss.com\/sv\/wp-json\/wp\/v2\/users\/5"}],"replies":[{"embeddable":true,"href":"https:\/\/ibbss.com\/sv\/wp-json\/wp\/v2\/comments?post=1559"}],"version-history":[{"count":2,"href":"https:\/\/ibbss.com\/sv\/wp-json\/wp\/v2\/pages\/1559\/revisions"}],"predecessor-version":[{"id":1855,"href":"https:\/\/ibbss.com\/sv\/wp-json\/wp\/v2\/pages\/1559\/revisions\/1855"}],"up":[{"embeddable":true,"href":"https:\/\/ibbss.com\/sv\/wp-json\/wp\/v2\/pages\/1296"}],"wp:attachment":[{"href":"https:\/\/ibbss.com\/sv\/wp-json\/wp\/v2\/media?parent=1559"}],"curies":[{"name":"wp","href":"https:\/\/api.w.org\/{rel}","templated":true}]}}