{"id":1554,"date":"2025-07-30T11:31:57","date_gmt":"2025-07-30T10:31:57","guid":{"rendered":"https:\/\/ibbss.com\/vara-larare\/vara-larare-tom-hutchinson\/"},"modified":"2025-11-19T17:46:51","modified_gmt":"2025-11-19T17:46:51","slug":"vara-larare-tom-hutchinson","status":"publish","type":"page","link":"https:\/\/ibbss.com\/sv\/vara-larare\/vara-larare-tom-hutchinson\/","title":{"rendered":"V\u00e5ra l\u00e4rare &#8211; Tom Hutchinson"},"content":{"rendered":"\n<div class=\"gb-element-a4058368\">\n<div class=\"gb-element-ac7a1dbc\">\n<div>\n<img loading=\"lazy\" decoding=\"async\" width=\"576\" height=\"1024\" class=\"gb-media-fe8716a9\" alt=\"\" src=\"http:\/\/www.ibbss.com\/wp-content\/uploads\/2025\/07\/Tom-Hutchinson.jpeg\" title=\"Tom Hutchinson\" srcset=\"https:\/\/ibbss.com\/wp-content\/uploads\/2025\/07\/Tom-Hutchinson.jpeg 576w, https:\/\/ibbss.com\/wp-content\/uploads\/2025\/07\/Tom-Hutchinson-338x600.jpeg 338w\" sizes=\"auto, (max-width: 576px) 100vw, 576px\" \/>\n<\/div>\n\n\n\n<div>\n<p class=\"gb-text\"><strong>Tom Hutchinson<\/strong> \u00e4r erk\u00e4nd som en av v\u00e4rldens ledande kornettister. Han b\u00f6rjade spela vid nio \u00e5rs \u00e5lder med sitt lokala band, <g id=\"gid_1\">Stannington<\/g>, och vid femton \u00e5rs \u00e5lder ledde han <g id=\"gid_2\">Rothwell Temperance Band<\/g>. Tom var tidigare solist och ledare med <strong>National Youth Brass Band of Great Britain<\/strong> och blev inbjuden av Dr. Nicholas Childs att g\u00e5 med i <strong>Black Dyke Band<\/strong>, d\u00e4r han spelade i fyra \u00e5r och bidrog till stora t\u00e4vlingsvinster i Storbritannien och Europa.   <\/p>\n\n\n\n<p class=\"gb-text\">Efter examen fr\u00e5n <strong>Royal Northern College of Music<\/strong> 2009 utn\u00e4mndes Tom till <strong>Principal Cornet of the Cory Band<\/strong>. Under hans ledning har Cory haft en period av extraordin\u00e4r framg\u00e5ng \u2013 inklusive flera British Open-, European-, Brass in Concert- och National Championship-titlar. Han har tv\u00e5 g\u00e5nger utsetts till bandets Player of the Year och var central i Corys historiska <strong>Grand Slam<\/strong> och decenniel\u00e5nga dominans som v\u00e4rldens h\u00f6gst rankade brassband.  &nbsp;<\/p>\n\n\n\n<p class=\"gb-text\">Ut\u00f6ver sin karri\u00e4r som artist \u00e4r Tom en passionerad pedagog. Han \u00e4r <g id=\"gid_0\">Professor of Cornet vid Royal Welsh College of Music and Drama<\/g>, och handledare f\u00f6r <g id=\"gid_1\">National Youth Brass Band of Wales<\/g> och <g id=\"gid_2\">National Children\u2019s Brass Band of Great Britain<\/g>. Som <g id=\"gid_3\">Besson Artist<\/g> representerar han <g id=\"gid_4\">Buffet Crampon Group<\/g> internationellt och har upptr\u00e4tt som solist i <g id=\"gid_5\">Australien, Nya Zeeland, Japan, Kanada<\/g> och <g id=\"gid_6\">USA<\/g>. Hans debutalbum <em>In Principal<\/em> har f\u00e5tt stor uppskattning.   &nbsp;<\/p>\n<\/div>\n<\/div>\n<\/div>\n","protected":false},"excerpt":{"rendered":"<p>Tom Hutchinson \u00e4r erk\u00e4nd som en av v\u00e4rldens ledande kornettister. Han b\u00f6rjade spela vid nio \u00e5rs \u00e5lder med sitt lokala band, Stannington, och vid femton \u00e5rs \u00e5lder ledde han Rothwell Temperance Band. Tom var tidigare solist och ledare med National Youth Brass Band of Great Britain och blev inbjuden av Dr. Nicholas Childs att g\u00e5 &#8230; <a title=\"V\u00e5ra l\u00e4rare &#8211; Tom Hutchinson\" class=\"read-more\" href=\"https:\/\/ibbss.com\/sv\/vara-larare\/vara-larare-tom-hutchinson\/\" aria-label=\"L\u00e4s mer om V\u00e5ra l\u00e4rare &#8211; Tom Hutchinson\">L\u00e4s mer<\/a><\/p>\n","protected":false},"author":5,"featured_media":0,"parent":1296,"menu_order":0,"comment_status":"closed","ping_status":"closed","template":"","meta":{"_acf_changed":false,"footnotes":""},"class_list":["post-1554","page","type-page","status-publish"],"acf":[],"_links":{"self":[{"href":"https:\/\/ibbss.com\/sv\/wp-json\/wp\/v2\/pages\/1554","targetHints":{"allow":["GET"]}}],"collection":[{"href":"https:\/\/ibbss.com\/sv\/wp-json\/wp\/v2\/pages"}],"about":[{"href":"https:\/\/ibbss.com\/sv\/wp-json\/wp\/v2\/types\/page"}],"author":[{"embeddable":true,"href":"https:\/\/ibbss.com\/sv\/wp-json\/wp\/v2\/users\/5"}],"replies":[{"embeddable":true,"href":"https:\/\/ibbss.com\/sv\/wp-json\/wp\/v2\/comments?post=1554"}],"version-history":[{"count":2,"href":"https:\/\/ibbss.com\/sv\/wp-json\/wp\/v2\/pages\/1554\/revisions"}],"predecessor-version":[{"id":1939,"href":"https:\/\/ibbss.com\/sv\/wp-json\/wp\/v2\/pages\/1554\/revisions\/1939"}],"up":[{"embeddable":true,"href":"https:\/\/ibbss.com\/sv\/wp-json\/wp\/v2\/pages\/1296"}],"wp:attachment":[{"href":"https:\/\/ibbss.com\/sv\/wp-json\/wp\/v2\/media?parent=1554"}],"curies":[{"name":"wp","href":"https:\/\/api.w.org\/{rel}","templated":true}]}}