{"id":1553,"date":"2025-07-30T10:41:33","date_gmt":"2025-07-30T09:41:33","guid":{"rendered":"https:\/\/ibbss.com\/vara-larare\/vara-larare-david-barringer\/"},"modified":"2025-11-19T17:46:50","modified_gmt":"2025-11-19T17:46:50","slug":"vara-larare-david-barringer","status":"publish","type":"page","link":"https:\/\/ibbss.com\/sv\/vara-larare\/vara-larare-david-barringer\/","title":{"rendered":"V\u00e5ra l\u00e4rare &#8211; David Barringer"},"content":{"rendered":"\n<div class=\"gb-element-a4058368\">\n<div class=\"gb-element-ac7a1dbc\">\n<div>\n<img loading=\"lazy\" decoding=\"async\" width=\"1206\" height=\"1571\" class=\"gb-media-fe8716a9\" alt=\"\" src=\"http:\/\/www.ibbss.com\/wp-content\/uploads\/2025\/07\/David-Barringer.jpg\" title=\"David Barringer\" srcset=\"https:\/\/ibbss.com\/wp-content\/uploads\/2025\/07\/David-Barringer.jpg 1206w, https:\/\/ibbss.com\/wp-content\/uploads\/2025\/07\/David-Barringer-461x600.jpg 461w, https:\/\/ibbss.com\/wp-content\/uploads\/2025\/07\/David-Barringer-921x1200.jpg 921w, https:\/\/ibbss.com\/wp-content\/uploads\/2025\/07\/David-Barringer-768x1000.jpg 768w, https:\/\/ibbss.com\/wp-content\/uploads\/2025\/07\/David-Barringer-1179x1536.jpg 1179w, https:\/\/ibbss.com\/wp-content\/uploads\/2025\/07\/David-Barringer-600x782.jpg 600w\" sizes=\"auto, (max-width: 1206px) 100vw, 1206px\" \/>\n<\/div>\n\n\n\n<div>\n<p class=\"gb-text\"><strong>David Barringer<\/strong> <strong>MVO MBE<\/strong> \u00e4r en mycket erfaren ledare, strategisk planerare och musikalisk ledare, med en framst\u00e5ende karri\u00e4r inom den milit\u00e4ra sektorn. <\/p>\n\n\n\n<p>Davids omfattande portfolio inkluderar tillsyn \u00f6ver den musikaliska ledningen och projektledningen av n\u00e5gra av Storbritanniens mest betydelsefulla statliga evenemang, s\u00e5som <strong>statsbegravningen av Hennes Majest\u00e4t Drottning Elizabeth II<\/strong>, f\u00f6r vilken han tilldelades <strong>MVO<\/strong> och <strong>kr\u00f6ningen av Kung Charles III<\/strong>.<\/p>\n\n\n\n<p>David gick med i arm\u00e9n i september 1989 och studerade vid Army Junior School of Music i Pirbright. D\u00e4refter studerade han vid <strong>Royal Military School of Music, Kneller Hall<\/strong>. Han ansl\u00f6t sig till Coldstream Guards Band i januari 1993 och turnerade v\u00e4rlden \u00f6ver med dem, inklusive en tre m\u00e5nader l\u00e5ng kust-till-kust-turn\u00e9 i USA och Kanada. Under sin tid med bandet utvecklade han ett intresse f\u00f6r brassbandsdirigering och tillbringade 2 \u00e5r som fast dirigent f\u00f6r Flowers Brass Band. Han gick sedan vidare till att <strong>representera Storbritannien<\/strong> vid den f\u00f6rsta European Conductor of the Year-t\u00e4vlingen \u00e5r 2000.    <\/p>\n\n\n\n<p>Med djupg\u00e5ende <strong>expertis inom ledarskap, strategisk planering och eventhantering<\/strong> har David bevisat sin f\u00f6rm\u00e5ga att driva komplexa projekt fr\u00e5n id\u00e9 till genomf\u00f6rande, och s\u00e4kerst\u00e4llt <strong>h\u00f6gsta standard av excellens<\/strong> inom b\u00e5de milit\u00e4ra och civila ceremoniella evenemang. <\/p>\n\n\n\n<p>Han \u00e4r \u00e4ven kvalificerad f\u00f6r\u00e4ndringsledningspraktiker och ledarskapscoach, och bidrar med omfattande erfarenhet av att optimera processer, f\u00f6rb\u00e4ttra verksamheter och h\u00f6ja teamprestation. <\/p>\n\n\n\n<p>I november 2019 befordrades han till <strong>\u00f6verstel\u00f6jtnant<\/strong> och tilltr\u00e4dde som <strong>den yngste n\u00e5gonsin Principal Director of Music Army<\/strong>. <br\/>\u00c5r 2022 utn\u00e4mndes han till <strong>bef\u00e4lhavare f\u00f6r Bands of the Household Division<\/strong>, och har <strong>sedan dess ansvarat f\u00f6r all milit\u00e4rmusik<\/strong>. <\/p>\n\n\n\n<p>Davids passion f\u00f6r att maximera talang och driva effektivitet \u00e5terspeglas i hans p\u00e5g\u00e5ende arbete. Hans bidrag till den milit\u00e4ra och ceremoniella musikgemenskapen, tillsammans med hans arbete inom ledarskapscoaching och f\u00f6r\u00e4ndringsledning, understryker hans engagemang f\u00f6r excellens och kontinuerlig f\u00f6rb\u00e4ttring.  <\/p>\n\n\n\n<p>Han hedrades med <strong>MBE<\/strong> f\u00f6r sin <strong>exceptionella tj\u00e4nstg\u00f6ring och h\u00e4ngivenhet<\/strong> inom sitt omr\u00e5de. <\/p>\n<\/div>\n<\/div>\n<\/div>\n","protected":false},"excerpt":{"rendered":"<p>David Barringer MVO MBE \u00e4r en mycket erfaren ledare, strategisk planerare och musikalisk ledare, med en framst\u00e5ende karri\u00e4r inom den milit\u00e4ra sektorn. Davids omfattande portfolio inkluderar tillsyn \u00f6ver den musikaliska ledningen och projektledningen av n\u00e5gra av Storbritanniens mest betydelsefulla statliga evenemang, s\u00e5som statsbegravningen av Hennes Majest\u00e4t Drottning Elizabeth II, f\u00f6r vilken han tilldelades MVO och &#8230; <a title=\"V\u00e5ra l\u00e4rare &#8211; David Barringer\" class=\"read-more\" href=\"https:\/\/ibbss.com\/sv\/vara-larare\/vara-larare-david-barringer\/\" aria-label=\"L\u00e4s mer om V\u00e5ra l\u00e4rare &#8211; David Barringer\">L\u00e4s mer<\/a><\/p>\n","protected":false},"author":5,"featured_media":0,"parent":1296,"menu_order":0,"comment_status":"closed","ping_status":"closed","template":"","meta":{"_acf_changed":false,"footnotes":""},"class_list":["post-1553","page","type-page","status-publish"],"acf":[],"_links":{"self":[{"href":"https:\/\/ibbss.com\/sv\/wp-json\/wp\/v2\/pages\/1553","targetHints":{"allow":["GET"]}}],"collection":[{"href":"https:\/\/ibbss.com\/sv\/wp-json\/wp\/v2\/pages"}],"about":[{"href":"https:\/\/ibbss.com\/sv\/wp-json\/wp\/v2\/types\/page"}],"author":[{"embeddable":true,"href":"https:\/\/ibbss.com\/sv\/wp-json\/wp\/v2\/users\/5"}],"replies":[{"embeddable":true,"href":"https:\/\/ibbss.com\/sv\/wp-json\/wp\/v2\/comments?post=1553"}],"version-history":[{"count":2,"href":"https:\/\/ibbss.com\/sv\/wp-json\/wp\/v2\/pages\/1553\/revisions"}],"predecessor-version":[{"id":1936,"href":"https:\/\/ibbss.com\/sv\/wp-json\/wp\/v2\/pages\/1553\/revisions\/1936"}],"up":[{"embeddable":true,"href":"https:\/\/ibbss.com\/sv\/wp-json\/wp\/v2\/pages\/1296"}],"wp:attachment":[{"href":"https:\/\/ibbss.com\/sv\/wp-json\/wp\/v2\/media?parent=1553"}],"curies":[{"name":"wp","href":"https:\/\/api.w.org\/{rel}","templated":true}]}}