{"id":1548,"date":"2025-07-30T11:03:33","date_gmt":"2025-07-30T10:03:33","guid":{"rendered":"https:\/\/ibbss.com\/vara-larare\/vara-larare-nicholas-childs\/"},"modified":"2025-11-19T17:45:44","modified_gmt":"2025-11-19T17:45:44","slug":"vara-larare-nicholas-childs","status":"publish","type":"page","link":"https:\/\/ibbss.com\/sv\/vara-larare\/vara-larare-nicholas-childs\/","title":{"rendered":"V\u00e5ra l\u00e4rare &#8211; Nicholas Childs"},"content":{"rendered":"\n<div class=\"gb-element-a4058368\">\n<div class=\"gb-element-ac7a1dbc\">\n<div>\n<img loading=\"lazy\" decoding=\"async\" width=\"257\" height=\"385\" class=\"gb-media-fe8716a9\" alt=\"\" src=\"http:\/\/www.ibbss.com\/wp-content\/uploads\/2025\/07\/Nick-Childs-1-1.jpg\" title=\"Nick Childs\">\n<\/div>\n\n\n\n<div>\n<p><strong>Prof. Nicholas Childs<\/strong> \u00e4r en internationellt erk\u00e4nd dirigent, eufoniumsolist, producent och pedagog, vida hyllad f\u00f6r sitt ledarskap inom brassbandsv\u00e4rlden. Hans tidiga framg\u00e5ngar kom genom internationella framtr\u00e4danden med sin bror som <em>The Childs Brothers<\/em>, d\u00e4r de f\u00e4ngslade publiken i stora konserthallar v\u00e4rlden \u00f6ver. <\/p>\n\n\n\n<p>Som chefsdirigent och musikdirekt\u00f6r f\u00f6r den v\u00e4rldsber\u00f6mda <strong>Black Dyke Band<\/strong> har Dr. Childs uppn\u00e5tt kontinuerliga t\u00e4vlingsframg\u00e5ngar och lett en v\u00e5g av innovation genom dj\u00e4rv programs\u00e4ttning och stora premi\u00e4rer av tons\u00e4ttare som Philip Wilby, Michael Ball och Peter Graham. Hans vision\u00e4ra ledarskap har gjort Black Dyke till en h\u00f6rnsten inom modern brassbandmusik, inklusive betydelsefulla framtr\u00e4danden p\u00e5 prestigefyllda arenor som Londons <strong>Royal Albert Hall<\/strong>.  <\/p>\n\n\n\n<p>Som passionerad f\u00f6respr\u00e5kare f\u00f6r ny musik \u00e4r Dr. Childs grundare av <strong>Doyen Recordings<\/strong>, ett banbrytande skivbolag med den st\u00f6rsta katalogen av brassbandsinspelningar. Hans produktioner omfattar ikoniska verk och samarbeten med ensembler som <strong>International Staff Band<\/strong>, <strong>BBC Philharmonic<\/strong> och <strong>Canadian Brass<\/strong>.  <\/p>\n\n\n\n<p>Ut\u00f6ver scenen \u00e4r Dr. Childs en respekterad pedagog och huvudl\u00e4rare i brassbandsstudier vid <strong>Royal Northern College of Music<\/strong>, d\u00e4r han har undervisat i \u00f6ver ett decennium. Han innehar \u00e4ven positioner inom <strong>National Youth Brass Band of Great Britain<\/strong>, <strong>Brass Band Heritage Trust<\/strong>, och har g\u00e4stdirigerat band \u00f6ver hela Europa, Nordamerika och Asien, med nationella m\u00e4sterskapssegrar i Frankrike, Norge, Skottland och Wales.  <\/p>\n\n\n\n<p>Fr\u00e5n sina r\u00f6tter i Tredegar Youth Band i Wales till toppen av den globala brassv\u00e4rlden f\u00f6rblir Dr. Childs dedikerad till att flytta gr\u00e4nser, handleda n\u00e4sta generation och fr\u00e4mja brassbandstraditionen p\u00e5 v\u00e4rldsscenen. <\/p>\n<\/div>\n<\/div>\n<\/div>\n","protected":false},"excerpt":{"rendered":"<p>Prof. Nicholas Childs \u00e4r en internationellt erk\u00e4nd dirigent, eufoniumsolist, producent och pedagog, vida hyllad f\u00f6r sitt ledarskap inom brassbandsv\u00e4rlden. Hans tidiga framg\u00e5ngar kom genom internationella framtr\u00e4danden med sin bror som The Childs Brothers, d\u00e4r de f\u00e4ngslade publiken i stora konserthallar v\u00e4rlden \u00f6ver. Som chefsdirigent och musikdirekt\u00f6r f\u00f6r den v\u00e4rldsber\u00f6mda Black Dyke Band har Dr. Childs &#8230; <a title=\"V\u00e5ra l\u00e4rare &#8211; Nicholas Childs\" class=\"read-more\" href=\"https:\/\/ibbss.com\/sv\/vara-larare\/vara-larare-nicholas-childs\/\" aria-label=\"L\u00e4s mer om V\u00e5ra l\u00e4rare &#8211; Nicholas Childs\">L\u00e4s mer<\/a><\/p>\n","protected":false},"author":5,"featured_media":0,"parent":1296,"menu_order":0,"comment_status":"closed","ping_status":"closed","template":"","meta":{"_acf_changed":false,"footnotes":""},"class_list":["post-1548","page","type-page","status-publish"],"acf":[],"_links":{"self":[{"href":"https:\/\/ibbss.com\/sv\/wp-json\/wp\/v2\/pages\/1548","targetHints":{"allow":["GET"]}}],"collection":[{"href":"https:\/\/ibbss.com\/sv\/wp-json\/wp\/v2\/pages"}],"about":[{"href":"https:\/\/ibbss.com\/sv\/wp-json\/wp\/v2\/types\/page"}],"author":[{"embeddable":true,"href":"https:\/\/ibbss.com\/sv\/wp-json\/wp\/v2\/users\/5"}],"replies":[{"embeddable":true,"href":"https:\/\/ibbss.com\/sv\/wp-json\/wp\/v2\/comments?post=1548"}],"version-history":[{"count":2,"href":"https:\/\/ibbss.com\/sv\/wp-json\/wp\/v2\/pages\/1548\/revisions"}],"predecessor-version":[{"id":1852,"href":"https:\/\/ibbss.com\/sv\/wp-json\/wp\/v2\/pages\/1548\/revisions\/1852"}],"up":[{"embeddable":true,"href":"https:\/\/ibbss.com\/sv\/wp-json\/wp\/v2\/pages\/1296"}],"wp:attachment":[{"href":"https:\/\/ibbss.com\/sv\/wp-json\/wp\/v2\/media?parent=1548"}],"curies":[{"name":"wp","href":"https:\/\/api.w.org\/{rel}","templated":true}]}}