{"id":1547,"date":"2025-07-30T11:37:29","date_gmt":"2025-07-30T10:37:29","guid":{"rendered":"https:\/\/ibbss.com\/vara-larare\/vara-larare-dr-l-brett-baker\/"},"modified":"2025-11-19T17:46:50","modified_gmt":"2025-11-19T17:46:50","slug":"vara-larare-dr-l-brett-baker","status":"publish","type":"page","link":"https:\/\/ibbss.com\/sv\/vara-larare\/vara-larare-dr-l-brett-baker\/","title":{"rendered":"V\u00e5ra l\u00e4rare &#8211; Dr L Brett Baker"},"content":{"rendered":"\n<div class=\"gb-element-a4058368\">\n<div class=\"gb-element-ac7a1dbc\">\n<div>\n<img loading=\"lazy\" decoding=\"async\" width=\"399\" height=\"600\" class=\"gb-media-fe8716a9\" alt=\"\" src=\"http:\/\/www.ibbss.com\/wp-content\/uploads\/2025\/07\/Brett-Baker.jpg\" title=\"Brett Baker\">\n<\/div>\n\n\n\n<div>\n<blockquote class=\"wp-block-quote is-layout-flow wp-block-quote-is-layout-flow\">\n<p><strong>Dr. L. Brett Baker \u2013 trombon-l\u00e4rare och dirigent<\/strong><\/p>\n\n\n\n<p>Dr. L. Brett Baker \u00e4r internationellt erk\u00e4nd som en av de fr\u00e4msta trombonsolisterna i sin generation. K\u00e4nd f\u00f6r sitt uttrycksfulla spel, felfria teknik och banbrytande anda har Brett byggt upp ett globalt rykte genom ett anm\u00e4rkningsv\u00e4rt soloarbete som omfattar inspelningar, liveframtr\u00e4danden och utbildningsinsatser. <\/p>\n\n\n\n<p>Som en passionerad f\u00f6respr\u00e5kare f\u00f6r ny musik har Brett best\u00e4llt \u00f6ver <strong>100 soloverk<\/strong> f\u00f6r trombon och arbetat med m\u00e5nga av v\u00e5r tids ledande komposit\u00f6rer. Han \u00e4r en av <g id=\"gid_1\">de mest inspelade bl\u00e5ssolisterna<\/g> i v\u00e4rlden och har sl\u00e4ppt \u00f6ver <g id=\"gid_2\">40 soloalbum<\/g>, varav \u00e5tta under sitt eget skivm\u00e4rke, <g id=\"gid_3\">White River Evocations<\/g>. Han har medverkat som g\u00e4stsolist p\u00e5 ytterligare 40 inspelningar hos stora brassband och klassiska skivbolag.  <\/p>\n\n\n\n<p>Bretts solokarri\u00e4r har tagit honom \u00f6ver Storbritannien, Europa, USA, Australien, Sydamerika och Asien, d\u00e4r han upptr\u00e4tt p\u00e5 ledande arenor och festivaler inklusive <strong>International Trombone Festival<\/strong>, <strong>Trombonanza<\/strong> och <strong>American Trombone Workshop<\/strong>. Hans konsertschema omfattar upp till <strong>50 soloframtr\u00e4danden \u00e5rligen<\/strong>, d\u00e4r han ocks\u00e5 h\u00e5ller m\u00e4starklasser och workshops om soloteknik och framf\u00f6randekonst. <\/p>\n\n\n\n<p>Tidigare var Brett f\u00f6rstetrombonist i det legendariska <strong>Black Dyke Band<\/strong> i 24 \u00e5r, och nu innehar han solotrombonplatsen i <strong>Cory Band<\/strong>, Storbritanniens h\u00f6gst rankade brassband. Hans konstn\u00e4rskap har gett honom utm\u00e4rkelser som <strong>British Open Solo Championship-titeln<\/strong> (tre g\u00e5nger) och <strong>International Trombone Associations President&#8217;s Award<\/strong> 2020. <\/p>\n\n\n\n<p>Ut\u00f6ver sina framtr\u00e4danden tj\u00e4nstg\u00f6r Brett som <strong>f\u00f6rs\u00e4ljningsdirekt\u00f6r och global artistkontakt f\u00f6r Denis Wick &amp; Alliance Products<\/strong>, och \u00e4r sedan l\u00e4nge <strong>artist f\u00f6r Michael Rath Brass Instruments<\/strong>, med vilka han har samarbetat f\u00f6r att utveckla sitt eget signaturmunstycke. Brett \u00e4r en respekterad pedagog och dirigent, och \u00e4r \u00e4ven ordf\u00f6rande f\u00f6r <strong>Association of Brass Band Adjudicators<\/strong> och forts\u00e4tter att p\u00e5verka brassinstrumentens framtid genom sin undervisning och mentorskap. <\/p>\n<\/blockquote>\n\n\n\n<p class=\"gb-text\">Sedan Brett gick med i <strong>Black Dyke<\/strong> \u00e5r 2000 under Dr. Nicholas Childs ledning har han spelat en nyckelroll i flera stora m\u00e4sterskapsvinster och internationella turn\u00e9er, och medverkat p\u00e5 \u00f6ver ett dussin av bandets inspelningar. Han har ocks\u00e5 varit g\u00e4stsolist och kliniker \u00f6ver <strong>Nord- och Sydamerika, Europa, Australasien<\/strong> och <strong>Storbritannien<\/strong>, d\u00e4r han gett recitaler och masterclasses vid ledande konservatorier och festivaler. &nbsp;<\/p>\n\n\n\n<p class=\"gb-text\">Som en passionerad pedagog undervisar Brett i <strong>National Children&#8217;s Brass Band of Great Britain<\/strong> och har l\u00e5ngvariga roller inom ungdomsbrass-initiativ i Storbritannien och utomlands. Som tidigare <strong>ordf\u00f6rande f\u00f6r British Trombone Society<\/strong> \u00e4r han engagerad i att ut\u00f6ka trombonens solorepertoar och har best\u00e4llt \u00f6ver 30 nya verk fr\u00e5n komposit\u00f6rer som <strong>Philip Wilby<\/strong>, <strong>Philip Harper<\/strong> och <strong>Martin Ellerby<\/strong>. &nbsp;<\/p>\n\n\n\n<p class=\"gb-text\">Brett bor i <strong>Cheshire<\/strong> med sin fru Sarah och \u00e4r alltmer aktiv som dirigent och domare, och forts\u00e4tter att forma framtiden f\u00f6r brassbandsv\u00e4rlden genom framtr\u00e4danden, utbildning och f\u00f6respr\u00e5kande.&nbsp;<\/p>\n<\/div>\n<\/div>\n<\/div>\n","protected":false},"excerpt":{"rendered":"<p>Dr. L. Brett Baker \u2013 trombon-l\u00e4rare och dirigent Dr. L. Brett Baker \u00e4r internationellt erk\u00e4nd som en av de fr\u00e4msta trombonsolisterna i sin generation. K\u00e4nd f\u00f6r sitt uttrycksfulla spel, felfria teknik och banbrytande anda har Brett byggt upp ett globalt rykte genom ett anm\u00e4rkningsv\u00e4rt soloarbete som omfattar inspelningar, liveframtr\u00e4danden och utbildningsinsatser. Som en passionerad f\u00f6respr\u00e5kare &#8230; <a title=\"V\u00e5ra l\u00e4rare &#8211; Dr L Brett Baker\" class=\"read-more\" href=\"https:\/\/ibbss.com\/sv\/vara-larare\/vara-larare-dr-l-brett-baker\/\" aria-label=\"L\u00e4s mer om V\u00e5ra l\u00e4rare &#8211; Dr L Brett Baker\">L\u00e4s mer<\/a><\/p>\n","protected":false},"author":5,"featured_media":0,"parent":1296,"menu_order":0,"comment_status":"closed","ping_status":"closed","template":"","meta":{"_acf_changed":false,"footnotes":""},"class_list":["post-1547","page","type-page","status-publish"],"acf":[],"_links":{"self":[{"href":"https:\/\/ibbss.com\/sv\/wp-json\/wp\/v2\/pages\/1547","targetHints":{"allow":["GET"]}}],"collection":[{"href":"https:\/\/ibbss.com\/sv\/wp-json\/wp\/v2\/pages"}],"about":[{"href":"https:\/\/ibbss.com\/sv\/wp-json\/wp\/v2\/types\/page"}],"author":[{"embeddable":true,"href":"https:\/\/ibbss.com\/sv\/wp-json\/wp\/v2\/users\/5"}],"replies":[{"embeddable":true,"href":"https:\/\/ibbss.com\/sv\/wp-json\/wp\/v2\/comments?post=1547"}],"version-history":[{"count":2,"href":"https:\/\/ibbss.com\/sv\/wp-json\/wp\/v2\/pages\/1547\/revisions"}],"predecessor-version":[{"id":1931,"href":"https:\/\/ibbss.com\/sv\/wp-json\/wp\/v2\/pages\/1547\/revisions\/1931"}],"up":[{"embeddable":true,"href":"https:\/\/ibbss.com\/sv\/wp-json\/wp\/v2\/pages\/1296"}],"wp:attachment":[{"href":"https:\/\/ibbss.com\/sv\/wp-json\/wp\/v2\/media?parent=1547"}],"curies":[{"name":"wp","href":"https:\/\/api.w.org\/{rel}","templated":true}]}}