{"id":1542,"date":"2025-07-30T11:52:26","date_gmt":"2025-07-30T10:52:26","guid":{"rendered":"https:\/\/ibbss.com\/vara-larare\/vara-larare-matthew-routley\/"},"modified":"2025-11-19T17:46:51","modified_gmt":"2025-11-19T17:46:51","slug":"vara-larare-matthew-routley","status":"publish","type":"page","link":"https:\/\/ibbss.com\/sv\/vara-larare\/vara-larare-matthew-routley\/","title":{"rendered":"V\u00e5ra l\u00e4rare &#8211; Matthew Routley"},"content":{"rendered":"\n<div class=\"gb-element-a4058368\">\n<div class=\"gb-element-ac7a1dbc\">\n<div>\n<img loading=\"lazy\" decoding=\"async\" width=\"600\" height=\"600\" class=\"gb-media-fe8716a9\" alt=\"\" src=\"http:\/\/www.ibbss.com\/wp-content\/uploads\/2025\/07\/Matthew-Routely.jpg\" title=\"Matthew Routley\" srcset=\"https:\/\/ibbss.com\/wp-content\/uploads\/2025\/07\/Matthew-Routely.jpg 600w, https:\/\/ibbss.com\/wp-content\/uploads\/2025\/07\/Matthew-Routely-300x300.jpg 300w, https:\/\/ibbss.com\/wp-content\/uploads\/2025\/07\/Matthew-Routely-100x100.jpg 100w\" sizes=\"auto, (max-width: 600px) 100vw, 600px\" \/>\n<\/div>\n\n\n\n<div>\n<p class=\"gb-text\"><strong>Matthew Routley<\/strong> f\u00f6ddes i <strong>Tredegar<\/strong>, s\u00f6dra Wales, och v\u00e4xte upp i <strong>Abergavenny<\/strong>, d\u00e4r hans musikaliska resa b\u00f6rjade vid sju \u00e5rs \u00e5lder med piano, innan han gick \u00f6ver till brassinstrument och fann sin plats p\u00e5 <strong>tuba<\/strong> vid 15 \u00e5rs \u00e5lder. Han fick tidig v\u00e4gledning fr\u00e5n Alun F. Williams och Eric Powell, och fortsatte med att spela med <strong>Gwent Youth Brass Band<\/strong>, <strong>National Youth Brass Band of Wales<\/strong> och <strong>National Youth Brass Band of Great Britain<\/strong>.  <\/p>\n\n\n\n<p class=\"gb-text\">Matthew studerade musik vid <strong>Huddersfield University<\/strong>, d\u00e4r han studerade under Stuart Roebuck, och b\u00f6rjade sin karri\u00e4r inom brassband med <strong>Sellers Engineering Band<\/strong> innan han gick med i <strong>Yorkshire Building Society Band<\/strong> 1994. 1995 gick han med i <strong>Black Dyke Band<\/strong>, d\u00e4r han har haft en framst\u00e5ende karri\u00e4r som str\u00e4cker sig \u00f6ver 25 \u00e5r. Stora h\u00f6jdpunkter inkluderar att vinna flera nationella &#8221;dubbel&#8221;- och &#8221;trippel&#8221;-m\u00e4sterskapstitlar och att upptr\u00e4da p\u00e5 arenor i v\u00e4rldsklass som <strong>Sydney Opera House<\/strong>, <strong>Tokyo Metropolitan Hall<\/strong> och <strong>KKL Lucerne<\/strong>.  &nbsp;<\/p>\n\n\n\n<p class=\"gb-text\">Matthew \u00e4r djupt engagerad i ungdomsmusik och \u00e4r <strong>Tuba Tutor<\/strong> f\u00f6r <strong>National Children\u2019s Brass Band of Great Britain<\/strong>, samt <strong>Yorkshire<\/strong> och <strong>Gwent Youth Brass Bands<\/strong>. Vid sidan av sina musikaliska \u00e5taganden undervisar han i <strong>Music and Performing Arts<\/strong> vid <strong>The Sixth Form, Bolton<\/strong>, och njuter av familjelivet och umg\u00e5s p\u00e5 sin fritid. &nbsp;&nbsp;<\/p>\n<\/div>\n<\/div>\n<\/div>\n","protected":false},"excerpt":{"rendered":"<p>Matthew Routley f\u00f6ddes i Tredegar, s\u00f6dra Wales, och v\u00e4xte upp i Abergavenny, d\u00e4r hans musikaliska resa b\u00f6rjade vid sju \u00e5rs \u00e5lder med piano, innan han gick \u00f6ver till brassinstrument och fann sin plats p\u00e5 tuba vid 15 \u00e5rs \u00e5lder. Han fick tidig v\u00e4gledning fr\u00e5n Alun F. Williams och Eric Powell, och fortsatte med att spela &#8230; <a title=\"V\u00e5ra l\u00e4rare &#8211; Matthew Routley\" class=\"read-more\" href=\"https:\/\/ibbss.com\/sv\/vara-larare\/vara-larare-matthew-routley\/\" aria-label=\"L\u00e4s mer om V\u00e5ra l\u00e4rare &#8211; Matthew Routley\">L\u00e4s mer<\/a><\/p>\n","protected":false},"author":5,"featured_media":0,"parent":1296,"menu_order":0,"comment_status":"closed","ping_status":"closed","template":"","meta":{"_acf_changed":false,"footnotes":""},"class_list":["post-1542","page","type-page","status-publish"],"acf":[],"_links":{"self":[{"href":"https:\/\/ibbss.com\/sv\/wp-json\/wp\/v2\/pages\/1542","targetHints":{"allow":["GET"]}}],"collection":[{"href":"https:\/\/ibbss.com\/sv\/wp-json\/wp\/v2\/pages"}],"about":[{"href":"https:\/\/ibbss.com\/sv\/wp-json\/wp\/v2\/types\/page"}],"author":[{"embeddable":true,"href":"https:\/\/ibbss.com\/sv\/wp-json\/wp\/v2\/users\/5"}],"replies":[{"embeddable":true,"href":"https:\/\/ibbss.com\/sv\/wp-json\/wp\/v2\/comments?post=1542"}],"version-history":[{"count":2,"href":"https:\/\/ibbss.com\/sv\/wp-json\/wp\/v2\/pages\/1542\/revisions"}],"predecessor-version":[{"id":1933,"href":"https:\/\/ibbss.com\/sv\/wp-json\/wp\/v2\/pages\/1542\/revisions\/1933"}],"up":[{"embeddable":true,"href":"https:\/\/ibbss.com\/sv\/wp-json\/wp\/v2\/pages\/1296"}],"wp:attachment":[{"href":"https:\/\/ibbss.com\/sv\/wp-json\/wp\/v2\/media?parent=1542"}],"curies":[{"name":"wp","href":"https:\/\/api.w.org\/{rel}","templated":true}]}}