{"id":1541,"date":"2025-07-30T11:10:34","date_gmt":"2025-07-30T10:10:34","guid":{"rendered":"https:\/\/ibbss.com\/vara-larare\/vara-larare-richard-marshall\/"},"modified":"2025-11-19T17:45:44","modified_gmt":"2025-11-19T17:45:44","slug":"vara-larare-richard-marshall","status":"publish","type":"page","link":"https:\/\/ibbss.com\/sv\/vara-larare\/vara-larare-richard-marshall\/","title":{"rendered":"V\u00e5ra l\u00e4rare \u2013 Richard Marshall"},"content":{"rendered":"\n<div class=\"gb-element-a4058368\">\n<div class=\"gb-element-ac7a1dbc\">\n<div>\n<img loading=\"lazy\" decoding=\"async\" width=\"550\" height=\"824\" class=\"gb-media-fe8716a9\" alt=\"\" src=\"http:\/\/www.ibbss.com\/wp-content\/uploads\/2025\/07\/Richard-Marshall.jpg\" title=\"Richard Marshall\" srcset=\"https:\/\/ibbss.com\/wp-content\/uploads\/2025\/07\/Richard-Marshall.jpg 550w, https:\/\/ibbss.com\/wp-content\/uploads\/2025\/07\/Richard-Marshall-400x600.jpg 400w\" sizes=\"auto, (max-width: 550px) 100vw, 550px\" \/>\n<\/div>\n\n\n\n<div>\n<p class=\"gb-text\"><strong>Richard Marshall<\/strong> anses allm\u00e4nt vara en av v\u00e4rldens fr\u00e4msta kornettister. Beskriven av Elgar Howarth som &#8221;den mest enast\u00e5ende kornettisten detta land n\u00e5gonsin har producerat&#8221;, \u00e4r Richard Principal Cornet i det legendariska <g id=\"gid_1\">Black Dyke Band<\/g> och innehar vad som kallas &#8221;den hetaste stolen i brassbandv\u00e4rlden&#8221;. Innan han b\u00f6rjade 2006 tillbringade han tio \u00e5r som Principal Cornet med <strong>Grimethorpe Colliery Band<\/strong>.  &nbsp;<\/p>\n\n\n\n<p>Richard \u00e4r en hyllad solist och har sl\u00e4ppt fem soloalbum \u2013 inklusive <em>Blaze<\/em> och <em>Eminence<\/em>, som b\u00e5da uts\u00e5gs till \u00e5rets solo-CD. Han har premi\u00e4rspelat stora verk skrivna f\u00f6r honom av ledande komposit\u00f6rer, inklusive Elgar Howarths <g id=\"gid_2\">Sonatina<\/g> och Edward Gregsons <g id=\"gid_3\">Cornet Concerto<\/g>. Hans samarbete med Philip Wilby ledde ocks\u00e5 till publiceringen av <em>Essentials<\/em>, en samtida kornettstudiebok f\u00f6r avancerade spelare.   <br\/><br\/>Richard \u00e4r en engagerad pedagog och undervisar vid <strong>Royal Northern College of Music<\/strong>, <strong>Birmingham Conservatoire<\/strong> och <strong>Salford University<\/strong>. Han undervisar ocks\u00e5 f\u00f6r National Children\u2019s Brass Band of Great Britain och Yorkshire Youth Brass Band.  <\/p>\n\n\n\n<p>Som <strong>Besson Artist and Clinician<\/strong> upptr\u00e4der Richard uteslutande p\u00e5 Prestige Cornet med sitt eget RM1 Signature-munstycke. Hans karri\u00e4r har tagit honom till ikoniska arenor runt om i v\u00e4rlden, inklusive <strong>Sydney Opera House<\/strong> och <strong>Carnegie Hall<\/strong>, vilket bef\u00e4ster hans plats som en sann ambassad\u00f6r f\u00f6r brassbandstraditionen.  <\/p>\n<\/div>\n<\/div>\n<\/div>\n","protected":false},"excerpt":{"rendered":"<p>Richard Marshall anses allm\u00e4nt vara en av v\u00e4rldens fr\u00e4msta kornettister. Beskriven av Elgar Howarth som &#8221;den mest enast\u00e5ende kornettisten detta land n\u00e5gonsin har producerat&#8221;, \u00e4r Richard Principal Cornet i det legendariska Black Dyke Band och innehar vad som kallas &#8221;den hetaste stolen i brassbandv\u00e4rlden&#8221;. Innan han b\u00f6rjade 2006 tillbringade han tio \u00e5r som Principal Cornet &#8230; <a title=\"V\u00e5ra l\u00e4rare \u2013 Richard Marshall\" class=\"read-more\" href=\"https:\/\/ibbss.com\/sv\/vara-larare\/vara-larare-richard-marshall\/\" aria-label=\"L\u00e4s mer om V\u00e5ra l\u00e4rare \u2013 Richard Marshall\">L\u00e4s mer<\/a><\/p>\n","protected":false},"author":5,"featured_media":0,"parent":1296,"menu_order":0,"comment_status":"closed","ping_status":"closed","template":"","meta":{"_acf_changed":false,"footnotes":""},"class_list":["post-1541","page","type-page","status-publish"],"acf":[],"_links":{"self":[{"href":"https:\/\/ibbss.com\/sv\/wp-json\/wp\/v2\/pages\/1541","targetHints":{"allow":["GET"]}}],"collection":[{"href":"https:\/\/ibbss.com\/sv\/wp-json\/wp\/v2\/pages"}],"about":[{"href":"https:\/\/ibbss.com\/sv\/wp-json\/wp\/v2\/types\/page"}],"author":[{"embeddable":true,"href":"https:\/\/ibbss.com\/sv\/wp-json\/wp\/v2\/users\/5"}],"replies":[{"embeddable":true,"href":"https:\/\/ibbss.com\/sv\/wp-json\/wp\/v2\/comments?post=1541"}],"version-history":[{"count":2,"href":"https:\/\/ibbss.com\/sv\/wp-json\/wp\/v2\/pages\/1541\/revisions"}],"predecessor-version":[{"id":1854,"href":"https:\/\/ibbss.com\/sv\/wp-json\/wp\/v2\/pages\/1541\/revisions\/1854"}],"up":[{"embeddable":true,"href":"https:\/\/ibbss.com\/sv\/wp-json\/wp\/v2\/pages\/1296"}],"wp:attachment":[{"href":"https:\/\/ibbss.com\/sv\/wp-json\/wp\/v2\/media?parent=1541"}],"curies":[{"name":"wp","href":"https:\/\/api.w.org\/{rel}","templated":true}]}}