{"id":1427,"date":"2025-07-30T11:46:58","date_gmt":"2025-07-30T10:46:58","guid":{"rendered":"https:\/\/ibbss.com\/vara-larare\/vara-larare-chris-williams\/"},"modified":"2025-11-19T17:45:44","modified_gmt":"2025-11-19T17:45:44","slug":"vara-larare-chris-williams","status":"publish","type":"page","link":"https:\/\/ibbss.com\/sv\/vara-larare\/vara-larare-chris-williams\/","title":{"rendered":"V\u00e5ra l\u00e4rare &#8211; Chris Williams"},"content":{"rendered":"\n<div class=\"gb-element-a4058368\">\n<div class=\"gb-element-ac7a1dbc\">\n<div>\n<img loading=\"lazy\" decoding=\"async\" width=\"768\" height=\"434\" class=\"gb-media-fe8716a9\" alt=\"\" src=\"http:\/\/www.ibbss.com\/wp-content\/uploads\/2025\/07\/Chris-Williams.jpeg\" title=\"Chris Williams\" srcset=\"https:\/\/ibbss.com\/wp-content\/uploads\/2025\/07\/Chris-Williams.jpeg 768w, https:\/\/ibbss.com\/wp-content\/uploads\/2025\/07\/Chris-Williams-600x339.jpeg 600w\" sizes=\"auto, (max-width: 768px) 100vw, 768px\" \/>\n<\/div>\n\n\n\n<div>\n<p class=\"gb-text\"><strong>Christopher Williams<\/strong> \u00e4r en walesisk pianist, komposit\u00f6r, dirigent och pedagog med en dynamisk karri\u00e4r som str\u00e4cker sig \u00f6ver framtr\u00e4danden, inspelningar och undervisning. Som utexaminerad fr\u00e5n <strong>Cardiff University<\/strong> \u00e4r han f\u00f6r n\u00e4rvarande <strong>bitr\u00e4dande dirigent f\u00f6r BBC National Chorus of Wales<\/strong> och regelbunden pianist hos <strong>BBC National Orchestra of Wales<\/strong>, d\u00e4r han upptr\u00e4der vid <strong>BBC Proms<\/strong> och spelar in f\u00f6r <strong>Chandos<\/strong>, <strong>Hyperion<\/strong> och <strong>Naxos<\/strong>.&nbsp;<\/p>\n\n\n\n<p>Sedan 1997 har Christopher varit anst\u00e4lld som ackompanjat\u00f6r vid <strong>Royal Welsh College of Music and Drama<\/strong> och har undervisat i piano vid <strong>Cardiff University<\/strong> sedan 2001. Han studerade f\u00f6r Richard McMahon, Simon Shewring och Martin Jones, och p\u00e5verkades starkt av sin f\u00f6rsta l\u00e4rare, <strong>Walter Ryan<\/strong>, som v\u00e4ckte hans intresse f\u00f6r mindre k\u00e4nd repertoar. Denna passion ledde till framf\u00f6randen av s\u00e4llan h\u00f6rda konserter av <strong>Reinecke<\/strong> och <strong>Rubinstein<\/strong>.   <\/p>\n\n\n\n<p>Christopher \u00e4r mycket eftertraktad som kammarmusiker och har samarbetat med ledande artister som <strong>Philippe Schartz<\/strong>, <strong>Catherine Tanner-Williams<\/strong>, <strong>Tim Thorpe<\/strong>, <strong>David Childs<\/strong> och <strong>Tine Thing Helseth<\/strong>, med inspelningar utgivna p\u00e5 <strong>Chandos<\/strong>, <strong>Willowhayne<\/strong> och <strong>Naxos<\/strong>. Hans soloalbum med <strong>Brahms-transkriptioner<\/strong> p\u00e5 Naxos Grand Piano-etikett uts\u00e5gs till <em>Veckans CD<\/em> p\u00e5 NDR Kultur och hyllades f\u00f6r sin tekniska briljans och musikaliska djup.  <\/p>\n\n\n\n<p>Christopher \u00e4r ett v\u00e4lk\u00e4nt ansikte p\u00e5 <strong>BBC TV och radio<\/strong>, han var officiell ackompanjat\u00f6r f\u00f6r <strong>BBC Young Musician of the Year 2020<\/strong> och har \u00e4ven s\u00e4nts p\u00e5 <strong>Radio Luxembourg<\/strong> och <strong>NDR<\/strong>. <\/p>\n\n\n\n<p>Som komposit\u00f6r har han skrivit flera verk f\u00f6r brass, inklusive <em>Chaos is a Ladder<\/em> (trombon) och <em>Song of the Narrow Sea<\/em> (trumpet), med <em>XX Mountains of Abstract Thought<\/em> som s\u00e4ndes p\u00e5 <strong>Lyric FM<\/strong> och gavs ut av <strong>Naxos<\/strong>. .  <\/p>\n<\/div>\n<\/div>\n<\/div>\n","protected":false},"excerpt":{"rendered":"<p>Christopher Williams \u00e4r en walesisk pianist, komposit\u00f6r, dirigent och pedagog med en dynamisk karri\u00e4r som str\u00e4cker sig \u00f6ver framtr\u00e4danden, inspelningar och undervisning. Som utexaminerad fr\u00e5n Cardiff University \u00e4r han f\u00f6r n\u00e4rvarande bitr\u00e4dande dirigent f\u00f6r BBC National Chorus of Wales och regelbunden pianist hos BBC National Orchestra of Wales, d\u00e4r han upptr\u00e4der vid BBC Proms och &#8230; <a title=\"V\u00e5ra l\u00e4rare &#8211; Chris Williams\" class=\"read-more\" href=\"https:\/\/ibbss.com\/sv\/vara-larare\/vara-larare-chris-williams\/\" aria-label=\"L\u00e4s mer om V\u00e5ra l\u00e4rare &#8211; Chris Williams\">L\u00e4s mer<\/a><\/p>\n","protected":false},"author":5,"featured_media":0,"parent":1296,"menu_order":0,"comment_status":"closed","ping_status":"closed","template":"","meta":{"_acf_changed":false,"footnotes":""},"class_list":["post-1427","page","type-page","status-publish"],"acf":[],"_links":{"self":[{"href":"https:\/\/ibbss.com\/sv\/wp-json\/wp\/v2\/pages\/1427","targetHints":{"allow":["GET"]}}],"collection":[{"href":"https:\/\/ibbss.com\/sv\/wp-json\/wp\/v2\/pages"}],"about":[{"href":"https:\/\/ibbss.com\/sv\/wp-json\/wp\/v2\/types\/page"}],"author":[{"embeddable":true,"href":"https:\/\/ibbss.com\/sv\/wp-json\/wp\/v2\/users\/5"}],"replies":[{"embeddable":true,"href":"https:\/\/ibbss.com\/sv\/wp-json\/wp\/v2\/comments?post=1427"}],"version-history":[{"count":2,"href":"https:\/\/ibbss.com\/sv\/wp-json\/wp\/v2\/pages\/1427\/revisions"}],"predecessor-version":[{"id":1857,"href":"https:\/\/ibbss.com\/sv\/wp-json\/wp\/v2\/pages\/1427\/revisions\/1857"}],"up":[{"embeddable":true,"href":"https:\/\/ibbss.com\/sv\/wp-json\/wp\/v2\/pages\/1296"}],"wp:attachment":[{"href":"https:\/\/ibbss.com\/sv\/wp-json\/wp\/v2\/media?parent=1427"}],"curies":[{"name":"wp","href":"https:\/\/api.w.org\/{rel}","templated":true}]}}