{"id":1296,"date":"2025-07-30T08:57:14","date_gmt":"2025-07-30T07:57:14","guid":{"rendered":"https:\/\/ibbss.com\/vara-larare\/"},"modified":"2025-11-19T17:46:50","modified_gmt":"2025-11-19T17:46:50","slug":"vara-larare","status":"publish","type":"page","link":"https:\/\/ibbss.com\/sv\/vara-larare\/","title":{"rendered":"V\u00e5ra l\u00e4rare"},"content":{"rendered":"\n<div class=\"gb-element-a4058368\">\n<div class=\"gb-element-7707f023\">\n<div class=\"gb-element-b31d9707\">\n<img loading=\"lazy\" decoding=\"async\" width=\"1206\" height=\"1571\" class=\"gb-media-8ec20dac\" alt=\"\" src=\"https:\/\/www.ibbss.com\/wp-content\/uploads\/2025\/07\/David-Barringer.jpg\" title=\"David Barringer\" srcset=\"https:\/\/ibbss.com\/wp-content\/uploads\/2025\/07\/David-Barringer.jpg 1206w, https:\/\/ibbss.com\/wp-content\/uploads\/2025\/07\/David-Barringer-461x600.jpg 461w, https:\/\/ibbss.com\/wp-content\/uploads\/2025\/07\/David-Barringer-921x1200.jpg 921w, https:\/\/ibbss.com\/wp-content\/uploads\/2025\/07\/David-Barringer-768x1000.jpg 768w, https:\/\/ibbss.com\/wp-content\/uploads\/2025\/07\/David-Barringer-1179x1536.jpg 1179w, https:\/\/ibbss.com\/wp-content\/uploads\/2025\/07\/David-Barringer-600x782.jpg 600w\" sizes=\"auto, (max-width: 1206px) 100vw, 1206px\" \/>\n\n\n\n<h6 class=\"gb-text\">David Barringer MVO MBE<br>Kursdirekt\u00f6r <\/h6>\n\n\n\n<div class=\"gb-element-ac45d944\">\n<p class=\"gb-text\"><strong>David Barringer<\/strong> \u00e4r en mycket erfaren ledare, strategisk planerare och musikalisk direkt\u00f6r, med en framst\u00e5ende karri\u00e4r inom den milit\u00e4ra sektorn.<\/p>\n<\/div>\n\n\n\n<a class=\"gb-text gb-text-a5060498\" href=\"https:\/\/ibbss.com\/sv\/vara-larare\/vara-larare-david-barringer\/\">L\u00e4s biografi<\/a>\n<\/div>\n\n\n\n<div class=\"gb-element-d4bc511a\">\n<img loading=\"lazy\" decoding=\"async\" width=\"257\" height=\"335\" class=\"gb-media-ad1edb5d\" alt=\"\" src=\"http:\/\/www.ibbss.com\/wp-content\/uploads\/2025\/07\/Nick-Childs1-.jpg\" title=\"Nick Childs1\">\n\n\n\n<h6 class=\"gb-text\">Prof. Nicholas Childs <\/h6>\n\n\n\n<div class=\"gb-element-cd6bbb54\">\n<p class=\"gb-text\"><strong>Prof. Nicholas Childs<\/strong> \u00e4r en internationellt erk\u00e4nd dirigent, eufoniumsolist, producent och pedagog, vida hyllad f\u00f6r sitt ledarskap inom brassbandsv\u00e4rlden.&nbsp;<\/p>\n<\/div>\n\n\n\n<a class=\"gb-text gb-text-9a4f15ca\" href=\"https:\/\/ibbss.com\/sv\/vara-larare\/vara-larare-nicholas-childs\/\">L\u00e4s biografi<\/a>\n<\/div>\n\n\n\n<div class=\"gb-element-40980fb5\">\n<img loading=\"lazy\" decoding=\"async\" width=\"550\" height=\"716\" class=\"gb-media-ba8469b0\" alt=\"\" src=\"https:\/\/www.ibbss.com\/wp-content\/uploads\/2025\/07\/Richard-Marshall1.jpg\" title=\"Richard Marshall1\" srcset=\"https:\/\/ibbss.com\/wp-content\/uploads\/2025\/07\/Richard-Marshall1.jpg 550w, https:\/\/ibbss.com\/wp-content\/uploads\/2025\/07\/Richard-Marshall1-461x600.jpg 461w\" sizes=\"auto, (max-width: 550px) 100vw, 550px\" \/>\n\n\n\n<h6 class=\"gb-text\">Richard Marshall <\/h6>\n\n\n\n<div class=\"gb-element-9e2e3db1\">\n<p class=\"gb-text\"><strong>Richard Marshall<\/strong> anses allm\u00e4nt vara en av v\u00e4rldens finaste kornettspelare. Beskriven som &#8221;den mest enast\u00e5ende kornettspelare detta land n\u00e5gonsin har frambragt&#8221;. &nbsp;&nbsp;<\/p>\n<\/div>\n\n\n\n<a class=\"gb-text gb-text-c00c47f0\" href=\"https:\/\/ibbss.com\/sv\/vara-larare\/vara-larare-richard-marshall\/\">L\u00e4s biografi<\/a>\n<\/div>\n<\/div>\n\n\n\n<hr class=\"wp-block-separator has-text-color has-contrast-3-color has-alpha-channel-opacity has-contrast-3-background-color has-background is-style-wide\"\/>\n<\/div>\n\n<div class=\"gb-element-a71ef75a\">\n<div class=\"gb-element-5f1ce57c\">\n<div class=\"gb-element-f94ae3bf\">\n<img loading=\"lazy\" decoding=\"async\" width=\"200\" height=\"261\" class=\"gb-media-85271a89\" alt=\"\" src=\"https:\/\/www.ibbss.com\/wp-content\/uploads\/2025\/07\/Owen-Farr1.jpg\" title=\"Owen Farr1\">\n\n\n\n<h6 class=\"gb-text\">Owen Farr <\/h6>\n\n\n\n<div class=\"gb-element-fb966664\">\n<p class=\"gb-text\"><strong>Owen Farr<\/strong> har hj\u00e4lpt till att s\u00e4tta Pontypool, South Wales, p\u00e5 den musikaliska kartan med sitt v\u00e4rldsklassiga tenorhornsspel och engagemang f\u00f6r brassinstrumentutbildning.&nbsp;&nbsp;<br><\/p>\n<\/div>\n\n\n\n<a class=\"gb-text gb-text-f0428e47\" href=\"https:\/\/ibbss.com\/sv\/vara-larare\/vara-larare-owen-farr\/\">L\u00e4s biografi<\/a>\n<\/div>\n\n\n\n<div class=\"gb-element-4ad3e136\">\n<img loading=\"lazy\" decoding=\"async\" width=\"393\" height=\"512\" class=\"gb-media-ba976b1d\" alt=\"\" src=\"http:\/\/www.ibbss.com\/wp-content\/uploads\/2025\/07\/Gary-Curtain1.jpg\" title=\"Gary Curtain1\">\n\n\n\n<h6 class=\"gb-text\">Gary Curtin <\/h6>\n\n\n\n<div class=\"gb-element-fb78d03d\">\n<p class=\"gb-text\"><strong>Gary Curtin<\/strong> f\u00f6ddes i Cork City, Irland. Han b\u00f6rjade spela baryton vid 12 \u00e5rs \u00e5lder men blev f\u00f6r\u00e4lskad i eufoniumets klang och \u00e4gnade sin tid \u00e5t detta instrument. &nbsp;&nbsp;<\/p>\n<\/div>\n\n\n\n<a class=\"gb-text gb-text-9bb62daf\" href=\"https:\/\/ibbss.com\/sv\/vara-larare\/vara-larare-gary-curtin\/\">L\u00e4s biografi<\/a>\n<\/div>\n\n\n\n<div class=\"gb-element-6967c435\">\n<img loading=\"lazy\" decoding=\"async\" width=\"455\" height=\"594\" class=\"gb-media-5b27ffdd\" alt=\"\" src=\"http:\/\/www.ibbss.com\/wp-content\/uploads\/2025\/07\/Tom-Hutchinson1.jpg\" title=\"Tom Hutchinson1\">\n\n\n\n<h6 class=\"gb-text\">Tom Hutchinson<\/h6>\n\n\n\n<div class=\"gb-element-d53c8ca1\">\n<p class=\"gb-text\"><strong>Tom Hutchinson<\/strong> \u00e4r en av v\u00e4rldens ledande kornettspelare. Han b\u00f6rjade vid 9 \u00e5rs \u00e5lder med sitt lokala band, <strong>Stannington<\/strong>, och vid 15 \u00e5rs \u00e5lder ledde han <strong>Rothwell Temperance Band<\/strong>. &nbsp;<\/p>\n<\/div>\n\n\n\n<a class=\"gb-text gb-text-dccdfb16\" href=\"https:\/\/ibbss.com\/sv\/vara-larare\/vara-larare-tom-hutchinson\/\">L\u00e4s biografi<\/a>\n<\/div>\n<\/div>\n\n\n\n<hr class=\"wp-block-separator has-text-color has-contrast-3-color has-alpha-channel-opacity has-contrast-3-background-color has-background is-style-wide\"\/>\n<\/div>\n\n<div class=\"gb-element-46904552\">\n<div class=\"gb-element-a66c228f\">\n<div class=\"gb-element-9807e460\">\n<img loading=\"lazy\" decoding=\"async\" width=\"461\" height=\"600\" class=\"gb-media-bb62a2d6\" alt=\"\" src=\"http:\/\/www.ibbss.com\/wp-content\/uploads\/2025\/07\/Matthew-Routely1.jpg\" title=\"Matthew Routely1\">\n\n\n\n<h6 class=\"gb-text\">Matthew Routley<\/h6>\n\n\n\n<div class=\"gb-element-b70043ed\">\n<p class=\"gb-text\"><strong>Matthew Routley<\/strong> v\u00e4xte upp i <strong>Abergavenny<\/strong>, d\u00e4r han b\u00f6rjade sin musikaliska resa vid sju \u00e5rs \u00e5lder p\u00e5 piano, innan han \u00f6vergick till bl\u00e5sinstrument och fann sitt hem p\u00e5 <strong>tuba<\/strong> vid 15 \u00e5rs \u00e5lder.&nbsp;&nbsp;&nbsp;<\/p>\n<\/div>\n\n\n\n<a class=\"gb-text gb-text-5f3bb1dc\" href=\"https:\/\/ibbss.com\/sv\/vara-larare\/vara-larare-matthew-routley\/\">L\u00e4s biografi<\/a>\n<\/div>\n\n\n\n<div class=\"gb-element-2a4e891c\">\n<img loading=\"lazy\" decoding=\"async\" width=\"399\" height=\"520\" class=\"gb-media-0a38ac51\" alt=\"\" src=\"http:\/\/www.ibbss.com\/wp-content\/uploads\/2025\/07\/Brett-Baker1.jpg\" title=\"Brett Baker1\">\n\n\n\n<h6 class=\"gb-text\"> Brett Baker <\/h6>\n\n\n\n<div class=\"gb-element-4e09c93b\">\n<p class=\"gb-text\"><strong>Brett Baker<\/strong> \u00e4r f\u00f6rstetrombonist i <strong>Black Dyke Band<\/strong> och kliniker f\u00f6r <strong>Michael Rath Trombones<\/strong> och den mest inspelade trombonsolisten i brassbandsv\u00e4rlden.<\/p>\n<\/div>\n\n\n\n<a class=\"gb-text gb-text-9cae0066\" href=\"https:\/\/ibbss.com\/sv\/vara-larare\/vara-larare-dr-l-brett-baker\/\">L\u00e4s biografi<\/a>\n<\/div>\n\n\n\n<div class=\"gb-element-597c04d2\">\n<img loading=\"lazy\" decoding=\"async\" width=\"333\" height=\"434\" class=\"gb-media-b94239f0\" alt=\"\" src=\"http:\/\/www.ibbss.com\/wp-content\/uploads\/2025\/07\/Chris-Williams1.jpg\" title=\"Chris Williams1\">\n\n\n\n<h6 class=\"gb-text\">Chris Williams <\/h6>\n\n\n\n<div class=\"gb-element-84e1c7ee\">\n<p class=\"gb-text\"><strong>Christopher Williams<\/strong> \u00e4r en walesisk pianist, komposit\u00f6r, dirigent och pedagog med en dynamisk karri\u00e4r som omfattar framtr\u00e4danden, inspelningar och undervisning. <\/p>\n<\/div>\n\n\n\n<a class=\"gb-text gb-text-b1c38440\" href=\"https:\/\/ibbss.com\/sv\/vara-larare\/vara-larare-chris-williams\/\">L\u00e4s biografi<\/a>\n<\/div>\n<\/div>\n<\/div>\n","protected":false},"excerpt":{"rendered":"<p>David Barringer MVO MBEKursdirekt\u00f6r David Barringer \u00e4r en mycket erfaren ledare, strategisk planerare och musikalisk direkt\u00f6r, med en framst\u00e5ende karri\u00e4r inom den milit\u00e4ra sektorn. L\u00e4s biografi Prof. Nicholas Childs Prof. Nicholas Childs \u00e4r en internationellt erk\u00e4nd dirigent, eufoniumsolist, producent och pedagog, vida hyllad f\u00f6r sitt ledarskap inom brassbandsv\u00e4rlden.&nbsp; L\u00e4s biografi Richard Marshall Richard Marshall anses &#8230; <a title=\"V\u00e5ra l\u00e4rare\" class=\"read-more\" href=\"https:\/\/ibbss.com\/sv\/vara-larare\/\" aria-label=\"L\u00e4s mer om V\u00e5ra l\u00e4rare\">L\u00e4s mer<\/a><\/p>\n","protected":false},"author":5,"featured_media":0,"parent":0,"menu_order":5,"comment_status":"closed","ping_status":"closed","template":"","meta":{"_acf_changed":false,"footnotes":""},"class_list":["post-1296","page","type-page","status-publish"],"acf":[],"_links":{"self":[{"href":"https:\/\/ibbss.com\/sv\/wp-json\/wp\/v2\/pages\/1296","targetHints":{"allow":["GET"]}}],"collection":[{"href":"https:\/\/ibbss.com\/sv\/wp-json\/wp\/v2\/pages"}],"about":[{"href":"https:\/\/ibbss.com\/sv\/wp-json\/wp\/v2\/types\/page"}],"author":[{"embeddable":true,"href":"https:\/\/ibbss.com\/sv\/wp-json\/wp\/v2\/users\/5"}],"replies":[{"embeddable":true,"href":"https:\/\/ibbss.com\/sv\/wp-json\/wp\/v2\/comments?post=1296"}],"version-history":[{"count":4,"href":"https:\/\/ibbss.com\/sv\/wp-json\/wp\/v2\/pages\/1296\/revisions"}],"predecessor-version":[{"id":1934,"href":"https:\/\/ibbss.com\/sv\/wp-json\/wp\/v2\/pages\/1296\/revisions\/1934"}],"wp:attachment":[{"href":"https:\/\/ibbss.com\/sv\/wp-json\/wp\/v2\/media?parent=1296"}],"curies":[{"name":"wp","href":"https:\/\/api.w.org\/{rel}","templated":true}]}}