{"id":1144,"date":"2025-07-30T13:20:18","date_gmt":"2025-07-30T12:20:18","guid":{"rendered":"https:\/\/ibbss.com\/2026-ars-kurs\/"},"modified":"2026-03-27T11:29:31","modified_gmt":"2026-03-27T11:29:31","slug":"2026-ars-kurs","status":"publish","type":"page","link":"https:\/\/ibbss.com\/sv\/2026-ars-kurs\/","title":{"rendered":"2026 \u00e5rs kurs"},"content":{"rendered":"\n<div class=\"gb-element-6c790050 alignfull\">\n<div class=\"gb-element-6e507a74\">\n<div class=\"gb-element-c17d5481\">\n<h1 class=\"gb-text\">IBBSS <strong>2026 sommarskola<\/strong><\/h1>\n\n\n\n<h2 class=\"gb-text\">Plats: <strong>Swansea, s\u00f6dra Wales<\/strong><\/h2>\n\n\n\n<h3 class=\"gb-text\">Datum: <strong>S\u00f6ndag 26 juli \u2013 l\u00f6rdag 1 augusti<\/strong><\/h3>\n\n\n\n<a class=\"gb-text gbp-button--primary smooth-scroll\" href=\"#book-now\">Boka NU<\/a>\n<\/div>\n<\/div>\n<\/div>\n\n<div class=\"gbp-section gb-element-472b84e0\">\n<div class=\"gbp-section__inner gb-element-e31f90c1\">\n<div class=\"gb-element-b9a2c26b\">\n<h2 class=\"gb-text gbp-section__headline gb-text-570e748a\"><strong>2026 \u00e5rs kurs<\/strong><\/h2>\n\n\n\n<ul class=\"wp-block-list\">\n<li>6 dagar \n<ul class=\"wp-block-list\">\n<li>S\u00f6ndag \u2013 l\u00f6rdag <\/li>\n<\/ul>\n<\/li>\n\n\n\n<li>Halvpension\n<ul class=\"wp-block-list\">\n<li>Frukost och middag ing\u00e5r <\/li>\n<\/ul>\n<\/li>\n\n\n\n<li>Swansea UNI campus \u2013 rum med eget badrum <\/li>\n\n\n\n<li>Brangwyn Hall<\/li>\n\n\n\n<li><a href=\"https:\/\/www.ibbss.com\/our-tutors\/\" data-type=\"page\" data-id=\"617\">Lektioner fr\u00e5n l\u00e4rare i v\u00e4rldsklass<\/a> <\/li>\n\n\n\n<li>Soloframtr\u00e4danden\n<ul class=\"wp-block-list\">\n<li>Framf\u00f6r solot som du har arbetat s\u00e5 h\u00e5rt med f\u00f6r en publik, med pianoackompanjemang <\/li>\n<\/ul>\n<\/li>\n\n\n\n<li>Kv\u00e4llssocialisering\n<ul class=\"wp-block-list\">\n<li>Det vore ingen sommarskola utan social samvaro! Med en bar, roliga upptr\u00e4danden och fr\u00e5gesporter finns det mycket att njuta av!  <\/li>\n<\/ul>\n<\/li>\n\n\n\n<li>Playing &amp; Conducting Courses\n<ul class=\"wp-block-list\">\n<li>F\u00f6rb\u00e4ttra din notl\u00e4sning, musikalitet och dina dirigeringskunskaper i v\u00e5ra masterclasses och studiesessioner <\/li>\n<\/ul>\n<\/li>\n\n\n\n<li>Fritid vid stranden\n<ul class=\"wp-block-list\">\n<li>Gott om tid f\u00f6r avkoppling och att njuta av solen! <\/li>\n<\/ul>\n<\/li>\n<\/ul>\n<\/div>\n\n\n\n<img loading=\"lazy\" decoding=\"async\" width=\"2377\" height=\"2560\" class=\"gb-media-44afe9b9\" alt=\"Internationell sommarkurs f\u00f6r brassband\" title=\"Internationell sommarkurs f\u00f6r brassband\" src=\"https:\/\/ibbss.com\/wp-content\/uploads\/2025\/07\/IMG_5644-1-scaled.jpg\" srcset=\"https:\/\/ibbss.com\/wp-content\/uploads\/2025\/07\/IMG_5644-1-scaled.jpg 2377w, https:\/\/ibbss.com\/wp-content\/uploads\/2025\/07\/IMG_5644-1-557x600.jpg 557w, https:\/\/ibbss.com\/wp-content\/uploads\/2025\/07\/IMG_5644-1-1114x1200.jpg 1114w, https:\/\/ibbss.com\/wp-content\/uploads\/2025\/07\/IMG_5644-1-768x827.jpg 768w, https:\/\/ibbss.com\/wp-content\/uploads\/2025\/07\/IMG_5644-1-1426x1536.jpg 1426w, https:\/\/ibbss.com\/wp-content\/uploads\/2025\/07\/IMG_5644-1-1902x2048.jpg 1902w, https:\/\/ibbss.com\/wp-content\/uploads\/2025\/07\/IMG_5644-1-600x646.jpg 600w\" sizes=\"auto, (max-width: 2377px) 100vw, 2377px\" \/>\n<\/div>\n<\/div>\n\n<div class=\"gb-element-a4058368\" id=\"book-now\">\n<div class=\"gb-element-6748e313\">\n<h2 class=\"gb-text gb-text-6878f411\"><strong>Boka nu<\/strong><\/h2>\n\n\n\n<p class=\"gb-text\">Antalet platser \u00e4r begr\u00e4nsat \u2013 s\u00e4kra din plats idag f\u00f6r att vara en del av detta unika musikevenemang.&nbsp;<\/p>\n<\/div>\n\n\n\n<div class=\"wp-block-amelia-events-list-booking-gutenberg-block\"><script>\n  if (typeof hasAmeliaEvent === 'undefined') {\n    var hasAmeliaEvent = true;\n  }\n  if (typeof hasEventApiCall === 'undefined' && ('' === '' && '' !== '1')) {\n    var hasEventApiCall = true;\n  }\n  var hasEventShortcode = (typeof hasEventShortcode === 'undefined') ? false : true;\n  var ameliaShortcodeData = (typeof ameliaShortcodeData === 'undefined') ? [] : ameliaShortcodeData;\n  ameliaShortcodeData.push(\n    {\n      'hasApiCall': (typeof hasEventApiCall !== 'undefined') && hasEventApiCall,\n      'trigger': '',\n      'trigger_type': '',\n      'triggered_form': 'elf',\n      'in_dialog': '',\n      'counter': '1000',\n      'employee': '',\n      'eventId': '',\n      'eventRecurring': 0,\n      'eventTag': \"\",\n      'locationId': \"\"\n    }\n  );\n  var ameliaShortcodeDataTriggered = (typeof ameliaShortcodeDataTriggered === 'undefined') ? [] : ameliaShortcodeDataTriggered;\n  if (ameliaShortcodeData[ameliaShortcodeData.length - 1].trigger !== '') {\n    if (ameliaShortcodeDataTriggered.filter(a => a.counter === ameliaShortcodeData[ameliaShortcodeData.length - 1].counter).length === 0) {\n      ameliaShortcodeDataTriggered.push(ameliaShortcodeData.pop());\n    } else {\n      ameliaShortcodeData.pop()\n    }\n  }\n  if (typeof hasEventApiCall !== 'undefined' && hasEventApiCall) {\n    hasEventApiCall = false;\n  }\n<\/script>\n\n<div\n  id=\"amelia-v2-booking-1000\"\n  class=\"amelia-v2-booking\"\n>\n    <events-list-form-wrapper><\/div>\n<\/div>\n<\/div>\n","protected":false},"excerpt":{"rendered":"<p>IBBSS 2026 sommarskola Plats: Swansea, s\u00f6dra Wales Datum: S\u00f6ndag 26 juli \u2013 l\u00f6rdag 1 augusti Boka NU 2026 \u00e5rs kurs Boka nu Antalet platser \u00e4r begr\u00e4nsat \u2013 s\u00e4kra din plats idag f\u00f6r att vara en del av detta unika musikevenemang.&nbsp;<\/p>\n","protected":false},"author":5,"featured_media":0,"parent":0,"menu_order":2,"comment_status":"closed","ping_status":"closed","template":"","meta":{"_acf_changed":false,"footnotes":""},"class_list":["post-1144","page","type-page","status-publish"],"acf":[],"_links":{"self":[{"href":"https:\/\/ibbss.com\/sv\/wp-json\/wp\/v2\/pages\/1144","targetHints":{"allow":["GET"]}}],"collection":[{"href":"https:\/\/ibbss.com\/sv\/wp-json\/wp\/v2\/pages"}],"about":[{"href":"https:\/\/ibbss.com\/sv\/wp-json\/wp\/v2\/types\/page"}],"author":[{"embeddable":true,"href":"https:\/\/ibbss.com\/sv\/wp-json\/wp\/v2\/users\/5"}],"replies":[{"embeddable":true,"href":"https:\/\/ibbss.com\/sv\/wp-json\/wp\/v2\/comments?post=1144"}],"version-history":[{"count":3,"href":"https:\/\/ibbss.com\/sv\/wp-json\/wp\/v2\/pages\/1144\/revisions"}],"predecessor-version":[{"id":2263,"href":"https:\/\/ibbss.com\/sv\/wp-json\/wp\/v2\/pages\/1144\/revisions\/2263"}],"wp:attachment":[{"href":"https:\/\/ibbss.com\/sv\/wp-json\/wp\/v2\/media?parent=1144"}],"curies":[{"name":"wp","href":"https:\/\/api.w.org\/{rel}","templated":true}]}}