{"id":2015,"date":"2025-12-04T13:39:23","date_gmt":"2025-12-04T13:39:23","guid":{"rendered":"https:\/\/ibbss.com\/perguntas-frequentes-dos-delegados-faq\/"},"modified":"2025-12-04T13:47:22","modified_gmt":"2025-12-04T13:47:22","slug":"perguntas-frequentes-dos-delegados-faq","status":"publish","type":"page","link":"https:\/\/ibbss.com\/pt-pt\/perguntas-frequentes-dos-delegados-faq\/","title":{"rendered":"Perguntas Frequentes dos Delegados (FAQ)"},"content":{"rendered":"\n<div class=\"gb-element-6c790050\">\n<div class=\"gb-element-c17d5481\">\n<h1 class=\"wp-block-heading has-base-3-color has-text-color has-link-color has-x-large-font-size wp-elements-84677701c3d25475aba6add597725369\">IBBSS <strong>Escola de Ver\u00e3o 2026<\/strong><\/h1>\n\n\n\n<h3 class=\"wp-block-heading has-base-2-color has-text-color has-link-color wp-elements-ab1c0e4a235c4a10b8afa8bbc26fd517\">Localiza\u00e7\u00e3o: <strong>Swansea, sul do Pa\u00eds de Gales<\/strong><\/h3>\n\n\n\n<h3 class=\"wp-block-heading has-base-2-color has-text-color has-link-color wp-elements-f2b0be4921c09df99147e815c33a4a37\"><strong>Data:<\/strong> Domingo, 26 de julho &#8211; S\u00e1bado, 1 de agosto<\/h3>\n\n\n\n<a class=\"gb-text gb-text-f2b84e6a\" href=\"\">Reserve J\u00c1<\/a>\n<\/div>\n<\/div>\n\n<div class=\"gbp-section gb-element-472b84e0\">\n<h2 class=\"wp-block-heading\"><strong>Perguntas Frequentes para a IBBSS (FAQ)<\/strong><\/h2>\n\n\n\n<figure class=\"wp-block-image\"><img loading=\"lazy\" decoding=\"async\" width=\"80\" height=\"83\" src=\"https:\/\/ibbss.com\/wp-content\/uploads\/2025\/12\/GENEVA-FOUNDATION-ICON-FINAL-e1764854640745.jpg\" alt=\"\" class=\"wp-image-1977\"\/><\/figure>\n\n\n\n<h2 class=\"wp-block-heading\"><strong>1. <a href=\"https:\/\/ibbss.com\/pt-pt\/curso-de-2026\/formulario-de-reserva-early-bird\/\" data-type=\"page\" data-id=\"761\">Inscri\u00e7\u00e3o<\/a>, Pagamentos e Comunica\u00e7\u00e3o<\/strong><\/h2>\n\n\n\n<p><strong>Como fa\u00e7o para me inscrever e pagar o curso?<\/strong><\/p>\n\n\n\n<p>Todas as inscri\u00e7\u00f5es devem ser feitas online atrav\u00e9s do Portal de Reservas da IBBSS. \u00c9 necess\u00e1rio um dep\u00f3sito (cart\u00e3o de cr\u00e9dito ou d\u00e9bito) para garantir o seu lugar.<br\/>Receber\u00e1 uma confirma\u00e7\u00e3o por e-mail assim que a sua inscri\u00e7\u00e3o for processada, dentro de 48 horas. <\/p>\n\n\n\n<p><strong>Quais s\u00e3o as op\u00e7\u00f5es de pagamento em presta\u00e7\u00f5es dispon\u00edveis?<\/strong><\/p>\n\n\n\n<p>Os delegados podem escolher entre dois m\u00e9todos de pagamento:<\/p>\n\n\n\n<ol class=\"wp-block-list\">\n<li>Pagamento Integral<\/li>\n<\/ol>\n\n\n\n<p>Pode pagar o curso completo no momento da inscri\u00e7\u00e3o.<\/p>\n\n\n\n<ul class=\"wp-block-list\">\n<li>Op\u00e7\u00f5es de Plano de Pagamento<\/li>\n<\/ul>\n\n\n\n<p> Pode selecionar um plano de presta\u00e7\u00f5es no checkout.<\/p>\n\n\n\n<p>O portal de reservas apresentar\u00e1 as op\u00e7\u00f5es de pagamento dispon\u00edveis e distribuir\u00e1 automaticamente os pagamentos para si. O sistema tamb\u00e9m exibir\u00e1: <\/p>\n\n\n\n<ul class=\"wp-block-list\">\n<li>Datas das presta\u00e7\u00f5es<\/li>\n\n\n\n<li>Montantes devidos<\/li>\n\n\n\n<li>Detalhes banc\u00e1rios da IBBSS (se aplic\u00e1vel)<\/li>\n<\/ul>\n\n\n\n<p><em>Estas op\u00e7\u00f5es garantem flexibilidade, permitindo que a IBBSS confirme reservas com fornecedores em fases chave.<\/em><em><\/em><\/p>\n\n\n\n<p><strong>Sou um delegado internacional. Ainda terei taxas de transfer\u00eancia? <\/strong><\/p>\n\n\n\n<p>A IBBSS agora utiliza <strong>Stripe<\/strong> para todos os pagamentos recebidos. Isso permite que delegados internacionais paguem por cart\u00e3o, carteira digital ou transfer\u00eancia banc\u00e1ria sem taxas adicionais de transfer\u00eancia cobradas pelo nosso banco (as convers\u00f5es de taxa de c\u00e2mbio habituais ainda se aplicam). <\/p>\n\n\n\n<p><strong>Que informa\u00e7\u00f5es receberei antes do curso?<\/strong><\/p>\n\n\n\n<p>Receber\u00e1 um pacote digital de delegado, que inclui:<\/p>\n\n\n\n<ul class=\"wp-block-list\">\n<li>Programa completo<\/li>\n\n\n\n<li>Mapas do local<\/li>\n\n\n\n<li>Lista de repert\u00f3rio<\/li>\n\n\n\n<li>Lista de equipamentos<\/li>\n\n\n\n<li>Informa\u00e7\u00f5es de viagem e alojamento<\/li>\n\n\n\n<li>Detalhes de chegada<\/li>\n\n\n\n<li>Qualquer orienta\u00e7\u00e3o de prepara\u00e7\u00e3o pr\u00e9-curso<\/li>\n<\/ul>\n\n\n\n<p><em>Atualiza\u00e7\u00f5es adicionais ser\u00e3o enviadas por e-mail ou publicadas no site.<\/em><em><\/em><\/p>\n\n\n\n<p><strong>Com quem devo entrar em contato para altera\u00e7\u00f5es de \u00faltima hora?<\/strong><\/p>\n\n\n\n<ul class=\"wp-block-list\">\n<li><strong>Equipa Administrativa da IBBSS:<\/strong> 01642 714464<\/li>\n\n\n\n<li><strong>Email:<\/strong> registration@ibbss.com<\/li>\n<\/ul>\n\n\n\n<p><strong>Chamadas de emerg\u00eancia<\/strong><\/p>\n\n\n\n<p>Durante a IBBSS, os delegados estar\u00e3o em ensaios e sess\u00f5es onde os telem\u00f3veis devem estar desligados. Por esta raz\u00e3o, um n\u00famero de telefone exclusivo para emerg\u00eancias ser\u00e1 fornecido no pacote de delegado. <\/p>\n\n\n\n<p>Os delegados podem compartilhar este n\u00famero com familiares ou contatos em casa apenas para situa\u00e7\u00f5es urgentes (incluindo horas de sil\u00eancio). Isso garante que mensagens cr\u00edticas possam chegar \u00e0 equipa administrativa, que transmitir\u00e1 informa\u00e7\u00f5es prontamente aos delegados. <br\/><br\/><\/p>\n\n\n\n<h2 class=\"wp-block-heading\"><strong>2. Op\u00e7\u00f5es de Alojamento para Delegados (Revisado)<\/strong><\/h2>\n\n\n\n<p>A IBBSS oferece tr\u00eas vias de alojamento para que os delegados possam escolher o n\u00edvel de conforto, custo e conveni\u00eancia que melhor lhes conv\u00e9m.<\/p>\n\n\n\n<p><strong>1. Alojamento Universit\u00e1rio \u2013 Jantar, Cama e Pequeno-almo\u00e7o (Quarto Individual)<\/strong><\/p>\n\n\n\n<p>Os delegados podem ficar nos <strong>quartos individuais com casa de banho privativa da Universidade de Swansea<\/strong> no Campus Singleton.<\/p>\n\n\n\n<p>Esta op\u00e7\u00e3o inclui:<\/p>\n\n\n\n<ul class=\"wp-block-list\">\n<li>Jantar, Cama e Pequeno-almo\u00e7o<\/li>\n\n\n\n<li>Quarto individual com casa de banho privativa<\/li>\n\n\n\n<li>Instala\u00e7\u00f5es de cozinha partilhadas<\/li>\n\n\n\n<li>Curta dist\u00e2ncia a p\u00e9 dos locais do curso<\/li>\n\n\n\n<li>Quartos acess\u00edveis segundo a DDA dispon\u00edveis<\/li>\n<\/ul>\n\n\n\n<p><strong>2. Hot\u00e9is Recomendados \u2013 Apenas Jantar + Autocarro Opcional<\/strong><\/p>\n\n\n\n<p>Os delegados podem escolher um dos hot\u00e9is recomendados pela IBBSS.<br\/>Estes hot\u00e9is oferecem bom valor, foram avaliados pela equipa da IBBSS e est\u00e3o a uma curta dist\u00e2ncia a p\u00e9 do local.<\/p>\n\n\n\n<p>Esta op\u00e7\u00e3o inclui:<\/p>\n\n\n\n<ul class=\"wp-block-list\">\n<li>Refei\u00e7\u00e3o noturna com todos os delegados<\/li>\n\n\n\n<li>Servi\u00e7o de autocarro opcional para aqueles que preferem n\u00e3o caminhar<\/li>\n\n\n\n<li>Liberdade para:<\/li>\n<\/ul>\n\n\n\n<ul class=\"wp-block-list\">\n<li>Partilhar quartos para reduzir custos, ou\n<ul class=\"wp-block-list\">\n<li>Fazer upgrade para hot\u00e9is, Airbnb ou B&amp;B locais<\/li>\n<\/ul>\n<\/li>\n<\/ul>\n\n\n\n<p>Os delegados organizam o seu pr\u00f3prio pequeno-almo\u00e7o com base no alojamento que escolhem.<\/p>\n\n\n\n<p><strong>3. Alojamento Escolhido por Si \u2013 Apenas Jantar (Sem Autocarro Fornecido)<\/strong><\/p>\n\n\n\n<p>Os delegados podem reservar qualquer alojamento que n\u00e3o esteja na lista recomendada, incluindo Airbnb, pens\u00f5es, parques de campismo, estadias familiares ou hot\u00e9is premium mais distantes.<\/p>\n\n\n\n<p>Esta op\u00e7\u00e3o inclui:<\/p>\n\n\n\n<ul class=\"wp-block-list\">\n<li><strong>Refei\u00e7\u00e3o noturna com todos os delegados<\/strong><\/li>\n\n\n\n<li>Participa\u00e7\u00e3o completa em todas as atividades do curso<\/li>\n<\/ul>\n\n\n\n<p>Esta op\u00e7\u00e3o n\u00e3o inclui transporte de autocarro, e os delegados devem organizar o seu pr\u00f3prio transporte de e para o local.<\/p>\n\n\n\n<p><strong>Estacionamento<\/strong><\/p>\n\n\n\n<p><strong>Existe estacionamento dispon\u00edvel no local?<\/strong><\/p>\n\n\n\n<p>O estacionamento nos locais da universidade e do conselho continua limitado.<br\/>A equipa da IBBSS est\u00e1 a trabalhar ativamente com as autoridades locais para garantir op\u00e7\u00f5es de estacionamento de baixo custo ou gratuitas. Os detalhes finais ser\u00e3o inclu\u00eddos no pacote digital de delegado. <\/p>\n\n\n\n<p><strong>Coes\u00e3o do Curso<\/strong><\/p>\n\n\n\n<p><strong>As novas op\u00e7\u00f5es de alojamento afetar\u00e3o a unidade do curso?<\/strong><\/p>\n\n\n\n<p>N\u00e3o. As refei\u00e7\u00f5es noturnas e as atividades sociais continuam a ser centrais para a experi\u00eancia da IBBSS, e todos os delegados jantam juntos. Um centro social dedicado tamb\u00e9m funcionar\u00e1 todas as noites.  <\/p>\n\n\n\n<p><strong>A dist\u00e2ncia do meu hotel limitar\u00e1 a participa\u00e7\u00e3o?<\/strong><\/p>\n\n\n\n<p>Os hot\u00e9is apoiados est\u00e3o todos a uma caminhada de 15 minutos.<br\/>O autocarro da IBBSS funciona:<\/p>\n\n\n\n<ul class=\"wp-block-list\">\n<li>Antes das sess\u00f5es da manh\u00e3<\/li>\n\n\n\n<li>Ap\u00f3s as atividades programadas finais<\/li>\n\n\n\n<li>Ap\u00f3s o hor\u00e1rio de encerramento do centro social<\/li>\n<\/ul>\n\n\n\n<h2 class=\"wp-block-heading\"><strong>3. Alimenta\u00e7\u00e3o e Catering<\/strong><\/h2>\n\n\n\n<p><strong>Que melhorias foram feitas no catering?<\/strong><\/p>\n\n\n\n<p>As refei\u00e7\u00f5es ser\u00e3o fornecidas por um contratante de catering premiado usando uma \u00e1rea de refei\u00e7\u00f5es dedicada. Requisitos vegetarianos, veganos, sem gl\u00faten e outros s\u00e3o totalmente suportados \u2014 por favor, especifique durante a inscri\u00e7\u00e3o. <\/p>\n\n\n\n<p><strong>Os delegados ainda v\u00e3o comer juntos?<\/strong><\/p>\n\n\n\n<p>Sim. As refei\u00e7\u00f5es partilhadas continuam a ser uma parte importante da experi\u00eancia do curso. <\/p>\n\n\n\n<p><strong>Por que o almo\u00e7o n\u00e3o \u00e9 fornecido?<\/strong><\/p>\n\n\n\n<p>O feedback dos delegados da IBBSS mostrou que a maioria das pessoas prefere a liberdade de escolher as suas pr\u00f3prias op\u00e7\u00f5es de almo\u00e7o. Com o novo local situado perto do centro da cidade, muitos delegados acolhem a oportunidade de sair, fazer uma pausa e explorar uma ampla gama de caf\u00e9s, restaurantes e lojas ao seu pr\u00f3prio ritmo e or\u00e7amento.  <\/p>\n\n\n\n<p>Para aqueles que preferem ficar dentro do edif\u00edcio, o local tamb\u00e9m inclui instala\u00e7\u00f5es de catering no local, oferecendo bebidas, lanches leves e op\u00e7\u00f5es de almo\u00e7o.<\/p>\n\n\n\n<p>Esta abordagem flex\u00edvel permite que todos escolham o que funciona melhor para eles, mantendo os custos gerais do curso baixos.<\/p>\n\n\n\n<p><strong>Est\u00e3o dispon\u00edveis refrescos durante o dia?<\/strong><\/p>\n\n\n\n<p>Sim. Ch\u00e1, caf\u00e9 e refrescos leves est\u00e3o dispon\u00edveis durante as pausas programadas.<br\/>Caf\u00e9s e lojas nas proximidades oferecem op\u00e7\u00f5es adicionais. <\/p>\n\n\n\n<h2 class=\"wp-block-heading\"><strong>4. Conte\u00fado e Estrutura do Curso<\/strong><\/h2>\n\n\n\n<p><strong>O conte\u00fado do curso mudou este ano?<\/strong><\/p>\n\n\n\n<p>O formato central da IBBSS permanece o mesmo, mas as melhorias incluem:<\/p>\n\n\n\n<ul class=\"wp-block-list\">\n<li>Masterclasses expandidas<\/li>\n\n\n\n<li>Mais sess\u00f5es opcionais \u00e0 tarde<\/li>\n\n\n\n<li>Mais oportunidades para coaching individual<\/li>\n<\/ul>\n\n\n\n<p><strong>H\u00e1 foco em estilos musicais espec\u00edficos?<\/strong><\/p>\n\n\n\n<p>O repert\u00f3rio continua a equilibrar:<\/p>\n\n\n\n<ul class=\"wp-block-list\">\n<li>M\u00fasica tradicional de banda de metais<\/li>\n\n\n\n<li>Obras contempor\u00e2neas<\/li>\n\n\n\n<li>Pe\u00e7as leves e de entretenimento<\/li>\n<\/ul>\n\n\n\n<p><strong>Haver\u00e1 novo material para delegados que retornam?<\/strong><\/p>\n\n\n\n<p>Sim. Cada ano introduz novo repert\u00f3rio, tutores convidados e temas de workshops. <\/p>\n\n\n\n<p><strong>Existem oportunidades de atua\u00e7\u00e3o?<\/strong><\/p>\n\n\n\n<p>Sim. Os delegados atuam em: <\/p>\n\n\n\n<ul class=\"wp-block-list\">\n<li>Evento de entretenimento Brass in Concert<\/li>\n\n\n\n<li>Concerto de Gala Final<\/li>\n\n\n\n<li>Oportunidades opcionais de solo\/ensemble<\/li>\n<\/ul>\n\n\n\n<p><strong>Evento Adicional \u2013 Masterclass de Metais Altos e Baixos (1 de agosto)<\/strong><\/p>\n\n\n\n<p><strong>O que \u00e9 o Evento Masterclass de 1 de agosto?<\/strong><\/p>\n\n\n\n<p>A IBBSS ir\u00e1 organizar uma Masterclass especial de um dia de Metais Altos e Baixos no dia 1 de agosto, liderada pelos nossos tutores especializados. Este evento oferece desenvolvimento t\u00e9cnico focado, oportunidades de ensemble e coaching em pequenos grupos. <\/p>\n\n\n\n<p><strong>Quanto custa para os delegados da IBBSS?<\/strong><\/p>\n\n\n\n<p>Existem duas op\u00e7\u00f5es de pre\u00e7o dependendo da escolha de alojamento:<\/p>\n\n\n\n<p>1. Delegados no Pacote de Alojamento Universit\u00e1rio. Aqueles inscritos no curso principal com um pacote de Alojamento Universit\u00e1rio (Jantar, Cama e Pequeno-almo\u00e7o) podem participar da masterclass por \u00a3199. Isso inclui:  <\/p>\n\n\n\n<p>\u2022 Entrada na masterclass<\/p>\n\n\n\n<p>\u2022 1 noite de alojamento universit\u00e1rio (31 de julho ou 1 de agosto, dependendo da programa\u00e7\u00e3o)<\/p>\n\n\n\n<p>\u2022 Pequeno-almo\u00e7o e almo\u00e7o inclu\u00eddos<\/p>\n\n\n\n<p>2. Delegados que Escolhem Alojamento Auto-Organizado<\/p>\n\n\n\n<p>Os delegados que ficam em alojamento reservado por conta pr\u00f3pria podem participar da masterclass por \u00a399.<\/p>\n\n\n\n<p>Isso inclui acesso total \u00e0s sess\u00f5es do dia, workshops e atividades de ensemble.<\/p>\n\n\n\n<p>Quem pode participar?<\/p>\n\n\n\n<p>Todos os delegados da IBBSS s\u00e3o bem-vindos, independentemente do n\u00edvel de execu\u00e7\u00e3o. As vagas podem ser abertas ao p\u00fablico se a capacidade permitir. <\/p>\n\n\n\n<p><strong>Como fa\u00e7o para me inscrever?<\/strong><\/p>\n\n\n\n<p>Detalhes completos e um link de reserva estar\u00e3o dispon\u00edveis no site da IBBSS e inclu\u00eddos nas comunica\u00e7\u00f5es dos delegados.<\/p>\n\n\n\n<p><strong>Os n\u00e3o-delegados podem assistir \u00e0s atua\u00e7\u00f5es?<\/strong><\/p>\n\n\n\n<p>Sim. A presen\u00e7a do p\u00fablico \u00e9 permitida para concertos e alguns eventos noturnos.<br\/>Os detalhes do local e dos bilhetes ser\u00e3o divulgados mais perto do evento. <\/p>\n\n\n\n<h2 class=\"wp-block-heading\"><strong>5. Padr\u00e3o de Execu\u00e7\u00e3o dos Delegados e Orienta\u00e7\u00e3o Geral<\/strong><\/h2>\n\n\n\n<p><strong>Qual \u00e9 o n\u00edvel de execu\u00e7\u00e3o esperado?<\/strong><\/p>\n\n\n\n<p>A IBBSS acolhe m\u00fasicos de todas as habilidades, proporcionando:<\/p>\n\n\n\n<ul class=\"wp-block-list\">\n<li>Um ambiente de apoio e sem julgamentos<\/li>\n\n\n\n<li>Assentos adequadamente desafiadores em ensembles<\/li>\n\n\n\n<li>Ensembles amig\u00e1veis para iniciantes e de desenvolvimento<\/li>\n\n\n\n<li>Oportunidades para progredir ao seu pr\u00f3prio ritmo<\/li>\n<\/ul>\n\n\n\n<p><strong>Que apoio pr\u00e1tico est\u00e1 dispon\u00edvel?<\/strong><\/p>\n\n\n\n<p>Os tutores fornecem:<\/p>\n\n\n\n<ul class=\"wp-block-list\">\n<li>Aulas individuais<\/li>\n\n\n\n<li>Ensaios seccionais<\/li>\n\n\n\n<li>Orienta\u00e7\u00e3o sobre posi\u00e7\u00f5es de assento adequadas<\/li>\n\n\n\n<li>Mentoria ao longo da semana<\/li>\n<\/ul>\n\n\n\n<p><strong>N\u00e3o tenho certeza se minha habilidade \u00e9 adequada \u2014 o que devo fazer?<\/strong><\/p>\n\n\n\n<p>Entre em contato com a equipa da IBBSS antes de se inscrever para obter orienta\u00e7\u00e3o personalizada.<\/p>\n\n\n\n<p><strong>Que apoio \u00e9 oferecido aos delegados de primeira viagem?<\/strong><\/p>\n\n\n\n<p>Os novos delegados s\u00e3o calorosamente recebidos. Um mentor (participante experiente) pode ser atribu\u00eddo, se desejado. <\/p>\n\n\n\n<p><strong>Posso pedir emprestado um instrumento?<\/strong><\/p>\n\n\n\n<p>Os delegados devem trazer os seus pr\u00f3prios instrumentos. No entanto, para tubistas estrangeiros, a IBBSS pode ajudar a identificar fornecedores de aluguer de curto prazo. Por favor, informe-se com anteced\u00eancia.  <\/p>\n\n\n\n<p><strong>Como posso me preparar melhor antes de chegar?<\/strong><\/p>\n\n\n\n<ul class=\"wp-block-list\">\n<li><strong>Refresque a sua execu\u00e7\u00e3o<\/strong> \u2013 aumente a resist\u00eancia e a confian\u00e7a<\/li>\n\n\n\n<li><strong>Verifique o seu instrumento<\/strong> \u2013 certifique-se de que v\u00e1lvulas, pist\u00f5es, surdinas e acess\u00f3rios est\u00e3o em bom estado de funcionamento<\/li>\n\n\n\n<li><strong>Traga o seu pr\u00f3prio suporte de m\u00fasica<\/strong> (obrigat\u00f3rio)<\/li>\n\n\n\n<li><strong>Revise o repert\u00f3rio<\/strong> assim que for divulgado<\/li>\n\n\n\n<li><strong>Empacote roupas adequadas<\/strong> \u2013 incluindo traje de concerto<\/li>\n\n\n\n<li><strong>Revise os detalhes de viagem e alojamento<\/strong> com anteced\u00eancia<\/li>\n\n\n\n<li><strong>Esteja pronto para interagir<\/strong> com tutores e colegas m\u00fasicos<\/li>\n<\/ul>\n\n\n\n<h2 class=\"wp-block-heading\"><strong>6. Bem-estar e Acessibilidade<\/strong><\/h2>\n\n\n\n<p><strong>E se eu tiver necessidades diet\u00e9ticas, m\u00e9dicas ou de acessibilidade?<\/strong><\/p>\n\n\n\n<p>Por favor, anote todos os requisitos durante a inscri\u00e7\u00e3o. A IBBSS trata essas informa\u00e7\u00f5es de forma confidencial e garante que todos os arranjos estejam em vigor antes da chegada. <\/p>\n\n\n\n<p><strong>Est\u00e1 dispon\u00edvel assist\u00eancia m\u00e9dica?<\/strong><\/p>\n\n\n\n<p>Primeiros socorros b\u00e1sicos est\u00e3o dispon\u00edveis no local. As instala\u00e7\u00f5es locais do NHS est\u00e3o pr\u00f3ximas, e a equipa pode ajudar com transporte ou arranjos, se necess\u00e1rio. <\/p>\n\n\n\n<p><strong>O local \u00e9 acess\u00edvel para pessoas com mobilidade reduzida?<\/strong><\/p>\n\n\n\n<p>Sim. Todos os espa\u00e7os principais (alojamento, salas de aula, locais de atua\u00e7\u00e3o) s\u00e3o acess\u00edveis por rampas ou elevadores. Quartos adaptados segundo a DDA est\u00e3o dispon\u00edveis para delegados residentes, e orienta\u00e7\u00e3o tamb\u00e9m pode ser fornecida \u00e0queles que organizam alojamento privado.  <\/p>\n<\/div>\n\n<div class=\"gbp-section gb-element-d61e03dc\">\n<div class=\"gbp-section__inner gb-element-2ef57ce2\">\n<img loading=\"lazy\" decoding=\"async\" width=\"1274\" height=\"737\" class=\"gb-media-ac6921fc\" src=\"http:\/\/www.ibbss.com\/wp-content\/uploads\/2025\/07\/IBBSS-LOGO.jpg\" title=\"I\" alt=\"\" srcset=\"https:\/\/ibbss.com\/wp-content\/uploads\/2025\/07\/IBBSS-LOGO.jpg 1274w, https:\/\/ibbss.com\/wp-content\/uploads\/2025\/07\/IBBSS-LOGO-600x347.jpg 600w, https:\/\/ibbss.com\/wp-content\/uploads\/2025\/07\/IBBSS-LOGO-1200x694.jpg 1200w, https:\/\/ibbss.com\/wp-content\/uploads\/2025\/07\/IBBSS-LOGO-768x444.jpg 768w\" sizes=\"auto, (max-width: 1274px) 100vw, 1274px\" \/>\n\n\n\n<div>\n<h2 class=\"wp-block-heading has-accent-color has-text-color has-link-color wp-elements-1f93805af4dc1df87e35c93327e6d0e3\"><strong>Inscreva-se agora<\/strong><\/h2>\n\n\n\n<p>Os lugares s\u00e3o limitados &#8211; garanta j\u00e1 o seu lugar para fazer parte deste evento musical \u00fanico. <\/p>\n\n\n\n<a class=\"gb-text gb-text-c79a2e92\" href=\"\">Inscreva-se J\u00c1<\/a>\n<\/div>\n<\/div>\n<\/div>\n","protected":false},"excerpt":{"rendered":"<p>IBBSS Escola de Ver\u00e3o 2026 Localiza\u00e7\u00e3o: Swansea, sul do Pa\u00eds de Gales Data: Domingo, 26 de julho &#8211; S\u00e1bado, 1 de agosto Reserve J\u00c1 Perguntas Frequentes para a IBBSS (FAQ) 1. Inscri\u00e7\u00e3o, Pagamentos e Comunica\u00e7\u00e3o Como fa\u00e7o para me inscrever e pagar o curso? Todas as inscri\u00e7\u00f5es devem ser feitas online atrav\u00e9s do Portal de &#8230; <a title=\"Perguntas Frequentes dos Delegados (FAQ)\" class=\"read-more\" href=\"https:\/\/ibbss.com\/pt-pt\/perguntas-frequentes-dos-delegados-faq\/\" aria-label=\"Leia mais sobre Perguntas Frequentes dos Delegados (FAQ)\">Ler mais<\/a><\/p>\n","protected":false},"author":4,"featured_media":0,"parent":0,"menu_order":2,"comment_status":"closed","ping_status":"closed","template":"","meta":{"_acf_changed":false,"footnotes":""},"class_list":["post-2015","page","type-page","status-publish"],"acf":[],"_links":{"self":[{"href":"https:\/\/ibbss.com\/pt-pt\/wp-json\/wp\/v2\/pages\/2015","targetHints":{"allow":["GET"]}}],"collection":[{"href":"https:\/\/ibbss.com\/pt-pt\/wp-json\/wp\/v2\/pages"}],"about":[{"href":"https:\/\/ibbss.com\/pt-pt\/wp-json\/wp\/v2\/types\/page"}],"author":[{"embeddable":true,"href":"https:\/\/ibbss.com\/pt-pt\/wp-json\/wp\/v2\/users\/4"}],"replies":[{"embeddable":true,"href":"https:\/\/ibbss.com\/pt-pt\/wp-json\/wp\/v2\/comments?post=2015"}],"version-history":[{"count":1,"href":"https:\/\/ibbss.com\/pt-pt\/wp-json\/wp\/v2\/pages\/2015\/revisions"}],"predecessor-version":[{"id":2016,"href":"https:\/\/ibbss.com\/pt-pt\/wp-json\/wp\/v2\/pages\/2015\/revisions\/2016"}],"wp:attachment":[{"href":"https:\/\/ibbss.com\/pt-pt\/wp-json\/wp\/v2\/media?parent=2015"}],"curies":[{"name":"wp","href":"https:\/\/api.w.org\/{rel}","templated":true}]}}