{"id":1631,"date":"2025-07-30T11:22:01","date_gmt":"2025-07-30T10:22:01","guid":{"rendered":"https:\/\/ibbss.com\/os-nossos-tutores\/os-nossos-tutores-owen-farr\/"},"modified":"2025-11-19T17:46:07","modified_gmt":"2025-11-19T17:46:07","slug":"os-nossos-tutores-owen-farr","status":"publish","type":"page","link":"https:\/\/ibbss.com\/pt-pt\/os-nossos-tutores\/os-nossos-tutores-owen-farr\/","title":{"rendered":"Os nossos tutores &#8211; Owen farr"},"content":{"rendered":"\n<div class=\"gb-element-a4058368\">\n<div class=\"gb-element-ac7a1dbc\">\n<div class=\"gb-element-bdd81fb5\">\n<img loading=\"lazy\" decoding=\"async\" width=\"200\" height=\"280\" class=\"gb-media-fe8716a9\" alt=\"\" src=\"http:\/\/www.ibbss.com\/wp-content\/uploads\/2025\/07\/Owen-Farr.jpg\" title=\"Owen farr\">\n<\/div>\n\n\n\n<div>\n<p class=\"gb-text\"><strong>Owen Farr<\/strong> ajudou a colocar Pontypool, no Sul do Pa\u00eds de Gales, no mapa musical com a sua interpreta\u00e7\u00e3o de trompa tenor de classe mundial e dedica\u00e7\u00e3o ao ensino de metais. Iniciando a sua jornada musical aos seis anos de idade com a Pontypool Brass Band, Owen rapidamente subiu na hierarquia, tornando-se Trompa Principal tanto na <strong>Gwent County Youth Brass Band<\/strong> como na <strong>National Youth Brass Band of Wales<\/strong>. Em 1995, foi nomeado <strong>Campe\u00e3o J\u00fanior Solo do British Open<\/strong> e, aos 16 anos, tornou-se Trompa Solo da <strong>Tredegar Town Band<\/strong>.  <\/p>\n\n\n\n<p>Owen prosseguiu os seus estudos no <strong>Royal Northern College of Music<\/strong>, juntando-se \u00e0 <strong>Williams Fairey Band<\/strong> em seis meses. Recebeu o pr\u00e9mio &#8220;Player of the Year&#8221; dos seus colegas de banda e desempenhou um papel fundamental em duas vit\u00f3rias nas Finais Nacionais. Ap\u00f3s se formar em 2002, foi imediatamente nomeado Professor de Trompa Tenor no RNCM e assumiu tamb\u00e9m um cargo de ensino na <strong>Liverpool University<\/strong>.   <\/p>\n\n\n\n<p>Membro fundador dos <strong>Sonar Brass<\/strong>, Owen atuou em transmiss\u00f5es nacionais incluindo <em>Listen to the Band<\/em> e <em>Friday Night is Music Night<\/em>. \u00c9 um defensor apaixonado da pedagogia da trompa tenor, ocupando cargos de ensino no <strong>Royal Welsh College of Music and Drama<\/strong> e no <strong>Birmingham Conservatoire<\/strong>, e serve como <strong>cl\u00ednico da Besson<\/strong>, fazendo digress\u00f5es extensas para promover o instrumento.  <\/p>\n\n\n\n<p>Regressando ao Pa\u00eds de Gales em 2004 para se juntar \u00e0 <strong>Buy As You View Band<\/strong>, Owen continua a inspirar atrav\u00e9s do seu tom l\u00edrico, brilhantismo t\u00e9cnico e dedica\u00e7\u00e3o ao ensino musical. A sua combina\u00e7\u00e3o \u00fanica de arte e erudi\u00e7\u00e3o assegura o seu lugar entre os mais destacados m\u00fasicos e educadores de metais da sua gera\u00e7\u00e3o.  <\/p>\n<\/div>\n<\/div>\n<\/div>\n","protected":false},"excerpt":{"rendered":"<p>Owen Farr ajudou a colocar Pontypool, no Sul do Pa\u00eds de Gales, no mapa musical com a sua interpreta\u00e7\u00e3o de trompa tenor de classe mundial e dedica\u00e7\u00e3o ao ensino de metais. Iniciando a sua jornada musical aos seis anos de idade com a Pontypool Brass Band, Owen rapidamente subiu na hierarquia, tornando-se Trompa Principal tanto &#8230; <a title=\"Os nossos tutores &#8211; Owen farr\" class=\"read-more\" href=\"https:\/\/ibbss.com\/pt-pt\/os-nossos-tutores\/os-nossos-tutores-owen-farr\/\" aria-label=\"Leia mais sobre Os nossos tutores &#8211; Owen farr\">Ler mais<\/a><\/p>\n","protected":false},"author":5,"featured_media":0,"parent":1319,"menu_order":0,"comment_status":"closed","ping_status":"closed","template":"","meta":{"_acf_changed":false,"footnotes":""},"class_list":["post-1631","page","type-page","status-publish"],"acf":[],"_links":{"self":[{"href":"https:\/\/ibbss.com\/pt-pt\/wp-json\/wp\/v2\/pages\/1631","targetHints":{"allow":["GET"]}}],"collection":[{"href":"https:\/\/ibbss.com\/pt-pt\/wp-json\/wp\/v2\/pages"}],"about":[{"href":"https:\/\/ibbss.com\/pt-pt\/wp-json\/wp\/v2\/types\/page"}],"author":[{"embeddable":true,"href":"https:\/\/ibbss.com\/pt-pt\/wp-json\/wp\/v2\/users\/5"}],"replies":[{"embeddable":true,"href":"https:\/\/ibbss.com\/pt-pt\/wp-json\/wp\/v2\/comments?post=1631"}],"version-history":[{"count":2,"href":"https:\/\/ibbss.com\/pt-pt\/wp-json\/wp\/v2\/pages\/1631\/revisions"}],"predecessor-version":[{"id":1890,"href":"https:\/\/ibbss.com\/pt-pt\/wp-json\/wp\/v2\/pages\/1631\/revisions\/1890"}],"up":[{"embeddable":true,"href":"https:\/\/ibbss.com\/pt-pt\/wp-json\/wp\/v2\/pages\/1319"}],"wp:attachment":[{"href":"https:\/\/ibbss.com\/pt-pt\/wp-json\/wp\/v2\/media?parent=1631"}],"curies":[{"name":"wp","href":"https:\/\/api.w.org\/{rel}","templated":true}]}}