{"id":1600,"date":"2025-07-30T11:31:57","date_gmt":"2025-07-30T10:31:57","guid":{"rendered":"https:\/\/ibbss.com\/os-nossos-tutores\/os-nossos-professores-tom-hutchinson\/"},"modified":"2025-11-19T17:47:33","modified_gmt":"2025-11-19T17:47:33","slug":"os-nossos-professores-tom-hutchinson","status":"publish","type":"page","link":"https:\/\/ibbss.com\/pt-pt\/os-nossos-tutores\/os-nossos-professores-tom-hutchinson\/","title":{"rendered":"Os nossos professores &#8211; Tom Hutchinson"},"content":{"rendered":"\n<div class=\"gb-element-a4058368\">\n<div class=\"gb-element-ac7a1dbc\">\n<div>\n<img loading=\"lazy\" decoding=\"async\" width=\"576\" height=\"1024\" class=\"gb-media-fe8716a9\" alt=\"\" src=\"http:\/\/www.ibbss.com\/wp-content\/uploads\/2025\/07\/Tom-Hutchinson.jpeg\" title=\"Tom Hutchinson\" srcset=\"https:\/\/ibbss.com\/wp-content\/uploads\/2025\/07\/Tom-Hutchinson.jpeg 576w, https:\/\/ibbss.com\/wp-content\/uploads\/2025\/07\/Tom-Hutchinson-338x600.jpeg 338w\" sizes=\"auto, (max-width: 576px) 100vw, 576px\" \/>\n<\/div>\n\n\n\n<div>\n<p class=\"gb-text\"><strong>Tom Hutchinson<\/strong> \u00e9 reconhecido como um dos principais cornetistas do mundo. Come\u00e7ou a tocar aos nove anos com a sua banda local, <g id=\"gid_1\">Stannington<\/g>, e aos quinze anos j\u00e1 liderava a <g id=\"gid_2\">Rothwell Temperance Band<\/g>. Antigo solista e l\u00edder da <strong>National Youth Brass Band of Great Britain<\/strong>, Tom foi convidado pelo Dr. Nicholas Childs para se juntar \u00e0 <strong>Black Dyke Band<\/strong>, onde tocou durante quatro anos e contribuiu para importantes vit\u00f3rias em concursos por todo o Reino Unido e Europa.   <\/p>\n\n\n\n<p class=\"gb-text\">Ap\u00f3s se formar no <strong>Royal Northern College of Music<\/strong> em 2009, Tom foi nomeado <strong>Principal Cornet da Cory Band<\/strong>. Sob a sua lideran\u00e7a, a Cory desfrutou de uma era de sucesso extraordin\u00e1rio \u2014 incluindo m\u00faltiplos t\u00edtulos do British Open, Europeu, Brass in Concert e Campeonato Nacional. Foi duas vezes nomeado M\u00fasico do Ano da banda e foi fundamental para o hist\u00f3rico <strong>Grand Slam<\/strong> da Cory e para o seu reinado de uma d\u00e9cada como a banda de metais n\u00famero 1 do mundo.  &nbsp;<\/p>\n\n\n\n<p class=\"gb-text\">Para al\u00e9m da sua carreira como int\u00e9rprete, Tom \u00e9 um educador apaixonado. \u00c9 <strong>Professor de Corneta no Royal Welsh College of Music and Drama<\/strong> e tutor da <strong>National Youth Brass Band of Wales<\/strong> e da <strong>National Children&#8217;s Brass Band of Great Britain<\/strong>. Como <g id=\"gid_3\">Artista Besson<\/g>, representa o <g id=\"gid_4\">Buffet Crampon Group<\/g> internacionalmente e atuou como solista na <g id=\"gid_5\">Austr\u00e1lia, Nova Zel\u00e2ndia, Jap\u00e3o, Canad\u00e1<\/g> e nos <g id=\"gid_6\">EUA<\/g>. O seu \u00e1lbum de estreia a solo <em>In Principal<\/em> recebeu aclama\u00e7\u00e3o generalizada.   &nbsp;<\/p>\n<\/div>\n<\/div>\n<\/div>\n","protected":false},"excerpt":{"rendered":"<p>Tom Hutchinson \u00e9 reconhecido como um dos principais cornetistas do mundo. Come\u00e7ou a tocar aos nove anos com a sua banda local, Stannington, e aos quinze anos j\u00e1 liderava a Rothwell Temperance Band. Antigo solista e l\u00edder da National Youth Brass Band of Great Britain, Tom foi convidado pelo Dr. Nicholas Childs para se juntar &#8230; <a title=\"Os nossos professores &#8211; Tom Hutchinson\" class=\"read-more\" href=\"https:\/\/ibbss.com\/pt-pt\/os-nossos-tutores\/os-nossos-professores-tom-hutchinson\/\" aria-label=\"Leia mais sobre Os nossos professores &#8211; Tom Hutchinson\">Ler mais<\/a><\/p>\n","protected":false},"author":5,"featured_media":0,"parent":1319,"menu_order":0,"comment_status":"closed","ping_status":"closed","template":"","meta":{"_acf_changed":false,"footnotes":""},"class_list":["post-1600","page","type-page","status-publish"],"acf":[],"_links":{"self":[{"href":"https:\/\/ibbss.com\/pt-pt\/wp-json\/wp\/v2\/pages\/1600","targetHints":{"allow":["GET"]}}],"collection":[{"href":"https:\/\/ibbss.com\/pt-pt\/wp-json\/wp\/v2\/pages"}],"about":[{"href":"https:\/\/ibbss.com\/pt-pt\/wp-json\/wp\/v2\/types\/page"}],"author":[{"embeddable":true,"href":"https:\/\/ibbss.com\/pt-pt\/wp-json\/wp\/v2\/users\/5"}],"replies":[{"embeddable":true,"href":"https:\/\/ibbss.com\/pt-pt\/wp-json\/wp\/v2\/comments?post=1600"}],"version-history":[{"count":2,"href":"https:\/\/ibbss.com\/pt-pt\/wp-json\/wp\/v2\/pages\/1600\/revisions"}],"predecessor-version":[{"id":1969,"href":"https:\/\/ibbss.com\/pt-pt\/wp-json\/wp\/v2\/pages\/1600\/revisions\/1969"}],"up":[{"embeddable":true,"href":"https:\/\/ibbss.com\/pt-pt\/wp-json\/wp\/v2\/pages\/1319"}],"wp:attachment":[{"href":"https:\/\/ibbss.com\/pt-pt\/wp-json\/wp\/v2\/media?parent=1600"}],"curies":[{"name":"wp","href":"https:\/\/api.w.org\/{rel}","templated":true}]}}