{"id":1564,"date":"2025-07-30T11:52:26","date_gmt":"2025-07-30T10:52:26","guid":{"rendered":"https:\/\/ibbss.com\/os-nossos-tutores\/os-nossos-tutores-matthew-routley\/"},"modified":"2025-11-19T17:46:34","modified_gmt":"2025-11-19T17:46:34","slug":"os-nossos-tutores-matthew-routley","status":"publish","type":"page","link":"https:\/\/ibbss.com\/pt-pt\/os-nossos-tutores\/os-nossos-tutores-matthew-routley\/","title":{"rendered":"Os nossos tutores &#8211; Matthew Routley"},"content":{"rendered":"\n<div class=\"gb-element-a4058368\">\n<div class=\"gb-element-ac7a1dbc\">\n<div>\n<img loading=\"lazy\" decoding=\"async\" width=\"600\" height=\"600\" class=\"gb-media-fe8716a9\" alt=\"\" src=\"http:\/\/www.ibbss.com\/wp-content\/uploads\/2025\/07\/Matthew-Routely.jpg\" title=\"Matthew Routley\" srcset=\"https:\/\/ibbss.com\/wp-content\/uploads\/2025\/07\/Matthew-Routely.jpg 600w, https:\/\/ibbss.com\/wp-content\/uploads\/2025\/07\/Matthew-Routely-300x300.jpg 300w, https:\/\/ibbss.com\/wp-content\/uploads\/2025\/07\/Matthew-Routely-100x100.jpg 100w\" sizes=\"auto, (max-width: 600px) 100vw, 600px\" \/>\n<\/div>\n\n\n\n<div>\n<p class=\"gb-text\"><strong>Matthew Routley<\/strong> nasceu em <strong>Tredegar<\/strong>, no sul do Pa\u00eds de Gales, e cresceu em <strong>Abergavenny<\/strong>, onde iniciou a sua jornada musical aos sete anos no piano, antes de se mudar para os metais e encontrar o seu lugar no <strong>trombone<\/strong> aos 15 anos. Recebeu orienta\u00e7\u00e3o inicial de Alun F. Williams e Eric Powell, e passou a tocar com a <strong>Gwent Youth Brass Band<\/strong>, a <strong>National Youth Brass Band of Wales<\/strong> e a <strong>National Youth Brass Band of Great Britain<\/strong>.  <\/p>\n\n\n\n<p class=\"gb-text\">Matthew estudou m\u00fasica na <strong>Universidade de Huddersfield<\/strong>, aprendendo com Stuart Roebuck, e come\u00e7ou a sua carreira em bandas com a <strong>Sellers Engineering Band<\/strong> antes de se juntar \u00e0 <strong>Yorkshire Building Society Band<\/strong> em 1994. Em 1995, juntou-se \u00e0 <g id=\"gid_3\">Black Dyke Band<\/g>, onde desfrutou de uma carreira distinta ao longo de mais de 25 anos. Os principais destaques incluem a conquista de m\u00faltiplos t\u00edtulos nacionais de &#8220;duplo&#8221; e &#8220;triplo&#8221; campeonato, e atua\u00e7\u00f5es em locais de classe mundial como a <strong>\u00d3pera de Sydney<\/strong>, o <strong>Tokyo Metropolitan Hall<\/strong> e o <strong>KKL Lucerne<\/strong>.  &nbsp;<\/p>\n\n\n\n<p class=\"gb-text\">Profundamente comprometido com a m\u00fasica juvenil, Matthew \u00e9 <strong>Tutor de Tuba<\/strong> para a <strong>National Children\u2019s Brass Band of Great Britain<\/strong>, bem como para as <strong>Yorkshire<\/strong> e <strong>Gwent Youth Brass Bands<\/strong>. Paralelamente aos seus compromissos musicais, ensina <strong>M\u00fasica e Artes Performativas<\/strong> na <strong>The Sixth Form, Bolton<\/strong>, e desfruta da vida familiar e de socializar no seu tempo livre. &nbsp;&nbsp;<\/p>\n<\/div>\n<\/div>\n<\/div>\n","protected":false},"excerpt":{"rendered":"<p>Matthew Routley nasceu em Tredegar, no sul do Pa\u00eds de Gales, e cresceu em Abergavenny, onde iniciou a sua jornada musical aos sete anos no piano, antes de se mudar para os metais e encontrar o seu lugar no trombone aos 15 anos. Recebeu orienta\u00e7\u00e3o inicial de Alun F. Williams e Eric Powell, e passou &#8230; <a title=\"Os nossos tutores &#8211; Matthew Routley\" class=\"read-more\" href=\"https:\/\/ibbss.com\/pt-pt\/os-nossos-tutores\/os-nossos-tutores-matthew-routley\/\" aria-label=\"Leia mais sobre Os nossos tutores &#8211; Matthew Routley\">Ler mais<\/a><\/p>\n","protected":false},"author":5,"featured_media":0,"parent":1319,"menu_order":0,"comment_status":"closed","ping_status":"closed","template":"","meta":{"_acf_changed":false,"footnotes":""},"class_list":["post-1564","page","type-page","status-publish"],"acf":[],"_links":{"self":[{"href":"https:\/\/ibbss.com\/pt-pt\/wp-json\/wp\/v2\/pages\/1564","targetHints":{"allow":["GET"]}}],"collection":[{"href":"https:\/\/ibbss.com\/pt-pt\/wp-json\/wp\/v2\/pages"}],"about":[{"href":"https:\/\/ibbss.com\/pt-pt\/wp-json\/wp\/v2\/types\/page"}],"author":[{"embeddable":true,"href":"https:\/\/ibbss.com\/pt-pt\/wp-json\/wp\/v2\/users\/5"}],"replies":[{"embeddable":true,"href":"https:\/\/ibbss.com\/pt-pt\/wp-json\/wp\/v2\/comments?post=1564"}],"version-history":[{"count":2,"href":"https:\/\/ibbss.com\/pt-pt\/wp-json\/wp\/v2\/pages\/1564\/revisions"}],"predecessor-version":[{"id":1923,"href":"https:\/\/ibbss.com\/pt-pt\/wp-json\/wp\/v2\/pages\/1564\/revisions\/1923"}],"up":[{"embeddable":true,"href":"https:\/\/ibbss.com\/pt-pt\/wp-json\/wp\/v2\/pages\/1319"}],"wp:attachment":[{"href":"https:\/\/ibbss.com\/pt-pt\/wp-json\/wp\/v2\/media?parent=1564"}],"curies":[{"name":"wp","href":"https:\/\/api.w.org\/{rel}","templated":true}]}}