{"id":1529,"date":"2025-07-30T11:10:34","date_gmt":"2025-07-30T10:10:34","guid":{"rendered":"https:\/\/ibbss.com\/os-nossos-tutores\/os-nossos-tutores-richard-marshall\/"},"modified":"2025-11-19T17:46:01","modified_gmt":"2025-11-19T17:46:01","slug":"os-nossos-tutores-richard-marshall","status":"publish","type":"page","link":"https:\/\/ibbss.com\/pt-pt\/os-nossos-tutores\/os-nossos-tutores-richard-marshall\/","title":{"rendered":"Os nossos tutores &#8211; Richard Marshall"},"content":{"rendered":"\n<div class=\"gb-element-a4058368\">\n<div class=\"gb-element-ac7a1dbc\">\n<div>\n<img loading=\"lazy\" decoding=\"async\" width=\"550\" height=\"824\" class=\"gb-media-fe8716a9\" alt=\"\" src=\"http:\/\/www.ibbss.com\/wp-content\/uploads\/2025\/07\/Richard-Marshall.jpg\" title=\"Richard Marshall\" srcset=\"https:\/\/ibbss.com\/wp-content\/uploads\/2025\/07\/Richard-Marshall.jpg 550w, https:\/\/ibbss.com\/wp-content\/uploads\/2025\/07\/Richard-Marshall-400x600.jpg 400w\" sizes=\"auto, (max-width: 550px) 100vw, 550px\" \/>\n<\/div>\n\n\n\n<div>\n<p class=\"gb-text\"><strong>Richard Marshall<\/strong> \u00e9 amplamente considerado um dos melhores cornetistas do mundo. Descrito por Elgar Howarth como \u201co cornetista mais destacado que este pa\u00eds j\u00e1 produziu\u201d, Richard \u00e9 Cornetista Principal da lend\u00e1ria <g id=\"gid_1\">Black Dyke Band<\/g>, ocupando o que \u00e9 conhecido como o \u201clugar mais cobi\u00e7ado no mundo das bandas\u201d. Antes de se juntar em 2006, passou dez anos como Cornetista Principal na <strong>Grimethorpe Colliery Band<\/strong>.  &nbsp;<\/p>\n\n\n\n<p>Um solista aclamado, Richard lan\u00e7ou cinco \u00e1lbuns a solo \u2014 incluindo <em>Blaze<\/em> e <em>Eminence<\/em>, ambos nomeados CD Solo do Ano. Estreou obras importantes escritas para ele por compositores de renome, incluindo <g id=\"gid_2\">Sonatina<\/g> de Elgar Howarth e <g id=\"gid_3\">Cornet Concerto<\/g> de Edward Gregson. A sua colabora\u00e7\u00e3o com Philip Wilby tamb\u00e9m levou \u00e0 publica\u00e7\u00e3o de <em>Essentials<\/em>, um livro de estudo contempor\u00e2neo para cornetistas avan\u00e7ados.   <br\/><br\/>Richard \u00e9 um educador dedicado, ensinando no <strong>Royal Northern College of Music<\/strong>, <strong>Birmingham Conservatoire<\/strong> e <strong>Salford University<\/strong>. Tamb\u00e9m \u00e9 tutor para a National Children\u2019s Brass Band of Great Britain e para a Yorkshire Youth Brass Band.  <\/p>\n\n\n\n<p>Um <strong>Artista e Cl\u00ednico Besson<\/strong>, Richard toca exclusivamente no Cornet Prestige com a sua pr\u00f3pria boquilha RM1 Signature. A sua carreira levou-o a locais ic\u00f3nicos em todo o mundo, incluindo a <strong>Sydney Opera House<\/strong> e o <strong>Carnegie Hall<\/strong>, consolidando o seu lugar como um verdadeiro embaixador da tradi\u00e7\u00e3o das bandas de metais.  <\/p>\n<\/div>\n<\/div>\n<\/div>\n","protected":false},"excerpt":{"rendered":"<p>Richard Marshall \u00e9 amplamente considerado um dos melhores cornetistas do mundo. Descrito por Elgar Howarth como \u201co cornetista mais destacado que este pa\u00eds j\u00e1 produziu\u201d, Richard \u00e9 Cornetista Principal da lend\u00e1ria Black Dyke Band, ocupando o que \u00e9 conhecido como o \u201clugar mais cobi\u00e7ado no mundo das bandas\u201d. Antes de se juntar em 2006, passou &#8230; <a title=\"Os nossos tutores &#8211; Richard Marshall\" class=\"read-more\" href=\"https:\/\/ibbss.com\/pt-pt\/os-nossos-tutores\/os-nossos-tutores-richard-marshall\/\" aria-label=\"Leia mais sobre Os nossos tutores &#8211; Richard Marshall\">Ler mais<\/a><\/p>\n","protected":false},"author":5,"featured_media":0,"parent":1319,"menu_order":0,"comment_status":"closed","ping_status":"closed","template":"","meta":{"_acf_changed":false,"footnotes":""},"class_list":["post-1529","page","type-page","status-publish"],"acf":[],"_links":{"self":[{"href":"https:\/\/ibbss.com\/pt-pt\/wp-json\/wp\/v2\/pages\/1529","targetHints":{"allow":["GET"]}}],"collection":[{"href":"https:\/\/ibbss.com\/pt-pt\/wp-json\/wp\/v2\/pages"}],"about":[{"href":"https:\/\/ibbss.com\/pt-pt\/wp-json\/wp\/v2\/types\/page"}],"author":[{"embeddable":true,"href":"https:\/\/ibbss.com\/pt-pt\/wp-json\/wp\/v2\/users\/5"}],"replies":[{"embeddable":true,"href":"https:\/\/ibbss.com\/pt-pt\/wp-json\/wp\/v2\/comments?post=1529"}],"version-history":[{"count":2,"href":"https:\/\/ibbss.com\/pt-pt\/wp-json\/wp\/v2\/pages\/1529\/revisions"}],"predecessor-version":[{"id":1881,"href":"https:\/\/ibbss.com\/pt-pt\/wp-json\/wp\/v2\/pages\/1529\/revisions\/1881"}],"up":[{"embeddable":true,"href":"https:\/\/ibbss.com\/pt-pt\/wp-json\/wp\/v2\/pages\/1319"}],"wp:attachment":[{"href":"https:\/\/ibbss.com\/pt-pt\/wp-json\/wp\/v2\/media?parent=1529"}],"curies":[{"name":"wp","href":"https:\/\/api.w.org\/{rel}","templated":true}]}}