{"id":1506,"date":"2025-07-30T11:03:33","date_gmt":"2025-07-30T10:03:33","guid":{"rendered":"https:\/\/ibbss.com\/os-nossos-tutores\/os-nossos-tutores-nicholas-childs\/"},"modified":"2025-11-19T17:45:54","modified_gmt":"2025-11-19T17:45:54","slug":"os-nossos-tutores-nicholas-childs","status":"publish","type":"page","link":"https:\/\/ibbss.com\/pt-pt\/os-nossos-tutores\/os-nossos-tutores-nicholas-childs\/","title":{"rendered":"Os nossos tutores &#8211; Nicholas Childs"},"content":{"rendered":"\n<div class=\"gb-element-a4058368\">\n<div class=\"gb-element-ac7a1dbc\">\n<div>\n<img loading=\"lazy\" decoding=\"async\" width=\"257\" height=\"385\" class=\"gb-media-fe8716a9\" alt=\"\" src=\"http:\/\/www.ibbss.com\/wp-content\/uploads\/2025\/07\/Nick-Childs-1-1.jpg\" title=\"Nick Childs\">\n<\/div>\n\n\n\n<div>\n<p>O <strong>Prof. Nicholas Childs<\/strong> \u00e9 um maestro, euf\u00f3nio solista, produtor e educador de renome mundial, amplamente celebrado pela sua lideran\u00e7a no mundo das bandas de metais. O seu sucesso inicial surgiu ao atuar internacionalmente com o seu irm\u00e3o como <em>The Childs Brothers<\/em>, cativando o p\u00fablico em importantes salas de concertos em todo o mundo. <\/p>\n\n\n\n<p>Enquanto Maestro Principal e Diretor Musical da mundialmente famosa <strong>Black Dyke Band<\/strong>, o Dr. Childs alcan\u00e7ou um sucesso cont\u00ednuo em concursos e liderou uma onda de inova\u00e7\u00e3o atrav\u00e9s de uma programa\u00e7\u00e3o ousada e grandes estreias de compositores como Philip Wilby, Michael Ball e Peter Graham. A sua lideran\u00e7a vision\u00e1ria tornou a Black Dyke uma pedra angular da m\u00fasica moderna para bandas de metais, incluindo atua\u00e7\u00f5es marcantes em locais de prest\u00edgio como o <strong>Royal Albert Hall<\/strong> de Londres.  <\/p>\n\n\n\n<p>Um defensor apaixonado da nova m\u00fasica, o Dr. Childs \u00e9 o fundador da <strong>Doyen Recordings<\/strong>, uma editora pioneira com o maior cat\u00e1logo de grava\u00e7\u00f5es de bandas de metais. As suas produ\u00e7\u00f5es abrangem obras ic\u00f3nicas e colabora\u00e7\u00f5es com ensembles como a <strong>International Staff Band<\/strong>, a <strong>BBC Philharmonic<\/strong> e a <strong>Canadian Brass<\/strong>.  <\/p>\n\n\n\n<p>Para al\u00e9m do palco, o Dr. Childs \u00e9 um educador respeitado e Tutor S\u00e9nior em Estudos de Bandas de Metais no <strong>Royal Northern College of Music<\/strong>, onde leciona h\u00e1 mais de uma d\u00e9cada. Tamb\u00e9m ocupa cargos na <strong>National Youth Brass Band of Great Britain<\/strong>, na <strong>Brass Band Heritage Trust<\/strong> e foi maestro convidado de bandas por toda a Europa, Am\u00e9rica do Norte e \u00c1sia, tendo ganho campeonatos nacionais em Fran\u00e7a, Noruega, Esc\u00f3cia e Pa\u00eds de Gales.  <\/p>\n\n\n\n<p>Desde as suas ra\u00edzes na Tredegar Youth Band no Pa\u00eds de Gales at\u00e9 ao pin\u00e1culo do panorama mundial dos metais, o Dr. Childs continua dedicado a ultrapassar fronteiras, a orientar a pr\u00f3xima gera\u00e7\u00e3o e a defender a tradi\u00e7\u00e3o das bandas de metais no palco mundial. <\/p>\n<\/div>\n<\/div>\n<\/div>\n","protected":false},"excerpt":{"rendered":"<p>O Prof. Nicholas Childs \u00e9 um maestro, euf\u00f3nio solista, produtor e educador de renome mundial, amplamente celebrado pela sua lideran\u00e7a no mundo das bandas de metais. O seu sucesso inicial surgiu ao atuar internacionalmente com o seu irm\u00e3o como The Childs Brothers, cativando o p\u00fablico em importantes salas de concertos em todo o mundo. Enquanto &#8230; <a title=\"Os nossos tutores &#8211; Nicholas Childs\" class=\"read-more\" href=\"https:\/\/ibbss.com\/pt-pt\/os-nossos-tutores\/os-nossos-tutores-nicholas-childs\/\" aria-label=\"Leia mais sobre Os nossos tutores &#8211; Nicholas Childs\">Ler mais<\/a><\/p>\n","protected":false},"author":5,"featured_media":0,"parent":1319,"menu_order":0,"comment_status":"closed","ping_status":"closed","template":"","meta":{"_acf_changed":false,"footnotes":""},"class_list":["post-1506","page","type-page","status-publish"],"acf":[],"_links":{"self":[{"href":"https:\/\/ibbss.com\/pt-pt\/wp-json\/wp\/v2\/pages\/1506","targetHints":{"allow":["GET"]}}],"collection":[{"href":"https:\/\/ibbss.com\/pt-pt\/wp-json\/wp\/v2\/pages"}],"about":[{"href":"https:\/\/ibbss.com\/pt-pt\/wp-json\/wp\/v2\/types\/page"}],"author":[{"embeddable":true,"href":"https:\/\/ibbss.com\/pt-pt\/wp-json\/wp\/v2\/users\/5"}],"replies":[{"embeddable":true,"href":"https:\/\/ibbss.com\/pt-pt\/wp-json\/wp\/v2\/comments?post=1506"}],"version-history":[{"count":2,"href":"https:\/\/ibbss.com\/pt-pt\/wp-json\/wp\/v2\/pages\/1506\/revisions"}],"predecessor-version":[{"id":1871,"href":"https:\/\/ibbss.com\/pt-pt\/wp-json\/wp\/v2\/pages\/1506\/revisions\/1871"}],"up":[{"embeddable":true,"href":"https:\/\/ibbss.com\/pt-pt\/wp-json\/wp\/v2\/pages\/1319"}],"wp:attachment":[{"href":"https:\/\/ibbss.com\/pt-pt\/wp-json\/wp\/v2\/media?parent=1506"}],"curies":[{"name":"wp","href":"https:\/\/api.w.org\/{rel}","templated":true}]}}