{"id":1469,"date":"2025-07-30T11:46:58","date_gmt":"2025-07-30T10:46:58","guid":{"rendered":"https:\/\/ibbss.com\/os-nossos-tutores\/os-nossos-tutores-chris-williams\/"},"modified":"2025-11-19T17:46:28","modified_gmt":"2025-11-19T17:46:28","slug":"os-nossos-tutores-chris-williams","status":"publish","type":"page","link":"https:\/\/ibbss.com\/pt-pt\/os-nossos-tutores\/os-nossos-tutores-chris-williams\/","title":{"rendered":"Os nossos tutores &#8211; Chris Williams"},"content":{"rendered":"\n<div class=\"gb-element-a4058368\">\n<div class=\"gb-element-ac7a1dbc\">\n<div>\n<img loading=\"lazy\" decoding=\"async\" width=\"768\" height=\"434\" class=\"gb-media-fe8716a9\" alt=\"\" src=\"http:\/\/www.ibbss.com\/wp-content\/uploads\/2025\/07\/Chris-Williams.jpeg\" title=\"Chris Williams\" srcset=\"https:\/\/ibbss.com\/wp-content\/uploads\/2025\/07\/Chris-Williams.jpeg 768w, https:\/\/ibbss.com\/wp-content\/uploads\/2025\/07\/Chris-Williams-600x339.jpeg 600w\" sizes=\"auto, (max-width: 768px) 100vw, 768px\" \/>\n<\/div>\n\n\n\n<div>\n<p class=\"gb-text\"><strong>Christopher Williams<\/strong> \u00e9 um pianista, compositor, maestro e educador gal\u00eas com uma carreira din\u00e2mica que abrange performance, grava\u00e7\u00e3o e ensino. Licenciado pela <strong>Universidade de Cardiff<\/strong>, \u00e9 atualmente <strong>Diretor Assistente do Coro Nacional da BBC do Pa\u00eds de Gales<\/strong> e pianista regular da <strong>Orquestra Nacional da BBC do Pa\u00eds de Gales<\/strong>, atuando nos <strong>BBC Proms<\/strong> e gravando para a <strong>Chandos<\/strong>, <strong>Hyperion<\/strong> e <strong>Naxos<\/strong>.&nbsp;<\/p>\n\n\n\n<p>Desde 1997, Christopher \u00e9 acompanhador no <strong>Real Col\u00e9gio Gal\u00eas de M\u00fasica e Drama<\/strong> e ensina piano na <strong>Universidade de Cardiff<\/strong> desde 2001. Estudou com Richard McMahon, Simon Shewring e Martin Jones, e foi muito influenciado pelo seu primeiro professor, <strong>Walter Ryan<\/strong>, que despertou o seu interesse por repert\u00f3rio menos conhecido. Esta paix\u00e3o levou-o a interpretar concertos raramente ouvidos de <strong>Reinecke<\/strong> e <strong>Rubinstein<\/strong>.   <\/p>\n\n\n\n<p>Muito procurado como m\u00fasico de c\u00e2mara, Christopher colaborou com artistas de renome como <strong>Philippe Schartz<\/strong>, <strong>Catherine Tanner-Williams<\/strong>, <strong>Tim Thorpe<\/strong>, <strong>David Childs<\/strong> e <strong>Tine Thing Helseth<\/strong>, com grava\u00e7\u00f5es lan\u00e7adas pela <strong>Chandos<\/strong>, <strong>Willowhayne<\/strong> e <strong>Naxos<\/strong>. O seu \u00e1lbum a solo de <strong>transcri\u00e7\u00f5es de Brahms<\/strong> na editora Grand Piano da Naxos foi nomeado <em>CD da Semana<\/em> na NDR Kultur e elogiado pelo seu brilhantismo t\u00e9cnico e profundidade musical.  <\/p>\n\n\n\n<p>Uma cara familiar na <strong>televis\u00e3o e r\u00e1dio da BBC<\/strong>, Christopher foi acompanhador oficial do <strong>BBC Young Musician of the Year 2020<\/strong> e tamb\u00e9m foi transmitido na <strong>R\u00e1dio Luxemburgo<\/strong> e <strong>NDR<\/strong>. <\/p>\n\n\n\n<p>Como compositor, escreveu v\u00e1rias obras para metais, incluindo <em>Chaos is a Ladder<\/em> (trombone) e <em>Song of the Narrow Sea<\/em> (trompete), com <em>XX Mountains of Abstract Thought<\/em> transmitida na <strong>Lyric FM<\/strong> e lan\u00e7ada pela <strong>Naxos<\/strong>. .  <\/p>\n<\/div>\n<\/div>\n<\/div>\n","protected":false},"excerpt":{"rendered":"<p>Christopher Williams \u00e9 um pianista, compositor, maestro e educador gal\u00eas com uma carreira din\u00e2mica que abrange performance, grava\u00e7\u00e3o e ensino. Licenciado pela Universidade de Cardiff, \u00e9 atualmente Diretor Assistente do Coro Nacional da BBC do Pa\u00eds de Gales e pianista regular da Orquestra Nacional da BBC do Pa\u00eds de Gales, atuando nos BBC Proms e &#8230; <a title=\"Os nossos tutores &#8211; Chris Williams\" class=\"read-more\" href=\"https:\/\/ibbss.com\/pt-pt\/os-nossos-tutores\/os-nossos-tutores-chris-williams\/\" aria-label=\"Leia mais sobre Os nossos tutores &#8211; Chris Williams\">Ler mais<\/a><\/p>\n","protected":false},"author":5,"featured_media":0,"parent":1319,"menu_order":0,"comment_status":"closed","ping_status":"closed","template":"","meta":{"_acf_changed":false,"footnotes":""},"class_list":["post-1469","page","type-page","status-publish"],"acf":[],"_links":{"self":[{"href":"https:\/\/ibbss.com\/pt-pt\/wp-json\/wp\/v2\/pages\/1469","targetHints":{"allow":["GET"]}}],"collection":[{"href":"https:\/\/ibbss.com\/pt-pt\/wp-json\/wp\/v2\/pages"}],"about":[{"href":"https:\/\/ibbss.com\/pt-pt\/wp-json\/wp\/v2\/types\/page"}],"author":[{"embeddable":true,"href":"https:\/\/ibbss.com\/pt-pt\/wp-json\/wp\/v2\/users\/5"}],"replies":[{"embeddable":true,"href":"https:\/\/ibbss.com\/pt-pt\/wp-json\/wp\/v2\/comments?post=1469"}],"version-history":[{"count":2,"href":"https:\/\/ibbss.com\/pt-pt\/wp-json\/wp\/v2\/pages\/1469\/revisions"}],"predecessor-version":[{"id":1913,"href":"https:\/\/ibbss.com\/pt-pt\/wp-json\/wp\/v2\/pages\/1469\/revisions\/1913"}],"up":[{"embeddable":true,"href":"https:\/\/ibbss.com\/pt-pt\/wp-json\/wp\/v2\/pages\/1319"}],"wp:attachment":[{"href":"https:\/\/ibbss.com\/pt-pt\/wp-json\/wp\/v2\/media?parent=1469"}],"curies":[{"name":"wp","href":"https:\/\/api.w.org\/{rel}","templated":true}]}}