{"id":1460,"date":"2025-07-30T11:37:29","date_gmt":"2025-07-30T10:37:29","guid":{"rendered":"https:\/\/ibbss.com\/os-nossos-tutores\/os-nossos-tutores-dr-l-brett-baker\/"},"modified":"2025-11-19T17:47:21","modified_gmt":"2025-11-19T17:47:21","slug":"os-nossos-tutores-dr-l-brett-baker","status":"publish","type":"page","link":"https:\/\/ibbss.com\/pt-pt\/os-nossos-tutores\/os-nossos-tutores-dr-l-brett-baker\/","title":{"rendered":"Os Nossos Tutores &#8211; Dr. L Brett Baker"},"content":{"rendered":"\n<div class=\"gb-element-a4058368\">\n<div class=\"gb-element-ac7a1dbc\">\n<div>\n<img loading=\"lazy\" decoding=\"async\" width=\"399\" height=\"600\" class=\"gb-media-fe8716a9\" alt=\"\" src=\"http:\/\/www.ibbss.com\/wp-content\/uploads\/2025\/07\/Brett-Baker.jpg\" title=\"Brett Baker\">\n<\/div>\n\n\n\n<div>\n<blockquote class=\"wp-block-quote is-layout-flow wp-block-quote-is-layout-flow\">\n<p><strong>Dr. L. Brett Baker \u2013 Tutor de trombone e maestro<\/strong><\/p>\n\n\n\n<p>Dr. L. Brett Baker \u00e9 reconhecido internacionalmente como um dos principais solistas de trombone da sua gera\u00e7\u00e3o. Renomado pela sua interpreta\u00e7\u00e3o expressiva, t\u00e9cnica impec\u00e1vel e esp\u00edrito pioneiro, Brett construiu uma reputa\u00e7\u00e3o global atrav\u00e9s de um not\u00e1vel corpo de trabalho a solo que abrange grava\u00e7\u00f5es, atua\u00e7\u00f5es ao vivo e divulga\u00e7\u00e3o educacional. <\/p>\n\n\n\n<p>Um defensor apaixonado da m\u00fasica nova, Brett encomendou mais de <strong>100 obras a solo<\/strong> para trombone, trabalhando com muitos dos principais compositores do nosso tempo. \u00c9 um dos <strong>solistas de metais mais gravados<\/strong> do mundo, tendo lan\u00e7ado mais de <strong>40 \u00e1lbuns a solo<\/strong>, incluindo oito sob o seu pr\u00f3prio selo, <em>White River Evocations<\/em>. Ele j\u00e1 participou como solista convidado em mais 40 grava\u00e7\u00f5es em grandes selos de bandas de metais e cl\u00e1ssicos.  <\/p>\n\n\n\n<p>A carreira a solo de Brett levou-o pelo Reino Unido, Europa, EUA, Austr\u00e1lia, Am\u00e9rica do Sul e \u00c1sia, atuando em locais e festivais de destaque, incluindo o <strong>Festival Internacional de Trombone<\/strong>, <strong>Trombonanza<\/strong> e o <strong>American Trombone Workshop<\/strong>. A sua agenda de concertos v\u00ea-o realizar at\u00e9 <strong>50 atua\u00e7\u00f5es a solo anualmente<\/strong>, onde tamb\u00e9m ministra masterclasses e workshops sobre t\u00e9cnica a solo e arte performativa. <\/p>\n\n\n\n<p>Anteriormente Trombone Principal da lend\u00e1ria <strong>Black Dyke Band<\/strong> durante 24 anos, Brett agora ocupa o lugar de Trombone Solo na <strong>Cory Band<\/strong>, a banda de metais n\u00famero um do Reino Unido. A sua arte rendeu-lhe pr\u00e9mios como o t\u00edtulo de <strong>Campe\u00e3o Solo do British Open<\/strong> (tr\u00eas vezes) e o <strong>Pr\u00e9mio do Presidente da Associa\u00e7\u00e3o Internacional de Trombone<\/strong> em 2020. <\/p>\n\n\n\n<p>Para al\u00e9m da performance, Brett atua como <strong>Diretor de Vendas e Rela\u00e7\u00f5es Art\u00edsticas Globais para Denis Wick &amp; Alliance Products<\/strong>, e \u00e9 um <strong>Artista de longa data para Michael Rath Brass Instruments<\/strong>, com quem co-desenvolveu a sua pr\u00f3pria boquilha de assinatura. Um educador e maestro respeitado, Brett tamb\u00e9m \u00e9 Presidente da <strong>Associa\u00e7\u00e3o de Adjudicadores de Bandas de Metais<\/strong> e continua a influenciar o futuro dos metais atrav\u00e9s do seu ensino e mentoria. <\/p>\n<\/blockquote>\n\n\n\n<p class=\"gb-text\">Desde que se juntou \u00e0 <strong>Black Dyke<\/strong> em 2000, sob a dire\u00e7\u00e3o do Dr. Nicholas Childs, Brett desempenhou um papel fundamental em v\u00e1rias vit\u00f3rias em campeonatos importantes e em digress\u00f5es internacionais, participando em mais de uma d\u00fazia de grava\u00e7\u00f5es da banda. Ele tamb\u00e9m tem sido solista convidado e cl\u00ednico na <strong>Am\u00e9rica do Norte e do Sul, Europa, Austral\u00e1sia<\/strong> e no <strong>Reino Unido<\/strong>, dando recitais e masterclasses em conservat\u00f3rios e festivais de renome. &nbsp;<\/p>\n\n\n\n<p class=\"gb-text\">Um educador apaixonado, Brett ensina na <strong>National Children\u2019s Brass Band of Great Britain<\/strong> e tem fun\u00e7\u00f5es de longa data em iniciativas de metais juvenis no Reino Unido e no estrangeiro. Antigo <strong>Presidente da British Trombone Society<\/strong>, est\u00e1 empenhado em expandir o repert\u00f3rio solo do trombone e encomendou mais de 30 novas obras a compositores como <strong>Philip Wilby<\/strong>, <strong>Philip Harper<\/strong> e <strong>Martin Ellerby<\/strong>. &nbsp;<\/p>\n\n\n\n<p class=\"gb-text\">Brett vive em <strong>Cheshire<\/strong> com a sua esposa Sarah e est\u00e1 cada vez mais ativo como maestro e jurado, continuando a moldar o futuro do mundo das bandas de metais atrav\u00e9s da performance, educa\u00e7\u00e3o e defesa.&nbsp;<\/p>\n<\/div>\n<\/div>\n<\/div>\n","protected":false},"excerpt":{"rendered":"<p>Dr. L. Brett Baker \u2013 Tutor de trombone e maestro Dr. L. Brett Baker \u00e9 reconhecido internacionalmente como um dos principais solistas de trombone da sua gera\u00e7\u00e3o. Renomado pela sua interpreta\u00e7\u00e3o expressiva, t\u00e9cnica impec\u00e1vel e esp\u00edrito pioneiro, Brett construiu uma reputa\u00e7\u00e3o global atrav\u00e9s de um not\u00e1vel corpo de trabalho a solo que abrange grava\u00e7\u00f5es, atua\u00e7\u00f5es &#8230; <a title=\"Os Nossos Tutores &#8211; Dr. L Brett Baker\" class=\"read-more\" href=\"https:\/\/ibbss.com\/pt-pt\/os-nossos-tutores\/os-nossos-tutores-dr-l-brett-baker\/\" aria-label=\"Leia mais sobre Os Nossos Tutores &#8211; Dr. L Brett Baker\">Ler mais<\/a><\/p>\n","protected":false},"author":5,"featured_media":0,"parent":1319,"menu_order":0,"comment_status":"closed","ping_status":"closed","template":"","meta":{"_acf_changed":false,"footnotes":""},"class_list":["post-1460","page","type-page","status-publish"],"acf":[],"_links":{"self":[{"href":"https:\/\/ibbss.com\/pt-pt\/wp-json\/wp\/v2\/pages\/1460","targetHints":{"allow":["GET"]}}],"collection":[{"href":"https:\/\/ibbss.com\/pt-pt\/wp-json\/wp\/v2\/pages"}],"about":[{"href":"https:\/\/ibbss.com\/pt-pt\/wp-json\/wp\/v2\/types\/page"}],"author":[{"embeddable":true,"href":"https:\/\/ibbss.com\/pt-pt\/wp-json\/wp\/v2\/users\/5"}],"replies":[{"embeddable":true,"href":"https:\/\/ibbss.com\/pt-pt\/wp-json\/wp\/v2\/comments?post=1460"}],"version-history":[{"count":2,"href":"https:\/\/ibbss.com\/pt-pt\/wp-json\/wp\/v2\/pages\/1460\/revisions"}],"predecessor-version":[{"id":1964,"href":"https:\/\/ibbss.com\/pt-pt\/wp-json\/wp\/v2\/pages\/1460\/revisions\/1964"}],"up":[{"embeddable":true,"href":"https:\/\/ibbss.com\/pt-pt\/wp-json\/wp\/v2\/pages\/1319"}],"wp:attachment":[{"href":"https:\/\/ibbss.com\/pt-pt\/wp-json\/wp\/v2\/media?parent=1460"}],"curies":[{"name":"wp","href":"https:\/\/api.w.org\/{rel}","templated":true}]}}