{"id":1448,"date":"2025-07-30T11:27:21","date_gmt":"2025-07-30T10:27:21","guid":{"rendered":"https:\/\/ibbss.com\/os-nossos-tutores\/os-nossos-tutores-gary-curtin\/"},"modified":"2025-11-19T17:46:14","modified_gmt":"2025-11-19T17:46:14","slug":"os-nossos-tutores-gary-curtin","status":"publish","type":"page","link":"https:\/\/ibbss.com\/pt-pt\/os-nossos-tutores\/os-nossos-tutores-gary-curtin\/","title":{"rendered":"Os nossos tutores &#8211; Gary Curtin"},"content":{"rendered":"\n<div class=\"gb-element-a4058368\">\n<div class=\"gb-element-ac7a1dbc\">\n<div>\n<img loading=\"lazy\" decoding=\"async\" width=\"768\" height=\"512\" class=\"gb-media-fe8716a9\" alt=\"\" src=\"http:\/\/www.ibbss.com\/wp-content\/uploads\/2025\/07\/Gary-Curtain.jpg\" title=\"Gary Curtin\" srcset=\"https:\/\/ibbss.com\/wp-content\/uploads\/2025\/07\/Gary-Curtain.jpg 768w, https:\/\/ibbss.com\/wp-content\/uploads\/2025\/07\/Gary-Curtain-600x400.jpg 600w\" sizes=\"auto, (max-width: 768px) 100vw, 768px\" \/>\n<\/div>\n\n\n\n<div>\n<p class=\"gb-text\"><strong>Gary Curtin<\/strong> nasceu em Cork City, na Irlanda. Come\u00e7ou a tocar bar\u00edtono aos 12 anos e passou para o euf\u00f3nio em 1996. Ap\u00f3s a sua mudan\u00e7a para o euf\u00f3nio, apaixonou-se pelo som do instrumento e ficou cada vez mais convencido de que queria dedicar o seu tempo a desenvolver-se como m\u00fasico e instrumentista.  &nbsp;<\/p>\n\n\n\n<p>Gary foi o primeiro eufonista a estudar ao n\u00edvel de licenciatura na Cork School of Music, tendo tamb\u00e9m prosseguido os seus estudos ao n\u00edvel de mestrado. Durante o seu tempo na Cork School of Music, foi tamb\u00e9m galardoado com o Yamaha Solo Prize.  <br\/><br\/>A mudan\u00e7a para o Reino Unido foi um grande passo para Gary, mas o seu desejo de tocar a um n\u00edvel mais elevado no seu instrumento falou mais alto e, em 2005, mudou-se para Manchester. Enquanto estudava durante um ano no RNCM sob a tutoria de Steven Mead, Gary come\u00e7ou a mergulhar no mundo das bandas de metais e tocou euf\u00f3nio solo com a Wingates Band e a Fairey (Geneva) Band antes de passar para o lugar de Euf\u00f3nio Principal na Black Dyke Band.  <\/p>\n\n\n\n<p>Recebeu o Geoff Whitham Memorial Award para &#8216;Melhor Euf\u00f3nio&#8217; no British Open Championships de 2010, no Birmingham Symphony Hall. <br\/>Gary tamb\u00e9m desfrutou de alguma experi\u00eancia orquestral tanto no euf\u00f3nio como no trompete baixo, tendo interpretado o Ciclo do Anel de Wagner em duas ocasi\u00f5es, bem como a maior parte do repert\u00f3rio orquestral para euf\u00f3nio.<\/p>\n<\/div>\n<\/div>\n<\/div>\n","protected":false},"excerpt":{"rendered":"<p>Gary Curtin nasceu em Cork City, na Irlanda. Come\u00e7ou a tocar bar\u00edtono aos 12 anos e passou para o euf\u00f3nio em 1996. Ap\u00f3s a sua mudan\u00e7a para o euf\u00f3nio, apaixonou-se pelo som do instrumento e ficou cada vez mais convencido de que queria dedicar o seu tempo a desenvolver-se como m\u00fasico e instrumentista. &nbsp; Gary &#8230; <a title=\"Os nossos tutores &#8211; Gary Curtin\" class=\"read-more\" href=\"https:\/\/ibbss.com\/pt-pt\/os-nossos-tutores\/os-nossos-tutores-gary-curtin\/\" aria-label=\"Leia mais sobre Os nossos tutores &#8211; Gary Curtin\">Ler mais<\/a><\/p>\n","protected":false},"author":5,"featured_media":0,"parent":1319,"menu_order":0,"comment_status":"closed","ping_status":"closed","template":"","meta":{"_acf_changed":false,"footnotes":""},"class_list":["post-1448","page","type-page","status-publish"],"acf":[],"_links":{"self":[{"href":"https:\/\/ibbss.com\/pt-pt\/wp-json\/wp\/v2\/pages\/1448","targetHints":{"allow":["GET"]}}],"collection":[{"href":"https:\/\/ibbss.com\/pt-pt\/wp-json\/wp\/v2\/pages"}],"about":[{"href":"https:\/\/ibbss.com\/pt-pt\/wp-json\/wp\/v2\/types\/page"}],"author":[{"embeddable":true,"href":"https:\/\/ibbss.com\/pt-pt\/wp-json\/wp\/v2\/users\/5"}],"replies":[{"embeddable":true,"href":"https:\/\/ibbss.com\/pt-pt\/wp-json\/wp\/v2\/comments?post=1448"}],"version-history":[{"count":2,"href":"https:\/\/ibbss.com\/pt-pt\/wp-json\/wp\/v2\/pages\/1448\/revisions"}],"predecessor-version":[{"id":1901,"href":"https:\/\/ibbss.com\/pt-pt\/wp-json\/wp\/v2\/pages\/1448\/revisions\/1901"}],"up":[{"embeddable":true,"href":"https:\/\/ibbss.com\/pt-pt\/wp-json\/wp\/v2\/pages\/1319"}],"wp:attachment":[{"href":"https:\/\/ibbss.com\/pt-pt\/wp-json\/wp\/v2\/media?parent=1448"}],"curies":[{"name":"wp","href":"https:\/\/api.w.org\/{rel}","templated":true}]}}