{"id":1404,"date":"2025-07-30T10:41:33","date_gmt":"2025-07-30T09:41:33","guid":{"rendered":"https:\/\/ibbss.com\/os-nossos-tutores\/os-nossos-tutores-david-barringer\/"},"modified":"2025-11-19T17:45:53","modified_gmt":"2025-11-19T17:45:53","slug":"os-nossos-tutores-david-barringer","status":"publish","type":"page","link":"https:\/\/ibbss.com\/pt-pt\/os-nossos-tutores\/os-nossos-tutores-david-barringer\/","title":{"rendered":"Os nossos tutores &#8211; David Barringer"},"content":{"rendered":"\n<div class=\"gb-element-a4058368\">\n<div class=\"gb-element-ac7a1dbc\">\n<div>\n<img loading=\"lazy\" decoding=\"async\" width=\"1206\" height=\"1571\" class=\"gb-media-fe8716a9\" alt=\"\" src=\"http:\/\/www.ibbss.com\/wp-content\/uploads\/2025\/07\/David-Barringer.jpg\" title=\"David Barringer\" srcset=\"https:\/\/ibbss.com\/wp-content\/uploads\/2025\/07\/David-Barringer.jpg 1206w, https:\/\/ibbss.com\/wp-content\/uploads\/2025\/07\/David-Barringer-461x600.jpg 461w, https:\/\/ibbss.com\/wp-content\/uploads\/2025\/07\/David-Barringer-921x1200.jpg 921w, https:\/\/ibbss.com\/wp-content\/uploads\/2025\/07\/David-Barringer-768x1000.jpg 768w, https:\/\/ibbss.com\/wp-content\/uploads\/2025\/07\/David-Barringer-1179x1536.jpg 1179w, https:\/\/ibbss.com\/wp-content\/uploads\/2025\/07\/David-Barringer-600x782.jpg 600w\" sizes=\"auto, (max-width: 1206px) 100vw, 1206px\" \/>\n<\/div>\n\n\n\n<div>\n<p class=\"gb-text\"><strong>David Barringer<\/strong> <strong>MVO MBE<\/strong> \u00e9 um l\u00edder altamente experiente, planeador estrat\u00e9gico e Diretor Musical, com uma carreira distinta no setor militar. <\/p>\n\n\n\n<p>O extenso portef\u00f3lio de David inclui a supervis\u00e3o da dire\u00e7\u00e3o musical e a gest\u00e3o de projetos de alguns dos eventos estatais mais significativos do Reino Unido, como o <strong>Funeral de Estado de Sua Majestade a Rainha Isabel II<\/strong>, pelo qual foi agraciado com o <strong>MVO<\/strong> e a <strong>Coroa\u00e7\u00e3o do Rei Carlos III<\/strong>.<\/p>\n\n\n\n<p>David ingressou no Ex\u00e9rcito em setembro de 1989 e estudou na Army Junior School of Music, Pirbright. Posteriormente frequentou a <strong>Royal Military School of Music, Kneller Hall.<\/strong> Juntou-se \u00e0 Banda dos Coldstream Guards em janeiro de 1993 e fez digress\u00f5es por todo o mundo com eles, incluindo uma digress\u00e3o de tr\u00eas meses de costa a costa pelos Estados Unidos e Canad\u00e1. Durante o seu tempo com a banda desenvolveu interesse pela dire\u00e7\u00e3o de bandas de metais e passou 2 anos como Maestro Residente da Flowers Brass Band. Posteriormente <strong>representou a Gr\u00e3-Bretanha<\/strong> na competi\u00e7\u00e3o inaugural de Maestro Europeu do Ano no ano 2000.    <\/p>\n\n\n\n<p>Com uma profunda <strong>especializa\u00e7\u00e3o em lideran\u00e7a, planeamento estrat\u00e9gico e gest\u00e3o de eventos<\/strong>, David provou a sua capacidade de conduzir projetos complexos desde a conce\u00e7\u00e3o at\u00e9 \u00e0 conclus\u00e3o, garantindo os <strong>mais elevados padr\u00f5es de excel\u00eancia<\/strong> tanto em eventos cerimoniais militares como civis. <\/p>\n\n\n\n<p>\u00c9 tamb\u00e9m um profissional qualificado em gest\u00e3o de mudan\u00e7a e coach de lideran\u00e7a, trazendo uma vasta experi\u00eancia na otimiza\u00e7\u00e3o de processos, melhoria de opera\u00e7\u00f5es empresariais e aprimoramento do desempenho de equipas. <\/p>\n\n\n\n<p>Em novembro de 2019 foi promovido a <strong>Tenente-Coronel<\/strong> e assumiu o cargo de <strong>mais jovem Diretor Principal de M\u00fasica do Ex\u00e9rcito de sempre<\/strong>.<br\/>Em 2022 foi nomeado <strong>Comandante das Bandas da Divis\u00e3o da Casa Real<\/strong>, e <strong>desde ent\u00e3o supervisiona toda a m\u00fasica militar.<\/strong> <\/p>\n\n\n\n<p>A paix\u00e3o de David por maximizar o talento e promover a efici\u00eancia reflete-se no seu trabalho cont\u00ednuo. As suas contribui\u00e7\u00f5es para a comunidade militar e de m\u00fasica cerimonial, juntamente com o seu trabalho em coaching de lideran\u00e7a e gest\u00e3o de mudan\u00e7a, sublinham o seu compromisso com a excel\u00eancia e melhoria cont\u00ednua.  <\/p>\n\n\n\n<p>Foi honrado com a <strong>MBE<\/strong> pelo seu <strong>servi\u00e7o excecional e dedica\u00e7\u00e3o<\/strong> \u00e0 sua \u00e1rea. <\/p>\n<\/div>\n<\/div>\n<\/div>\n","protected":false},"excerpt":{"rendered":"<p>David Barringer MVO MBE \u00e9 um l\u00edder altamente experiente, planeador estrat\u00e9gico e Diretor Musical, com uma carreira distinta no setor militar. O extenso portef\u00f3lio de David inclui a supervis\u00e3o da dire\u00e7\u00e3o musical e a gest\u00e3o de projetos de alguns dos eventos estatais mais significativos do Reino Unido, como o Funeral de Estado de Sua Majestade &#8230; <a title=\"Os nossos tutores &#8211; David Barringer\" class=\"read-more\" href=\"https:\/\/ibbss.com\/pt-pt\/os-nossos-tutores\/os-nossos-tutores-david-barringer\/\" aria-label=\"Leia mais sobre Os nossos tutores &#8211; David Barringer\">Ler mais<\/a><\/p>\n","protected":false},"author":5,"featured_media":0,"parent":1319,"menu_order":0,"comment_status":"closed","ping_status":"closed","template":"","meta":{"_acf_changed":false,"footnotes":""},"class_list":["post-1404","page","type-page","status-publish"],"acf":[],"_links":{"self":[{"href":"https:\/\/ibbss.com\/pt-pt\/wp-json\/wp\/v2\/pages\/1404","targetHints":{"allow":["GET"]}}],"collection":[{"href":"https:\/\/ibbss.com\/pt-pt\/wp-json\/wp\/v2\/pages"}],"about":[{"href":"https:\/\/ibbss.com\/pt-pt\/wp-json\/wp\/v2\/types\/page"}],"author":[{"embeddable":true,"href":"https:\/\/ibbss.com\/pt-pt\/wp-json\/wp\/v2\/users\/5"}],"replies":[{"embeddable":true,"href":"https:\/\/ibbss.com\/pt-pt\/wp-json\/wp\/v2\/comments?post=1404"}],"version-history":[{"count":2,"href":"https:\/\/ibbss.com\/pt-pt\/wp-json\/wp\/v2\/pages\/1404\/revisions"}],"predecessor-version":[{"id":1862,"href":"https:\/\/ibbss.com\/pt-pt\/wp-json\/wp\/v2\/pages\/1404\/revisions\/1862"}],"up":[{"embeddable":true,"href":"https:\/\/ibbss.com\/pt-pt\/wp-json\/wp\/v2\/pages\/1319"}],"wp:attachment":[{"href":"https:\/\/ibbss.com\/pt-pt\/wp-json\/wp\/v2\/media?parent=1404"}],"curies":[{"name":"wp","href":"https:\/\/api.w.org\/{rel}","templated":true}]}}