{"id":1319,"date":"2025-07-30T08:57:14","date_gmt":"2025-07-30T07:57:14","guid":{"rendered":"https:\/\/ibbss.com\/os-nossos-tutores\/"},"modified":"2025-11-19T17:45:46","modified_gmt":"2025-11-19T17:45:46","slug":"os-nossos-tutores","status":"publish","type":"page","link":"https:\/\/ibbss.com\/pt-pt\/os-nossos-tutores\/","title":{"rendered":"Os nossos tutores"},"content":{"rendered":"\n<div class=\"gb-element-a4058368\">\n<div class=\"gb-element-7707f023\">\n<div class=\"gb-element-b31d9707\">\n<img loading=\"lazy\" decoding=\"async\" width=\"1206\" height=\"1571\" class=\"gb-media-8ec20dac\" alt=\"\" src=\"https:\/\/www.ibbss.com\/wp-content\/uploads\/2025\/07\/David-Barringer.jpg\" title=\"David Barringer\" srcset=\"https:\/\/ibbss.com\/wp-content\/uploads\/2025\/07\/David-Barringer.jpg 1206w, https:\/\/ibbss.com\/wp-content\/uploads\/2025\/07\/David-Barringer-461x600.jpg 461w, https:\/\/ibbss.com\/wp-content\/uploads\/2025\/07\/David-Barringer-921x1200.jpg 921w, https:\/\/ibbss.com\/wp-content\/uploads\/2025\/07\/David-Barringer-768x1000.jpg 768w, https:\/\/ibbss.com\/wp-content\/uploads\/2025\/07\/David-Barringer-1179x1536.jpg 1179w, https:\/\/ibbss.com\/wp-content\/uploads\/2025\/07\/David-Barringer-600x782.jpg 600w\" sizes=\"auto, (max-width: 1206px) 100vw, 1206px\" \/>\n\n\n\n<h6 class=\"gb-text\">David Barringer MVO MBE<br>Diretor do Curso <\/h6>\n\n\n\n<div class=\"gb-element-ac45d944\">\n<p class=\"gb-text\"><strong>David Barringer<\/strong> \u00e9 um l\u00edder altamente experiente, estratega e Diretor Musical, com uma carreira distinta no setor militar.<\/p>\n<\/div>\n\n\n\n<a class=\"gb-text gb-text-a5060498\" href=\"https:\/\/ibbss.com\/pt-pt\/os-nossos-tutores\/os-nossos-tutores-david-barringer\/\">Ler biografia<\/a>\n<\/div>\n\n\n\n<div class=\"gb-element-d4bc511a\">\n<img loading=\"lazy\" decoding=\"async\" width=\"257\" height=\"335\" class=\"gb-media-ad1edb5d\" alt=\"\" src=\"http:\/\/www.ibbss.com\/wp-content\/uploads\/2025\/07\/Nick-Childs1-.jpg\" title=\"Nick Childs1\">\n\n\n\n<h6 class=\"gb-text\">Prof. Nicholas Childs <\/h6>\n\n\n\n<div class=\"gb-element-cd6bbb54\">\n<p class=\"gb-text\">O <strong>Prof. Nicholas Childs<\/strong> \u00e9 um maestro, euf\u00f3nio solista, produtor e educador de renome mundial, amplamente celebrado pela sua lideran\u00e7a no mundo das bandas de metais.&nbsp;<\/p>\n<\/div>\n\n\n\n<a class=\"gb-text gb-text-9a4f15ca\" href=\"https:\/\/ibbss.com\/pt-pt\/os-nossos-tutores\/os-nossos-tutores-nicholas-childs\/\">Ler biografia<\/a>\n<\/div>\n\n\n\n<div class=\"gb-element-40980fb5\">\n<img loading=\"lazy\" decoding=\"async\" width=\"550\" height=\"716\" class=\"gb-media-ba8469b0\" alt=\"\" src=\"https:\/\/www.ibbss.com\/wp-content\/uploads\/2025\/07\/Richard-Marshall1.jpg\" title=\"Richard Marshall1\" srcset=\"https:\/\/ibbss.com\/wp-content\/uploads\/2025\/07\/Richard-Marshall1.jpg 550w, https:\/\/ibbss.com\/wp-content\/uploads\/2025\/07\/Richard-Marshall1-461x600.jpg 461w\" sizes=\"auto, (max-width: 550px) 100vw, 550px\" \/>\n\n\n\n<h6 class=\"gb-text\">Richard Marshall <\/h6>\n\n\n\n<div class=\"gb-element-9e2e3db1\">\n<p class=\"gb-text\"><strong>Richard Marshall<\/strong> \u00e9 amplamente considerado um dos melhores cornetistas do mundo. Descrito como &#8220;o cornetista mais not\u00e1vel que este pa\u00eds j\u00e1 produziu&#8221;. &nbsp;&nbsp;<\/p>\n<\/div>\n\n\n\n<a class=\"gb-text gb-text-c00c47f0\" href=\"https:\/\/ibbss.com\/pt-pt\/os-nossos-tutores\/os-nossos-tutores-richard-marshall\/\">Ler biografia<\/a>\n<\/div>\n<\/div>\n\n\n\n<hr class=\"wp-block-separator has-text-color has-contrast-3-color has-alpha-channel-opacity has-contrast-3-background-color has-background is-style-wide\"\/>\n<\/div>\n\n<div class=\"gb-element-a71ef75a\">\n<div class=\"gb-element-5f1ce57c\">\n<div class=\"gb-element-f94ae3bf\">\n<img loading=\"lazy\" decoding=\"async\" width=\"200\" height=\"261\" class=\"gb-media-85271a89\" alt=\"\" src=\"https:\/\/www.ibbss.com\/wp-content\/uploads\/2025\/07\/Owen-Farr1.jpg\" title=\"Owen Farr1\">\n\n\n\n<h6 class=\"gb-text\">Owen Farr <\/h6>\n\n\n\n<div class=\"gb-element-fb966664\">\n<p class=\"gb-text\"><strong>Owen Farr<\/strong> ajudou a colocar Pontypool, no Sul do Pa\u00eds de Gales, no mapa musical com a sua interpreta\u00e7\u00e3o de trompa tenor de classe mundial e dedica\u00e7\u00e3o ao ensino de metais.&nbsp;&nbsp;<br><\/p>\n<\/div>\n\n\n\n<a class=\"gb-text gb-text-f0428e47\" href=\"https:\/\/ibbss.com\/pt-pt\/os-nossos-tutores\/os-nossos-tutores-owen-farr\/\">Ler biografia<\/a>\n<\/div>\n\n\n\n<div class=\"gb-element-4ad3e136\">\n<img loading=\"lazy\" decoding=\"async\" width=\"393\" height=\"512\" class=\"gb-media-ba976b1d\" alt=\"\" src=\"http:\/\/www.ibbss.com\/wp-content\/uploads\/2025\/07\/Gary-Curtain1.jpg\" title=\"Gary Curtain1\">\n\n\n\n<h6 class=\"gb-text\">Gary Curtin <\/h6>\n\n\n\n<div class=\"gb-element-fb78d03d\">\n<p class=\"gb-text\"><strong>Gary Curtin<\/strong> nasceu em Cork City, Irlanda. Come\u00e7ou a tocar bar\u00edtono aos 12 anos, mas apaixonou-se pelo som do euf\u00f3nio e dedicou o seu tempo a este instrumento. &nbsp;&nbsp;<\/p>\n<\/div>\n\n\n\n<a class=\"gb-text gb-text-9bb62daf\" href=\"https:\/\/ibbss.com\/pt-pt\/os-nossos-tutores\/os-nossos-tutores-gary-curtin\/\">Ler biografia<\/a>\n<\/div>\n\n\n\n<div class=\"gb-element-6967c435\">\n<img loading=\"lazy\" decoding=\"async\" width=\"455\" height=\"594\" class=\"gb-media-5b27ffdd\" alt=\"\" src=\"http:\/\/www.ibbss.com\/wp-content\/uploads\/2025\/07\/Tom-Hutchinson1.jpg\" title=\"Tom Hutchinson1\">\n\n\n\n<h6 class=\"gb-text\">Tom Hutchinson<\/h6>\n\n\n\n<div class=\"gb-element-d53c8ca1\">\n<p class=\"gb-text\"><strong>Tom Hutchinson<\/strong> \u00e9 um dos principais cornetistas do mundo. Come\u00e7ou aos 9 anos com a sua banda local, <strong>Stannington<\/strong>, e aos 15 anos j\u00e1 liderava a <strong>Rothwell Temperance Band<\/strong>. &nbsp;<\/p>\n<\/div>\n\n\n\n<a class=\"gb-text gb-text-dccdfb16\" href=\"https:\/\/ibbss.com\/pt-pt\/os-nossos-tutores\/os-nossos-professores-tom-hutchinson\/\">Ler biografia<\/a>\n<\/div>\n<\/div>\n\n\n\n<hr class=\"wp-block-separator has-text-color has-contrast-3-color has-alpha-channel-opacity has-contrast-3-background-color has-background is-style-wide\"\/>\n<\/div>\n\n<div class=\"gb-element-46904552\">\n<div class=\"gb-element-a66c228f\">\n<div class=\"gb-element-9807e460\">\n<img loading=\"lazy\" decoding=\"async\" width=\"461\" height=\"600\" class=\"gb-media-bb62a2d6\" alt=\"\" src=\"http:\/\/www.ibbss.com\/wp-content\/uploads\/2025\/07\/Matthew-Routely1.jpg\" title=\"Matthew Routely1\">\n\n\n\n<h6 class=\"gb-text\">Matthew Routley<\/h6>\n\n\n\n<div class=\"gb-element-b70043ed\">\n<p class=\"gb-text\"><strong>Matthew Routley<\/strong> cresceu em <strong>Abergavenny<\/strong>, onde iniciou a sua jornada musical aos sete anos no piano, antes de passar para os metais e encontrar o seu lugar na <strong>tuba<\/strong> aos 15 anos.&nbsp;&nbsp;&nbsp;<\/p>\n<\/div>\n\n\n\n<a class=\"gb-text gb-text-5f3bb1dc\" href=\"https:\/\/ibbss.com\/pt-pt\/os-nossos-tutores\/os-nossos-tutores-matthew-routley\/\">Ler biografia<\/a>\n<\/div>\n\n\n\n<div class=\"gb-element-2a4e891c\">\n<img loading=\"lazy\" decoding=\"async\" width=\"399\" height=\"520\" class=\"gb-media-0a38ac51\" alt=\"\" src=\"http:\/\/www.ibbss.com\/wp-content\/uploads\/2025\/07\/Brett-Baker1.jpg\" title=\"Brett Baker1\">\n\n\n\n<h6 class=\"gb-text\"> Brett Baker <\/h6>\n\n\n\n<div class=\"gb-element-4e09c93b\">\n<p class=\"gb-text\"><strong>Brett Baker<\/strong> \u00e9 Trombone Principal da <strong>Black Dyke Band<\/strong> e cl\u00ednico para <strong>Michael Rath Trombones<\/strong> e o trombonista solista mais gravado no mundo das bandas de metais.<\/p>\n<\/div>\n\n\n\n<a class=\"gb-text gb-text-9cae0066\" href=\"https:\/\/ibbss.com\/pt-pt\/os-nossos-tutores\/os-nossos-tutores-dr-l-brett-baker\/\">Ler biografia<\/a>\n<\/div>\n\n\n\n<div class=\"gb-element-597c04d2\">\n<img loading=\"lazy\" decoding=\"async\" width=\"333\" height=\"434\" class=\"gb-media-b94239f0\" alt=\"\" src=\"http:\/\/www.ibbss.com\/wp-content\/uploads\/2025\/07\/Chris-Williams1.jpg\" title=\"Chris Williams1\">\n\n\n\n<h6 class=\"gb-text\">Chris Williams <\/h6>\n\n\n\n<div class=\"gb-element-84e1c7ee\">\n<p class=\"gb-text\"><strong>Christopher Williams<\/strong> \u00e9 um pianista, compositor, maestro e educador gal\u00eas com uma carreira din\u00e2mica que abrange performance, grava\u00e7\u00e3o e ensino. <\/p>\n<\/div>\n\n\n\n<a class=\"gb-text gb-text-b1c38440\" href=\"https:\/\/ibbss.com\/pt-pt\/os-nossos-tutores\/os-nossos-tutores-chris-williams\/\">Ler biografia<\/a>\n<\/div>\n<\/div>\n<\/div>\n","protected":false},"excerpt":{"rendered":"<p>David Barringer MVO MBEDiretor do Curso David Barringer \u00e9 um l\u00edder altamente experiente, estratega e Diretor Musical, com uma carreira distinta no setor militar. Ler biografia Prof. Nicholas Childs O Prof. Nicholas Childs \u00e9 um maestro, euf\u00f3nio solista, produtor e educador de renome mundial, amplamente celebrado pela sua lideran\u00e7a no mundo das bandas de metais.&nbsp; &#8230; <a title=\"Os nossos tutores\" class=\"read-more\" href=\"https:\/\/ibbss.com\/pt-pt\/os-nossos-tutores\/\" aria-label=\"Leia mais sobre Os nossos tutores\">Ler mais<\/a><\/p>\n","protected":false},"author":5,"featured_media":0,"parent":0,"menu_order":5,"comment_status":"closed","ping_status":"closed","template":"","meta":{"_acf_changed":false,"footnotes":""},"class_list":["post-1319","page","type-page","status-publish"],"acf":[],"_links":{"self":[{"href":"https:\/\/ibbss.com\/pt-pt\/wp-json\/wp\/v2\/pages\/1319","targetHints":{"allow":["GET"]}}],"collection":[{"href":"https:\/\/ibbss.com\/pt-pt\/wp-json\/wp\/v2\/pages"}],"about":[{"href":"https:\/\/ibbss.com\/pt-pt\/wp-json\/wp\/v2\/types\/page"}],"author":[{"embeddable":true,"href":"https:\/\/ibbss.com\/pt-pt\/wp-json\/wp\/v2\/users\/5"}],"replies":[{"embeddable":true,"href":"https:\/\/ibbss.com\/pt-pt\/wp-json\/wp\/v2\/comments?post=1319"}],"version-history":[{"count":4,"href":"https:\/\/ibbss.com\/pt-pt\/wp-json\/wp\/v2\/pages\/1319\/revisions"}],"predecessor-version":[{"id":1860,"href":"https:\/\/ibbss.com\/pt-pt\/wp-json\/wp\/v2\/pages\/1319\/revisions\/1860"}],"wp:attachment":[{"href":"https:\/\/ibbss.com\/pt-pt\/wp-json\/wp\/v2\/media?parent=1319"}],"curies":[{"name":"wp","href":"https:\/\/api.w.org\/{rel}","templated":true}]}}