{"id":1164,"date":"2025-07-30T13:20:18","date_gmt":"2025-07-30T12:20:18","guid":{"rendered":"https:\/\/ibbss.com\/curso-de-2026\/"},"modified":"2026-03-27T11:29:31","modified_gmt":"2026-03-27T11:29:31","slug":"curso-de-2026","status":"publish","type":"page","link":"https:\/\/ibbss.com\/pt-pt\/curso-de-2026\/","title":{"rendered":"Curso de 2026"},"content":{"rendered":"\n<div class=\"gb-element-6c790050 alignfull\">\n<div class=\"gb-element-6e507a74\">\n<div class=\"gb-element-c17d5481\">\n<h1 class=\"gb-text\">IBBSS <strong>Escola de Ver\u00e3o 2026<\/strong><\/h1>\n\n\n\n<h2 class=\"gb-text\">Localiza\u00e7\u00e3o: <strong>Swansea, South Wales<\/strong><\/h2>\n\n\n\n<h3 class=\"gb-text\">Data: <strong>Domingo, 26 de julho &#8211; S\u00e1bado, 1 de agosto<\/strong><\/h3>\n\n\n\n<a class=\"gb-text gbp-button--primary smooth-scroll\" href=\"#book-now\">Reserve J\u00c1<\/a>\n<\/div>\n<\/div>\n<\/div>\n\n<div class=\"gbp-section gb-element-472b84e0\">\n<div class=\"gbp-section__inner gb-element-e31f90c1\">\n<div class=\"gb-element-b9a2c26b\">\n<h2 class=\"gb-text gbp-section__headline gb-text-570e748a\"><strong>Curso de 2026<\/strong><\/h2>\n\n\n\n<ul class=\"wp-block-list\">\n<li>6 dias \n<ul class=\"wp-block-list\">\n<li>Domingo &#8211; S\u00e1bado <\/li>\n<\/ul>\n<\/li>\n\n\n\n<li>Meia pens\u00e3o\n<ul class=\"wp-block-list\">\n<li>Pequeno-almo\u00e7o e jantar inclu\u00eddos <\/li>\n<\/ul>\n<\/li>\n\n\n\n<li>Campus da Universidade de Swansea &#8211; Quartos com casa de banho privativa <\/li>\n\n\n\n<li>Brangwyn Hall<\/li>\n\n\n\n<li><a href=\"https:\/\/www.ibbss.com\/our-tutors\/\" data-type=\"page\" data-id=\"617\">Aulas de professores de classe mundial<\/a> <\/li>\n\n\n\n<li>Performances a solo\n<ul class=\"wp-block-list\">\n<li>Execute o solo no qual trabalhou tanto para uma audi\u00eancia, com acompanhamento de piano <\/li>\n<\/ul>\n<\/li>\n\n\n\n<li>Conv\u00edvios noturnos\n<ul class=\"wp-block-list\">\n<li>N\u00e3o seria uma Escola de Ver\u00e3o sem um conv\u00edvio! Com bar, performances divertidas e question\u00e1rios, h\u00e1 muito para desfrutar!  <\/li>\n<\/ul>\n<\/li>\n\n\n\n<li>Playing &amp; Conducting Courses\n<ul class=\"wp-block-list\">\n<li>Melhore as suas compet\u00eancias de leitura \u00e0 primeira vista, musicalidade e dire\u00e7\u00e3o nas nossas masterclasses e sess\u00f5es de estudo <\/li>\n<\/ul>\n<\/li>\n\n\n\n<li>Tempo livre junto \u00e0 praia\n<ul class=\"wp-block-list\">\n<li>Muito tempo livre para relaxar e desfrutar do sol! <\/li>\n<\/ul>\n<\/li>\n<\/ul>\n<\/div>\n\n\n\n<img loading=\"lazy\" decoding=\"async\" width=\"2377\" height=\"2560\" class=\"gb-media-44afe9b9\" alt=\"Escola de ver\u00e3o internacional de bandas de metais\" title=\"Escola de ver\u00e3o internacional de bandas de metais\" src=\"https:\/\/ibbss.com\/wp-content\/uploads\/2025\/07\/IMG_5644-1-scaled.jpg\" srcset=\"https:\/\/ibbss.com\/wp-content\/uploads\/2025\/07\/IMG_5644-1-scaled.jpg 2377w, https:\/\/ibbss.com\/wp-content\/uploads\/2025\/07\/IMG_5644-1-557x600.jpg 557w, https:\/\/ibbss.com\/wp-content\/uploads\/2025\/07\/IMG_5644-1-1114x1200.jpg 1114w, https:\/\/ibbss.com\/wp-content\/uploads\/2025\/07\/IMG_5644-1-768x827.jpg 768w, https:\/\/ibbss.com\/wp-content\/uploads\/2025\/07\/IMG_5644-1-1426x1536.jpg 1426w, https:\/\/ibbss.com\/wp-content\/uploads\/2025\/07\/IMG_5644-1-1902x2048.jpg 1902w, https:\/\/ibbss.com\/wp-content\/uploads\/2025\/07\/IMG_5644-1-600x646.jpg 600w\" sizes=\"auto, (max-width: 2377px) 100vw, 2377px\" \/>\n<\/div>\n<\/div>\n\n<div class=\"gb-element-a4058368\" id=\"book-now\">\n<div class=\"gb-element-6748e313\">\n<h2 class=\"gb-text gb-text-6878f411\"><strong>Reservar agora<\/strong><\/h2>\n\n\n\n<p class=\"gb-text\">Os lugares s\u00e3o limitados &#8211; garanta j\u00e1 o seu lugar para fazer parte deste evento musical \u00fanico.&nbsp;<\/p>\n<\/div>\n\n\n\n<div class=\"wp-block-amelia-events-list-booking-gutenberg-block\"><script>\n  if (typeof hasAmeliaEvent === 'undefined') {\n    var hasAmeliaEvent = true;\n  }\n  if (typeof hasEventApiCall === 'undefined' && ('' === '' && '' !== '1')) {\n    var hasEventApiCall = true;\n  }\n  var hasEventShortcode = (typeof hasEventShortcode === 'undefined') ? false : true;\n  var ameliaShortcodeData = (typeof ameliaShortcodeData === 'undefined') ? [] : ameliaShortcodeData;\n  ameliaShortcodeData.push(\n    {\n      'hasApiCall': (typeof hasEventApiCall !== 'undefined') && hasEventApiCall,\n      'trigger': '',\n      'trigger_type': '',\n      'triggered_form': 'elf',\n      'in_dialog': '',\n      'counter': '1000',\n      'employee': '',\n      'eventId': '',\n      'eventRecurring': 0,\n      'eventTag': \"\",\n      'locationId': \"\"\n    }\n  );\n  var ameliaShortcodeDataTriggered = (typeof ameliaShortcodeDataTriggered === 'undefined') ? [] : ameliaShortcodeDataTriggered;\n  if (ameliaShortcodeData[ameliaShortcodeData.length - 1].trigger !== '') {\n    if (ameliaShortcodeDataTriggered.filter(a => a.counter === ameliaShortcodeData[ameliaShortcodeData.length - 1].counter).length === 0) {\n      ameliaShortcodeDataTriggered.push(ameliaShortcodeData.pop());\n    } else {\n      ameliaShortcodeData.pop()\n    }\n  }\n  if (typeof hasEventApiCall !== 'undefined' && hasEventApiCall) {\n    hasEventApiCall = false;\n  }\n<\/script>\n\n<div\n  id=\"amelia-v2-booking-1000\"\n  class=\"amelia-v2-booking\"\n>\n    <events-list-form-wrapper><\/div>\n<\/div>\n<\/div>\n","protected":false},"excerpt":{"rendered":"<p>IBBSS Escola de Ver\u00e3o 2026 Localiza\u00e7\u00e3o: Swansea, South Wales Data: Domingo, 26 de julho &#8211; S\u00e1bado, 1 de agosto Reserve J\u00c1 Curso de 2026 Reservar agora Os lugares s\u00e3o limitados &#8211; garanta j\u00e1 o seu lugar para fazer parte deste evento musical \u00fanico.&nbsp;<\/p>\n","protected":false},"author":5,"featured_media":0,"parent":0,"menu_order":2,"comment_status":"closed","ping_status":"closed","template":"","meta":{"_acf_changed":false,"footnotes":""},"class_list":["post-1164","page","type-page","status-publish"],"acf":[],"_links":{"self":[{"href":"https:\/\/ibbss.com\/pt-pt\/wp-json\/wp\/v2\/pages\/1164","targetHints":{"allow":["GET"]}}],"collection":[{"href":"https:\/\/ibbss.com\/pt-pt\/wp-json\/wp\/v2\/pages"}],"about":[{"href":"https:\/\/ibbss.com\/pt-pt\/wp-json\/wp\/v2\/types\/page"}],"author":[{"embeddable":true,"href":"https:\/\/ibbss.com\/pt-pt\/wp-json\/wp\/v2\/users\/5"}],"replies":[{"embeddable":true,"href":"https:\/\/ibbss.com\/pt-pt\/wp-json\/wp\/v2\/comments?post=1164"}],"version-history":[{"count":3,"href":"https:\/\/ibbss.com\/pt-pt\/wp-json\/wp\/v2\/pages\/1164\/revisions"}],"predecessor-version":[{"id":2262,"href":"https:\/\/ibbss.com\/pt-pt\/wp-json\/wp\/v2\/pages\/1164\/revisions\/2262"}],"wp:attachment":[{"href":"https:\/\/ibbss.com\/pt-pt\/wp-json\/wp\/v2\/media?parent=1164"}],"curies":[{"name":"wp","href":"https:\/\/api.w.org\/{rel}","templated":true}]}}