{"id":1637,"date":"2025-07-30T11:22:01","date_gmt":"2025-07-30T10:22:01","guid":{"rendered":"https:\/\/ibbss.com\/vare-laerere\/vare-veiledere-owen-farr\/"},"modified":"2025-11-19T17:46:14","modified_gmt":"2025-11-19T17:46:14","slug":"vare-veiledere-owen-farr","status":"publish","type":"page","link":"https:\/\/ibbss.com\/no\/vare-laerere\/vare-veiledere-owen-farr\/","title":{"rendered":"V\u00e5re veiledere &#8211; Owen Farr"},"content":{"rendered":"\n<div class=\"gb-element-a4058368\">\n<div class=\"gb-element-ac7a1dbc\">\n<div class=\"gb-element-bdd81fb5\">\n<img loading=\"lazy\" decoding=\"async\" width=\"200\" height=\"280\" class=\"gb-media-fe8716a9\" alt=\"\" src=\"http:\/\/www.ibbss.com\/wp-content\/uploads\/2025\/07\/Owen-Farr.jpg\" title=\"Owen Farr\">\n<\/div>\n\n\n\n<div>\n<p class=\"gb-text\"><strong>Owen Farr <\/strong>har bidratt til \u00e5 sette Pontypool, S\u00f8r-Wales, p\u00e5 det musikalske kartet med sitt tenorhornspill i verdensklasse og sin dedikasjon til messingbl\u00e5serutdanning. Owen begynte sin musikalske reise som bare seks \u00e5r gammel med Pontypool Brass Band, og steg raskt i gradene til \u00e5 bli f\u00f8rstehornist i b\u00e5de <strong>Gwent County Youth Brass Band<\/strong> og <strong>National Youth Brass Band of Wales<\/strong>. I 1995 ble han k\u00e5ret til <strong>British Open Junior Solo Champion<\/strong>, og som 16-\u00e5ring ble han solohornist for <strong>Tredegar Town Band<\/strong>.  <\/p>\n\n\n\n<p>Owen studerte videre ved <strong>Royal Northern College of Music<\/strong>, og ble med i <strong>Williams Fairey Band <\/strong>innen seks m\u00e5neder. Han ble k\u00e5ret til \u00ab\u00c5rets spiller\u00bb av sine medmusikanter og spilte en n\u00f8kkelrolle i to seire i nasjonale finaler. Etter endt utdanning i 2002 ble han umiddelbart utnevnt til tenorhornl\u00e6rer ved RNCM og tok ogs\u00e5 p\u00e5 seg en undervisningsrolle ved <strong>Liverpool University<\/strong>.   <\/p>\n\n\n\n<p>Som et grunnleggende medlem av <strong>Sonar Brass<\/strong>, har Owen opptr\u00e5dt i nasjonale sendinger, inkludert <em>Listen to the Band <\/em>og <em>Friday Night is Music Night<\/em>. Han er en lidenskapelig forkjemper for tenorhornspedagogikk, innehar undervisningsstillinger ved <strong>Royal Welsh College of Music and Drama <\/strong>og <strong>Birmingham Conservatoire<\/strong>, og fungerer som en <strong>Besson-kliniker<\/strong>, og turnerer mye for \u00e5 promotere instrumentet.  <\/p>\n\n\n\n<p>Etter \u00e5 ha returnert til Wales i 2004 for \u00e5 bli med i <strong>Buy As You View Band<\/strong>, fortsetter Owen \u00e5 inspirere med sin lyriske tone, tekniske briljans og dedikasjon til musikkutdanning. Hans unike blanding av kunstnerskap og akademisk dyktighet sikrer ham en plass blant de fremste messingbl\u00e5serne og pedagoger i sin generasjon.  <\/p>\n<\/div>\n<\/div>\n<\/div>\n","protected":false},"excerpt":{"rendered":"<p>Owen Farr har bidratt til \u00e5 sette Pontypool, S\u00f8r-Wales, p\u00e5 det musikalske kartet med sitt tenorhornspill i verdensklasse og sin dedikasjon til messingbl\u00e5serutdanning. Owen begynte sin musikalske reise som bare seks \u00e5r gammel med Pontypool Brass Band, og steg raskt i gradene til \u00e5 bli f\u00f8rstehornist i b\u00e5de Gwent County Youth Brass Band og National &#8230; <a title=\"V\u00e5re veiledere &#8211; Owen Farr\" class=\"read-more\" href=\"https:\/\/ibbss.com\/no\/vare-laerere\/vare-veiledere-owen-farr\/\" aria-label=\"Read more about V\u00e5re veiledere &#8211; Owen Farr\">Les mer<\/a><\/p>\n","protected":false},"author":5,"featured_media":0,"parent":1331,"menu_order":0,"comment_status":"closed","ping_status":"closed","template":"","meta":{"_acf_changed":false,"footnotes":""},"class_list":["post-1637","page","type-page","status-publish"],"acf":[],"_links":{"self":[{"href":"https:\/\/ibbss.com\/no\/wp-json\/wp\/v2\/pages\/1637","targetHints":{"allow":["GET"]}}],"collection":[{"href":"https:\/\/ibbss.com\/no\/wp-json\/wp\/v2\/pages"}],"about":[{"href":"https:\/\/ibbss.com\/no\/wp-json\/wp\/v2\/types\/page"}],"author":[{"embeddable":true,"href":"https:\/\/ibbss.com\/no\/wp-json\/wp\/v2\/users\/5"}],"replies":[{"embeddable":true,"href":"https:\/\/ibbss.com\/no\/wp-json\/wp\/v2\/comments?post=1637"}],"version-history":[{"count":2,"href":"https:\/\/ibbss.com\/no\/wp-json\/wp\/v2\/pages\/1637\/revisions"}],"predecessor-version":[{"id":1892,"href":"https:\/\/ibbss.com\/no\/wp-json\/wp\/v2\/pages\/1637\/revisions\/1892"}],"up":[{"embeddable":true,"href":"https:\/\/ibbss.com\/no\/wp-json\/wp\/v2\/pages\/1331"}],"wp:attachment":[{"href":"https:\/\/ibbss.com\/no\/wp-json\/wp\/v2\/media?parent=1637"}],"curies":[{"name":"wp","href":"https:\/\/api.w.org\/{rel}","templated":true}]}}