{"id":1606,"date":"2025-07-30T11:31:57","date_gmt":"2025-07-30T10:31:57","guid":{"rendered":"https:\/\/ibbss.com\/vare-laerere\/vare-laerere-tom-hutchinson\/"},"modified":"2025-11-19T17:47:14","modified_gmt":"2025-11-19T17:47:14","slug":"vare-laerere-tom-hutchinson","status":"publish","type":"page","link":"https:\/\/ibbss.com\/no\/vare-laerere\/vare-laerere-tom-hutchinson\/","title":{"rendered":"V\u00e5re l\u00e6rere &#8211; Tom Hutchinson"},"content":{"rendered":"\n<div class=\"gb-element-a4058368\">\n<div class=\"gb-element-ac7a1dbc\">\n<div>\n<img loading=\"lazy\" decoding=\"async\" width=\"576\" height=\"1024\" class=\"gb-media-fe8716a9\" alt=\"\" src=\"http:\/\/www.ibbss.com\/wp-content\/uploads\/2025\/07\/Tom-Hutchinson.jpeg\" title=\"Tom Hutchinson\" srcset=\"https:\/\/ibbss.com\/wp-content\/uploads\/2025\/07\/Tom-Hutchinson.jpeg 576w, https:\/\/ibbss.com\/wp-content\/uploads\/2025\/07\/Tom-Hutchinson-338x600.jpeg 338w\" sizes=\"auto, (max-width: 576px) 100vw, 576px\" \/>\n<\/div>\n\n\n\n<div>\n<p class=\"gb-text\"><strong>Tom Hutchinson<\/strong> er anerkjent som en av verdens ledende kornettspillere. Han begynte \u00e5 spille som ni\u00e5ring i sitt lokale korps, <g id=\"gid_1\">Stannington<\/g>, og i en alder av femten \u00e5r ledet han <g id=\"gid_2\">Rothwell Temperance Band<\/g>. Som tidligere solist og leder i <strong>National Youth Brass Band of Great Britain<\/strong>, ble Tom invitert av Dr. Nicholas Childs til \u00e5 bli med i <strong>Black Dyke Band<\/strong>, hvor han spilte i fire \u00e5r og bidro til store konkurranseseire over hele Storbritannia og Europa.   <\/p>\n\n\n\n<p class=\"gb-text\">Etter \u00e5 ha fullf\u00f8rt sin utdannelse ved <strong>Royal Northern College of Music<\/strong> i 2009, ble Tom utnevnt til <strong>Principal Cornet i Cory Band<\/strong>. Under hans ledelse har Cory opplevd en periode med ekstraordin\u00e6r suksess \u2014 inkludert flere British Open, European, Brass in Concert, og National Championship-titler. Han har to ganger blitt k\u00e5ret til bandets \u00c5rets Spiller og var sentral i Corys historiske <strong>Grand Slam<\/strong> og ti\u00e5r lange regjeringstid som verdens h\u00f8yest rangerte brassband.  &nbsp;<\/p>\n\n\n\n<p class=\"gb-text\">I tillegg til sin ut\u00f8verkarriere er Tom en lidenskapelig pedagog. Han er <g id=\"gid_0\">Professor i kornett ved Royal Welsh College of Music and Drama<\/g>, og instrukt\u00f8r for <g id=\"gid_1\">National Youth Brass Band of Wales<\/g> og <g id=\"gid_2\">National Children&#8217;s Brass Band of Great Britain<\/g>. Som <g id=\"gid_3\">Besson-artist<\/g> representerer han <g id=\"gid_4\">Buffet Crampon Group<\/g> internasjonalt og har opptr\u00e5dt som solist i <g id=\"gid_5\">Australia, New Zealand, Japan, Canada<\/g> og <g id=\"gid_6\">USA<\/g>. Hans debutsoloalbum <em>In Principal<\/em> har mottatt bred anerkjennelse.   &nbsp;<\/p>\n<\/div>\n<\/div>\n<\/div>\n","protected":false},"excerpt":{"rendered":"<p>Tom Hutchinson er anerkjent som en av verdens ledende kornettspillere. Han begynte \u00e5 spille som ni\u00e5ring i sitt lokale korps, Stannington, og i en alder av femten \u00e5r ledet han Rothwell Temperance Band. Som tidligere solist og leder i National Youth Brass Band of Great Britain, ble Tom invitert av Dr. Nicholas Childs til \u00e5 &#8230; <a title=\"V\u00e5re l\u00e6rere &#8211; Tom Hutchinson\" class=\"read-more\" href=\"https:\/\/ibbss.com\/no\/vare-laerere\/vare-laerere-tom-hutchinson\/\" aria-label=\"Read more about V\u00e5re l\u00e6rere &#8211; Tom Hutchinson\">Les mer<\/a><\/p>\n","protected":false},"author":5,"featured_media":0,"parent":1331,"menu_order":0,"comment_status":"closed","ping_status":"closed","template":"","meta":{"_acf_changed":false,"footnotes":""},"class_list":["post-1606","page","type-page","status-publish"],"acf":[],"_links":{"self":[{"href":"https:\/\/ibbss.com\/no\/wp-json\/wp\/v2\/pages\/1606","targetHints":{"allow":["GET"]}}],"collection":[{"href":"https:\/\/ibbss.com\/no\/wp-json\/wp\/v2\/pages"}],"about":[{"href":"https:\/\/ibbss.com\/no\/wp-json\/wp\/v2\/types\/page"}],"author":[{"embeddable":true,"href":"https:\/\/ibbss.com\/no\/wp-json\/wp\/v2\/users\/5"}],"replies":[{"embeddable":true,"href":"https:\/\/ibbss.com\/no\/wp-json\/wp\/v2\/comments?post=1606"}],"version-history":[{"count":2,"href":"https:\/\/ibbss.com\/no\/wp-json\/wp\/v2\/pages\/1606\/revisions"}],"predecessor-version":[{"id":1960,"href":"https:\/\/ibbss.com\/no\/wp-json\/wp\/v2\/pages\/1606\/revisions\/1960"}],"up":[{"embeddable":true,"href":"https:\/\/ibbss.com\/no\/wp-json\/wp\/v2\/pages\/1331"}],"wp:attachment":[{"href":"https:\/\/ibbss.com\/no\/wp-json\/wp\/v2\/media?parent=1606"}],"curies":[{"name":"wp","href":"https:\/\/api.w.org\/{rel}","templated":true}]}}