{"id":1583,"date":"2025-07-30T11:37:29","date_gmt":"2025-07-30T10:37:29","guid":{"rendered":"https:\/\/ibbss.com\/vare-laerere\/vare-laerere-dr-l-brett-baker\/"},"modified":"2025-11-19T17:47:21","modified_gmt":"2025-11-19T17:47:21","slug":"vare-laerere-dr-l-brett-baker","status":"publish","type":"page","link":"https:\/\/ibbss.com\/no\/vare-laerere\/vare-laerere-dr-l-brett-baker\/","title":{"rendered":"V\u00e5re l\u00e6rere &#8211; Dr. L Brett Baker"},"content":{"rendered":"\n<div class=\"gb-element-a4058368\">\n<div class=\"gb-element-ac7a1dbc\">\n<div>\n<img loading=\"lazy\" decoding=\"async\" width=\"399\" height=\"600\" class=\"gb-media-fe8716a9\" alt=\"\" src=\"http:\/\/www.ibbss.com\/wp-content\/uploads\/2025\/07\/Brett-Baker.jpg\" title=\"Brett Baker\">\n<\/div>\n\n\n\n<div>\n<blockquote class=\"wp-block-quote is-layout-flow wp-block-quote-is-layout-flow\">\n<p><strong>Dr. L. Brett Baker \u2013 trombonel\u00e6rer og dirigent<\/strong><\/p>\n\n\n\n<p>Dr. L. Brett Baker er internasjonalt anerkjent som en av de fremste trombonesolistene i sin generasjon. Kjent for sitt ekspressive spill, feilfrie teknikk og nyskapende \u00e5nd, har Brett bygget et globalt omd\u00f8mme gjennom et bemerkelsesverdig soloarbeid som spenner over innspillinger, liveopptredener og utdanningsarbeid. <\/p>\n\n\n\n<p>Som en lidenskapelig forkjemper for ny musikk har Brett bestilt over <strong>100 soloverk<\/strong> for trombone, og samarbeidet med mange av v\u00e5r tids ledende komponister. Han er en av <g id=\"gid_1\">de mest innspilte messingbl\u00e5sersolistene<\/g> i verden, og har utgitt over <g id=\"gid_2\">40 soloalbum<\/g>, inkludert \u00e5tte under sitt eget plateselskap, <g id=\"gid_3\">White River Evocations<\/g>. Han har v\u00e6rt gjestesolist p\u00e5 ytterligere 40 innspillinger p\u00e5 tvers av store brassband- og klassiske plateselskaper.  <\/p>\n\n\n\n<p>Bretts solokarriere har tatt ham over hele Storbritannia, Europa, USA, Australia, S\u00f8r-Amerika og Asia, hvor han har opptr\u00e5dt p\u00e5 ledende arenaer og festivaler, inkludert <strong>International Trombone Festival<\/strong>, <strong>Trombonanza<\/strong>, og <strong>American Trombone Workshop<\/strong>. Hans konsertprogram inneb\u00e6rer opptil <strong>50 soloopptredener \u00e5rlig<\/strong>, hvor han ogs\u00e5 holder mesterklasser og workshops om soloteknikk og fremf\u00f8ringskunst. <\/p>\n\n\n\n<p>Tidligere f\u00f8rstetrombone i det legendariske <strong>Black Dyke Band<\/strong> i 24 \u00e5r, innehar Brett n\u00e5 solotromboneplassen i <strong>Cory Band<\/strong>, Storbritannias h\u00f8yest rangerte brassband. Hans kunstneriske ferdigheter har gitt ham utmerkelser som <strong>British Open Solo Championship-tittelen<\/strong> (tre ganger) og <strong>International Trombone Associations President&#8217;s Award<\/strong> i 2020. <\/p>\n\n\n\n<p>Utover opptredener fungerer Brett som <strong>salgsdirekt\u00f8r og global artistkontakt for Denis Wick &amp; Alliance Products<\/strong>, og er en mange\u00e5rig <strong>artist for Michael Rath Brass Instruments<\/strong>, med hvem han har samarbeidet om \u00e5 utvikle sitt eget signaturmunnstykke. Som respektert pedagog og dirigent er Brett ogs\u00e5 leder for <strong>Association of Brass Band Adjudicators<\/strong> og fortsetter \u00e5 p\u00e5virke fremtiden for messingbl\u00e5sere gjennom sin undervisning og veiledning. <\/p>\n<\/blockquote>\n\n\n\n<p class=\"gb-text\">Siden han ble med i <strong>Black Dyke <\/strong>i 2000 under Dr. Nicholas Childs, har Brett spilt en n\u00f8kkelrolle i flere store mesterskapsseire og internasjonale turneer, og har medvirket p\u00e5 over et dusin av bandets innspillinger. Han har ogs\u00e5 v\u00e6rt gjestesolist og instrukt\u00f8r i <strong>Nord- og S\u00f8r-Amerika, Europa, Australasia<\/strong> og <strong>Storbritannia<\/strong>, og holdt konserter og mesterklasser ved ledende konservatorier og festivaler. &nbsp;<\/p>\n\n\n\n<p class=\"gb-text\">Som en lidenskapelig pedagog underviser Brett ved <strong>National Children\u2019s Brass Band of Great Britain <\/strong>og har langvarige roller i ungdomsbrassinitiativer i Storbritannia og i utlandet. Som tidligere <strong>leder av British Trombone Society<\/strong>, er han dedikert til \u00e5 utvide trombonens solorepertoar og har bestilt over 30 nye verk fra komponister som <strong>Philip Wilby<\/strong>, <strong>Philip Harper<\/strong> og <strong>Martin Ellerby<\/strong>. &nbsp;<\/p>\n\n\n\n<p class=\"gb-text\">Brett bor i <strong>Cheshire <\/strong>med sin kone Sarah og er stadig mer aktiv som dirigent og dommer, og fortsetter \u00e5 forme fremtiden for brassbandverdenen gjennom fremf\u00f8ring, utdanning og p\u00e5virkning.&nbsp;<\/p>\n<\/div>\n<\/div>\n<\/div>\n","protected":false},"excerpt":{"rendered":"<p>Dr. L. Brett Baker \u2013 trombonel\u00e6rer og dirigent Dr. L. Brett Baker er internasjonalt anerkjent som en av de fremste trombonesolistene i sin generasjon. Kjent for sitt ekspressive spill, feilfrie teknikk og nyskapende \u00e5nd, har Brett bygget et globalt omd\u00f8mme gjennom et bemerkelsesverdig soloarbeid som spenner over innspillinger, liveopptredener og utdanningsarbeid. Som en lidenskapelig forkjemper &#8230; <a title=\"V\u00e5re l\u00e6rere &#8211; Dr. L Brett Baker\" class=\"read-more\" href=\"https:\/\/ibbss.com\/no\/vare-laerere\/vare-laerere-dr-l-brett-baker\/\" aria-label=\"Read more about V\u00e5re l\u00e6rere &#8211; Dr. L Brett Baker\">Les mer<\/a><\/p>\n","protected":false},"author":5,"featured_media":0,"parent":1331,"menu_order":0,"comment_status":"closed","ping_status":"closed","template":"","meta":{"_acf_changed":false,"footnotes":""},"class_list":["post-1583","page","type-page","status-publish"],"acf":[],"_links":{"self":[{"href":"https:\/\/ibbss.com\/no\/wp-json\/wp\/v2\/pages\/1583","targetHints":{"allow":["GET"]}}],"collection":[{"href":"https:\/\/ibbss.com\/no\/wp-json\/wp\/v2\/pages"}],"about":[{"href":"https:\/\/ibbss.com\/no\/wp-json\/wp\/v2\/types\/page"}],"author":[{"embeddable":true,"href":"https:\/\/ibbss.com\/no\/wp-json\/wp\/v2\/users\/5"}],"replies":[{"embeddable":true,"href":"https:\/\/ibbss.com\/no\/wp-json\/wp\/v2\/comments?post=1583"}],"version-history":[{"count":2,"href":"https:\/\/ibbss.com\/no\/wp-json\/wp\/v2\/pages\/1583\/revisions"}],"predecessor-version":[{"id":1966,"href":"https:\/\/ibbss.com\/no\/wp-json\/wp\/v2\/pages\/1583\/revisions\/1966"}],"up":[{"embeddable":true,"href":"https:\/\/ibbss.com\/no\/wp-json\/wp\/v2\/pages\/1331"}],"wp:attachment":[{"href":"https:\/\/ibbss.com\/no\/wp-json\/wp\/v2\/media?parent=1583"}],"curies":[{"name":"wp","href":"https:\/\/api.w.org\/{rel}","templated":true}]}}