{"id":1570,"date":"2025-07-30T11:52:26","date_gmt":"2025-07-30T10:52:26","guid":{"rendered":"https:\/\/ibbss.com\/vare-laerere\/vare-instruktorer-matthew-routley\/"},"modified":"2025-11-19T17:46:34","modified_gmt":"2025-11-19T17:46:34","slug":"vare-instruktorer-matthew-routley","status":"publish","type":"page","link":"https:\/\/ibbss.com\/no\/vare-laerere\/vare-instruktorer-matthew-routley\/","title":{"rendered":"V\u00e5re instrukt\u00f8rer &#8211; Matthew Routley"},"content":{"rendered":"\n<div class=\"gb-element-a4058368\">\n<div class=\"gb-element-ac7a1dbc\">\n<div>\n<img loading=\"lazy\" decoding=\"async\" width=\"600\" height=\"600\" class=\"gb-media-fe8716a9\" alt=\"\" src=\"http:\/\/www.ibbss.com\/wp-content\/uploads\/2025\/07\/Matthew-Routely.jpg\" title=\"Matthew Routley\" srcset=\"https:\/\/ibbss.com\/wp-content\/uploads\/2025\/07\/Matthew-Routely.jpg 600w, https:\/\/ibbss.com\/wp-content\/uploads\/2025\/07\/Matthew-Routely-300x300.jpg 300w, https:\/\/ibbss.com\/wp-content\/uploads\/2025\/07\/Matthew-Routely-100x100.jpg 100w\" sizes=\"auto, (max-width: 600px) 100vw, 600px\" \/>\n<\/div>\n\n\n\n<div>\n<p class=\"gb-text\"><strong>Matthew Routley <\/strong>ble f\u00f8dt i <strong>Tredegar<\/strong>, S\u00f8r-Wales, og vokste opp i <strong>Abergavenny<\/strong>, hvor han begynte sin musikalske reise som syv\u00e5ring med piano, f\u00f8r han gikk over til messinginstrumenter og fant sitt hjem med <strong>tuba <\/strong>i en alder av 15 \u00e5r. Han fikk tidlig veiledning av Alun F. Williams og Eric Powell, og gikk videre til \u00e5 spille med <strong>Gwent Youth Brass Band<\/strong>, <strong>National Youth Brass Band of Wales<\/strong>, og <strong>National Youth Brass Band of Great Britain<\/strong>.  <\/p>\n\n\n\n<p class=\"gb-text\">Matthew studerte musikk ved <strong>Huddersfield University<\/strong>, hvor han l\u00e6rte under Stuart Roebuck, og begynte sin korpskarriere med <strong>Sellers Engineering Band <\/strong>f\u00f8r han sluttet seg til <strong>Yorkshire Building Society Band <\/strong>i 1994. I 1995 ble han med i <g id=\"gid_3\">Black Dyke Band<\/g>, hvor han har hatt en fremragende karriere i over 25 \u00e5r. Viktige h\u00f8ydepunkter inkluderer \u00e5 vinne flere nasjonale &laquo;doble&raquo; og &laquo;triple&raquo; mesterskapstitler, og \u00e5 opptre i verdensklassearenaer som <strong>Sydney Opera House<\/strong>, <strong>Tokyo Metropolitan Hall<\/strong>, og <strong>KKL Lucerne<\/strong>.  &nbsp;<\/p>\n\n\n\n<p class=\"gb-text\">Matthew er dypt engasjert i ungdomsmusikk og er <strong>tubal\u00e6rer <\/strong>for <strong>National Children&#8217;s Brass Band of Great Britain<\/strong>, samt for <strong>Yorkshire <\/strong>og <strong>Gwent Youth Brass Bands<\/strong>. Ved siden av sine musikalske forpliktelser underviser han i <strong>musikk og scenekunst <\/strong>ved <strong>The Sixth Form, Bolton<\/strong>, og nyter familieliv og sosialt samv\u00e6r i fritiden. &nbsp;&nbsp;<\/p>\n<\/div>\n<\/div>\n<\/div>\n","protected":false},"excerpt":{"rendered":"<p>Matthew Routley ble f\u00f8dt i Tredegar, S\u00f8r-Wales, og vokste opp i Abergavenny, hvor han begynte sin musikalske reise som syv\u00e5ring med piano, f\u00f8r han gikk over til messinginstrumenter og fant sitt hjem med tuba i en alder av 15 \u00e5r. Han fikk tidlig veiledning av Alun F. Williams og Eric Powell, og gikk videre til &#8230; <a title=\"V\u00e5re instrukt\u00f8rer &#8211; Matthew Routley\" class=\"read-more\" href=\"https:\/\/ibbss.com\/no\/vare-laerere\/vare-instruktorer-matthew-routley\/\" aria-label=\"Read more about V\u00e5re instrukt\u00f8rer &#8211; Matthew Routley\">Les mer<\/a><\/p>\n","protected":false},"author":5,"featured_media":0,"parent":1331,"menu_order":0,"comment_status":"closed","ping_status":"closed","template":"","meta":{"_acf_changed":false,"footnotes":""},"class_list":["post-1570","page","type-page","status-publish"],"acf":[],"_links":{"self":[{"href":"https:\/\/ibbss.com\/no\/wp-json\/wp\/v2\/pages\/1570","targetHints":{"allow":["GET"]}}],"collection":[{"href":"https:\/\/ibbss.com\/no\/wp-json\/wp\/v2\/pages"}],"about":[{"href":"https:\/\/ibbss.com\/no\/wp-json\/wp\/v2\/types\/page"}],"author":[{"embeddable":true,"href":"https:\/\/ibbss.com\/no\/wp-json\/wp\/v2\/users\/5"}],"replies":[{"embeddable":true,"href":"https:\/\/ibbss.com\/no\/wp-json\/wp\/v2\/comments?post=1570"}],"version-history":[{"count":2,"href":"https:\/\/ibbss.com\/no\/wp-json\/wp\/v2\/pages\/1570\/revisions"}],"predecessor-version":[{"id":1925,"href":"https:\/\/ibbss.com\/no\/wp-json\/wp\/v2\/pages\/1570\/revisions\/1925"}],"up":[{"embeddable":true,"href":"https:\/\/ibbss.com\/no\/wp-json\/wp\/v2\/pages\/1331"}],"wp:attachment":[{"href":"https:\/\/ibbss.com\/no\/wp-json\/wp\/v2\/media?parent=1570"}],"curies":[{"name":"wp","href":"https:\/\/api.w.org\/{rel}","templated":true}]}}