{"id":1532,"date":"2025-07-30T11:10:34","date_gmt":"2025-07-30T10:10:34","guid":{"rendered":"https:\/\/ibbss.com\/vare-laerere\/vare-instruktorer-richard-marshall\/"},"modified":"2025-11-19T17:46:07","modified_gmt":"2025-11-19T17:46:07","slug":"vare-instruktorer-richard-marshall","status":"publish","type":"page","link":"https:\/\/ibbss.com\/no\/vare-laerere\/vare-instruktorer-richard-marshall\/","title":{"rendered":"V\u00e5re instrukt\u00f8rer \u2013 Richard Marshall"},"content":{"rendered":"\n<div class=\"gb-element-a4058368\">\n<div class=\"gb-element-ac7a1dbc\">\n<div>\n<img loading=\"lazy\" decoding=\"async\" width=\"550\" height=\"824\" class=\"gb-media-fe8716a9\" alt=\"\" src=\"http:\/\/www.ibbss.com\/wp-content\/uploads\/2025\/07\/Richard-Marshall.jpg\" title=\"Richard Marshall\" srcset=\"https:\/\/ibbss.com\/wp-content\/uploads\/2025\/07\/Richard-Marshall.jpg 550w, https:\/\/ibbss.com\/wp-content\/uploads\/2025\/07\/Richard-Marshall-400x600.jpg 400w\" sizes=\"auto, (max-width: 550px) 100vw, 550px\" \/>\n<\/div>\n\n\n\n<div>\n<p class=\"gb-text\"><strong>Richard Marshall <\/strong>er ansett som en av verdens fremste kornettister. Beskrevet av Elgar Howarth som \u00abden mest fremragende kornettisten dette landet noensinne har produsert\u00bb, er Richard f\u00f8rstesolister p\u00e5 kornett i det legendariske <g id=\"gid_1\">Black Dyke Band<\/g>, og innehar det som er kjent som \u00abden hotteste plassen i brassbandverdenen\u00bb. F\u00f8r han begynte der i 2006, tilbrakte han ti \u00e5r som f\u00f8rstesolister p\u00e5 kornett i <strong>Grimethorpe Colliery Band<\/strong>.  &nbsp;<\/p>\n\n\n\n<p>Som en anerkjent solist, har Richard utgitt fem soloalbum \u2013 inkludert <em>Blaze <\/em>og <em>Eminence<\/em>, som begge ble k\u00e5ret til \u00c5rets solo-CD. Han har urfremf\u00f8rt store verk skrevet for ham av ledende komponister, inkludert Elgar Howarths <g id=\"gid_2\">Sonatina <\/g>og Edward Gregsons <g id=\"gid_3\">Cornet Concerto<\/g>. Hans samarbeid med Philip Wilby f\u00f8rte ogs\u00e5 til utgivelsen av <em>Essentials<\/em>, en moderne kornettstudiebok for viderekomne spillere.   <br\/><br\/>Richard er en engasjert pedagog, og underviser ved <strong>Royal Northern College of Music<\/strong>, <strong>Birmingham Conservatoire<\/strong> og <strong>Salford University<\/strong>. Han veileder ogs\u00e5 for National Children\u2019s Brass Band of Great Britain og Yorkshire Youth Brass Band.  <\/p>\n\n\n\n<p>Som <strong>Besson Artist og Clinician<\/strong>, spiller Richard utelukkende p\u00e5 Prestige Cornet med sitt eget RM1 Signature munnstykke. Karrieren hans har f\u00f8rt ham til ikoniske arenaer over hele verden, inkludert <strong>Sydney Opera House <\/strong>og <strong>Carnegie Hall<\/strong>, og befester hans posisjon som en sann ambassad\u00f8r for brassbandtradisjonen.  <\/p>\n<\/div>\n<\/div>\n<\/div>\n","protected":false},"excerpt":{"rendered":"<p>Richard Marshall er ansett som en av verdens fremste kornettister. Beskrevet av Elgar Howarth som \u00abden mest fremragende kornettisten dette landet noensinne har produsert\u00bb, er Richard f\u00f8rstesolister p\u00e5 kornett i det legendariske Black Dyke Band, og innehar det som er kjent som \u00abden hotteste plassen i brassbandverdenen\u00bb. F\u00f8r han begynte der i 2006, tilbrakte han &#8230; <a title=\"V\u00e5re instrukt\u00f8rer \u2013 Richard Marshall\" class=\"read-more\" href=\"https:\/\/ibbss.com\/no\/vare-laerere\/vare-instruktorer-richard-marshall\/\" aria-label=\"Read more about V\u00e5re instrukt\u00f8rer \u2013 Richard Marshall\">Les mer<\/a><\/p>\n","protected":false},"author":5,"featured_media":0,"parent":1331,"menu_order":0,"comment_status":"closed","ping_status":"closed","template":"","meta":{"_acf_changed":false,"footnotes":""},"class_list":["post-1532","page","type-page","status-publish"],"acf":[],"_links":{"self":[{"href":"https:\/\/ibbss.com\/no\/wp-json\/wp\/v2\/pages\/1532","targetHints":{"allow":["GET"]}}],"collection":[{"href":"https:\/\/ibbss.com\/no\/wp-json\/wp\/v2\/pages"}],"about":[{"href":"https:\/\/ibbss.com\/no\/wp-json\/wp\/v2\/types\/page"}],"author":[{"embeddable":true,"href":"https:\/\/ibbss.com\/no\/wp-json\/wp\/v2\/users\/5"}],"replies":[{"embeddable":true,"href":"https:\/\/ibbss.com\/no\/wp-json\/wp\/v2\/comments?post=1532"}],"version-history":[{"count":2,"href":"https:\/\/ibbss.com\/no\/wp-json\/wp\/v2\/pages\/1532\/revisions"}],"predecessor-version":[{"id":1882,"href":"https:\/\/ibbss.com\/no\/wp-json\/wp\/v2\/pages\/1532\/revisions\/1882"}],"up":[{"embeddable":true,"href":"https:\/\/ibbss.com\/no\/wp-json\/wp\/v2\/pages\/1331"}],"wp:attachment":[{"href":"https:\/\/ibbss.com\/no\/wp-json\/wp\/v2\/media?parent=1532"}],"curies":[{"name":"wp","href":"https:\/\/api.w.org\/{rel}","templated":true}]}}