{"id":1509,"date":"2025-07-30T11:03:33","date_gmt":"2025-07-30T10:03:33","guid":{"rendered":"https:\/\/ibbss.com\/vare-laerere\/vare-veiledere-nicholas-childs\/"},"modified":"2025-11-19T17:46:00","modified_gmt":"2025-11-19T17:46:00","slug":"vare-veiledere-nicholas-childs","status":"publish","type":"page","link":"https:\/\/ibbss.com\/no\/vare-laerere\/vare-veiledere-nicholas-childs\/","title":{"rendered":"V\u00e5re veiledere \u2013 Nicholas Childs"},"content":{"rendered":"\n<div class=\"gb-element-a4058368\">\n<div class=\"gb-element-ac7a1dbc\">\n<div>\n<img loading=\"lazy\" decoding=\"async\" width=\"257\" height=\"385\" class=\"gb-media-fe8716a9\" alt=\"\" src=\"http:\/\/www.ibbss.com\/wp-content\/uploads\/2025\/07\/Nick-Childs-1-1.jpg\" title=\"Nick Childs\">\n<\/div>\n\n\n\n<div>\n<p><strong>Prof. Nicholas Childs<\/strong> er en globalt anerkjent dirigent, euphoniumsolist, produsent og pedagog, bredt feiret for sitt lederskap i messingbandverdenen. Hans tidlige suksess kom fra \u00e5 opptre internasjonalt med broren sin som <em>The Childs Brothers<\/em>, og fengslet publikum i store konsertsaler over hele verden. <\/p>\n\n\n\n<p>Som Principal Conductor og Director of Music for det verdensber\u00f8mte <strong>Black Dyke Band<\/strong>, har Dr. Childs oppn\u00e5dd vedvarende konkurransesuksess og ledet en b\u00f8lge av innovasjon gjennom dristig programmering og store premierer av komponister som Philip Wilby, Michael Ball og Peter Graham. Hans visjon\u00e6re lederskap har gjort Black Dyke til en hj\u00f8rnestein i moderne messingbandmusikk, inkludert landemerkeopptredener p\u00e5 prestisjetunge arenaer som Londons <strong>Royal Albert Hall<\/strong>.  <\/p>\n\n\n\n<p>Dr. Childs er en lidenskapelig forkjemper for ny musikk og er grunnleggeren av <strong>Doyen Recordings<\/strong>, et banebrytende plateselskap med den st\u00f8rste katalogen av messingbandopptak. Hans produksjoner spenner over ikoniske verk og samarbeid med ensembler som <strong>International Staff Band<\/strong>, <strong>BBC Philharmonic<\/strong> og <strong>Canadian Brass<\/strong>.  <\/p>\n\n\n\n<p>Utover scenen er Dr. Childs en respektert pedagog og Senior Tutor i Brass Band Studies ved <strong>Royal Northern College of Music<\/strong>, hvor han har undervist i over et ti\u00e5r. Han har ogs\u00e5 stillinger ved <strong>National Youth Brass Band of Great Britain<\/strong>, <strong>Brass Band Heritage Trust<\/strong>, og har gjestedirigert band over hele Europa, Nord-Amerika og Asia, og vunnet nasjonale mesterskap i Frankrike, Norge, Skottland og Wales.  <\/p>\n\n\n\n<p>Fra sine r\u00f8tter i Tredegar Youth Band i Wales til toppen av den globale messingbandscenen, er Dr. Childs fortsatt dedikert til \u00e5 flytte grenser, veilede neste generasjon og kjempe for messingbandtradisjonen p\u00e5 verdensscenen. <\/p>\n<\/div>\n<\/div>\n<\/div>\n","protected":false},"excerpt":{"rendered":"<p>Prof. Nicholas Childs er en globalt anerkjent dirigent, euphoniumsolist, produsent og pedagog, bredt feiret for sitt lederskap i messingbandverdenen. Hans tidlige suksess kom fra \u00e5 opptre internasjonalt med broren sin som The Childs Brothers, og fengslet publikum i store konsertsaler over hele verden. Som Principal Conductor og Director of Music for det verdensber\u00f8mte Black Dyke &#8230; <a title=\"V\u00e5re veiledere \u2013 Nicholas Childs\" class=\"read-more\" href=\"https:\/\/ibbss.com\/no\/vare-laerere\/vare-veiledere-nicholas-childs\/\" aria-label=\"Read more about V\u00e5re veiledere \u2013 Nicholas Childs\">Les mer<\/a><\/p>\n","protected":false},"author":5,"featured_media":0,"parent":1331,"menu_order":0,"comment_status":"closed","ping_status":"closed","template":"","meta":{"_acf_changed":false,"footnotes":""},"class_list":["post-1509","page","type-page","status-publish"],"acf":[],"_links":{"self":[{"href":"https:\/\/ibbss.com\/no\/wp-json\/wp\/v2\/pages\/1509","targetHints":{"allow":["GET"]}}],"collection":[{"href":"https:\/\/ibbss.com\/no\/wp-json\/wp\/v2\/pages"}],"about":[{"href":"https:\/\/ibbss.com\/no\/wp-json\/wp\/v2\/types\/page"}],"author":[{"embeddable":true,"href":"https:\/\/ibbss.com\/no\/wp-json\/wp\/v2\/users\/5"}],"replies":[{"embeddable":true,"href":"https:\/\/ibbss.com\/no\/wp-json\/wp\/v2\/comments?post=1509"}],"version-history":[{"count":2,"href":"https:\/\/ibbss.com\/no\/wp-json\/wp\/v2\/pages\/1509\/revisions"}],"predecessor-version":[{"id":1872,"href":"https:\/\/ibbss.com\/no\/wp-json\/wp\/v2\/pages\/1509\/revisions\/1872"}],"up":[{"embeddable":true,"href":"https:\/\/ibbss.com\/no\/wp-json\/wp\/v2\/pages\/1331"}],"wp:attachment":[{"href":"https:\/\/ibbss.com\/no\/wp-json\/wp\/v2\/media?parent=1509"}],"curies":[{"name":"wp","href":"https:\/\/api.w.org\/{rel}","templated":true}]}}