{"id":1490,"date":"2025-07-30T10:41:33","date_gmt":"2025-07-30T09:41:33","guid":{"rendered":"https:\/\/ibbss.com\/vare-laerere\/vare-laerere-david-barringer\/"},"modified":"2025-11-19T17:47:14","modified_gmt":"2025-11-19T17:47:14","slug":"vare-laerere-david-barringer","status":"publish","type":"page","link":"https:\/\/ibbss.com\/no\/vare-laerere\/vare-laerere-david-barringer\/","title":{"rendered":"V\u00e5re l\u00e6rere &#8211; David Barringer"},"content":{"rendered":"\n<div class=\"gb-element-a4058368\">\n<div class=\"gb-element-ac7a1dbc\">\n<div>\n<img loading=\"lazy\" decoding=\"async\" width=\"1206\" height=\"1571\" class=\"gb-media-fe8716a9\" alt=\"\" src=\"http:\/\/www.ibbss.com\/wp-content\/uploads\/2025\/07\/David-Barringer.jpg\" title=\"David Barringer\" srcset=\"https:\/\/ibbss.com\/wp-content\/uploads\/2025\/07\/David-Barringer.jpg 1206w, https:\/\/ibbss.com\/wp-content\/uploads\/2025\/07\/David-Barringer-461x600.jpg 461w, https:\/\/ibbss.com\/wp-content\/uploads\/2025\/07\/David-Barringer-921x1200.jpg 921w, https:\/\/ibbss.com\/wp-content\/uploads\/2025\/07\/David-Barringer-768x1000.jpg 768w, https:\/\/ibbss.com\/wp-content\/uploads\/2025\/07\/David-Barringer-1179x1536.jpg 1179w, https:\/\/ibbss.com\/wp-content\/uploads\/2025\/07\/David-Barringer-600x782.jpg 600w\" sizes=\"auto, (max-width: 1206px) 100vw, 1206px\" \/>\n<\/div>\n\n\n\n<div>\n<p class=\"gb-text\"><strong>David Barringer<\/strong> <strong>MVO MBE<\/strong> er en sv\u00e6rt erfaren leder, strategisk planlegger og musikalsk direkt\u00f8r, med en fremragende karriere i milit\u00e6rsektoren. <\/p>\n\n\n\n<p>Davids omfattende portef\u00f8lje inkluderer \u00e5 ha overoppsyn med musikalsk ledelse og prosjektledelse for noen av Storbritannias mest betydningsfulle statlige begivenheter, som <strong>statsbegravelsen til Hennes Majestet Dronning Elizabeth II<\/strong>, for hvilket han ble tildelt <strong>MVO<\/strong>, og <strong>kroningen av Kong Charles III<\/strong>.<\/p>\n\n\n\n<p>David vervet seg i h\u00e6ren i september 1989 og studerte ved Army Junior School of Music, Pirbright. Deretter gikk han p\u00e5 <strong>Royal Military School of Music, Kneller Hall<\/strong>. Han ble med i Coldstream Guards Band i januar 1993 og turnerte verden rundt med dem, inkludert en tre m\u00e5neders kyst-til-kyst-turn\u00e9 i USA og Canada. Under tiden i bandet utviklet han en interesse for messingkorpsdirigering og tilbrakte 2 \u00e5r som fast dirigent for Flowers Brass Band. Han gikk videre til \u00e5 <strong>representere Storbritannia<\/strong> i den f\u00f8rste European Conductor of the Year-konkurransen i \u00e5r 2000.    <\/p>\n\n\n\n<p>Med sin dype <strong>ekspertise innen ledelse, strategisk planlegging og arrangementsadministrasjon<\/strong>, har David bevist sin evne til \u00e5 drive komplekse prosjekter fra id\u00e9 til gjennomf\u00f8ring, og sikre <strong>h\u00f8yeste kvalitetsstandard<\/strong> i b\u00e5de milit\u00e6re og sivile seremonielle arrangementer. <\/p>\n\n\n\n<p>Han er ogs\u00e5 en kvalifisert endringsledelsespraktiker og ledercoach, som bringer med seg omfattende erfaring i optimalisering av prosesser, forbedring av forretningsdrift og forbedring av teamytelse. <\/p>\n\n\n\n<p>I november 2019 ble han forfremmet til <strong>oberstl\u00f8ytnant<\/strong> og tiltr\u00e5dte som <strong>den yngste musikkdirekt\u00f8ren i h\u00e6ren noensinne<\/strong>. <br\/>I 2022 ble han utnevnt til <strong>kommanderende offiser for Bands of the Household Division<\/strong>, og har <strong>siden da hatt overoppsyn med all milit\u00e6rmusikk<\/strong>. <\/p>\n\n\n\n<p>Davids lidenskap for \u00e5 maksimere talent og drive effektivitet gjenspeiles i hans p\u00e5g\u00e5ende arbeid. Hans bidrag til det milit\u00e6re og seremonielle musikkmilj\u00f8et, sammen med hans arbeid innen ledercoaching og endringsledelse, understreker hans engasjement for kvalitet og kontinuerlig forbedring.  <\/p>\n\n\n\n<p>Han ble hedret med <strong>MBE<\/strong> for sin <strong>eksepsjonelle tjeneste og dedikasjon<\/strong> til sitt fagfelt. <\/p>\n<\/div>\n<\/div>\n<\/div>\n","protected":false},"excerpt":{"rendered":"<p>David Barringer MVO MBE er en sv\u00e6rt erfaren leder, strategisk planlegger og musikalsk direkt\u00f8r, med en fremragende karriere i milit\u00e6rsektoren. Davids omfattende portef\u00f8lje inkluderer \u00e5 ha overoppsyn med musikalsk ledelse og prosjektledelse for noen av Storbritannias mest betydningsfulle statlige begivenheter, som statsbegravelsen til Hennes Majestet Dronning Elizabeth II, for hvilket han ble tildelt MVO, og &#8230; <a title=\"V\u00e5re l\u00e6rere &#8211; David Barringer\" class=\"read-more\" href=\"https:\/\/ibbss.com\/no\/vare-laerere\/vare-laerere-david-barringer\/\" aria-label=\"Read more about V\u00e5re l\u00e6rere &#8211; David Barringer\">Les mer<\/a><\/p>\n","protected":false},"author":5,"featured_media":0,"parent":1331,"menu_order":0,"comment_status":"closed","ping_status":"closed","template":"","meta":{"_acf_changed":false,"footnotes":""},"class_list":["post-1490","page","type-page","status-publish"],"acf":[],"_links":{"self":[{"href":"https:\/\/ibbss.com\/no\/wp-json\/wp\/v2\/pages\/1490","targetHints":{"allow":["GET"]}}],"collection":[{"href":"https:\/\/ibbss.com\/no\/wp-json\/wp\/v2\/pages"}],"about":[{"href":"https:\/\/ibbss.com\/no\/wp-json\/wp\/v2\/types\/page"}],"author":[{"embeddable":true,"href":"https:\/\/ibbss.com\/no\/wp-json\/wp\/v2\/users\/5"}],"replies":[{"embeddable":true,"href":"https:\/\/ibbss.com\/no\/wp-json\/wp\/v2\/comments?post=1490"}],"version-history":[{"count":2,"href":"https:\/\/ibbss.com\/no\/wp-json\/wp\/v2\/pages\/1490\/revisions"}],"predecessor-version":[{"id":1957,"href":"https:\/\/ibbss.com\/no\/wp-json\/wp\/v2\/pages\/1490\/revisions\/1957"}],"up":[{"embeddable":true,"href":"https:\/\/ibbss.com\/no\/wp-json\/wp\/v2\/pages\/1331"}],"wp:attachment":[{"href":"https:\/\/ibbss.com\/no\/wp-json\/wp\/v2\/media?parent=1490"}],"curies":[{"name":"wp","href":"https:\/\/api.w.org\/{rel}","templated":true}]}}