{"id":1472,"date":"2025-07-30T11:46:58","date_gmt":"2025-07-30T10:46:58","guid":{"rendered":"https:\/\/ibbss.com\/vare-laerere\/vare-veiledere-chris-williams\/"},"modified":"2025-11-19T17:46:28","modified_gmt":"2025-11-19T17:46:28","slug":"vare-veiledere-chris-williams","status":"publish","type":"page","link":"https:\/\/ibbss.com\/no\/vare-laerere\/vare-veiledere-chris-williams\/","title":{"rendered":"V\u00e5re veiledere &#8211; Chris Williams"},"content":{"rendered":"\n<div class=\"gb-element-a4058368\">\n<div class=\"gb-element-ac7a1dbc\">\n<div>\n<img loading=\"lazy\" decoding=\"async\" width=\"768\" height=\"434\" class=\"gb-media-fe8716a9\" alt=\"\" src=\"http:\/\/www.ibbss.com\/wp-content\/uploads\/2025\/07\/Chris-Williams.jpeg\" title=\"Chris Williams\" srcset=\"https:\/\/ibbss.com\/wp-content\/uploads\/2025\/07\/Chris-Williams.jpeg 768w, https:\/\/ibbss.com\/wp-content\/uploads\/2025\/07\/Chris-Williams-600x339.jpeg 600w\" sizes=\"auto, (max-width: 768px) 100vw, 768px\" \/>\n<\/div>\n\n\n\n<div>\n<p class=\"gb-text\"><strong>Christopher Williams <\/strong>er en walisisk pianist, komponist, dirigent og pedagog med en dynamisk karriere som omfatter fremf\u00f8ring, innspilling og undervisning. Han er utdannet fra <strong>Cardiff University<\/strong>, og er for tiden <strong>assisterende direkt\u00f8r for BBC National Chorus of Wales<\/strong>, og en fast pianist i <strong>BBC National Orchestra of Wales<\/strong>, der han har opptr\u00e5dt p\u00e5 <strong>BBC Proms <\/strong>og gjort innspillinger for <strong>Chandos<\/strong>, <strong>Hyperion<\/strong> og <strong>Naxos<\/strong>.&nbsp;<\/p>\n\n\n\n<p>Siden 1997 har Christopher v\u00e6rt fast akkompagnat\u00f8r ved <strong>Royal Welsh College of Music and Drama<\/strong>, og har undervist i piano ved <strong>Cardiff University <\/strong>siden 2001. Han studerte med Richard McMahon, Simon Shewring og Martin Jones, og ble sterkt p\u00e5virket av sin f\u00f8rste l\u00e6rer, <g id=\"gid_2\">Walter Ryan<\/g>, som vekket hans interesse for mindre kjent repertoar. Denne lidenskapen f\u00f8rte til fremf\u00f8ringer av sjelden h\u00f8rte konserter av <strong>Reinecke <\/strong>og <strong>Rubinstein<\/strong>.   <\/p>\n\n\n\n<p>Sv\u00e6rt ettertraktet som kammermusiker har Christopher samarbeidet med ledende artister som <strong>Philippe Schartz<\/strong>, <strong>Catherine Tanner-Williams<\/strong>, <strong>Tim Thorpe<\/strong>, <strong>David Childs<\/strong> og <strong>Tine Thing Helseth<\/strong>, med innspillinger utgitt p\u00e5 <strong>Chandos<\/strong>, <strong>Willowhayne<\/strong> og <strong>Naxos<\/strong>. Hans soloalbum med <strong>Brahms-transkripsjoner <\/strong>p\u00e5 Naxos\u2019 Grand Piano-etikett ble k\u00e5ret til <em>Ukens CD <\/em>p\u00e5 NDR Kultur og rost for sin tekniske briljans og musikalske dybde.  <\/p>\n\n\n\n<p>Et kjent ansikt p\u00e5 <strong>BBC TV og radio<\/strong>, var Christopher offisiell akkompagnat\u00f8r for <strong>BBC Young Musician of the Year 2020<\/strong>, og har ogs\u00e5 blitt kringkastet p\u00e5 <strong>Radio Luxembourg <\/strong>og <strong>NDR<\/strong>. <\/p>\n\n\n\n<p>Som komponist har han skrevet flere verk for messingbl\u00e5seinstrumenter, inkludert <em>Chaos is a Ladder <\/em>(trombone) og <em>Song of the Narrow Sea <\/em>(trompet), med <em>XX Mountains of Abstract Thought <\/em>kringkastet p\u00e5 <strong>Lyric FM <\/strong>og utgitt av <strong>Naxos<\/strong>. .  <\/p>\n<\/div>\n<\/div>\n<\/div>\n","protected":false},"excerpt":{"rendered":"<p>Christopher Williams er en walisisk pianist, komponist, dirigent og pedagog med en dynamisk karriere som omfatter fremf\u00f8ring, innspilling og undervisning. Han er utdannet fra Cardiff University, og er for tiden assisterende direkt\u00f8r for BBC National Chorus of Wales, og en fast pianist i BBC National Orchestra of Wales, der han har opptr\u00e5dt p\u00e5 BBC Proms &#8230; <a title=\"V\u00e5re veiledere &#8211; Chris Williams\" class=\"read-more\" href=\"https:\/\/ibbss.com\/no\/vare-laerere\/vare-veiledere-chris-williams\/\" aria-label=\"Read more about V\u00e5re veiledere &#8211; Chris Williams\">Les mer<\/a><\/p>\n","protected":false},"author":5,"featured_media":0,"parent":1331,"menu_order":0,"comment_status":"closed","ping_status":"closed","template":"","meta":{"_acf_changed":false,"footnotes":""},"class_list":["post-1472","page","type-page","status-publish"],"acf":[],"_links":{"self":[{"href":"https:\/\/ibbss.com\/no\/wp-json\/wp\/v2\/pages\/1472","targetHints":{"allow":["GET"]}}],"collection":[{"href":"https:\/\/ibbss.com\/no\/wp-json\/wp\/v2\/pages"}],"about":[{"href":"https:\/\/ibbss.com\/no\/wp-json\/wp\/v2\/types\/page"}],"author":[{"embeddable":true,"href":"https:\/\/ibbss.com\/no\/wp-json\/wp\/v2\/users\/5"}],"replies":[{"embeddable":true,"href":"https:\/\/ibbss.com\/no\/wp-json\/wp\/v2\/comments?post=1472"}],"version-history":[{"count":2,"href":"https:\/\/ibbss.com\/no\/wp-json\/wp\/v2\/pages\/1472\/revisions"}],"predecessor-version":[{"id":1915,"href":"https:\/\/ibbss.com\/no\/wp-json\/wp\/v2\/pages\/1472\/revisions\/1915"}],"up":[{"embeddable":true,"href":"https:\/\/ibbss.com\/no\/wp-json\/wp\/v2\/pages\/1331"}],"wp:attachment":[{"href":"https:\/\/ibbss.com\/no\/wp-json\/wp\/v2\/media?parent=1472"}],"curies":[{"name":"wp","href":"https:\/\/api.w.org\/{rel}","templated":true}]}}