{"id":1428,"date":"2025-07-30T11:27:21","date_gmt":"2025-07-30T10:27:21","guid":{"rendered":"https:\/\/ibbss.com\/vare-laerere\/vare-veiledere-gary-curtin\/"},"modified":"2025-11-19T17:46:21","modified_gmt":"2025-11-19T17:46:21","slug":"vare-veiledere-gary-curtin","status":"publish","type":"page","link":"https:\/\/ibbss.com\/no\/vare-laerere\/vare-veiledere-gary-curtin\/","title":{"rendered":"V\u00e5re veiledere \u2013 Gary Curtin"},"content":{"rendered":"\n<div class=\"gb-element-a4058368\">\n<div class=\"gb-element-ac7a1dbc\">\n<div>\n<img loading=\"lazy\" decoding=\"async\" width=\"768\" height=\"512\" class=\"gb-media-fe8716a9\" alt=\"\" src=\"http:\/\/www.ibbss.com\/wp-content\/uploads\/2025\/07\/Gary-Curtain.jpg\" title=\"Gary Curtin\" srcset=\"https:\/\/ibbss.com\/wp-content\/uploads\/2025\/07\/Gary-Curtain.jpg 768w, https:\/\/ibbss.com\/wp-content\/uploads\/2025\/07\/Gary-Curtain-600x400.jpg 600w\" sizes=\"auto, (max-width: 768px) 100vw, 768px\" \/>\n<\/div>\n\n\n\n<div>\n<p class=\"gb-text\"><strong>Gary Curtin<\/strong> ble f\u00f8dt i Cork City, Irland. Han begynte \u00e5 spille baryton som 12-\u00e5ring og gikk over til eufonium i 1996. Etter overgangen til eufonium ble han forelsket i instrumentets lyd og ble mer og mer overbevist om at han \u00f8nsket \u00e5 bruke tiden sin p\u00e5 \u00e5 utvikle seg som musiker og ut\u00f8ver.  &nbsp;<\/p>\n\n\n\n<p>Gary var den f\u00f8rste eufoniumspilleren som studerte p\u00e5 bachelorniv\u00e5 ved Cork School of Music, og han fortsatte med studier p\u00e5 masterniv\u00e5. I l\u00f8pet av tiden ved Cork School of Music ble han ogs\u00e5 tildelt Yamaha Solo Prize.  <br\/><br\/>Det var et stort steg for Gary \u00e5 flytte til Storbritannia, men \u00f8nsket om \u00e5 spille p\u00e5 et h\u00f8yere niv\u00e5 p\u00e5 instrumentet sitt tok overh\u00e5nd, og i 2005 flyttet han til Manchester. Mens han studerte i ett \u00e5r ved RNCM under veiledning av Steven Mead, begynte Gary \u00e5 fordype seg i brassbandmilj\u00f8et og har spilt solo-eufonium med Wingates Band og Fairey (Geneva) Band f\u00f8r han flyttet til Principal Euphonium-plassen ved Black Dyke Band.  <\/p>\n\n\n\n<p>Han mottok Geoff Whitham Memorial Award for \u00abBest Euphonium\u00bb ved British Open Championships i 2010 i Birmingham Symphony Hall. <br\/>Gary har ogs\u00e5 hatt orkestererfaring p\u00e5 b\u00e5de eufonium og basstrompet, og har fremf\u00f8rt Wagners Ring Cycle ved to anledninger, samt det meste av orkesterets eufoniumrepertoar.<\/p>\n<\/div>\n<\/div>\n<\/div>\n","protected":false},"excerpt":{"rendered":"<p>Gary Curtin ble f\u00f8dt i Cork City, Irland. Han begynte \u00e5 spille baryton som 12-\u00e5ring og gikk over til eufonium i 1996. Etter overgangen til eufonium ble han forelsket i instrumentets lyd og ble mer og mer overbevist om at han \u00f8nsket \u00e5 bruke tiden sin p\u00e5 \u00e5 utvikle seg som musiker og ut\u00f8ver. &nbsp; &#8230; <a title=\"V\u00e5re veiledere \u2013 Gary Curtin\" class=\"read-more\" href=\"https:\/\/ibbss.com\/no\/vare-laerere\/vare-veiledere-gary-curtin\/\" aria-label=\"Read more about V\u00e5re veiledere \u2013 Gary Curtin\">Les mer<\/a><\/p>\n","protected":false},"author":5,"featured_media":0,"parent":1331,"menu_order":0,"comment_status":"closed","ping_status":"closed","template":"","meta":{"_acf_changed":false,"footnotes":""},"class_list":["post-1428","page","type-page","status-publish"],"acf":[],"_links":{"self":[{"href":"https:\/\/ibbss.com\/no\/wp-json\/wp\/v2\/pages\/1428","targetHints":{"allow":["GET"]}}],"collection":[{"href":"https:\/\/ibbss.com\/no\/wp-json\/wp\/v2\/pages"}],"about":[{"href":"https:\/\/ibbss.com\/no\/wp-json\/wp\/v2\/types\/page"}],"author":[{"embeddable":true,"href":"https:\/\/ibbss.com\/no\/wp-json\/wp\/v2\/users\/5"}],"replies":[{"embeddable":true,"href":"https:\/\/ibbss.com\/no\/wp-json\/wp\/v2\/comments?post=1428"}],"version-history":[{"count":2,"href":"https:\/\/ibbss.com\/no\/wp-json\/wp\/v2\/pages\/1428\/revisions"}],"predecessor-version":[{"id":1902,"href":"https:\/\/ibbss.com\/no\/wp-json\/wp\/v2\/pages\/1428\/revisions\/1902"}],"up":[{"embeddable":true,"href":"https:\/\/ibbss.com\/no\/wp-json\/wp\/v2\/pages\/1331"}],"wp:attachment":[{"href":"https:\/\/ibbss.com\/no\/wp-json\/wp\/v2\/media?parent=1428"}],"curies":[{"name":"wp","href":"https:\/\/api.w.org\/{rel}","templated":true}]}}