{"id":1331,"date":"2025-07-30T08:57:14","date_gmt":"2025-07-30T07:57:14","guid":{"rendered":"https:\/\/ibbss.com\/vare-laerere\/"},"modified":"2025-11-19T17:47:04","modified_gmt":"2025-11-19T17:47:04","slug":"vare-laerere","status":"publish","type":"page","link":"https:\/\/ibbss.com\/no\/vare-laerere\/","title":{"rendered":"V\u00e5re l\u00e6rere"},"content":{"rendered":"\n<div class=\"gb-element-a4058368\">\n<div class=\"gb-element-7707f023\">\n<div class=\"gb-element-b31d9707\">\n<img loading=\"lazy\" decoding=\"async\" width=\"1206\" height=\"1571\" class=\"gb-media-8ec20dac\" alt=\"\" src=\"https:\/\/www.ibbss.com\/wp-content\/uploads\/2025\/07\/David-Barringer.jpg\" title=\"David Barringer\" srcset=\"https:\/\/ibbss.com\/wp-content\/uploads\/2025\/07\/David-Barringer.jpg 1206w, https:\/\/ibbss.com\/wp-content\/uploads\/2025\/07\/David-Barringer-461x600.jpg 461w, https:\/\/ibbss.com\/wp-content\/uploads\/2025\/07\/David-Barringer-921x1200.jpg 921w, https:\/\/ibbss.com\/wp-content\/uploads\/2025\/07\/David-Barringer-768x1000.jpg 768w, https:\/\/ibbss.com\/wp-content\/uploads\/2025\/07\/David-Barringer-1179x1536.jpg 1179w, https:\/\/ibbss.com\/wp-content\/uploads\/2025\/07\/David-Barringer-600x782.jpg 600w\" sizes=\"auto, (max-width: 1206px) 100vw, 1206px\" \/>\n\n\n\n<h6 class=\"gb-text\">David Barringer MVO MBE<br>Kursdirekt\u00f8r <\/h6>\n\n\n\n<div class=\"gb-element-ac45d944\">\n<p class=\"gb-text\"><strong>David Barringer<\/strong> er en sv\u00e6rt erfaren leder, strategisk planlegger og musikalsk direkt\u00f8r, med en fremragende karriere i milit\u00e6rsektoren.<\/p>\n<\/div>\n\n\n\n<a class=\"gb-text gb-text-a5060498\" href=\"https:\/\/ibbss.com\/no\/vare-laerere\/vare-laerere-david-barringer\/\">Les biografi<\/a>\n<\/div>\n\n\n\n<div class=\"gb-element-d4bc511a\">\n<img loading=\"lazy\" decoding=\"async\" width=\"257\" height=\"335\" class=\"gb-media-ad1edb5d\" alt=\"\" src=\"http:\/\/www.ibbss.com\/wp-content\/uploads\/2025\/07\/Nick-Childs1-.jpg\" title=\"Nick Childs1\">\n\n\n\n<h6 class=\"gb-text\">Prof. Nicholas Childs <\/h6>\n\n\n\n<div class=\"gb-element-cd6bbb54\">\n<p class=\"gb-text\"><strong>Prof. Nicholas Childs<\/strong> er en globalt anerkjent dirigent, euphoniumsolist, produsent og pedagog, bredt feiret for sitt lederskap i messingbandverdenen.&nbsp;<\/p>\n<\/div>\n\n\n\n<a class=\"gb-text gb-text-9a4f15ca\" href=\"https:\/\/ibbss.com\/no\/vare-laerere\/vare-veiledere-nicholas-childs\/\">Les biografi<\/a>\n<\/div>\n\n\n\n<div class=\"gb-element-40980fb5\">\n<img loading=\"lazy\" decoding=\"async\" width=\"550\" height=\"716\" class=\"gb-media-ba8469b0\" alt=\"\" src=\"https:\/\/www.ibbss.com\/wp-content\/uploads\/2025\/07\/Richard-Marshall1.jpg\" title=\"Richard Marshall1\" srcset=\"https:\/\/ibbss.com\/wp-content\/uploads\/2025\/07\/Richard-Marshall1.jpg 550w, https:\/\/ibbss.com\/wp-content\/uploads\/2025\/07\/Richard-Marshall1-461x600.jpg 461w\" sizes=\"auto, (max-width: 550px) 100vw, 550px\" \/>\n\n\n\n<h6 class=\"gb-text\">Richard Marshall <\/h6>\n\n\n\n<div class=\"gb-element-9e2e3db1\">\n<p class=\"gb-text\"><strong>Richard Marshall <\/strong>er ansett som en av verdens fineste kornettister. Beskrevet som \u00abden mest fremragende kornettisten dette landet noensinne har produsert\u00bb. &nbsp;&nbsp;<\/p>\n<\/div>\n\n\n\n<a class=\"gb-text gb-text-c00c47f0\" href=\"https:\/\/ibbss.com\/no\/vare-laerere\/vare-instruktorer-richard-marshall\/\">Les biografi<\/a>\n<\/div>\n<\/div>\n\n\n\n<hr class=\"wp-block-separator has-text-color has-contrast-3-color has-alpha-channel-opacity has-contrast-3-background-color has-background is-style-wide\"\/>\n<\/div>\n\n<div class=\"gb-element-a71ef75a\">\n<div class=\"gb-element-5f1ce57c\">\n<div class=\"gb-element-f94ae3bf\">\n<img loading=\"lazy\" decoding=\"async\" width=\"200\" height=\"261\" class=\"gb-media-85271a89\" alt=\"\" src=\"https:\/\/www.ibbss.com\/wp-content\/uploads\/2025\/07\/Owen-Farr1.jpg\" title=\"Owen Farr1\">\n\n\n\n<h6 class=\"gb-text\">Owen Farr <\/h6>\n\n\n\n<div class=\"gb-element-fb966664\">\n<p class=\"gb-text\"><strong>Owen Farr <\/strong>har bidratt til \u00e5 sette Pontypool, S\u00f8r-Wales, p\u00e5 det musikalske kartet med sitt tenorhornspill i verdensklasse og sin dedikasjon til messingbl\u00e5serutdanning.&nbsp;&nbsp;<br><\/p>\n<\/div>\n\n\n\n<a class=\"gb-text gb-text-f0428e47\" href=\"https:\/\/ibbss.com\/no\/vare-laerere\/vare-veiledere-owen-farr\/\">Les biografi<\/a>\n<\/div>\n\n\n\n<div class=\"gb-element-4ad3e136\">\n<img loading=\"lazy\" decoding=\"async\" width=\"393\" height=\"512\" class=\"gb-media-ba976b1d\" alt=\"\" src=\"http:\/\/www.ibbss.com\/wp-content\/uploads\/2025\/07\/Gary-Curtain1.jpg\" title=\"Gary Curtain1\">\n\n\n\n<h6 class=\"gb-text\">Gary Curtin <\/h6>\n\n\n\n<div class=\"gb-element-fb78d03d\">\n<p class=\"gb-text\"><strong>Gary Curtin<\/strong> ble f\u00f8dt i Cork City, Irland. Han begynte \u00e5 spille baryton i en alder av 12, men forelsket seg i lyden av eufoniet og dedikerte tiden sin til dette instrumentet. &nbsp;&nbsp;<\/p>\n<\/div>\n\n\n\n<a class=\"gb-text gb-text-9bb62daf\" href=\"https:\/\/ibbss.com\/no\/vare-laerere\/vare-veiledere-gary-curtin\/\">Les biografi<\/a>\n<\/div>\n\n\n\n<div class=\"gb-element-6967c435\">\n<img loading=\"lazy\" decoding=\"async\" width=\"455\" height=\"594\" class=\"gb-media-5b27ffdd\" alt=\"\" src=\"http:\/\/www.ibbss.com\/wp-content\/uploads\/2025\/07\/Tom-Hutchinson1.jpg\" title=\"Tom Hutchinson1\">\n\n\n\n<h6 class=\"gb-text\">Tom Hutchinson<\/h6>\n\n\n\n<div class=\"gb-element-d53c8ca1\">\n<p class=\"gb-text\"><strong>Tom Hutchinson <\/strong>er en av verdens ledende kornettister. Han begynte som 9-\u00e5ring med sitt lokale band, <strong>Stannington<\/strong>, og som 15-\u00e5ring ledet han <strong>Rothwell Temperance Band<\/strong>. &nbsp;<\/p>\n<\/div>\n\n\n\n<a class=\"gb-text gb-text-dccdfb16\" href=\"https:\/\/ibbss.com\/no\/vare-laerere\/vare-laerere-tom-hutchinson\/\">Les biografi<\/a>\n<\/div>\n<\/div>\n\n\n\n<hr class=\"wp-block-separator has-text-color has-contrast-3-color has-alpha-channel-opacity has-contrast-3-background-color has-background is-style-wide\"\/>\n<\/div>\n\n<div class=\"gb-element-46904552\">\n<div class=\"gb-element-a66c228f\">\n<div class=\"gb-element-9807e460\">\n<img loading=\"lazy\" decoding=\"async\" width=\"461\" height=\"600\" class=\"gb-media-bb62a2d6\" alt=\"\" src=\"http:\/\/www.ibbss.com\/wp-content\/uploads\/2025\/07\/Matthew-Routely1.jpg\" title=\"Matthew Routely1\">\n\n\n\n<h6 class=\"gb-text\">Matthew Routley<\/h6>\n\n\n\n<div class=\"gb-element-b70043ed\">\n<p class=\"gb-text\"><strong>Matthew Routley <\/strong>vokste opp i <strong>Abergavenny<\/strong>, hvor han begynte sin musikalske reise som syv\u00e5ring p\u00e5 piano, f\u00f8r han gikk over til messinginstrumenter og fant sin plass p\u00e5 <strong>tuba <\/strong>som 15-\u00e5ring.&nbsp;&nbsp;&nbsp;<\/p>\n<\/div>\n\n\n\n<a class=\"gb-text gb-text-5f3bb1dc\" href=\"https:\/\/ibbss.com\/no\/vare-laerere\/vare-instruktorer-matthew-routley\/\">Les biografi<\/a>\n<\/div>\n\n\n\n<div class=\"gb-element-2a4e891c\">\n<img loading=\"lazy\" decoding=\"async\" width=\"399\" height=\"520\" class=\"gb-media-0a38ac51\" alt=\"\" src=\"http:\/\/www.ibbss.com\/wp-content\/uploads\/2025\/07\/Brett-Baker1.jpg\" title=\"Brett Baker1\">\n\n\n\n<h6 class=\"gb-text\"> Brett Baker <\/h6>\n\n\n\n<div class=\"gb-element-4e09c93b\">\n<p class=\"gb-text\"><strong>Brett Baker<\/strong> er hovedtrombonist i <strong>Black Dyke Band<\/strong> og kliniker for <strong>Michael Rath Trombones<\/strong> og den mest innspilte trombonesolisten i brassbandverdenen.<\/p>\n<\/div>\n\n\n\n<a class=\"gb-text gb-text-9cae0066\" href=\"https:\/\/ibbss.com\/no\/vare-laerere\/vare-laerere-dr-l-brett-baker\/\">Les biografi<\/a>\n<\/div>\n\n\n\n<div class=\"gb-element-597c04d2\">\n<img loading=\"lazy\" decoding=\"async\" width=\"333\" height=\"434\" class=\"gb-media-b94239f0\" alt=\"\" src=\"http:\/\/www.ibbss.com\/wp-content\/uploads\/2025\/07\/Chris-Williams1.jpg\" title=\"Chris Williams1\">\n\n\n\n<h6 class=\"gb-text\">Chris Williams <\/h6>\n\n\n\n<div class=\"gb-element-84e1c7ee\">\n<p class=\"gb-text\"><strong>Christopher Williams<\/strong> er en walisisk pianist, komponist, dirigent og pedagog med en dynamisk karriere som spenner over fremf\u00f8ring, innspilling og undervisning. <\/p>\n<\/div>\n\n\n\n<a class=\"gb-text gb-text-b1c38440\" href=\"https:\/\/ibbss.com\/no\/vare-laerere\/vare-veiledere-chris-williams\/\">Les biografi<\/a>\n<\/div>\n<\/div>\n<\/div>\n","protected":false},"excerpt":{"rendered":"<p>David Barringer MVO MBEKursdirekt\u00f8r David Barringer er en sv\u00e6rt erfaren leder, strategisk planlegger og musikalsk direkt\u00f8r, med en fremragende karriere i milit\u00e6rsektoren. Les biografi Prof. Nicholas Childs Prof. Nicholas Childs er en globalt anerkjent dirigent, euphoniumsolist, produsent og pedagog, bredt feiret for sitt lederskap i messingbandverdenen.&nbsp; Les biografi Richard Marshall Richard Marshall er ansett som &#8230; <a title=\"V\u00e5re l\u00e6rere\" class=\"read-more\" href=\"https:\/\/ibbss.com\/no\/vare-laerere\/\" aria-label=\"Read more about V\u00e5re l\u00e6rere\">Les mer<\/a><\/p>\n","protected":false},"author":5,"featured_media":0,"parent":0,"menu_order":5,"comment_status":"closed","ping_status":"closed","template":"","meta":{"_acf_changed":false,"footnotes":""},"class_list":["post-1331","page","type-page","status-publish"],"acf":[],"_links":{"self":[{"href":"https:\/\/ibbss.com\/no\/wp-json\/wp\/v2\/pages\/1331","targetHints":{"allow":["GET"]}}],"collection":[{"href":"https:\/\/ibbss.com\/no\/wp-json\/wp\/v2\/pages"}],"about":[{"href":"https:\/\/ibbss.com\/no\/wp-json\/wp\/v2\/types\/page"}],"author":[{"embeddable":true,"href":"https:\/\/ibbss.com\/no\/wp-json\/wp\/v2\/users\/5"}],"replies":[{"embeddable":true,"href":"https:\/\/ibbss.com\/no\/wp-json\/wp\/v2\/comments?post=1331"}],"version-history":[{"count":4,"href":"https:\/\/ibbss.com\/no\/wp-json\/wp\/v2\/pages\/1331\/revisions"}],"predecessor-version":[{"id":1950,"href":"https:\/\/ibbss.com\/no\/wp-json\/wp\/v2\/pages\/1331\/revisions\/1950"}],"wp:attachment":[{"href":"https:\/\/ibbss.com\/no\/wp-json\/wp\/v2\/media?parent=1331"}],"curies":[{"name":"wp","href":"https:\/\/api.w.org\/{rel}","templated":true}]}}