{"id":1613,"date":"2025-07-30T11:37:29","date_gmt":"2025-07-30T10:37:29","guid":{"rendered":"https:\/\/ibbss.com\/onze-docenten\/onze-docenten-dr-l-brett-baker\/"},"modified":"2025-11-19T17:46:21","modified_gmt":"2025-11-19T17:46:21","slug":"onze-docenten-dr-l-brett-baker","status":"publish","type":"page","link":"https:\/\/ibbss.com\/nl\/onze-docenten\/onze-docenten-dr-l-brett-baker\/","title":{"rendered":"Onze Docenten &#8211; Dr. L. Brett Baker"},"content":{"rendered":"\n<div class=\"gb-element-a4058368\">\n<div class=\"gb-element-ac7a1dbc\">\n<div>\n<img loading=\"lazy\" decoding=\"async\" width=\"399\" height=\"600\" class=\"gb-media-fe8716a9\" alt=\"\" src=\"http:\/\/www.ibbss.com\/wp-content\/uploads\/2025\/07\/Brett-Baker.jpg\" title=\"Brett Baker\">\n<\/div>\n\n\n\n<div>\n<blockquote class=\"wp-block-quote is-layout-flow wp-block-quote-is-layout-flow\">\n<p><strong>Dr. L. Brett Baker \u2013 trombone Docent en dirigent<\/strong><\/p>\n\n\n\n<p>Dr. L. Brett Baker wordt internationaal erkend als een van de meest vooraanstaande trombonesolisten van zijn generatie. Bekend om zijn expressieve spel, feilloze techniek en pioniersgeest, heeft Brett een wereldwijde reputatie opgebouwd door een opmerkelijk oeuvre van solowerk dat opnames, live optredens en educatieve outreach omvat. <\/p>\n\n\n\n<p>Als gepassioneerd pleitbezorger van nieuwe muziek heeft Brett meer dan <strong>100 solowerken<\/strong> voor de trombone in opdracht gegeven, waarbij hij samenwerkte met vele toonaangevende componisten van onze tijd. Hij is een van de <strong>meest opgenomen koperblazers solisten<\/strong> ter wereld, met meer dan <strong>40 soloalbums<\/strong> op zijn naam, waaronder acht onder zijn eigen label, <em>White River Evocations<\/em>. Hij was te horen als gastsolist op nog eens 40 opnames bij grote brassbands en klassieke labels.  <\/p>\n\n\n\n<p>Bretts solocarri\u00e8re heeft hem door het Verenigd Koninkrijk, Europa, de Verenigde Staten, Australi\u00eb, Zuid-Amerika en Azi\u00eb gevoerd, waar hij optrad in toonaangevende zalen en op festivals, waaronder het <strong>International Trombone Festival<\/strong>, <strong>Trombonanza<\/strong>, en de <strong>American Trombone Workshop<\/strong>. Zijn concertschema omvat tot <strong>50 solo-optredens per jaar<\/strong>, waarbij hij ook masterclasses en workshops geeft over solotechniek en uitvoeringskunst. <\/p>\n\n\n\n<p>Voorheen was Brett 24 jaar lang de eerste trombonist van de legendarische <strong>Black Dyke Band<\/strong>, nu bezet hij de solotrombonepositie bij de <strong>Cory Band<\/strong>, de hoogst gerangschikte brassband van het Verenigd Koninkrijk. Zijn vakmanschap heeft hem onderscheidingen opgeleverd zoals de <strong>British Open Solo Championship titel<\/strong> (driemaal) en de <strong>International Trombone Association&#8217;s President&#8217;s Award<\/strong> in 2020. <\/p>\n\n\n\n<p>Naast zijn optredens is Brett <strong>Sales Director en Global Artist Liaison voor Denis Wick &amp; Alliance Products<\/strong>, en is hij al lange tijd <strong>Artist voor Michael Rath Brass Instruments<\/strong>, met wie hij zijn eigen signature mondstuk heeft ontwikkeld. Als gerespecteerd docent en dirigent is Brett ook voorzitter van de <strong>Association of Brass Band Adjudicators<\/strong> en blijft hij de toekomst van koperblazers be\u00efnvloeden door zijn onderwijs en mentorschap. <\/p>\n<\/blockquote>\n\n\n\n<p class=\"gb-text\">Sinds Brett in 2000 bij <strong>Black Dyke<\/strong> kwam onder leiding van Dr. Nicholas Childs, heeft hij een sleutelrol gespeeld in meerdere grote kampioenschapsoverwinningen en internationale tournees, waarbij hij op meer dan een dozijn opnames van de band te horen is. Hij is ook gastsolist en clinicus geweest in <strong>Noord- en Zuid-Amerika, Europa, Australazi\u00eb<\/strong> en het <strong>Verenigd Koninkrijk<\/strong>, waar hij recitals en masterclasses gaf aan vooraanstaande conservatoria en festivals. &nbsp;<\/p>\n\n\n\n<p class=\"gb-text\">Als gepassioneerd docent geeft Brett les bij de <strong>National Children&#8217;s Brass Band of Great Britain<\/strong> en heeft hij langdurige functies bij jeugdbrass-initiatieven in het Verenigd Koninkrijk en daarbuiten. Als voormalig <strong>voorzitter van de British Trombone Society<\/strong> zet hij zich in voor het uitbreiden van het solorepertoire voor trombone en heeft hij meer dan 30 nieuwe werken in opdracht gegeven van componisten, waaronder <strong>Philip Wilby<\/strong>, <strong>Philip Harper<\/strong> en <strong>Martin Ellerby<\/strong>. &nbsp;<\/p>\n\n\n\n<p class=\"gb-text\">Brett woont in <strong>Cheshire<\/strong> met zijn vrouw Sarah en is steeds actiever als dirigent en jurylid, waarbij hij de toekomst van de brassbandwereld blijft vormgeven door middel van uitvoeringen, educatie en belangenbehartiging.&nbsp;<\/p>\n<\/div>\n<\/div>\n<\/div>\n","protected":false},"excerpt":{"rendered":"<p>Dr. L. Brett Baker \u2013 trombone Docent en dirigent Dr. L. Brett Baker wordt internationaal erkend als een van de meest vooraanstaande trombonesolisten van zijn generatie. Bekend om zijn expressieve spel, feilloze techniek en pioniersgeest, heeft Brett een wereldwijde reputatie opgebouwd door een opmerkelijk oeuvre van solowerk dat opnames, live optredens en educatieve outreach omvat. &#8230; <a title=\"Onze Docenten &#8211; Dr. L. Brett Baker\" class=\"read-more\" href=\"https:\/\/ibbss.com\/nl\/onze-docenten\/onze-docenten-dr-l-brett-baker\/\" aria-label=\"Lees meer over Onze Docenten &#8211; Dr. L. Brett Baker\">Lees meer<\/a><\/p>\n","protected":false},"author":5,"featured_media":0,"parent":1281,"menu_order":0,"comment_status":"closed","ping_status":"closed","template":"","meta":{"_acf_changed":false,"footnotes":""},"class_list":["post-1613","page","type-page","status-publish"],"acf":[],"_links":{"self":[{"href":"https:\/\/ibbss.com\/nl\/wp-json\/wp\/v2\/pages\/1613","targetHints":{"allow":["GET"]}}],"collection":[{"href":"https:\/\/ibbss.com\/nl\/wp-json\/wp\/v2\/pages"}],"about":[{"href":"https:\/\/ibbss.com\/nl\/wp-json\/wp\/v2\/types\/page"}],"author":[{"embeddable":true,"href":"https:\/\/ibbss.com\/nl\/wp-json\/wp\/v2\/users\/5"}],"replies":[{"embeddable":true,"href":"https:\/\/ibbss.com\/nl\/wp-json\/wp\/v2\/comments?post=1613"}],"version-history":[{"count":2,"href":"https:\/\/ibbss.com\/nl\/wp-json\/wp\/v2\/pages\/1613\/revisions"}],"predecessor-version":[{"id":1909,"href":"https:\/\/ibbss.com\/nl\/wp-json\/wp\/v2\/pages\/1613\/revisions\/1909"}],"up":[{"embeddable":true,"href":"https:\/\/ibbss.com\/nl\/wp-json\/wp\/v2\/pages\/1281"}],"wp:attachment":[{"href":"https:\/\/ibbss.com\/nl\/wp-json\/wp\/v2\/media?parent=1613"}],"curies":[{"name":"wp","href":"https:\/\/api.w.org\/{rel}","templated":true}]}}