{"id":1582,"date":"2025-07-30T11:52:26","date_gmt":"2025-07-30T10:52:26","guid":{"rendered":"https:\/\/ibbss.com\/i-nostri-tutor\/i-nostri-tutor-matthew-routley\/"},"modified":"2025-11-19T17:46:34","modified_gmt":"2025-11-19T17:46:34","slug":"i-nostri-tutor-matthew-routley","status":"publish","type":"page","link":"https:\/\/ibbss.com\/it\/i-nostri-tutor\/i-nostri-tutor-matthew-routley\/","title":{"rendered":"I nostri tutor &#8211; Matthew Routley"},"content":{"rendered":"\n<div class=\"gb-element-a4058368\">\n<div class=\"gb-element-ac7a1dbc\">\n<div>\n<img loading=\"lazy\" decoding=\"async\" width=\"600\" height=\"600\" class=\"gb-media-fe8716a9\" alt=\"\" src=\"http:\/\/www.ibbss.com\/wp-content\/uploads\/2025\/07\/Matthew-Routely.jpg\" title=\"Matthew Routley\" srcset=\"https:\/\/ibbss.com\/wp-content\/uploads\/2025\/07\/Matthew-Routely.jpg 600w, https:\/\/ibbss.com\/wp-content\/uploads\/2025\/07\/Matthew-Routely-300x300.jpg 300w, https:\/\/ibbss.com\/wp-content\/uploads\/2025\/07\/Matthew-Routely-100x100.jpg 100w\" sizes=\"auto, (max-width: 600px) 100vw, 600px\" \/>\n<\/div>\n\n\n\n<div>\n<p class=\"gb-text\"><strong>Matthew Routley<\/strong> \u00e8 nato a <strong>Tredegar<\/strong>, nel Galles del Sud, ed \u00e8 cresciuto ad <strong>Abergavenny<\/strong>, dove ha iniziato il suo percorso musicale all&#8217;et\u00e0 di sette anni con il pianoforte, prima di passare agli ottoni e trovare la sua vocazione con il <strong>tuba<\/strong> all&#8217;et\u00e0 di 15 anni. Ha ricevuto una prima guida da Alun F. Williams ed Eric Powell, e ha continuato a suonare con la <strong>Gwent Youth Brass Band<\/strong>, la <strong>National Youth Brass Band of Wales<\/strong> e la <strong>National Youth Brass Band of Great Britain<\/strong>.  <\/p>\n\n\n\n<p class=\"gb-text\">Matthew ha studiato musica all&#8217;<strong>Huddersfield University<\/strong>, imparando sotto la guida di Stuart Roebuck, e ha iniziato la sua carriera bandistica con la <strong>Sellers Engineering Band<\/strong> prima di entrare nella <strong>Yorkshire Building Society Band<\/strong> nel 1994. Nel 1995, \u00e8 entrato a far parte della <g id=\"gid_3\">Black Dyke Band<\/g>, dove ha goduto di una illustre carriera che dura da oltre 25 anni. I momenti salienti includono la vittoria di numerosi titoli nazionali &#8220;double&#8221; e &#8220;triple&#8221; championship, e l&#8217;esibizione in luoghi di fama mondiale come la <strong>Sydney Opera House<\/strong>, la <strong>Tokyo Metropolitan Hall<\/strong> e il <strong>KKL Lucerne<\/strong>.  &nbsp;<\/p>\n\n\n\n<p class=\"gb-text\">Profondamente impegnato nella musica giovanile, Matthew \u00e8 <strong>Tuba Tutor<\/strong> per la <strong>National Children\u2019s Brass Band of Great Britain<\/strong>, cos\u00ec come per le <strong>Yorkshire<\/strong> e <strong>Gwent Youth Brass Bands<\/strong>. Oltre ai suoi impegni musicali, insegna <strong>Music and Performing Arts<\/strong> presso <strong>The Sixth Form, Bolton<\/strong>, e si gode la vita familiare e la socializzazione nel suo tempo libero. &nbsp;&nbsp;<\/p>\n<\/div>\n<\/div>\n<\/div>\n","protected":false},"excerpt":{"rendered":"<p>Matthew Routley \u00e8 nato a Tredegar, nel Galles del Sud, ed \u00e8 cresciuto ad Abergavenny, dove ha iniziato il suo percorso musicale all&#8217;et\u00e0 di sette anni con il pianoforte, prima di passare agli ottoni e trovare la sua vocazione con il tuba all&#8217;et\u00e0 di 15 anni. Ha ricevuto una prima guida da Alun F. Williams &#8230; <a title=\"I nostri tutor &#8211; Matthew Routley\" class=\"read-more\" href=\"https:\/\/ibbss.com\/it\/i-nostri-tutor\/i-nostri-tutor-matthew-routley\/\" aria-label=\"Per saperne di pi\u00f9 su I nostri tutor &#8211; Matthew Routley\">Leggi tutto<\/a><\/p>\n","protected":false},"author":5,"featured_media":0,"parent":1245,"menu_order":0,"comment_status":"closed","ping_status":"closed","template":"","meta":{"_acf_changed":false,"footnotes":""},"class_list":["post-1582","page","type-page","status-publish"],"acf":[],"_links":{"self":[{"href":"https:\/\/ibbss.com\/it\/wp-json\/wp\/v2\/pages\/1582","targetHints":{"allow":["GET"]}}],"collection":[{"href":"https:\/\/ibbss.com\/it\/wp-json\/wp\/v2\/pages"}],"about":[{"href":"https:\/\/ibbss.com\/it\/wp-json\/wp\/v2\/types\/page"}],"author":[{"embeddable":true,"href":"https:\/\/ibbss.com\/it\/wp-json\/wp\/v2\/users\/5"}],"replies":[{"embeddable":true,"href":"https:\/\/ibbss.com\/it\/wp-json\/wp\/v2\/comments?post=1582"}],"version-history":[{"count":2,"href":"https:\/\/ibbss.com\/it\/wp-json\/wp\/v2\/pages\/1582\/revisions"}],"predecessor-version":[{"id":1930,"href":"https:\/\/ibbss.com\/it\/wp-json\/wp\/v2\/pages\/1582\/revisions\/1930"}],"up":[{"embeddable":true,"href":"https:\/\/ibbss.com\/it\/wp-json\/wp\/v2\/pages\/1245"}],"wp:attachment":[{"href":"https:\/\/ibbss.com\/it\/wp-json\/wp\/v2\/media?parent=1582"}],"curies":[{"name":"wp","href":"https:\/\/api.w.org\/{rel}","templated":true}]}}