{"id":1398,"date":"2025-07-30T11:27:21","date_gmt":"2025-07-30T10:27:21","guid":{"rendered":"https:\/\/ibbss.com\/i-nostri-tutor\/i-nostri-tutor-gary-curtin\/"},"modified":"2025-11-19T17:46:21","modified_gmt":"2025-11-19T17:46:21","slug":"i-nostri-tutor-gary-curtin","status":"publish","type":"page","link":"https:\/\/ibbss.com\/it\/i-nostri-tutor\/i-nostri-tutor-gary-curtin\/","title":{"rendered":"I nostri tutor &#8211; Gary Curtin"},"content":{"rendered":"\n<div class=\"gb-element-a4058368\">\n<div class=\"gb-element-ac7a1dbc\">\n<div>\n<img loading=\"lazy\" decoding=\"async\" width=\"768\" height=\"512\" class=\"gb-media-fe8716a9\" alt=\"\" src=\"http:\/\/www.ibbss.com\/wp-content\/uploads\/2025\/07\/Gary-Curtain.jpg\" title=\"Gary Curtin\" srcset=\"https:\/\/ibbss.com\/wp-content\/uploads\/2025\/07\/Gary-Curtain.jpg 768w, https:\/\/ibbss.com\/wp-content\/uploads\/2025\/07\/Gary-Curtain-600x400.jpg 600w\" sizes=\"auto, (max-width: 768px) 100vw, 768px\" \/>\n<\/div>\n\n\n\n<div>\n<p class=\"gb-text\"><strong>Gary Curtin<\/strong> \u00e8 nato a Cork City, in Irlanda. Ha iniziato a suonare il baritono all&#8217;et\u00e0 di 12 anni e nel 1996 \u00e8 passato all&#8217;euphonium. Dopo il passaggio all&#8217;euphonium, si \u00e8 innamorato del suono dello strumento e si \u00e8 convinto sempre pi\u00f9 di voler dedicare il suo tempo a svilupparsi come musicista e strumentista.  &nbsp;<\/p>\n\n\n\n<p>Gary \u00e8 stato il primo suonatore di euphonium a studiare a livello universitario presso la Cork School of Music, e ha continuato a studiare anche a livello di master. Durante il suo periodo alla Cork School of Music, gli \u00e8 stato anche assegnato il Yamaha Solo Prize.  <br\/><br\/>Trasferirsi nel Regno Unito \u00e8 stata una grande decisione per Gary, ma il suo desiderio di suonare a un livello pi\u00f9 alto con il suo strumento ha avuto la meglio e nel 2005 si \u00e8 trasferito a Manchester. Mentre studiava per un anno al RNCM sotto la guida di Steven Mead, Gary ha iniziato a immergersi nella scena delle brass band e ha suonato l&#8217;euphonium solista con la Wingates Band e la Fairey (Geneva) Band prima di passare al ruolo di Principal Euphonium presso la Black Dyke Band.  <\/p>\n\n\n\n<p>Ha ricevuto il Geoff Whitham Memorial Award per il &#8216;Miglior Euphonium&#8217; ai British Open Championships del 2010 presso la Birmingham Symphony Hall. <br\/>Gary ha anche maturato una certa esperienza orchestrale sia con l&#8217;euphonium che con la tromba bassa, avendo eseguito il Ring Cycle di Wagner in due occasioni, nonch\u00e9 la maggior parte del repertorio orchestrale per euphonium.<\/p>\n<\/div>\n<\/div>\n<\/div>\n","protected":false},"excerpt":{"rendered":"<p>Gary Curtin \u00e8 nato a Cork City, in Irlanda. Ha iniziato a suonare il baritono all&#8217;et\u00e0 di 12 anni e nel 1996 \u00e8 passato all&#8217;euphonium. Dopo il passaggio all&#8217;euphonium, si \u00e8 innamorato del suono dello strumento e si \u00e8 convinto sempre pi\u00f9 di voler dedicare il suo tempo a svilupparsi come musicista e strumentista. &nbsp; &#8230; <a title=\"I nostri tutor &#8211; Gary Curtin\" class=\"read-more\" href=\"https:\/\/ibbss.com\/it\/i-nostri-tutor\/i-nostri-tutor-gary-curtin\/\" aria-label=\"Per saperne di pi\u00f9 su I nostri tutor &#8211; Gary Curtin\">Leggi tutto<\/a><\/p>\n","protected":false},"author":5,"featured_media":0,"parent":1245,"menu_order":0,"comment_status":"closed","ping_status":"closed","template":"","meta":{"_acf_changed":false,"footnotes":""},"class_list":["post-1398","page","type-page","status-publish"],"acf":[],"_links":{"self":[{"href":"https:\/\/ibbss.com\/it\/wp-json\/wp\/v2\/pages\/1398","targetHints":{"allow":["GET"]}}],"collection":[{"href":"https:\/\/ibbss.com\/it\/wp-json\/wp\/v2\/pages"}],"about":[{"href":"https:\/\/ibbss.com\/it\/wp-json\/wp\/v2\/types\/page"}],"author":[{"embeddable":true,"href":"https:\/\/ibbss.com\/it\/wp-json\/wp\/v2\/users\/5"}],"replies":[{"embeddable":true,"href":"https:\/\/ibbss.com\/it\/wp-json\/wp\/v2\/comments?post=1398"}],"version-history":[{"count":2,"href":"https:\/\/ibbss.com\/it\/wp-json\/wp\/v2\/pages\/1398\/revisions"}],"predecessor-version":[{"id":1908,"href":"https:\/\/ibbss.com\/it\/wp-json\/wp\/v2\/pages\/1398\/revisions\/1908"}],"up":[{"embeddable":true,"href":"https:\/\/ibbss.com\/it\/wp-json\/wp\/v2\/pages\/1245"}],"wp:attachment":[{"href":"https:\/\/ibbss.com\/it\/wp-json\/wp\/v2\/media?parent=1398"}],"curies":[{"name":"wp","href":"https:\/\/api.w.org\/{rel}","templated":true}]}}