{"id":1983,"date":"2025-12-04T13:39:23","date_gmt":"2025-12-04T13:39:23","guid":{"rendered":"https:\/\/ibbss.com\/?page_id=1983"},"modified":"2025-12-04T13:39:40","modified_gmt":"2025-12-04T13:39:40","slug":"foire-aux-questions-des-participants-faq","status":"publish","type":"page","link":"https:\/\/ibbss.com\/fr\/foire-aux-questions-des-participants-faq\/","title":{"rendered":"Foire aux questions des participants (FAQ)"},"content":{"rendered":"\n<div class=\"gb-element-6c790050\">\n<div class=\"gb-element-c17d5481\">\n<h1 class=\"wp-block-heading has-base-3-color has-text-color has-link-color has-x-large-font-size wp-elements-ad3f1845ceaedcb584d3f3fff6e31f0a\">IBBSS <strong>\u00c9cole d&rsquo;\u00e9t\u00e9 2026<\/strong><\/h1>\n\n\n\n<h3 class=\"wp-block-heading has-base-2-color has-text-color has-link-color wp-elements-1dee51c1e769b54f01de3ea7a70b39ee\">Lieu : <strong>Swansea, sud du Pays de Galles<\/strong><\/h3>\n\n\n\n<h3 class=\"wp-block-heading has-base-2-color has-text-color has-link-color wp-elements-b8808fe607ddf72a0efa0212481c6b88\"><strong>Date :<\/strong> Du dimanche 26 juillet au samedi 1er ao\u00fbt<\/h3>\n\n\n\n<a class=\"gb-text gb-text-f2b84e6a\" href=\"\">R\u00e9servez MAINTENANT<\/a>\n<\/div>\n<\/div>\n\n<div class=\"gbp-section gb-element-472b84e0\">\n<h2 class=\"wp-block-heading\"><strong>Foire aux questions pour IBBSS (FAQ)<\/strong><\/h2>\n\n\n\n<figure class=\"wp-block-image\"><img loading=\"lazy\" decoding=\"async\" width=\"80\" height=\"83\" src=\"https:\/\/ibbss.com\/wp-content\/uploads\/2025\/12\/GENEVA-FOUNDATION-ICON-FINAL-e1764854640745.jpg\" alt=\"\" class=\"wp-image-1977\"\/><\/figure>\n\n\n\n<h2 class=\"wp-block-heading\"><strong>1. <a href=\"https:\/\/ibbss.com\/fr\/cours-de-2026\/formulaire-de-reservation-early-bird\/\" data-type=\"page\" data-id=\"761\">Inscription<\/a>, paiements et communication<\/strong><\/h2>\n\n\n\n<p><strong>Comment puis-je m&rsquo;inscrire et payer le cours ?<\/strong><\/p>\n\n\n\n<p>Toutes les inscriptions doivent \u00eatre effectu\u00e9es en ligne via le portail de r\u00e9servation IBBSS. Un acompte (par carte de cr\u00e9dit ou de d\u00e9bit) est requis pour garantir votre place.<br\/>Vous recevrez un e-mail de confirmation une fois votre inscription trait\u00e9e dans les 48 heures. <\/p>\n\n\n\n<p><strong>Quelles sont les options de paiement \u00e9chelonn\u00e9 disponibles ?<\/strong><\/p>\n\n\n\n<p>Les participants peuvent choisir parmi deux m\u00e9thodes de paiement :<\/p>\n\n\n\n<ol class=\"wp-block-list\">\n<li>Payer en totalit\u00e9<\/li>\n<\/ol>\n\n\n\n<p>Vous pouvez payer l&rsquo;int\u00e9gralit\u00e9 du cours au moment de l&rsquo;inscription.<\/p>\n\n\n\n<ul class=\"wp-block-list\">\n<li>Options de plan de paiement<\/li>\n<\/ul>\n\n\n\n<p> Vous pouvez s\u00e9lectionner un plan de paiement \u00e9chelonn\u00e9 lors du paiement.<\/p>\n\n\n\n<p>Le portail de r\u00e9servation pr\u00e9sentera les options de paiement disponibles et r\u00e9partira automatiquement les paiements pour vous. Le syst\u00e8me affichera \u00e9galement : <\/p>\n\n\n\n<ul class=\"wp-block-list\">\n<li>Dates des versements<\/li>\n\n\n\n<li>Montants dus<\/li>\n\n\n\n<li>Coordonn\u00e9es bancaires de r\u00e9ception IBBSS (le cas \u00e9ch\u00e9ant)<\/li>\n<\/ul>\n\n\n\n<p><em>Ces options garantissent la flexibilit\u00e9 tout en permettant \u00e0 IBBSS de confirmer les r\u00e9servations aupr\u00e8s des fournisseurs \u00e0 des \u00e9tapes cl\u00e9s.<\/em><em><\/em><\/p>\n\n\n\n<p><strong>Je suis un participant international. Vais-je toujours encourir des frais de virement ? <\/strong><\/p>\n\n\n\n<p>IBBSS utilise d\u00e9sormais <strong>Stripe<\/strong> pour tous les paiements entrants. Cela permet aux participants internationaux de payer par carte, portefeuille num\u00e9rique ou virement bancaire sans frais de virement suppl\u00e9mentaires factur\u00e9s par notre banque (les conversions de taux de change habituelles s&rsquo;appliquent toujours). <\/p>\n\n\n\n<p><strong>Quelles informations vais-je recevoir avant le cours ?<\/strong><\/p>\n\n\n\n<p>Vous recevrez un pack num\u00e9rique pour les participants, qui comprend :<\/p>\n\n\n\n<ul class=\"wp-block-list\">\n<li>Programme complet<\/li>\n\n\n\n<li>Plans des lieux<\/li>\n\n\n\n<li>Liste du r\u00e9pertoire<\/li>\n\n\n\n<li>Liste du mat\u00e9riel<\/li>\n\n\n\n<li>Informations sur les voyages et l&rsquo;h\u00e9bergement<\/li>\n\n\n\n<li>D\u00e9tails de l&rsquo;arriv\u00e9e<\/li>\n\n\n\n<li>Tout guide de pr\u00e9paration avant le cours<\/li>\n<\/ul>\n\n\n\n<p><em>Des mises \u00e0 jour suppl\u00e9mentaires seront envoy\u00e9es par e-mail ou publi\u00e9es sur le site Web.<\/em><em><\/em><\/p>\n\n\n\n<p><strong>Qui dois-je contacter pour les changements de derni\u00e8re minute ?<\/strong><\/p>\n\n\n\n<ul class=\"wp-block-list\">\n<li><strong>\u00c9quipe administrative d&rsquo;IBBSS :<\/strong> 01642 714464<\/li>\n\n\n\n<li><strong>E-mail :<\/strong> registration@ibbss.com<\/li>\n<\/ul>\n\n\n\n<p><strong>Appels d&rsquo;urgence<\/strong><\/p>\n\n\n\n<p>Pendant l&rsquo;IBBSS, les participants seront en r\u00e9p\u00e9titions et en sessions o\u00f9 les t\u00e9l\u00e9phones portables doivent \u00eatre \u00e9teints. Pour cette raison, un num\u00e9ro de t\u00e9l\u00e9phone r\u00e9serv\u00e9 aux urgences sera fourni dans le pack du participant. <\/p>\n\n\n\n<p>Les participants peuvent partager ce num\u00e9ro avec leur famille ou leurs contacts \u00e0 domicile uniquement en cas d&rsquo;urgence (y compris pendant les heures de silence). Cela garantit que les messages critiques peuvent atteindre l&rsquo;\u00e9quipe administrative, qui transmettra rapidement les informations aux participants. <br\/><br\/><\/p>\n\n\n\n<h2 class=\"wp-block-heading\"><strong>2. Options d&rsquo;h\u00e9bergement pour les participants (r\u00e9vis\u00e9)<\/strong><\/h2>\n\n\n\n<p>IBBSS propose trois options d&rsquo;h\u00e9bergement afin que les participants puissent choisir le niveau de confort, de co\u00fbt et de commodit\u00e9 qui leur convient le mieux.<\/p>\n\n\n\n<p><strong>1. H\u00e9bergement universitaire \u2013 D\u00eener, nuit et petit-d\u00e9jeuner (chambre individuelle)<\/strong><\/p>\n\n\n\n<p>Les participants peuvent s\u00e9journer dans <strong>les chambres individuelles avec salle de bains de l&rsquo;universit\u00e9 de Swansea<\/strong> sur le campus de Singleton.<\/p>\n\n\n\n<p>Cette option comprend :<\/p>\n\n\n\n<ul class=\"wp-block-list\">\n<li>D\u00eener, nuit et petit-d\u00e9jeuner<\/li>\n\n\n\n<li>Chambre individuelle priv\u00e9e avec salle de bains<\/li>\n\n\n\n<li>Cuisine commune<\/li>\n\n\n\n<li>Courte distance de marche des lieux du cours<\/li>\n\n\n\n<li>Chambres accessibles aux personnes handicap\u00e9es disponibles<\/li>\n<\/ul>\n\n\n\n<p><strong>2. H\u00f4tels recommand\u00e9s \u2013 D\u00eener uniquement + navette facultative<\/strong><\/p>\n\n\n\n<p>Les participants peuvent choisir l&rsquo;un des h\u00f4tels recommand\u00e9s par IBBSS.<br\/>Ces h\u00f4tels offrent un bon rapport qualit\u00e9-prix, ont \u00e9t\u00e9 \u00e9valu\u00e9s par l&rsquo;\u00e9quipe IBBSS et se trouvent \u00e0 distance de marche du lieu.<\/p>\n\n\n\n<p>Cette option comprend :<\/p>\n\n\n\n<ul class=\"wp-block-list\">\n<li>Repas du soir avec tous les participants<\/li>\n\n\n\n<li>Service de navette facultatif pour ceux qui pr\u00e9f\u00e8rent ne pas marcher<\/li>\n\n\n\n<li>Libert\u00e9 de :<\/li>\n<\/ul>\n\n\n\n<ul class=\"wp-block-list\">\n<li>Partager des chambres pour r\u00e9duire les co\u00fbts, ou\n<ul class=\"wp-block-list\">\n<li>Passer \u00e0 des h\u00f4tels, Airbnb ou B&amp;B locaux<\/li>\n<\/ul>\n<\/li>\n<\/ul>\n\n\n\n<p>Les participants organisent leur propre petit-d\u00e9jeuner en fonction de l&rsquo;h\u00e9bergement qu&rsquo;ils choisissent.<\/p>\n\n\n\n<p><strong>3. H\u00e9bergement choisi par soi-m\u00eame \u2013 D\u00eener uniquement (pas de navette fournie)<\/strong><\/p>\n\n\n\n<p>Les participants peuvent r\u00e9server n&rsquo;importe quel h\u00e9bergement ne figurant pas sur la liste recommand\u00e9e, y compris Airbnb, maisons d&rsquo;h\u00f4tes, campings, s\u00e9jours en famille ou h\u00f4tels haut de gamme plus \u00e9loign\u00e9s.<\/p>\n\n\n\n<p>Cette option comprend :<\/p>\n\n\n\n<ul class=\"wp-block-list\">\n<li><strong>Repas du soir avec tous les participants<\/strong><\/li>\n\n\n\n<li>Participation compl\u00e8te \u00e0 toutes les activit\u00e9s du cours<\/li>\n<\/ul>\n\n\n\n<p>Cette option n&rsquo;inclut pas le transport par navette, et les participants doivent organiser leur propre voyage vers et depuis le lieu.<\/p>\n\n\n\n<p><strong>Stationnement<\/strong><\/p>\n\n\n\n<p><strong>Un stationnement est-il disponible sur le lieu ?<\/strong><\/p>\n\n\n\n<p>Le stationnement sur les sites universitaires et municipaux reste limit\u00e9.<br\/>L&rsquo;\u00e9quipe IBBSS travaille activement avec les autorit\u00e9s locales pour obtenir des options de stationnement \u00e0 faible co\u00fbt ou gratuites. Les d\u00e9tails finaux seront inclus dans le pack num\u00e9rique du participant. <\/p>\n\n\n\n<p><strong>Coh\u00e9sion du cours<\/strong><\/p>\n\n\n\n<p><strong>Les nouvelles options d&rsquo;h\u00e9bergement affecteront-elles l&rsquo;unit\u00e9 du cours ?<\/strong><\/p>\n\n\n\n<p>Non. Les repas du soir et les activit\u00e9s sociales restent au c\u0153ur de l&rsquo;exp\u00e9rience IBBSS, et tous les participants d\u00eenent ensemble. Un centre social d\u00e9di\u00e9 sera \u00e9galement ouvert chaque soir.  <\/p>\n\n\n\n<p><strong>La distance de mon h\u00f4tel limitera-t-elle la participation ?<\/strong><\/p>\n\n\n\n<p>Les h\u00f4tels pris en charge sont tous situ\u00e9s \u00e0 moins de 15 minutes \u00e0 pied.<br\/>La navette IBBSS circule :<\/p>\n\n\n\n<ul class=\"wp-block-list\">\n<li>Avant les sessions du matin<\/li>\n\n\n\n<li>Apr\u00e8s les derni\u00e8res activit\u00e9s programm\u00e9es<\/li>\n\n\n\n<li>Apr\u00e8s l&rsquo;heure de fermeture du centre social<\/li>\n<\/ul>\n\n\n\n<h2 class=\"wp-block-heading\"><strong>3. Nourriture et restauration<\/strong><\/h2>\n\n\n\n<p><strong>Quelles am\u00e9liorations ont \u00e9t\u00e9 apport\u00e9es \u00e0 la restauration ?<\/strong><\/p>\n\n\n\n<p>Les repas seront fournis par un traiteur prim\u00e9 utilisant une salle \u00e0 manger d\u00e9di\u00e9e. Les r\u00e9gimes v\u00e9g\u00e9tariens, v\u00e9g\u00e9taliens, sans gluten et autres exigences sont enti\u00e8rement pris en charge\u00a0; veuillez les pr\u00e9ciser lors de l&rsquo;inscription. <\/p>\n\n\n\n<p><strong>Les participants mangeront-ils toujours ensemble ?<\/strong><\/p>\n\n\n\n<p>Oui. Les repas partag\u00e9s restent un \u00e9l\u00e9ment important de l&rsquo;exp\u00e9rience du cours. <\/p>\n\n\n\n<p><strong>Pourquoi le d\u00e9jeuner n&rsquo;est-il pas fourni ?<\/strong><\/p>\n\n\n\n<p>Les commentaires des participants \u00e0 l&rsquo;IBBSS ont montr\u00e9 que la plupart des gens pr\u00e9f\u00e8rent la libert\u00e9 de choisir leurs propres options de d\u00e9jeuner. Avec le nouveau lieu situ\u00e9 \u00e0 proximit\u00e9 du centre-ville, de nombreux participants appr\u00e9cient la possibilit\u00e9 de sortir, de profiter d&rsquo;une pause et d&rsquo;explorer un large \u00e9ventail de caf\u00e9s, de restaurants et de boutiques \u00e0 leur propre rythme et selon leur budget.  <\/p>\n\n\n\n<p>Pour ceux qui pr\u00e9f\u00e8rent rester \u00e0 l&rsquo;int\u00e9rieur du b\u00e2timent, le lieu comprend \u00e9galement des installations de restauration sur place, offrant des boissons, des collations l\u00e9g\u00e8res et des options de d\u00e9jeuner.<\/p>\n\n\n\n<p>Cette approche flexible permet \u00e0 chacun de choisir ce qui lui convient le mieux tout en r\u00e9duisant les co\u00fbts globaux du cours.<\/p>\n\n\n\n<p><strong>Des rafra\u00eechissements sont-ils disponibles pendant la journ\u00e9e ?<\/strong><\/p>\n\n\n\n<p>Oui. Du th\u00e9, du caf\u00e9 et des rafra\u00eechissements l\u00e9gers sont disponibles pendant les pauses programm\u00e9es.<br\/>Les caf\u00e9s et boutiques \u00e0 proximit\u00e9 offrent des options suppl\u00e9mentaires. <\/p>\n\n\n\n<h2 class=\"wp-block-heading\"><strong>4. Contenu et structure du cours<\/strong><\/h2>\n\n\n\n<p><strong>Le contenu du cours a-t-il chang\u00e9 cette ann\u00e9e ?<\/strong><\/p>\n\n\n\n<p>Le format de base de l&rsquo;IBBSS reste le m\u00eame, mais les am\u00e9liorations comprennent :<\/p>\n\n\n\n<ul class=\"wp-block-list\">\n<li>Masterclasses \u00e9largies<\/li>\n\n\n\n<li>Plus de sessions d&rsquo;apr\u00e8s-midi facultatives<\/li>\n\n\n\n<li>Possibilit\u00e9s suppl\u00e9mentaires de coaching individuel<\/li>\n<\/ul>\n\n\n\n<p><strong>L&rsquo;accent est-il mis sur des styles musicaux particuliers ?<\/strong><\/p>\n\n\n\n<p>Le r\u00e9pertoire continue d&rsquo;\u00e9quilibrer :<\/p>\n\n\n\n<ul class=\"wp-block-list\">\n<li>Musique traditionnelle de fanfare<\/li>\n\n\n\n<li>\u0152uvres contemporaines<\/li>\n\n\n\n<li>Pi\u00e8ces plus l\u00e9g\u00e8res et de divertissement<\/li>\n<\/ul>\n\n\n\n<p><strong>Y aura-t-il du nouveau mat\u00e9riel pour les participants de retour ?<\/strong><\/p>\n\n\n\n<p>Oui. Chaque ann\u00e9e introduit un nouveau r\u00e9pertoire, des tuteurs invit\u00e9s et des th\u00e8mes d&rsquo;atelier. <\/p>\n\n\n\n<p><strong>Y a-t-il des possibilit\u00e9s de performance ?<\/strong><\/p>\n\n\n\n<p>Oui. Les participants se produisent dans : <\/p>\n\n\n\n<ul class=\"wp-block-list\">\n<li>\u00c9v\u00e9nement de divertissement Brass in Concert<\/li>\n\n\n\n<li>Concert de gala final<\/li>\n\n\n\n<li>Possibilit\u00e9s facultatives de solo\/ensemble<\/li>\n<\/ul>\n\n\n\n<p><strong>\u00c9v\u00e9nement suppl\u00e9mentaire \u2013 Masterclass de cuivres aigus et de cuivres graves (1er ao\u00fbt)<\/strong><\/p>\n\n\n\n<p><strong>Qu&rsquo;est-ce que l&rsquo;\u00e9v\u00e9nement Masterclass du 1er ao\u00fbt ?<\/strong><\/p>\n\n\n\n<p>IBBSS organisera une masterclass sp\u00e9ciale d&rsquo;une journ\u00e9e pour les cuivres aigus et les cuivres graves le 1er ao\u00fbt, anim\u00e9e par nos tuteurs experts. Cet \u00e9v\u00e9nement offre un d\u00e9veloppement technique cibl\u00e9, des possibilit\u00e9s d&rsquo;ensemble et un coaching en petits groupes. <\/p>\n\n\n\n<p><strong>Combien cela co\u00fbte-t-il pour les participants \u00e0 l&rsquo;IBBSS ?<\/strong><\/p>\n\n\n\n<p>Il existe deux options de prix en fonction de votre choix d&rsquo;h\u00e9bergement :<\/p>\n\n\n\n<p>1. Participants au forfait h\u00e9bergement universitaire. Les personnes inscrites au cours principal avec un forfait h\u00e9bergement universitaire (d\u00eener, nuit et petit-d\u00e9jeuner) peuvent assister \u00e0 la masterclass pour 199 \u00a3. Cela comprend :  <\/p>\n\n\n\n<p>\u2022 Entr\u00e9e \u00e0 la masterclass<\/p>\n\n\n\n<p>\u2022 1 nuit d&rsquo;h\u00e9bergement universitaire (31 juillet ou 1er ao\u00fbt selon le calendrier)<\/p>\n\n\n\n<p>\u2022 Petit-d\u00e9jeuner et d\u00e9jeuner inclus<\/p>\n\n\n\n<p>2. Participants choisissant un h\u00e9bergement organis\u00e9 par eux-m\u00eames<\/p>\n\n\n\n<p>Les participants s\u00e9journant dans un h\u00e9bergement r\u00e9serv\u00e9 par eux-m\u00eames peuvent assister \u00e0 la masterclass pour 99 \u00a3.<\/p>\n\n\n\n<p>Cela comprend un acc\u00e8s complet aux sessions, ateliers et activit\u00e9s d&rsquo;ensemble de la journ\u00e9e.<\/p>\n\n\n\n<p>Qui peut participer ?<\/p>\n\n\n\n<p>Tous les participants \u00e0 l&rsquo;IBBSS sont les bienvenus, quel que soit leur niveau de jeu. Des places peuvent \u00eatre ouvertes au public si la capacit\u00e9 le permet. <\/p>\n\n\n\n<p><strong>Comment puis-je m&rsquo;inscrire ?<\/strong><\/p>\n\n\n\n<p>Tous les d\u00e9tails et un lien de r\u00e9servation seront disponibles sur le site Web de l&rsquo;IBBSS et inclus dans les communications aux participants.<\/p>\n\n\n\n<p><strong>Les non-participants peuvent-ils assister aux repr\u00e9sentations ?<\/strong><\/p>\n\n\n\n<p>Oui. La pr\u00e9sence du public est autoris\u00e9e pour les concerts et certains \u00e9v\u00e9nements en soir\u00e9e.<br\/>Les d\u00e9tails du lieu et des billets seront publi\u00e9s \u00e0 l&rsquo;approche de l&rsquo;\u00e9v\u00e9nement. <\/p>\n\n\n\n<h2 class=\"wp-block-heading\"><strong>5. Niveau de jeu des participants et conseils g\u00e9n\u00e9raux<\/strong><\/h2>\n\n\n\n<p><strong>Quel niveau de jeu est attendu ?<\/strong><\/p>\n\n\n\n<p>IBBSS accueille des musiciens de tous niveaux, offrant :<\/p>\n\n\n\n<ul class=\"wp-block-list\">\n<li>Un environnement favorable et sans jugement<\/li>\n\n\n\n<li>Des places appropri\u00e9es et stimulantes dans les ensembles<\/li>\n\n\n\n<li>Des ensembles adapt\u00e9s aux d\u00e9butants et au d\u00e9veloppement<\/li>\n\n\n\n<li>Des possibilit\u00e9s de progresser \u00e0 votre propre rythme<\/li>\n<\/ul>\n\n\n\n<p><strong>Quel soutien pratique est disponible ?<\/strong><\/p>\n\n\n\n<p>Les tuteurs fournissent :<\/p>\n\n\n\n<ul class=\"wp-block-list\">\n<li>Des le\u00e7ons individuelles<\/li>\n\n\n\n<li>Des r\u00e9p\u00e9titions de section<\/li>\n\n\n\n<li>Des conseils sur les positions assises appropri\u00e9es<\/li>\n\n\n\n<li>Un mentorat tout au long de la semaine<\/li>\n<\/ul>\n\n\n\n<p><strong>Je ne suis pas s\u00fbr que mes capacit\u00e9s soient appropri\u00e9es, que dois-je faire ?<\/strong><\/p>\n\n\n\n<p>Contactez l&rsquo;\u00e9quipe IBBSS avant de vous inscrire pour obtenir des conseils personnalis\u00e9s.<\/p>\n\n\n\n<p><strong>Quel soutien est offert aux participants d\u00e9butants ?<\/strong><\/p>\n\n\n\n<p>Les nouveaux participants sont chaleureusement accueillis. Un mentor (participant exp\u00e9riment\u00e9) peut \u00eatre affect\u00e9 si vous le souhaitez. <\/p>\n\n\n\n<p><strong>Puis-je emprunter un instrument ?<\/strong><\/p>\n\n\n\n<p>Les participants doivent apporter leurs propres instruments. Cependant, pour les joueurs de tuba \u00e9trangers, IBBSS peut vous aider \u00e0 identifier les fournisseurs de location \u00e0 court terme. Veuillez vous renseigner bien \u00e0 l&rsquo;avance.  <\/p>\n\n\n\n<p><strong>Comment puis-je me pr\u00e9parer au mieux avant d&rsquo;arriver ?<\/strong><\/p>\n\n\n\n<ul class=\"wp-block-list\">\n<li><strong>Rafra\u00eechissez votre jeu<\/strong> \u2013 d\u00e9veloppez votre endurance et votre confiance<\/li>\n\n\n\n<li><strong>V\u00e9rifiez votre instrument<\/strong> \u2013 assurez-vous que les pistons, les coulisses, les sourdines et les accessoires sont en bon \u00e9tat de fonctionnement<\/li>\n\n\n\n<li><strong>Apportez votre propre pupitre<\/strong> (obligatoire)<\/li>\n\n\n\n<li><strong>Passez en revue le r\u00e9pertoire<\/strong> une fois publi\u00e9<\/li>\n\n\n\n<li><strong>Emportez des v\u00eatements appropri\u00e9s<\/strong> \u2013 y compris une tenue de concert<\/li>\n\n\n\n<li><strong>Passez en revue les d\u00e9tails du voyage et de l&rsquo;h\u00e9bergement<\/strong> \u00e0 l&rsquo;avance<\/li>\n\n\n\n<li><strong>Soyez pr\u00eat \u00e0 vous engager<\/strong> avec les tuteurs et les autres musiciens<\/li>\n<\/ul>\n\n\n\n<h2 class=\"wp-block-heading\"><strong>6. Bien-\u00eatre et accessibilit\u00e9<\/strong><\/h2>\n\n\n\n<p><strong>Que faire si j&rsquo;ai des besoins alimentaires, m\u00e9dicaux ou d&rsquo;accessibilit\u00e9 ?<\/strong><\/p>\n\n\n\n<p>Veuillez noter toutes les exigences lors de l&rsquo;inscription. IBBSS traite ces informations de mani\u00e8re confidentielle et s&rsquo;assure que tous les arrangements sont en place avant l&rsquo;arriv\u00e9e. <\/p>\n\n\n\n<p><strong>Une assistance m\u00e9dicale est-elle disponible ?<\/strong><\/p>\n\n\n\n<p>Les premiers soins de base sont disponibles sur place. Les installations locales du NHS sont \u00e0 proximit\u00e9, et le personnel peut vous aider avec le transport ou les arrangements si n\u00e9cessaire. <\/p>\n\n\n\n<p><strong>Le lieu est-il accessible aux personnes \u00e0 mobilit\u00e9 r\u00e9duite ?<\/strong><\/p>\n\n\n\n<p>Oui. Tous les espaces cl\u00e9s (h\u00e9bergement, salles de classe, lieux de spectacle) sont accessibles par des rampes ou des ascenseurs. Des chambres adapt\u00e9es aux personnes handicap\u00e9es sont disponibles pour les participants r\u00e9sidentiels, et des conseils peuvent \u00e9galement \u00eatre fournis \u00e0 ceux qui organisent un h\u00e9bergement priv\u00e9.  <\/p>\n<\/div>\n\n<div class=\"gbp-section gb-element-d61e03dc\">\n<div class=\"gbp-section__inner gb-element-2ef57ce2\">\n<img loading=\"lazy\" decoding=\"async\" width=\"1274\" height=\"737\" class=\"gb-media-ac6921fc\" src=\"http:\/\/www.ibbss.com\/wp-content\/uploads\/2025\/07\/IBBSS-LOGO.jpg\" title=\"I\" alt=\"\" srcset=\"https:\/\/ibbss.com\/wp-content\/uploads\/2025\/07\/IBBSS-LOGO.jpg 1274w, https:\/\/ibbss.com\/wp-content\/uploads\/2025\/07\/IBBSS-LOGO-600x347.jpg 600w, https:\/\/ibbss.com\/wp-content\/uploads\/2025\/07\/IBBSS-LOGO-1200x694.jpg 1200w, https:\/\/ibbss.com\/wp-content\/uploads\/2025\/07\/IBBSS-LOGO-768x444.jpg 768w\" sizes=\"auto, (max-width: 1274px) 100vw, 1274px\" \/>\n\n\n\n<div>\n<h2 class=\"wp-block-heading has-accent-color has-text-color has-link-color wp-elements-c605fd53b50e0114471a48f42b271604\"><strong>Inscrivez-vous maintenant<\/strong><\/h2>\n\n\n\n<p>Les places sont limit\u00e9es &#8211; r\u00e9servez votre place d\u00e8s aujourd&rsquo;hui pour participer \u00e0 cet \u00e9v\u00e9nement musical unique. <\/p>\n\n\n\n<a class=\"gb-text gb-text-c79a2e92\" href=\"\">Inscrivez-vous MAINTENANT<\/a>\n<\/div>\n<\/div>\n<\/div>\n","protected":false},"excerpt":{"rendered":"<p>IBBSS \u00c9cole d&rsquo;\u00e9t\u00e9 2026 Lieu : Swansea, sud du Pays de Galles Date : Du dimanche 26 juillet au samedi 1er ao\u00fbt R\u00e9servez MAINTENANT Foire aux questions pour IBBSS (FAQ) 1. Inscription, paiements et communication Comment puis-je m&rsquo;inscrire et payer le cours ? Toutes les inscriptions doivent \u00eatre effectu\u00e9es en ligne via le portail de &#8230; <a title=\"Foire aux questions des participants (FAQ)\" class=\"read-more\" href=\"https:\/\/ibbss.com\/fr\/foire-aux-questions-des-participants-faq\/\" aria-label=\"En savoir plus sur Foire aux questions des participants (FAQ)\">Lire plus<\/a><\/p>\n","protected":false},"author":4,"featured_media":0,"parent":0,"menu_order":2,"comment_status":"closed","ping_status":"closed","template":"","meta":{"_acf_changed":false,"footnotes":""},"class_list":["post-1983","page","type-page","status-publish"],"acf":[],"_links":{"self":[{"href":"https:\/\/ibbss.com\/fr\/wp-json\/wp\/v2\/pages\/1983","targetHints":{"allow":["GET"]}}],"collection":[{"href":"https:\/\/ibbss.com\/fr\/wp-json\/wp\/v2\/pages"}],"about":[{"href":"https:\/\/ibbss.com\/fr\/wp-json\/wp\/v2\/types\/page"}],"author":[{"embeddable":true,"href":"https:\/\/ibbss.com\/fr\/wp-json\/wp\/v2\/users\/4"}],"replies":[{"embeddable":true,"href":"https:\/\/ibbss.com\/fr\/wp-json\/wp\/v2\/comments?post=1983"}],"version-history":[{"count":1,"href":"https:\/\/ibbss.com\/fr\/wp-json\/wp\/v2\/pages\/1983\/revisions"}],"predecessor-version":[{"id":1984,"href":"https:\/\/ibbss.com\/fr\/wp-json\/wp\/v2\/pages\/1983\/revisions\/1984"}],"wp:attachment":[{"href":"https:\/\/ibbss.com\/fr\/wp-json\/wp\/v2\/media?parent=1983"}],"curies":[{"name":"wp","href":"https:\/\/api.w.org\/{rel}","templated":true}]}}