{"id":1660,"date":"2025-07-30T11:22:01","date_gmt":"2025-07-30T10:22:01","guid":{"rendered":"https:\/\/ibbss.com\/nos-tuteurs\/nos-tuteurs-owen-farr\/"},"modified":"2025-11-19T17:46:14","modified_gmt":"2025-11-19T17:46:14","slug":"nos-tuteurs-owen-farr","status":"publish","type":"page","link":"https:\/\/ibbss.com\/fr\/nos-tuteurs\/nos-tuteurs-owen-farr\/","title":{"rendered":"Nos tuteurs &#8211; Owen farr"},"content":{"rendered":"\n<div class=\"gb-element-a4058368\">\n<div class=\"gb-element-ac7a1dbc\">\n<div class=\"gb-element-bdd81fb5\">\n<img loading=\"lazy\" decoding=\"async\" width=\"200\" height=\"280\" class=\"gb-media-fe8716a9\" alt=\"\" src=\"http:\/\/www.ibbss.com\/wp-content\/uploads\/2025\/07\/Owen-Farr.jpg\" title=\"Owen farr\">\n<\/div>\n\n\n\n<div>\n<p class=\"gb-text\"><strong>Owen Farr<\/strong> a contribu\u00e9 \u00e0 placer Pontypool, dans le sud du Pays de Galles, sur la carte musicale gr\u00e2ce \u00e0 son jeu de cor t\u00e9nor de classe mondiale et \u00e0 son d\u00e9vouement \u00e0 l&rsquo;enseignement du cuivre. Commen\u00e7ant son parcours musical \u00e0 seulement six ans avec le Pontypool Brass Band, Owen a rapidement gravi les \u00e9chelons, devenant cor solo avec le <strong>Gwent County Youth Brass Band<\/strong> et le <strong>National Youth Brass Band of Wales<\/strong>. En 1995, il a \u00e9t\u00e9 nomm\u00e9 <strong>British Open Junior Solo Champion<\/strong> et, \u00e0 16 ans, est devenu cor solo pour le <strong>Tredegar Town Band<\/strong>.  <\/p>\n\n\n\n<p>Owen a ensuite \u00e9tudi\u00e9 au <strong>Royal Northern College of Music<\/strong>, rejoignant le <strong>Williams Fairey Band<\/strong> en moins de six mois. Il a \u00e9t\u00e9 nomm\u00e9 \u00ab\u00a0Joueur de l&rsquo;ann\u00e9e\u00a0\u00bb par ses camarades de groupe et a jou\u00e9 un r\u00f4le cl\u00e9 dans deux victoires aux National Finals. Apr\u00e8s avoir obtenu son dipl\u00f4me en 2002, il a \u00e9t\u00e9 imm\u00e9diatement nomm\u00e9 professeur de cor t\u00e9nor au RNCM et a \u00e9galement assum\u00e9 un r\u00f4le d&rsquo;enseignement \u00e0 l&rsquo;<strong>Liverpool University<\/strong>.   <\/p>\n\n\n\n<p>Membre fondateur de <strong>Sonar Brass<\/strong>, Owen s&rsquo;est produit lors d&rsquo;\u00e9missions nationales, notamment <em>Listen to the Band<\/em> et <em>Friday Night is Music Night<\/em>. Il est un fervent d\u00e9fenseur de la p\u00e9dagogie du cor t\u00e9nor, occupant des postes d&rsquo;enseignement au <strong>Royal Welsh College of Music and Drama<\/strong> et au <strong>Birmingham Conservatoire<\/strong>, et est <strong>clinicien Besson<\/strong>, effectuant de nombreuses tourn\u00e9es pour promouvoir l&rsquo;instrument.  <\/p>\n\n\n\n<p>De retour au Pays de Galles en 2004 pour rejoindre le <strong>Buy As You View Band<\/strong>, Owen continue d&rsquo;inspirer par son timbre lyrique, sa brillance technique et son d\u00e9vouement \u00e0 l&rsquo;\u00e9ducation musicale. Son m\u00e9lange unique d&rsquo;art et d&rsquo;\u00e9rudition lui assure une place parmi les plus grands musiciens et \u00e9ducateurs de cuivres de sa g\u00e9n\u00e9ration.  <\/p>\n<\/div>\n<\/div>\n<\/div>\n","protected":false},"excerpt":{"rendered":"<p>Owen Farr a contribu\u00e9 \u00e0 placer Pontypool, dans le sud du Pays de Galles, sur la carte musicale gr\u00e2ce \u00e0 son jeu de cor t\u00e9nor de classe mondiale et \u00e0 son d\u00e9vouement \u00e0 l&rsquo;enseignement du cuivre. Commen\u00e7ant son parcours musical \u00e0 seulement six ans avec le Pontypool Brass Band, Owen a rapidement gravi les \u00e9chelons, &#8230; <a title=\"Nos tuteurs &#8211; Owen farr\" class=\"read-more\" href=\"https:\/\/ibbss.com\/fr\/nos-tuteurs\/nos-tuteurs-owen-farr\/\" aria-label=\"En savoir plus sur Nos tuteurs &#8211; Owen farr\">Lire plus<\/a><\/p>\n","protected":false},"author":5,"featured_media":0,"parent":1269,"menu_order":0,"comment_status":"closed","ping_status":"closed","template":"","meta":{"_acf_changed":false,"footnotes":""},"class_list":["post-1660","page","type-page","status-publish"],"acf":[],"_links":{"self":[{"href":"https:\/\/ibbss.com\/fr\/wp-json\/wp\/v2\/pages\/1660","targetHints":{"allow":["GET"]}}],"collection":[{"href":"https:\/\/ibbss.com\/fr\/wp-json\/wp\/v2\/pages"}],"about":[{"href":"https:\/\/ibbss.com\/fr\/wp-json\/wp\/v2\/types\/page"}],"author":[{"embeddable":true,"href":"https:\/\/ibbss.com\/fr\/wp-json\/wp\/v2\/users\/5"}],"replies":[{"embeddable":true,"href":"https:\/\/ibbss.com\/fr\/wp-json\/wp\/v2\/comments?post=1660"}],"version-history":[{"count":2,"href":"https:\/\/ibbss.com\/fr\/wp-json\/wp\/v2\/pages\/1660\/revisions"}],"predecessor-version":[{"id":1893,"href":"https:\/\/ibbss.com\/fr\/wp-json\/wp\/v2\/pages\/1660\/revisions\/1893"}],"up":[{"embeddable":true,"href":"https:\/\/ibbss.com\/fr\/wp-json\/wp\/v2\/pages\/1269"}],"wp:attachment":[{"href":"https:\/\/ibbss.com\/fr\/wp-json\/wp\/v2\/media?parent=1660"}],"curies":[{"name":"wp","href":"https:\/\/api.w.org\/{rel}","templated":true}]}}