{"id":1636,"date":"2025-07-30T11:31:57","date_gmt":"2025-07-30T10:31:57","guid":{"rendered":"https:\/\/ibbss.com\/nos-tuteurs\/nos-professeurs-tom-hutchinson\/"},"modified":"2025-11-19T17:47:11","modified_gmt":"2025-11-19T17:47:11","slug":"nos-professeurs-tom-hutchinson","status":"publish","type":"page","link":"https:\/\/ibbss.com\/fr\/nos-tuteurs\/nos-professeurs-tom-hutchinson\/","title":{"rendered":"Nos professeurs &#8211; Tom Hutchinson"},"content":{"rendered":"\n<div class=\"gb-element-a4058368\">\n<div class=\"gb-element-ac7a1dbc\">\n<div>\n<img loading=\"lazy\" decoding=\"async\" width=\"576\" height=\"1024\" class=\"gb-media-fe8716a9\" alt=\"\" src=\"http:\/\/www.ibbss.com\/wp-content\/uploads\/2025\/07\/Tom-Hutchinson.jpeg\" title=\"Tom Hutchinson\" srcset=\"https:\/\/ibbss.com\/wp-content\/uploads\/2025\/07\/Tom-Hutchinson.jpeg 576w, https:\/\/ibbss.com\/wp-content\/uploads\/2025\/07\/Tom-Hutchinson-338x600.jpeg 338w\" sizes=\"auto, (max-width: 576px) 100vw, 576px\" \/>\n<\/div>\n\n\n\n<div>\n<p class=\"gb-text\"><strong>Tom Hutchinson<\/strong> est reconnu comme l&rsquo;un des cornettistes les plus remarquables au monde. Il a commenc\u00e9 \u00e0 jouer \u00e0 neuf ans avec son groupe local, <g id=\"gid_1\">Stannington<\/g>, et \u00e0 quinze ans, il dirigeait d\u00e9j\u00e0 le <g id=\"gid_2\">Rothwell Temperance Band<\/g>. Ancien soliste et chef de pupitre du <strong>National Youth Brass Band of Great Britain<\/strong>, Tom a \u00e9t\u00e9 invit\u00e9 par le Dr Nicholas Childs \u00e0 rejoindre le <strong>Black Dyke Band<\/strong>, o\u00f9 il a jou\u00e9 pendant quatre ans et a contribu\u00e9 aux victoires majeures lors de concours \u00e0 travers le Royaume-Uni et l&rsquo;Europe.   <\/p>\n\n\n\n<p class=\"gb-text\">Apr\u00e8s avoir obtenu son dipl\u00f4me du <strong>Royal Northern College of Music<\/strong> en 2009, Tom a \u00e9t\u00e9 nomm\u00e9 <strong>Cornet solo du Cory Band<\/strong>. Sous sa direction, Cory a connu une \u00e8re de succ\u00e8s extraordinaire \u2014 incluant de multiples titres au British Open, aux championnats europ\u00e9ens, au Brass in Concert et aux championnats nationaux. Il a \u00e9t\u00e9 nomm\u00e9 deux fois joueur de l&rsquo;ann\u00e9e du groupe et a \u00e9t\u00e9 au c\u0153ur du <strong>Grand Chelem<\/strong> historique de Cory et de son r\u00e8gne de dix ans en tant que brass band num\u00e9ro 1 mondial.  &nbsp;<\/p>\n\n\n\n<p class=\"gb-text\">En plus de sa carri\u00e8re d&rsquo;interpr\u00e8te, Tom est un p\u00e9dagogue passionn\u00e9. Il est <strong>Professeur de cornet au Royal Welsh College of Music and Drama<\/strong>, et tuteur pour le <strong>National Youth Brass Band of Wales<\/strong> et le <strong>National Children&rsquo;s Brass Band of Great Britain<\/strong>. <g id=\"gid_3\">Artiste Besson<\/g>, il repr\u00e9sente le <g id=\"gid_4\">Buffet Crampon Group<\/g> \u00e0 l&rsquo;international et s&rsquo;est produit en tant que soliste en <g id=\"gid_5\">Australie, Nouvelle-Z\u00e9lande, Japon, Canada<\/g> et aux <g id=\"gid_6\">\u00c9tats-Unis<\/g>. Son premier album solo <em>In Principal<\/em> a re\u00e7u des \u00e9loges g\u00e9n\u00e9ralis\u00e9s.   &nbsp;<\/p>\n<\/div>\n<\/div>\n<\/div>\n","protected":false},"excerpt":{"rendered":"<p>Tom Hutchinson est reconnu comme l&rsquo;un des cornettistes les plus remarquables au monde. Il a commenc\u00e9 \u00e0 jouer \u00e0 neuf ans avec son groupe local, Stannington, et \u00e0 quinze ans, il dirigeait d\u00e9j\u00e0 le Rothwell Temperance Band. Ancien soliste et chef de pupitre du National Youth Brass Band of Great Britain, Tom a \u00e9t\u00e9 invit\u00e9 &#8230; <a title=\"Nos professeurs &#8211; Tom Hutchinson\" class=\"read-more\" href=\"https:\/\/ibbss.com\/fr\/nos-tuteurs\/nos-professeurs-tom-hutchinson\/\" aria-label=\"En savoir plus sur Nos professeurs &#8211; Tom Hutchinson\">Lire plus<\/a><\/p>\n","protected":false},"author":5,"featured_media":0,"parent":1269,"menu_order":0,"comment_status":"closed","ping_status":"closed","template":"","meta":{"_acf_changed":false,"footnotes":""},"class_list":["post-1636","page","type-page","status-publish"],"acf":[],"_links":{"self":[{"href":"https:\/\/ibbss.com\/fr\/wp-json\/wp\/v2\/pages\/1636","targetHints":{"allow":["GET"]}}],"collection":[{"href":"https:\/\/ibbss.com\/fr\/wp-json\/wp\/v2\/pages"}],"about":[{"href":"https:\/\/ibbss.com\/fr\/wp-json\/wp\/v2\/types\/page"}],"author":[{"embeddable":true,"href":"https:\/\/ibbss.com\/fr\/wp-json\/wp\/v2\/users\/5"}],"replies":[{"embeddable":true,"href":"https:\/\/ibbss.com\/fr\/wp-json\/wp\/v2\/comments?post=1636"}],"version-history":[{"count":2,"href":"https:\/\/ibbss.com\/fr\/wp-json\/wp\/v2\/pages\/1636\/revisions"}],"predecessor-version":[{"id":1954,"href":"https:\/\/ibbss.com\/fr\/wp-json\/wp\/v2\/pages\/1636\/revisions\/1954"}],"up":[{"embeddable":true,"href":"https:\/\/ibbss.com\/fr\/wp-json\/wp\/v2\/pages\/1269"}],"wp:attachment":[{"href":"https:\/\/ibbss.com\/fr\/wp-json\/wp\/v2\/media?parent=1636"}],"curies":[{"name":"wp","href":"https:\/\/api.w.org\/{rel}","templated":true}]}}