{"id":1607,"date":"2025-07-30T11:37:29","date_gmt":"2025-07-30T10:37:29","guid":{"rendered":"https:\/\/ibbss.com\/nos-tuteurs\/nos-tuteurs-dr-l-brett-baker\/"},"modified":"2025-11-19T17:47:19","modified_gmt":"2025-11-19T17:47:19","slug":"nos-tuteurs-dr-l-brett-baker","status":"publish","type":"page","link":"https:\/\/ibbss.com\/fr\/nos-tuteurs\/nos-tuteurs-dr-l-brett-baker\/","title":{"rendered":"Nos tuteurs &#8211; Dr L Brett Baker"},"content":{"rendered":"\n<div class=\"gb-element-a4058368\">\n<div class=\"gb-element-ac7a1dbc\">\n<div>\n<img loading=\"lazy\" decoding=\"async\" width=\"399\" height=\"600\" class=\"gb-media-fe8716a9\" alt=\"\" src=\"http:\/\/www.ibbss.com\/wp-content\/uploads\/2025\/07\/Brett-Baker.jpg\" title=\"Brett Baker\">\n<\/div>\n\n\n\n<div>\n<blockquote class=\"wp-block-quote is-layout-flow wp-block-quote-is-layout-flow\">\n<p><strong>Dr. L. Brett Baker \u2013 Tuteur de trombone et chef d&rsquo;orchestre<\/strong><\/p>\n\n\n\n<p>Dr. L. Brett Baker est internationalement reconnu comme l&rsquo;un des plus \u00e9minents solistes de trombone de sa g\u00e9n\u00e9ration. R\u00e9put\u00e9 pour son jeu expressif, sa technique irr\u00e9prochable et son esprit novateur, Brett s&rsquo;est forg\u00e9 une r\u00e9putation mondiale gr\u00e2ce \u00e0 un remarquable corpus de travail solo qui s&rsquo;\u00e9tend des enregistrements aux performances en direct, en passant par l&rsquo;\u00e9ducation. <\/p>\n\n\n\n<p>Fervent d\u00e9fenseur de la nouvelle musique, Brett a command\u00e9 plus de <strong>100 \u0153uvres solo<\/strong> pour le trombone, collaborant avec de nombreux compositeurs de premier plan de notre \u00e9poque. Il est l&rsquo;un des <strong>solistes de cuivres les plus enregistr\u00e9s<\/strong> au monde, ayant sorti plus de <strong>40 albums solo<\/strong>, dont huit sous son propre label, <em>White River Evocations<\/em>. Il a \u00e9galement \u00e9t\u00e9 invit\u00e9 comme soliste sur 40 autres enregistrements pour des labels majeurs de brass band et de musique classique.  <\/p>\n\n\n\n<p>La carri\u00e8re solo de Brett l&rsquo;a men\u00e9 \u00e0 travers le Royaume-Uni, l&rsquo;Europe, les \u00c9tats-Unis, l&rsquo;Australie, l&rsquo;Am\u00e9rique du Sud et l&rsquo;Asie, se produisant dans des lieux et festivals de premier plan, notamment le <strong>Festival International de Trombone<\/strong>, <strong>Trombonanza<\/strong>, et l&rsquo;<strong>American Trombone Workshop<\/strong>. Son calendrier de concerts comprend jusqu&rsquo;\u00e0 <strong>50 apparitions solo par an<\/strong>, o\u00f9 il donne \u00e9galement des masterclasses et des ateliers sur la technique solo et l&rsquo;art de la performance. <\/p>\n\n\n\n<p>Pr\u00e9c\u00e9demment premier trombone du l\u00e9gendaire <strong>Black Dyke Band<\/strong> pendant 24 ans, Brett occupe maintenant le poste de trombone solo avec le <strong>Cory Band<\/strong>, le brass band num\u00e9ro un au Royaume-Uni. Son art lui a valu des distinctions telles que le titre de <strong>Champion du British Open Solo<\/strong> (trois fois) et le <strong>Prix du Pr\u00e9sident de l&rsquo;International Trombone Association<\/strong> en 2020. <\/p>\n\n\n\n<p>Au-del\u00e0 de la performance, Brett occupe le poste de <strong>Directeur des ventes et de liaison avec les artistes mondiaux pour Denis Wick &amp; Alliance Products<\/strong>, et est depuis longtemps <strong>Artiste pour Michael Rath Brass Instruments<\/strong>, avec qui il a co-d\u00e9velopp\u00e9 sa propre embouchure signature. \u00c9ducateur et chef d&rsquo;orchestre respect\u00e9, Brett est \u00e9galement pr\u00e9sident de l&rsquo;<strong>Association des juges de brass band<\/strong> et continue d&rsquo;influencer l&rsquo;avenir des cuivres par son enseignement et son mentorat. <\/p>\n<\/blockquote>\n\n\n\n<p class=\"gb-text\">Depuis qu&rsquo;il a rejoint <strong>Black Dyke<\/strong> en 2000 sous la direction du Dr Nicholas Childs, Brett a jou\u00e9 un r\u00f4le cl\u00e9 dans de nombreuses victoires de championnats majeurs et tourn\u00e9es internationales, apparaissant sur plus d&rsquo;une douzaine d&rsquo;enregistrements du groupe. Il a \u00e9galement \u00e9t\u00e9 soliste invit\u00e9 et clinicien en <strong>Am\u00e9rique du Nord et du Sud, en Europe, en Australasie<\/strong> et au <strong>Royaume-Uni<\/strong>, donnant des r\u00e9citals et des masterclasses dans les principaux conservatoires et festivals. &nbsp;<\/p>\n\n\n\n<p class=\"gb-text\">\u00c9ducateur passionn\u00e9, Brett enseigne avec le <strong>National Children\u2019s Brass Band of Great Britain<\/strong> et occupe des postes de longue date dans des initiatives de cuivres pour les jeunes au Royaume-Uni et \u00e0 l&rsquo;\u00e9tranger. Ancien <strong>pr\u00e9sident de la British Trombone Society<\/strong>, il s&rsquo;engage \u00e0 \u00e9largir le r\u00e9pertoire solo du trombone et a command\u00e9 plus de 30 nouvelles \u0153uvres \u00e0 des compositeurs tels que <strong>Philip Wilby<\/strong>, <strong>Philip Harper<\/strong> et <strong>Martin Ellerby<\/strong>. &nbsp;<\/p>\n\n\n\n<p class=\"gb-text\">Brett vit dans le <strong>Cheshire<\/strong> avec sa femme Sarah et est de plus en plus actif en tant que chef d&rsquo;orchestre et juge, continuant \u00e0 fa\u00e7onner l&rsquo;avenir du monde des brass bands par la performance, l&rsquo;\u00e9ducation et la promotion.&nbsp;<\/p>\n<\/div>\n<\/div>\n<\/div>\n","protected":false},"excerpt":{"rendered":"<p>Dr. L. Brett Baker \u2013 Tuteur de trombone et chef d&rsquo;orchestre Dr. L. Brett Baker est internationalement reconnu comme l&rsquo;un des plus \u00e9minents solistes de trombone de sa g\u00e9n\u00e9ration. R\u00e9put\u00e9 pour son jeu expressif, sa technique irr\u00e9prochable et son esprit novateur, Brett s&rsquo;est forg\u00e9 une r\u00e9putation mondiale gr\u00e2ce \u00e0 un remarquable corpus de travail solo &#8230; <a title=\"Nos tuteurs &#8211; Dr L Brett Baker\" class=\"read-more\" href=\"https:\/\/ibbss.com\/fr\/nos-tuteurs\/nos-tuteurs-dr-l-brett-baker\/\" aria-label=\"En savoir plus sur Nos tuteurs &#8211; Dr L Brett Baker\">Lire plus<\/a><\/p>\n","protected":false},"author":5,"featured_media":0,"parent":1269,"menu_order":0,"comment_status":"closed","ping_status":"closed","template":"","meta":{"_acf_changed":false,"footnotes":""},"class_list":["post-1607","page","type-page","status-publish"],"acf":[],"_links":{"self":[{"href":"https:\/\/ibbss.com\/fr\/wp-json\/wp\/v2\/pages\/1607","targetHints":{"allow":["GET"]}}],"collection":[{"href":"https:\/\/ibbss.com\/fr\/wp-json\/wp\/v2\/pages"}],"about":[{"href":"https:\/\/ibbss.com\/fr\/wp-json\/wp\/v2\/types\/page"}],"author":[{"embeddable":true,"href":"https:\/\/ibbss.com\/fr\/wp-json\/wp\/v2\/users\/5"}],"replies":[{"embeddable":true,"href":"https:\/\/ibbss.com\/fr\/wp-json\/wp\/v2\/comments?post=1607"}],"version-history":[{"count":2,"href":"https:\/\/ibbss.com\/fr\/wp-json\/wp\/v2\/pages\/1607\/revisions"}],"predecessor-version":[{"id":1965,"href":"https:\/\/ibbss.com\/fr\/wp-json\/wp\/v2\/pages\/1607\/revisions\/1965"}],"up":[{"embeddable":true,"href":"https:\/\/ibbss.com\/fr\/wp-json\/wp\/v2\/pages\/1269"}],"wp:attachment":[{"href":"https:\/\/ibbss.com\/fr\/wp-json\/wp\/v2\/media?parent=1607"}],"curies":[{"name":"wp","href":"https:\/\/api.w.org\/{rel}","templated":true}]}}