{"id":1587,"date":"2025-07-30T11:52:26","date_gmt":"2025-07-30T10:52:26","guid":{"rendered":"https:\/\/ibbss.com\/nos-tuteurs\/nos-professeurs-matthew-routley\/"},"modified":"2025-11-19T17:46:33","modified_gmt":"2025-11-19T17:46:33","slug":"nos-professeurs-matthew-routley","status":"publish","type":"page","link":"https:\/\/ibbss.com\/fr\/nos-tuteurs\/nos-professeurs-matthew-routley\/","title":{"rendered":"Nos professeurs &#8211; Matthew Routley"},"content":{"rendered":"\n<div class=\"gb-element-a4058368\">\n<div class=\"gb-element-ac7a1dbc\">\n<div>\n<img loading=\"lazy\" decoding=\"async\" width=\"600\" height=\"600\" class=\"gb-media-fe8716a9\" alt=\"\" src=\"http:\/\/www.ibbss.com\/wp-content\/uploads\/2025\/07\/Matthew-Routely.jpg\" title=\"Matthew Routley\" srcset=\"https:\/\/ibbss.com\/wp-content\/uploads\/2025\/07\/Matthew-Routely.jpg 600w, https:\/\/ibbss.com\/wp-content\/uploads\/2025\/07\/Matthew-Routely-300x300.jpg 300w, https:\/\/ibbss.com\/wp-content\/uploads\/2025\/07\/Matthew-Routely-100x100.jpg 100w\" sizes=\"auto, (max-width: 600px) 100vw, 600px\" \/>\n<\/div>\n\n\n\n<div>\n<p class=\"gb-text\"><strong>Matthew Routley <\/strong>est n\u00e9 \u00e0 <strong>Tredegar<\/strong>, au Pays de Galles du Sud, et a grandi \u00e0 <strong>Abergavenny<\/strong>, o\u00f9 il a commenc\u00e9 son parcours musical \u00e0 l&rsquo;\u00e2ge de sept ans au piano, avant de passer aux cuivres et de trouver sa voie avec le <strong>tuba <\/strong>\u00e0 l&rsquo;\u00e2ge de 15 ans. Il a re\u00e7u ses premi\u00e8res le\u00e7ons d&rsquo;Alun F. Williams et d&rsquo;Eric Powell, et a ensuite jou\u00e9 avec le <strong>Gwent Youth Brass Band<\/strong>, le <strong>National Youth Brass Band of Wales<\/strong> et le <strong>National Youth Brass Band of Great Britain<\/strong>.  <\/p>\n\n\n\n<p class=\"gb-text\">Matthew a \u00e9tudi\u00e9 la musique \u00e0 l&rsquo;<strong>Universit\u00e9 de Huddersfield<\/strong>, sous la direction de Stuart Roebuck, et a d\u00e9but\u00e9 sa carri\u00e8re de musicien avec le <strong>Sellers Engineering Band <\/strong>avant de rejoindre le <strong>Yorkshire Building Society Band <\/strong>en 1994. En 1995, il a rejoint le <g id=\"gid_3\">Black Dyke Band<\/g>, o\u00f9 il m\u00e8ne une brillante carri\u00e8re depuis plus de 25 ans. Parmi les moments forts de sa carri\u00e8re figurent plusieurs titres nationaux \u00ab\u00a0double\u00a0\u00bb et \u00ab\u00a0triple\u00a0\u00bb, ainsi que des prestations dans des salles de renomm\u00e9e mondiale comme l&rsquo;<strong>Op\u00e9ra de Sydney<\/strong>, le <strong>Tokyo Metropolitan Hall<\/strong> et le <strong>KKL de Lucerne<\/strong>.  &nbsp;<\/p>\n\n\n\n<p class=\"gb-text\">Profond\u00e9ment engag\u00e9 dans l&rsquo;\u00e9ducation musicale des jeunes, Matthew est <strong>professeur de tuba <\/strong>pour le <strong>National Children&rsquo;s Brass Band of Great Britain<\/strong>, ainsi que pour les <strong>Yorkshire <\/strong>et <strong>Gwent Youth Brass Bands<\/strong>. Parall\u00e8lement \u00e0 ses engagements musicaux, il enseigne la <strong>musique et les arts du spectacle <\/strong>\u00e0 <strong>The Sixth Form, Bolton<\/strong>, et appr\u00e9cie passer du temps en famille et socialiser pendant son temps libre. &nbsp;&nbsp;<\/p>\n<\/div>\n<\/div>\n<\/div>\n","protected":false},"excerpt":{"rendered":"<p>Matthew Routley est n\u00e9 \u00e0 Tredegar, au Pays de Galles du Sud, et a grandi \u00e0 Abergavenny, o\u00f9 il a commenc\u00e9 son parcours musical \u00e0 l&rsquo;\u00e2ge de sept ans au piano, avant de passer aux cuivres et de trouver sa voie avec le tuba \u00e0 l&rsquo;\u00e2ge de 15 ans. Il a re\u00e7u ses premi\u00e8res le\u00e7ons &#8230; <a title=\"Nos professeurs &#8211; Matthew Routley\" class=\"read-more\" href=\"https:\/\/ibbss.com\/fr\/nos-tuteurs\/nos-professeurs-matthew-routley\/\" aria-label=\"En savoir plus sur Nos professeurs &#8211; Matthew Routley\">Lire plus<\/a><\/p>\n","protected":false},"author":5,"featured_media":0,"parent":1269,"menu_order":0,"comment_status":"closed","ping_status":"closed","template":"","meta":{"_acf_changed":false,"footnotes":""},"class_list":["post-1587","page","type-page","status-publish"],"acf":[],"_links":{"self":[{"href":"https:\/\/ibbss.com\/fr\/wp-json\/wp\/v2\/pages\/1587","targetHints":{"allow":["GET"]}}],"collection":[{"href":"https:\/\/ibbss.com\/fr\/wp-json\/wp\/v2\/pages"}],"about":[{"href":"https:\/\/ibbss.com\/fr\/wp-json\/wp\/v2\/types\/page"}],"author":[{"embeddable":true,"href":"https:\/\/ibbss.com\/fr\/wp-json\/wp\/v2\/users\/5"}],"replies":[{"embeddable":true,"href":"https:\/\/ibbss.com\/fr\/wp-json\/wp\/v2\/comments?post=1587"}],"version-history":[{"count":2,"href":"https:\/\/ibbss.com\/fr\/wp-json\/wp\/v2\/pages\/1587\/revisions"}],"predecessor-version":[{"id":1924,"href":"https:\/\/ibbss.com\/fr\/wp-json\/wp\/v2\/pages\/1587\/revisions\/1924"}],"up":[{"embeddable":true,"href":"https:\/\/ibbss.com\/fr\/wp-json\/wp\/v2\/pages\/1269"}],"wp:attachment":[{"href":"https:\/\/ibbss.com\/fr\/wp-json\/wp\/v2\/media?parent=1587"}],"curies":[{"name":"wp","href":"https:\/\/api.w.org\/{rel}","templated":true}]}}