{"id":1515,"date":"2025-07-30T11:10:34","date_gmt":"2025-07-30T10:10:34","guid":{"rendered":"https:\/\/ibbss.com\/nos-tuteurs\/nos-professeurs-richard-marshall\/"},"modified":"2025-11-19T17:46:07","modified_gmt":"2025-11-19T17:46:07","slug":"nos-professeurs-richard-marshall","status":"publish","type":"page","link":"https:\/\/ibbss.com\/fr\/nos-tuteurs\/nos-professeurs-richard-marshall\/","title":{"rendered":"Nos professeurs &#8211; Richard Marshall"},"content":{"rendered":"\n<div class=\"gb-element-a4058368\">\n<div class=\"gb-element-ac7a1dbc\">\n<div>\n<img loading=\"lazy\" decoding=\"async\" width=\"550\" height=\"824\" class=\"gb-media-fe8716a9\" alt=\"\" src=\"http:\/\/www.ibbss.com\/wp-content\/uploads\/2025\/07\/Richard-Marshall.jpg\" title=\"Richard Marshall\" srcset=\"https:\/\/ibbss.com\/wp-content\/uploads\/2025\/07\/Richard-Marshall.jpg 550w, https:\/\/ibbss.com\/wp-content\/uploads\/2025\/07\/Richard-Marshall-400x600.jpg 400w\" sizes=\"auto, (max-width: 550px) 100vw, 550px\" \/>\n<\/div>\n\n\n\n<div>\n<p class=\"gb-text\"><strong>Richard Marshall<\/strong> est largement reconnu comme l&rsquo;un des meilleurs cornettistes au monde. D\u00e9crit par Elgar Howarth comme \u00ab le cornettiste le plus exceptionnel que ce pays ait jamais produit \u00bb, Richard est cornet solo du l\u00e9gendaire <g id=\"gid_1\">Black Dyke Band<\/g>, occupant ce qui est connu comme le \u00ab si\u00e8ge le plus prestigieux du mouvement brass band \u00bb. Avant de rejoindre le groupe en 2006, il a pass\u00e9 dix ans comme cornet solo avec le <strong>Grimethorpe Colliery Band<\/strong>.  &nbsp;<\/p>\n\n\n\n<p>Soliste acclam\u00e9, Richard a publi\u00e9 cinq albums solo \u2014 notamment <em>Blaze<\/em> et <em>Eminence<\/em>, tous deux nomm\u00e9s CD Solo de l&rsquo;ann\u00e9e. Il a cr\u00e9\u00e9 des \u0153uvres majeures \u00e9crites pour lui par des compositeurs de premier plan, notamment la <g id=\"gid_2\">Sonatina<\/g> d&rsquo;Elgar Howarth et le <g id=\"gid_3\">Concerto pour cornet<\/g> d&rsquo;Edward Gregson. Sa collaboration avec Philip Wilby a \u00e9galement men\u00e9 \u00e0 la publication d&rsquo;<em>Essentials<\/em>, un livre d&rsquo;\u00e9tudes contemporaines pour cornet destin\u00e9 aux musiciens avanc\u00e9s.   <br\/><br\/>Richard est un p\u00e9dagogue engag\u00e9, enseignant au <strong>Royal Northern College of Music<\/strong>, au <strong>Birmingham Conservatoire<\/strong> et \u00e0 l&rsquo;<strong>Universit\u00e9 de Salford<\/strong>. Il enseigne \u00e9galement pour le National Children&rsquo;s Brass Band of Great Britain et le Yorkshire Youth Brass Band.  <\/p>\n\n\n\n<p><strong>Artiste et clinicien Besson<\/strong>, Richard se produit exclusivement sur le cornet Prestige avec son embouchure signature RM1. Sa carri\u00e8re l&rsquo;a men\u00e9 dans des salles embl\u00e9matiques du monde entier, notamment l&rsquo;<strong>Op\u00e9ra de Sydney<\/strong> et le <strong>Carnegie Hall<\/strong>, consolidant sa place en tant que v\u00e9ritable ambassadeur de la tradition brass band.  <\/p>\n<\/div>\n<\/div>\n<\/div>\n","protected":false},"excerpt":{"rendered":"<p>Richard Marshall est largement reconnu comme l&rsquo;un des meilleurs cornettistes au monde. D\u00e9crit par Elgar Howarth comme \u00ab le cornettiste le plus exceptionnel que ce pays ait jamais produit \u00bb, Richard est cornet solo du l\u00e9gendaire Black Dyke Band, occupant ce qui est connu comme le \u00ab si\u00e8ge le plus prestigieux du mouvement brass band &#8230; <a title=\"Nos professeurs &#8211; Richard Marshall\" class=\"read-more\" href=\"https:\/\/ibbss.com\/fr\/nos-tuteurs\/nos-professeurs-richard-marshall\/\" aria-label=\"En savoir plus sur Nos professeurs &#8211; Richard Marshall\">Lire plus<\/a><\/p>\n","protected":false},"author":5,"featured_media":0,"parent":1269,"menu_order":0,"comment_status":"closed","ping_status":"closed","template":"","meta":{"_acf_changed":false,"footnotes":""},"class_list":["post-1515","page","type-page","status-publish"],"acf":[],"_links":{"self":[{"href":"https:\/\/ibbss.com\/fr\/wp-json\/wp\/v2\/pages\/1515","targetHints":{"allow":["GET"]}}],"collection":[{"href":"https:\/\/ibbss.com\/fr\/wp-json\/wp\/v2\/pages"}],"about":[{"href":"https:\/\/ibbss.com\/fr\/wp-json\/wp\/v2\/types\/page"}],"author":[{"embeddable":true,"href":"https:\/\/ibbss.com\/fr\/wp-json\/wp\/v2\/users\/5"}],"replies":[{"embeddable":true,"href":"https:\/\/ibbss.com\/fr\/wp-json\/wp\/v2\/comments?post=1515"}],"version-history":[{"count":2,"href":"https:\/\/ibbss.com\/fr\/wp-json\/wp\/v2\/pages\/1515\/revisions"}],"predecessor-version":[{"id":1883,"href":"https:\/\/ibbss.com\/fr\/wp-json\/wp\/v2\/pages\/1515\/revisions\/1883"}],"up":[{"embeddable":true,"href":"https:\/\/ibbss.com\/fr\/wp-json\/wp\/v2\/pages\/1269"}],"wp:attachment":[{"href":"https:\/\/ibbss.com\/fr\/wp-json\/wp\/v2\/media?parent=1515"}],"curies":[{"name":"wp","href":"https:\/\/api.w.org\/{rel}","templated":true}]}}