{"id":1497,"date":"2025-07-30T11:03:33","date_gmt":"2025-07-30T10:03:33","guid":{"rendered":"https:\/\/ibbss.com\/nos-tuteurs\/nos-professeurs-nicholas-childs\/"},"modified":"2025-11-19T17:46:00","modified_gmt":"2025-11-19T17:46:00","slug":"nos-professeurs-nicholas-childs","status":"publish","type":"page","link":"https:\/\/ibbss.com\/fr\/nos-tuteurs\/nos-professeurs-nicholas-childs\/","title":{"rendered":"Nos professeurs &#8211; Nicholas Childs"},"content":{"rendered":"\n<div class=\"gb-element-a4058368\">\n<div class=\"gb-element-ac7a1dbc\">\n<div>\n<img loading=\"lazy\" decoding=\"async\" width=\"257\" height=\"385\" class=\"gb-media-fe8716a9\" alt=\"\" src=\"http:\/\/www.ibbss.com\/wp-content\/uploads\/2025\/07\/Nick-Childs-1-1.jpg\" title=\"Nick Childs\">\n<\/div>\n\n\n\n<div>\n<p><strong>Le professeur Nicholas Childs<\/strong> est un chef d&rsquo;orchestre, soliste d&rsquo;euphonium, producteur et \u00e9ducateur de renomm\u00e9e mondiale, largement c\u00e9l\u00e9br\u00e9 pour son leadership dans le monde des brass bands. Son succ\u00e8s pr\u00e9coce est venu en se produisant internationalement avec son fr\u00e8re sous le nom de <em>The Childs Brothers<\/em>, captivant les publics dans les grandes salles de concert du monde entier. <\/p>\n\n\n\n<p>En tant que chef principal et directeur musical du c\u00e9l\u00e8bre <strong>Black Dyke Band<\/strong>, le Dr Childs a obtenu un succ\u00e8s soutenu en comp\u00e9tition et a men\u00e9 une vague d&rsquo;innovation gr\u00e2ce \u00e0 une programmation audacieuse et des cr\u00e9ations majeures de compositeurs tels que Philip Wilby, Michael Ball et Peter Graham. Son leadership visionnaire a fait de Black Dyke une pierre angulaire de la musique moderne de brass band, incluant des performances marquantes dans des lieux prestigieux comme le <strong>Royal Albert Hall<\/strong> de Londres.  <\/p>\n\n\n\n<p>D\u00e9fenseur passionn\u00e9 de la musique nouvelle, le Dr Childs est le fondateur de <strong>Doyen Recordings<\/strong>, un label pionnier poss\u00e9dant le plus grand catalogue d&rsquo;enregistrements de brass bands. Ses productions couvrent des \u0153uvres embl\u00e9matiques et des collaborations avec des ensembles comme l&rsquo;<strong>International Staff Band<\/strong>, le <strong>BBC Philharmonic<\/strong> et <strong>Canadian Brass<\/strong>.  <\/p>\n\n\n\n<p>Au-del\u00e0 de la sc\u00e8ne, le Dr Childs est un \u00e9ducateur respect\u00e9 et professeur principal en \u00e9tudes de brass band au <strong>Royal Northern College of Music<\/strong>, o\u00f9 il enseigne depuis plus d&rsquo;une d\u00e9cennie. Il occupe \u00e9galement des postes au sein du <strong>National Youth Brass Band of Great Britain<\/strong>, du <strong>Brass Band Heritage Trust<\/strong>, et a dirig\u00e9 en tant qu&rsquo;invit\u00e9 des orchestres \u00e0 travers l&rsquo;Europe, l&rsquo;Am\u00e9rique du Nord et l&rsquo;Asie, remportant des championnats nationaux en France, en Norv\u00e8ge, en \u00c9cosse et au Pays de Galles.  <\/p>\n\n\n\n<p>De ses racines au Tredegar Youth Band au Pays de Galles jusqu&rsquo;au sommet de la sc\u00e8ne mondiale des cuivres, le Dr Childs reste d\u00e9vou\u00e9 \u00e0 repousser les limites, \u00e0 encadrer la prochaine g\u00e9n\u00e9ration et \u00e0 d\u00e9fendre la tradition des brass bands sur la sc\u00e8ne mondiale. <\/p>\n<\/div>\n<\/div>\n<\/div>\n","protected":false},"excerpt":{"rendered":"<p>Le professeur Nicholas Childs est un chef d&rsquo;orchestre, soliste d&rsquo;euphonium, producteur et \u00e9ducateur de renomm\u00e9e mondiale, largement c\u00e9l\u00e9br\u00e9 pour son leadership dans le monde des brass bands. Son succ\u00e8s pr\u00e9coce est venu en se produisant internationalement avec son fr\u00e8re sous le nom de The Childs Brothers, captivant les publics dans les grandes salles de concert &#8230; <a title=\"Nos professeurs &#8211; Nicholas Childs\" class=\"read-more\" href=\"https:\/\/ibbss.com\/fr\/nos-tuteurs\/nos-professeurs-nicholas-childs\/\" aria-label=\"En savoir plus sur Nos professeurs &#8211; Nicholas Childs\">Lire plus<\/a><\/p>\n","protected":false},"author":5,"featured_media":0,"parent":1269,"menu_order":0,"comment_status":"closed","ping_status":"closed","template":"","meta":{"_acf_changed":false,"footnotes":""},"class_list":["post-1497","page","type-page","status-publish"],"acf":[],"_links":{"self":[{"href":"https:\/\/ibbss.com\/fr\/wp-json\/wp\/v2\/pages\/1497","targetHints":{"allow":["GET"]}}],"collection":[{"href":"https:\/\/ibbss.com\/fr\/wp-json\/wp\/v2\/pages"}],"about":[{"href":"https:\/\/ibbss.com\/fr\/wp-json\/wp\/v2\/types\/page"}],"author":[{"embeddable":true,"href":"https:\/\/ibbss.com\/fr\/wp-json\/wp\/v2\/users\/5"}],"replies":[{"embeddable":true,"href":"https:\/\/ibbss.com\/fr\/wp-json\/wp\/v2\/comments?post=1497"}],"version-history":[{"count":2,"href":"https:\/\/ibbss.com\/fr\/wp-json\/wp\/v2\/pages\/1497\/revisions"}],"predecessor-version":[{"id":1873,"href":"https:\/\/ibbss.com\/fr\/wp-json\/wp\/v2\/pages\/1497\/revisions\/1873"}],"up":[{"embeddable":true,"href":"https:\/\/ibbss.com\/fr\/wp-json\/wp\/v2\/pages\/1269"}],"wp:attachment":[{"href":"https:\/\/ibbss.com\/fr\/wp-json\/wp\/v2\/media?parent=1497"}],"curies":[{"name":"wp","href":"https:\/\/api.w.org\/{rel}","templated":true}]}}