{"id":1433,"date":"2025-07-30T11:46:58","date_gmt":"2025-07-30T10:46:58","guid":{"rendered":"https:\/\/ibbss.com\/nos-tuteurs\/nos-professeurs-chris-williams\/"},"modified":"2025-11-19T17:46:28","modified_gmt":"2025-11-19T17:46:28","slug":"nos-professeurs-chris-williams","status":"publish","type":"page","link":"https:\/\/ibbss.com\/fr\/nos-tuteurs\/nos-professeurs-chris-williams\/","title":{"rendered":"Nos professeurs &#8211; Chris Williams"},"content":{"rendered":"\n<div class=\"gb-element-a4058368\">\n<div class=\"gb-element-ac7a1dbc\">\n<div>\n<img loading=\"lazy\" decoding=\"async\" width=\"768\" height=\"434\" class=\"gb-media-fe8716a9\" alt=\"\" src=\"http:\/\/www.ibbss.com\/wp-content\/uploads\/2025\/07\/Chris-Williams.jpeg\" title=\"Chris Williams\" srcset=\"https:\/\/ibbss.com\/wp-content\/uploads\/2025\/07\/Chris-Williams.jpeg 768w, https:\/\/ibbss.com\/wp-content\/uploads\/2025\/07\/Chris-Williams-600x339.jpeg 600w\" sizes=\"auto, (max-width: 768px) 100vw, 768px\" \/>\n<\/div>\n\n\n\n<div>\n<p class=\"gb-text\"><strong>Christopher Williams<\/strong> est un pianiste, compositeur, chef d&rsquo;orchestre et p\u00e9dagogue gallois dont la carri\u00e8re dynamique englobe la performance, l&rsquo;enregistrement et l&rsquo;enseignement. Dipl\u00f4m\u00e9 de l&rsquo;<strong>universit\u00e9 de Cardiff<\/strong>, il est actuellement <strong>directeur adjoint du BBC National Chorus of Wales<\/strong> et pianiste r\u00e9gulier du <strong>BBC National Orchestra of Wales<\/strong>, se produisant aux <strong>BBC Proms<\/strong> et enregistrant pour <strong>Chandos<\/strong>, <strong>Hyperion<\/strong> et <strong>Naxos<\/strong>.&nbsp;<\/p>\n\n\n\n<p>Depuis 1997, Christopher est accompagnateur attitr\u00e9 au <strong>Royal Welsh College of Music and Drama<\/strong> et enseigne le piano \u00e0 l&rsquo;<strong>universit\u00e9 de Cardiff<\/strong> depuis 2001. Il a \u00e9tudi\u00e9 avec Richard McMahon, Simon Shewring et Martin Jones, et a \u00e9t\u00e9 grandement influenc\u00e9 par son premier professeur, <g id=\"gid_2\">Walter Ryan<\/g>, qui a suscit\u00e9 son int\u00e9r\u00eat pour un r\u00e9pertoire moins connu. Cette passion l&rsquo;a conduit \u00e0 interpr\u00e9ter des concertos rarement entendus de <strong>Reinecke<\/strong> et <strong>Rubinstein<\/strong>.   <\/p>\n\n\n\n<p>Tr\u00e8s recherch\u00e9 en tant que chambriste, Christopher a collabor\u00e9 avec des artistes de premier plan tels que <strong>Philippe Schartz<\/strong>, <strong>Catherine Tanner-Williams<\/strong>, <strong>Tim Thorpe<\/strong>, <strong>David Childs<\/strong> et <strong>Tine Thing Helseth<\/strong>, avec des enregistrements sortis sur <strong>Chandos<\/strong>, <strong>Willowhayne<\/strong> et <strong>Naxos<\/strong>. Son album solo de <strong>transcriptions de Brahms<\/strong> sur le label Grand Piano de Naxos a \u00e9t\u00e9 nomm\u00e9 <em>CD de la semaine<\/em> sur NDR Kultur et salu\u00e9 pour sa brillance technique et sa profondeur musicale.  <\/p>\n\n\n\n<p>Visage familier de la <strong>BBC TV et de la radio<\/strong>, Christopher a \u00e9t\u00e9 accompagnateur officiel du <strong>BBC Young Musician of the Year 2020<\/strong>, et a \u00e9galement \u00e9t\u00e9 diffus\u00e9 sur <strong>Radio Luxembourg<\/strong> et <strong>NDR<\/strong>. <\/p>\n\n\n\n<p>En tant que compositeur, il a \u00e9crit plusieurs \u0153uvres pour cuivres, dont <em>Chaos is a Ladder<\/em> (trombone) et <em>Song of the Narrow Sea<\/em> (trompette), avec <em>XX Mountains of Abstract Thought<\/em> diffus\u00e9 sur <strong>Lyric FM<\/strong> et publi\u00e9 par <strong>Naxos<\/strong>. .  <\/p>\n<\/div>\n<\/div>\n<\/div>\n","protected":false},"excerpt":{"rendered":"<p>Christopher Williams est un pianiste, compositeur, chef d&rsquo;orchestre et p\u00e9dagogue gallois dont la carri\u00e8re dynamique englobe la performance, l&rsquo;enregistrement et l&rsquo;enseignement. Dipl\u00f4m\u00e9 de l&rsquo;universit\u00e9 de Cardiff, il est actuellement directeur adjoint du BBC National Chorus of Wales et pianiste r\u00e9gulier du BBC National Orchestra of Wales, se produisant aux BBC Proms et enregistrant pour Chandos, &#8230; <a title=\"Nos professeurs &#8211; Chris Williams\" class=\"read-more\" href=\"https:\/\/ibbss.com\/fr\/nos-tuteurs\/nos-professeurs-chris-williams\/\" aria-label=\"En savoir plus sur Nos professeurs &#8211; Chris Williams\">Lire plus<\/a><\/p>\n","protected":false},"author":5,"featured_media":0,"parent":1269,"menu_order":0,"comment_status":"closed","ping_status":"closed","template":"","meta":{"_acf_changed":false,"footnotes":""},"class_list":["post-1433","page","type-page","status-publish"],"acf":[],"_links":{"self":[{"href":"https:\/\/ibbss.com\/fr\/wp-json\/wp\/v2\/pages\/1433","targetHints":{"allow":["GET"]}}],"collection":[{"href":"https:\/\/ibbss.com\/fr\/wp-json\/wp\/v2\/pages"}],"about":[{"href":"https:\/\/ibbss.com\/fr\/wp-json\/wp\/v2\/types\/page"}],"author":[{"embeddable":true,"href":"https:\/\/ibbss.com\/fr\/wp-json\/wp\/v2\/users\/5"}],"replies":[{"embeddable":true,"href":"https:\/\/ibbss.com\/fr\/wp-json\/wp\/v2\/comments?post=1433"}],"version-history":[{"count":2,"href":"https:\/\/ibbss.com\/fr\/wp-json\/wp\/v2\/pages\/1433\/revisions"}],"predecessor-version":[{"id":1914,"href":"https:\/\/ibbss.com\/fr\/wp-json\/wp\/v2\/pages\/1433\/revisions\/1914"}],"up":[{"embeddable":true,"href":"https:\/\/ibbss.com\/fr\/wp-json\/wp\/v2\/pages\/1269"}],"wp:attachment":[{"href":"https:\/\/ibbss.com\/fr\/wp-json\/wp\/v2\/media?parent=1433"}],"curies":[{"name":"wp","href":"https:\/\/api.w.org\/{rel}","templated":true}]}}