{"id":1419,"date":"2025-07-30T10:41:33","date_gmt":"2025-07-30T09:41:33","guid":{"rendered":"https:\/\/ibbss.com\/nos-tuteurs\/nos-tuteurs-david-barringer\/"},"modified":"2025-11-19T17:45:54","modified_gmt":"2025-11-19T17:45:54","slug":"nos-tuteurs-david-barringer","status":"publish","type":"page","link":"https:\/\/ibbss.com\/fr\/nos-tuteurs\/nos-tuteurs-david-barringer\/","title":{"rendered":"Nos tuteurs &#8211; David Barringer"},"content":{"rendered":"\n<div class=\"gb-element-a4058368\">\n<div class=\"gb-element-ac7a1dbc\">\n<div>\n<img loading=\"lazy\" decoding=\"async\" width=\"1206\" height=\"1571\" class=\"gb-media-fe8716a9\" alt=\"\" src=\"http:\/\/www.ibbss.com\/wp-content\/uploads\/2025\/07\/David-Barringer.jpg\" title=\"David Barringer\" srcset=\"https:\/\/ibbss.com\/wp-content\/uploads\/2025\/07\/David-Barringer.jpg 1206w, https:\/\/ibbss.com\/wp-content\/uploads\/2025\/07\/David-Barringer-461x600.jpg 461w, https:\/\/ibbss.com\/wp-content\/uploads\/2025\/07\/David-Barringer-921x1200.jpg 921w, https:\/\/ibbss.com\/wp-content\/uploads\/2025\/07\/David-Barringer-768x1000.jpg 768w, https:\/\/ibbss.com\/wp-content\/uploads\/2025\/07\/David-Barringer-1179x1536.jpg 1179w, https:\/\/ibbss.com\/wp-content\/uploads\/2025\/07\/David-Barringer-600x782.jpg 600w\" sizes=\"auto, (max-width: 1206px) 100vw, 1206px\" \/>\n<\/div>\n\n\n\n<div>\n<p class=\"gb-text\"><strong>David Barringer<\/strong> <strong>MVO MBE<\/strong> est un leader hautement exp\u00e9riment\u00e9, planificateur strat\u00e9gique et directeur musical, avec une carri\u00e8re distingu\u00e9e dans le secteur militaire. <\/p>\n\n\n\n<p>Le vaste portfolio de David comprend la direction musicale et la gestion de projet de certains des \u00e9v\u00e9nements d&rsquo;\u00c9tat les plus importants du Royaume-Uni, tels que les <strong>fun\u00e9railles d&rsquo;\u00c9tat de Sa Majest\u00e9 la Reine Elizabeth II<\/strong>, pour lesquelles il a re\u00e7u le <strong>MVO<\/strong>, et le <strong>couronnement du Roi Charles III<\/strong>.<\/p>\n\n\n\n<p>David a rejoint l&rsquo;arm\u00e9e en septembre 1989 et a \u00e9tudi\u00e9 \u00e0 l&rsquo;\u00c9cole de musique junior de l&rsquo;arm\u00e9e \u00e0 Pirbright. Il a ensuite fr\u00e9quent\u00e9 l&rsquo;<strong>\u00c9cole royale de musique militaire de Kneller Hall<\/strong>. Il a rejoint la fanfare des Coldstream Guards en janvier 1993 et a effectu\u00e9 des tourn\u00e9es dans le monde entier avec eux, y compris une tourn\u00e9e de trois mois d&rsquo;un bout \u00e0 l&rsquo;autre des \u00c9tats-Unis et du Canada. Pendant son temps avec la fanfare, il a d\u00e9velopp\u00e9 un int\u00e9r\u00eat pour la direction de fanfares de cuivres et a pass\u00e9 2 ans comme chef d&rsquo;orchestre r\u00e9sident de la Flowers Brass Band. Il a ensuite <strong>repr\u00e9sent\u00e9 la Grande-Bretagne<\/strong> lors du premier concours europ\u00e9en du chef d&rsquo;orchestre de l&rsquo;ann\u00e9e en 2000.    <\/p>\n\n\n\n<p>Avec une profonde <strong>expertise en leadership, planification strat\u00e9gique et gestion d&rsquo;\u00e9v\u00e9nements<\/strong>, David a prouv\u00e9 sa capacit\u00e9 \u00e0 mener des projets complexes de la conception \u00e0 l&rsquo;ach\u00e8vement, assurant les <strong>plus hauts standards d&rsquo;excellence<\/strong> dans les \u00e9v\u00e9nements c\u00e9r\u00e9moniels militaires et civils. <\/p>\n\n\n\n<p>Il est \u00e9galement praticien qualifi\u00e9 en gestion du changement et coach en leadership, apportant une riche exp\u00e9rience dans l&rsquo;optimisation des processus, l&rsquo;am\u00e9lioration des op\u00e9rations commerciales et l&rsquo;am\u00e9lioration des performances des \u00e9quipes. <\/p>\n\n\n\n<p>En novembre 2019, il a \u00e9t\u00e9 promu <strong>Lieutenant-colonel<\/strong> et a pris ses fonctions en tant que <strong>plus jeune directeur principal de la musique de l&rsquo;arm\u00e9e<\/strong>. <br\/>En 2022, il a \u00e9t\u00e9 nomm\u00e9 <strong>commandant des fanfares de la division de la maison<\/strong>, et a <strong>depuis supervis\u00e9 toute la musique militaire<\/strong>. <\/p>\n\n\n\n<p>La passion de David pour maximiser le talent et stimuler l&rsquo;efficacit\u00e9 se refl\u00e8te dans son travail continu. Ses contributions \u00e0 la communaut\u00e9 de la musique militaire et c\u00e9r\u00e9monielle, ainsi que son travail dans le coaching en leadership et la gestion du changement, soulignent son engagement envers l&rsquo;excellence et l&rsquo;am\u00e9lioration continue.  <\/p>\n\n\n\n<p>Il a \u00e9t\u00e9 honor\u00e9 du <strong>MBE<\/strong> pour son <strong>service exceptionnel et son d\u00e9vouement<\/strong> \u00e0 son domaine. <\/p>\n<\/div>\n<\/div>\n<\/div>\n","protected":false},"excerpt":{"rendered":"<p>David Barringer MVO MBE est un leader hautement exp\u00e9riment\u00e9, planificateur strat\u00e9gique et directeur musical, avec une carri\u00e8re distingu\u00e9e dans le secteur militaire. Le vaste portfolio de David comprend la direction musicale et la gestion de projet de certains des \u00e9v\u00e9nements d&rsquo;\u00c9tat les plus importants du Royaume-Uni, tels que les fun\u00e9railles d&rsquo;\u00c9tat de Sa Majest\u00e9 la &#8230; <a title=\"Nos tuteurs &#8211; David Barringer\" class=\"read-more\" href=\"https:\/\/ibbss.com\/fr\/nos-tuteurs\/nos-tuteurs-david-barringer\/\" aria-label=\"En savoir plus sur Nos tuteurs &#8211; David Barringer\">Lire plus<\/a><\/p>\n","protected":false},"author":5,"featured_media":0,"parent":1269,"menu_order":0,"comment_status":"closed","ping_status":"closed","template":"","meta":{"_acf_changed":false,"footnotes":""},"class_list":["post-1419","page","type-page","status-publish"],"acf":[],"_links":{"self":[{"href":"https:\/\/ibbss.com\/fr\/wp-json\/wp\/v2\/pages\/1419","targetHints":{"allow":["GET"]}}],"collection":[{"href":"https:\/\/ibbss.com\/fr\/wp-json\/wp\/v2\/pages"}],"about":[{"href":"https:\/\/ibbss.com\/fr\/wp-json\/wp\/v2\/types\/page"}],"author":[{"embeddable":true,"href":"https:\/\/ibbss.com\/fr\/wp-json\/wp\/v2\/users\/5"}],"replies":[{"embeddable":true,"href":"https:\/\/ibbss.com\/fr\/wp-json\/wp\/v2\/comments?post=1419"}],"version-history":[{"count":2,"href":"https:\/\/ibbss.com\/fr\/wp-json\/wp\/v2\/pages\/1419\/revisions"}],"predecessor-version":[{"id":1863,"href":"https:\/\/ibbss.com\/fr\/wp-json\/wp\/v2\/pages\/1419\/revisions\/1863"}],"up":[{"embeddable":true,"href":"https:\/\/ibbss.com\/fr\/wp-json\/wp\/v2\/pages\/1269"}],"wp:attachment":[{"href":"https:\/\/ibbss.com\/fr\/wp-json\/wp\/v2\/media?parent=1419"}],"curies":[{"name":"wp","href":"https:\/\/api.w.org\/{rel}","templated":true}]}}