{"id":1408,"date":"2025-07-30T11:27:21","date_gmt":"2025-07-30T10:27:21","guid":{"rendered":"https:\/\/ibbss.com\/nos-tuteurs\/nos-professeurs-gary-curtin\/"},"modified":"2025-11-19T17:46:21","modified_gmt":"2025-11-19T17:46:21","slug":"nos-professeurs-gary-curtin","status":"publish","type":"page","link":"https:\/\/ibbss.com\/fr\/nos-tuteurs\/nos-professeurs-gary-curtin\/","title":{"rendered":"Nos professeurs &#8211; Gary Curtin"},"content":{"rendered":"\n<div class=\"gb-element-a4058368\">\n<div class=\"gb-element-ac7a1dbc\">\n<div>\n<img loading=\"lazy\" decoding=\"async\" width=\"768\" height=\"512\" class=\"gb-media-fe8716a9\" alt=\"\" src=\"http:\/\/www.ibbss.com\/wp-content\/uploads\/2025\/07\/Gary-Curtain.jpg\" title=\"Gary Curtin\" srcset=\"https:\/\/ibbss.com\/wp-content\/uploads\/2025\/07\/Gary-Curtain.jpg 768w, https:\/\/ibbss.com\/wp-content\/uploads\/2025\/07\/Gary-Curtain-600x400.jpg 600w\" sizes=\"auto, (max-width: 768px) 100vw, 768px\" \/>\n<\/div>\n\n\n\n<div>\n<p class=\"gb-text\"><strong>Gary Curtin<\/strong> est n\u00e9 \u00e0 Cork City, en Irlande. Il a commenc\u00e9 \u00e0 jouer du baryton \u00e0 l&rsquo;\u00e2ge de 12 ans et est pass\u00e9 \u00e0 l&rsquo;euphonium en 1996. Apr\u00e8s \u00eatre pass\u00e9 \u00e0 l&rsquo;euphonium, il est tomb\u00e9 amoureux du son de l&rsquo;instrument et est devenu de plus en plus convaincu qu&rsquo;il voulait consacrer son temps \u00e0 se d\u00e9velopper en tant que musicien et instrumentiste.  &nbsp;<\/p>\n\n\n\n<p>Gary a \u00e9t\u00e9 le premier joueur d&rsquo;euphonium \u00e0 \u00e9tudier au niveau universitaire \u00e0 la Cork School of Music, et il a \u00e9galement poursuivi des \u00e9tudes de master. Pendant son s\u00e9jour \u00e0 la Cork School of Music, il a \u00e9galement re\u00e7u le Yamaha Solo Prize.  <br\/><br\/>D\u00e9m\u00e9nager au Royaume-Uni a \u00e9t\u00e9 une \u00e9tape importante pour Gary, mais son d\u00e9sir de jouer \u00e0 un niveau sup\u00e9rieur sur son instrument a pris le dessus et, en 2005, il a d\u00e9m\u00e9nag\u00e9 \u00e0 Manchester. Tout en \u00e9tudiant pendant un an au RNCM sous la tutelle de Steven Mead, Gary a commenc\u00e9 \u00e0 s&rsquo;immerger dans la sc\u00e8ne des brass bands et a jou\u00e9 de l&rsquo;euphonium solo avec le Wingates Band et le Fairey (Geneva) Band avant de prendre le poste d&rsquo;euphonium principal au Black Dyke Band.  <\/p>\n\n\n\n<p>Il a re\u00e7u le Geoff Whitham Memorial Award du \u00ab Meilleur euphonium \u00bb lors des British Open Championships de 2010 au Birmingham Symphony Hall. <br\/>Gary a \u00e9galement acquis une certaine exp\u00e9rience orchestrale \u00e0 l&rsquo;euphonium et \u00e0 la trompette basse, ayant interpr\u00e9t\u00e9 le Ring Cycle de Wagner \u00e0 deux reprises ainsi que la plupart du r\u00e9pertoire orchestral pour euphonium.<\/p>\n<\/div>\n<\/div>\n<\/div>\n","protected":false},"excerpt":{"rendered":"<p>Gary Curtin est n\u00e9 \u00e0 Cork City, en Irlande. Il a commenc\u00e9 \u00e0 jouer du baryton \u00e0 l&rsquo;\u00e2ge de 12 ans et est pass\u00e9 \u00e0 l&rsquo;euphonium en 1996. Apr\u00e8s \u00eatre pass\u00e9 \u00e0 l&rsquo;euphonium, il est tomb\u00e9 amoureux du son de l&rsquo;instrument et est devenu de plus en plus convaincu qu&rsquo;il voulait consacrer son temps \u00e0 &#8230; <a title=\"Nos professeurs &#8211; Gary Curtin\" class=\"read-more\" href=\"https:\/\/ibbss.com\/fr\/nos-tuteurs\/nos-professeurs-gary-curtin\/\" aria-label=\"En savoir plus sur Nos professeurs &#8211; Gary Curtin\">Lire plus<\/a><\/p>\n","protected":false},"author":5,"featured_media":0,"parent":1269,"menu_order":0,"comment_status":"closed","ping_status":"closed","template":"","meta":{"_acf_changed":false,"footnotes":""},"class_list":["post-1408","page","type-page","status-publish"],"acf":[],"_links":{"self":[{"href":"https:\/\/ibbss.com\/fr\/wp-json\/wp\/v2\/pages\/1408","targetHints":{"allow":["GET"]}}],"collection":[{"href":"https:\/\/ibbss.com\/fr\/wp-json\/wp\/v2\/pages"}],"about":[{"href":"https:\/\/ibbss.com\/fr\/wp-json\/wp\/v2\/types\/page"}],"author":[{"embeddable":true,"href":"https:\/\/ibbss.com\/fr\/wp-json\/wp\/v2\/users\/5"}],"replies":[{"embeddable":true,"href":"https:\/\/ibbss.com\/fr\/wp-json\/wp\/v2\/comments?post=1408"}],"version-history":[{"count":2,"href":"https:\/\/ibbss.com\/fr\/wp-json\/wp\/v2\/pages\/1408\/revisions"}],"predecessor-version":[{"id":1903,"href":"https:\/\/ibbss.com\/fr\/wp-json\/wp\/v2\/pages\/1408\/revisions\/1903"}],"up":[{"embeddable":true,"href":"https:\/\/ibbss.com\/fr\/wp-json\/wp\/v2\/pages\/1269"}],"wp:attachment":[{"href":"https:\/\/ibbss.com\/fr\/wp-json\/wp\/v2\/media?parent=1408"}],"curies":[{"name":"wp","href":"https:\/\/api.w.org\/{rel}","templated":true}]}}