{"id":1359,"date":"2025-07-30T15:19:52","date_gmt":"2025-07-30T14:19:52","guid":{"rendered":"https:\/\/ibbss.com\/cours-de-2026\/formulaire-de-reservation-early-bird\/"},"modified":"2025-12-12T17:18:19","modified_gmt":"2025-12-12T17:18:19","slug":"formulaire-de-reservation-early-bird","status":"publish","type":"page","link":"https:\/\/ibbss.com\/fr\/cours-de-2026\/formulaire-de-reservation-early-bird\/","title":{"rendered":"Formulaire de r\u00e9servation Early Bird"},"content":{"rendered":"\n<div class=\"gb-element-3eacd888\">\n<div class=\"gb-element-f477d53a\">\n<div>\n<h2 class=\"wp-block-heading\"><strong>\u00c9cole d&rsquo;\u00e9t\u00e9<\/strong><\/h2>\n\n\n\n<h4 class=\"wp-block-heading\"><strong>Conditions de paiement IBBSS pour la r\u00e9servation Early Bird r\u00e9sidentiel @ 799 \u00a3 standard 499 \u00a3 flexi :<\/strong><\/h4>\n\n\n\n<ol class=\"wp-block-list\">\n<li>Acompte de 30,00 \u00a3<\/li>\n\n\n\n<li>3 x Paiements de 25 % en d\u00e9cembre, f\u00e9vrier, mai 2026<\/li>\n\n\n\n<li>Paiement final de 25 % moins 30 \u00a3 juillet 2026<\/li>\n<\/ol>\n\n\n\n<h4 class=\"wp-block-heading\"><strong>Conditions de paiement IBBSS pour la r\u00e9servation Early Bird participant \u00e0 la journ\u00e9e @ 199 \u00a3 :<\/strong><\/h4>\n\n\n\n<ol class=\"wp-block-list\">\n<li>Acompte de 30,00 \u00a3<\/li>\n\n\n\n<li>3 x Paiement de 25 % en d\u00e9cembre, f\u00e9vrier, mai 2026<\/li>\n\n\n\n<li>Paiement final de 25 % moins 30 \u00a3 juillet 2026<\/li>\n<\/ol>\n<\/div>\n\n\n\n<div class=\"gb-element-860f709e\" style=\"--inline-bg-image: url(http:\/\/ibbss.com\/wp-content\/uploads\/2025\/07\/IMG_5638-scaled.jpg)\"><\/div>\n<\/div>\n<\/div>\n\n<div class=\"gb-element-a4058368\">\n<div class=\"gb-element-ae821eb4\">\n<h2 class=\"gb-text gb-text-53fe62eb\"><strong>R\u00e9servez maintenant<\/strong><\/h2>\n\n\n\n<p class=\"gb-text\">Les places sont limit\u00e9es&nbsp;: r\u00e9servez votre place d\u00e8s aujourd&rsquo;hui pour participer \u00e0 cet \u00e9v\u00e9nement musical unique.&nbsp;<\/p>\n<\/div>\n\n\n\n<div class=\"wp-block-amelia-events-list-booking-gutenberg-block\"><script>\n  if (typeof hasAmeliaEvent === 'undefined') {\n    var hasAmeliaEvent = true;\n  }\n  if (typeof hasEventApiCall === 'undefined' && ('' === '' && '' !== '1')) {\n    var hasEventApiCall = true;\n  }\n  var hasEventShortcode = (typeof hasEventShortcode === 'undefined') ? false : true;\n  var ameliaShortcodeData = (typeof ameliaShortcodeData === 'undefined') ? [] : ameliaShortcodeData;\n  ameliaShortcodeData.push(\n    {\n      'hasApiCall': (typeof hasEventApiCall !== 'undefined') && hasEventApiCall,\n      'trigger': '',\n      'trigger_type': '',\n      'triggered_form': 'elf',\n      'in_dialog': '',\n      'counter': '1000',\n      'employee': '',\n      'eventId': '',\n      'eventRecurring': 0,\n      'eventTag': \"\",\n      'locationId': \"\"\n    }\n  );\n  var ameliaShortcodeDataTriggered = (typeof ameliaShortcodeDataTriggered === 'undefined') ? [] : ameliaShortcodeDataTriggered;\n  if (ameliaShortcodeData[ameliaShortcodeData.length - 1].trigger !== '') {\n    if (ameliaShortcodeDataTriggered.filter(a => a.counter === ameliaShortcodeData[ameliaShortcodeData.length - 1].counter).length === 0) {\n      ameliaShortcodeDataTriggered.push(ameliaShortcodeData.pop());\n    } else {\n      ameliaShortcodeData.pop()\n    }\n  }\n  if (typeof hasEventApiCall !== 'undefined' && hasEventApiCall) {\n    hasEventApiCall = false;\n  }\n<\/script>\n\n<div\n  id=\"amelia-v2-booking-1000\"\n  class=\"amelia-v2-booking\"\n>\n    <events-list-form-wrapper><\/div>\n<\/div>\n<\/div>\n","protected":false},"excerpt":{"rendered":"<p>\u00c9cole d&rsquo;\u00e9t\u00e9 Conditions de paiement IBBSS pour la r\u00e9servation Early Bird r\u00e9sidentiel @ 799 \u00a3 standard 499 \u00a3 flexi : Conditions de paiement IBBSS pour la r\u00e9servation Early Bird participant \u00e0 la journ\u00e9e @ 199 \u00a3 : R\u00e9servez maintenant Les places sont limit\u00e9es&nbsp;: r\u00e9servez votre place d\u00e8s aujourd&rsquo;hui pour participer \u00e0 cet \u00e9v\u00e9nement musical unique.&nbsp;<\/p>\n","protected":false},"author":5,"featured_media":0,"parent":1175,"menu_order":0,"comment_status":"closed","ping_status":"closed","template":"","meta":{"_acf_changed":false,"footnotes":""},"class_list":["post-1359","page","type-page","status-publish"],"acf":[],"_links":{"self":[{"href":"https:\/\/ibbss.com\/fr\/wp-json\/wp\/v2\/pages\/1359","targetHints":{"allow":["GET"]}}],"collection":[{"href":"https:\/\/ibbss.com\/fr\/wp-json\/wp\/v2\/pages"}],"about":[{"href":"https:\/\/ibbss.com\/fr\/wp-json\/wp\/v2\/types\/page"}],"author":[{"embeddable":true,"href":"https:\/\/ibbss.com\/fr\/wp-json\/wp\/v2\/users\/5"}],"replies":[{"embeddable":true,"href":"https:\/\/ibbss.com\/fr\/wp-json\/wp\/v2\/comments?post=1359"}],"version-history":[{"count":5,"href":"https:\/\/ibbss.com\/fr\/wp-json\/wp\/v2\/pages\/1359\/revisions"}],"predecessor-version":[{"id":2170,"href":"https:\/\/ibbss.com\/fr\/wp-json\/wp\/v2\/pages\/1359\/revisions\/2170"}],"up":[{"embeddable":true,"href":"https:\/\/ibbss.com\/fr\/wp-json\/wp\/v2\/pages\/1175"}],"wp:attachment":[{"href":"https:\/\/ibbss.com\/fr\/wp-json\/wp\/v2\/media?parent=1359"}],"curies":[{"name":"wp","href":"https:\/\/api.w.org\/{rel}","templated":true}]}}