{"id":1269,"date":"2025-07-30T08:57:14","date_gmt":"2025-07-30T07:57:14","guid":{"rendered":"https:\/\/ibbss.com\/nos-tuteurs\/"},"modified":"2025-11-19T17:47:03","modified_gmt":"2025-11-19T17:47:03","slug":"nos-tuteurs","status":"publish","type":"page","link":"https:\/\/ibbss.com\/fr\/nos-tuteurs\/","title":{"rendered":"Nos tuteurs"},"content":{"rendered":"\n<div class=\"gb-element-a4058368\">\n<div class=\"gb-element-7707f023\">\n<div class=\"gb-element-b31d9707\">\n<img loading=\"lazy\" decoding=\"async\" width=\"1206\" height=\"1571\" class=\"gb-media-8ec20dac\" alt=\"\" src=\"https:\/\/www.ibbss.com\/wp-content\/uploads\/2025\/07\/David-Barringer.jpg\" title=\"David Barringer\" srcset=\"https:\/\/ibbss.com\/wp-content\/uploads\/2025\/07\/David-Barringer.jpg 1206w, https:\/\/ibbss.com\/wp-content\/uploads\/2025\/07\/David-Barringer-461x600.jpg 461w, https:\/\/ibbss.com\/wp-content\/uploads\/2025\/07\/David-Barringer-921x1200.jpg 921w, https:\/\/ibbss.com\/wp-content\/uploads\/2025\/07\/David-Barringer-768x1000.jpg 768w, https:\/\/ibbss.com\/wp-content\/uploads\/2025\/07\/David-Barringer-1179x1536.jpg 1179w, https:\/\/ibbss.com\/wp-content\/uploads\/2025\/07\/David-Barringer-600x782.jpg 600w\" sizes=\"auto, (max-width: 1206px) 100vw, 1206px\" \/>\n\n\n\n<h6 class=\"gb-text\">David Barringer MVO MBE<br>Directeur de cours <\/h6>\n\n\n\n<div class=\"gb-element-ac45d944\">\n<p class=\"gb-text\"><strong>David Barringer<\/strong> est un leader tr\u00e8s exp\u00e9riment\u00e9, un planificateur strat\u00e9gique et un directeur musical, avec une carri\u00e8re distingu\u00e9e dans le secteur militaire.<\/p>\n<\/div>\n\n\n\n<a class=\"gb-text gb-text-a5060498\" href=\"https:\/\/ibbss.com\/fr\/nos-tuteurs\/nos-tuteurs-david-barringer\/\">Lire la biographie<\/a>\n<\/div>\n\n\n\n<div class=\"gb-element-d4bc511a\">\n<img loading=\"lazy\" decoding=\"async\" width=\"257\" height=\"335\" class=\"gb-media-ad1edb5d\" alt=\"\" src=\"http:\/\/www.ibbss.com\/wp-content\/uploads\/2025\/07\/Nick-Childs1-.jpg\" title=\"Nick Childs1\">\n\n\n\n<h6 class=\"gb-text\">Prof. Nicholas Childs  <\/h6>\n\n\n\n<div class=\"gb-element-cd6bbb54\">\n<p class=\"gb-text\"><strong>Le professeur Nicholas Childs<\/strong> est un chef d&rsquo;orchestre, soliste d&rsquo;euphonium, producteur et \u00e9ducateur de renomm\u00e9e mondiale, largement c\u00e9l\u00e9br\u00e9 pour son leadership dans le monde des brass bands.&nbsp;<\/p>\n<\/div>\n\n\n\n<a class=\"gb-text gb-text-9a4f15ca\" href=\"https:\/\/ibbss.com\/fr\/nos-tuteurs\/nos-professeurs-nicholas-childs\/\">Lire la biographie<\/a>\n<\/div>\n\n\n\n<div class=\"gb-element-40980fb5\">\n<img loading=\"lazy\" decoding=\"async\" width=\"550\" height=\"716\" class=\"gb-media-ba8469b0\" alt=\"\" src=\"https:\/\/www.ibbss.com\/wp-content\/uploads\/2025\/07\/Richard-Marshall1.jpg\" title=\"Richard Marshall1\" srcset=\"https:\/\/ibbss.com\/wp-content\/uploads\/2025\/07\/Richard-Marshall1.jpg 550w, https:\/\/ibbss.com\/wp-content\/uploads\/2025\/07\/Richard-Marshall1-461x600.jpg 461w\" sizes=\"auto, (max-width: 550px) 100vw, 550px\" \/>\n\n\n\n<h6 class=\"gb-text\">Richard Marshall  <\/h6>\n\n\n\n<div class=\"gb-element-9e2e3db1\">\n<p class=\"gb-text\"><strong>Richard Marshall <\/strong>est largement consid\u00e9r\u00e9 comme l&rsquo;un des meilleurs cornettistes au monde. Il est d\u00e9crit comme \u00ab\u00a0le joueur de cornet le plus exceptionnel que ce pays ait jamais produit\u00a0\u00bb. &nbsp;&nbsp;<\/p>\n<\/div>\n\n\n\n<a class=\"gb-text gb-text-c00c47f0\" href=\"https:\/\/ibbss.com\/fr\/nos-tuteurs\/nos-professeurs-richard-marshall\/\">Lire la biographie<\/a>\n<\/div>\n<\/div>\n\n\n\n<hr class=\"wp-block-separator has-text-color has-contrast-3-color has-alpha-channel-opacity has-contrast-3-background-color has-background is-style-wide\"\/>\n<\/div>\n\n<div class=\"gb-element-a71ef75a\">\n<div class=\"gb-element-5f1ce57c\">\n<div class=\"gb-element-f94ae3bf\">\n<img loading=\"lazy\" decoding=\"async\" width=\"200\" height=\"261\" class=\"gb-media-85271a89\" alt=\"\" src=\"https:\/\/www.ibbss.com\/wp-content\/uploads\/2025\/07\/Owen-Farr1.jpg\" title=\"Owen Farr1\">\n\n\n\n<h6 class=\"gb-text\">Owen farr  <\/h6>\n\n\n\n<div class=\"gb-element-fb966664\">\n<p class=\"gb-text\"><strong>Owen Farr<\/strong> a contribu\u00e9 \u00e0 placer Pontypool, dans le sud du Pays de Galles, sur la carte musicale gr\u00e2ce \u00e0 son jeu de cor t\u00e9nor de classe mondiale et \u00e0 son d\u00e9vouement \u00e0 l&rsquo;enseignement du cuivre.&nbsp;&nbsp;<br><\/p>\n<\/div>\n\n\n\n<a class=\"gb-text gb-text-f0428e47\" href=\"https:\/\/ibbss.com\/fr\/nos-tuteurs\/nos-tuteurs-owen-farr\/\">Lire la biographie<\/a>\n<\/div>\n\n\n\n<div class=\"gb-element-4ad3e136\">\n<img loading=\"lazy\" decoding=\"async\" width=\"393\" height=\"512\" class=\"gb-media-ba976b1d\" alt=\"\" src=\"http:\/\/www.ibbss.com\/wp-content\/uploads\/2025\/07\/Gary-Curtain1.jpg\" title=\"Gary Curtain1\">\n\n\n\n<h6 class=\"gb-text\">Gary curtin  <\/h6>\n\n\n\n<div class=\"gb-element-fb78d03d\">\n<p class=\"gb-text\"><strong>Gary Curtin<\/strong> est n\u00e9 \u00e0 Cork, en Irlande. Il a commenc\u00e9 \u00e0 jouer du baryton \u00e0 l&rsquo;\u00e2ge de 12 ans, mais est tomb\u00e9 amoureux du son de l&rsquo;euphonium et a consacr\u00e9 son temps \u00e0 cet instrument. &nbsp;&nbsp;<\/p>\n<\/div>\n\n\n\n<a class=\"gb-text gb-text-9bb62daf\" href=\"https:\/\/ibbss.com\/fr\/nos-tuteurs\/nos-professeurs-gary-curtin\/\">Lire la biographie<\/a>\n<\/div>\n\n\n\n<div class=\"gb-element-6967c435\">\n<img loading=\"lazy\" decoding=\"async\" width=\"455\" height=\"594\" class=\"gb-media-5b27ffdd\" alt=\"\" src=\"http:\/\/www.ibbss.com\/wp-content\/uploads\/2025\/07\/Tom-Hutchinson1.jpg\" title=\"Tom Hutchinson1\">\n\n\n\n<h6 class=\"gb-text\">Tom Hutchinson<\/h6>\n\n\n\n<div class=\"gb-element-d53c8ca1\">\n<p class=\"gb-text\"><strong>Tom Hutchinson <\/strong>est l&rsquo;un des meilleurs cornettistes au monde. Il a commenc\u00e9 \u00e0 l&rsquo;\u00e2ge de 9 ans avec son orchestre local, <strong>Stannington<\/strong>, et \u00e0 15 ans, il dirigeait d\u00e9j\u00e0 le <strong>Rothwell Temperance Band<\/strong>. &nbsp;<\/p>\n<\/div>\n\n\n\n<a class=\"gb-text gb-text-dccdfb16\" href=\"https:\/\/ibbss.com\/fr\/nos-tuteurs\/nos-professeurs-tom-hutchinson\/\">Lire la biographie<\/a>\n<\/div>\n<\/div>\n\n\n\n<hr class=\"wp-block-separator has-text-color has-contrast-3-color has-alpha-channel-opacity has-contrast-3-background-color has-background is-style-wide\"\/>\n<\/div>\n\n<div class=\"gb-element-46904552\">\n<div class=\"gb-element-a66c228f\">\n<div class=\"gb-element-9807e460\">\n<img loading=\"lazy\" decoding=\"async\" width=\"461\" height=\"600\" class=\"gb-media-bb62a2d6\" alt=\"\" src=\"http:\/\/www.ibbss.com\/wp-content\/uploads\/2025\/07\/Matthew-Routely1.jpg\" title=\"Matthew Routely1\">\n\n\n\n<h6 class=\"gb-text\">Matthew routley<\/h6>\n\n\n\n<div class=\"gb-element-b70043ed\">\n<p class=\"gb-text\"><strong>Matthew Routley <\/strong>a grandi \u00e0 <strong>Abergavenny<\/strong>, o\u00f9 il a commenc\u00e9 son parcours musical \u00e0 l&rsquo;\u00e2ge de sept ans au piano, avant de passer aux cuivres et de trouver sa voie avec le <strong>tuba <\/strong>\u00e0 l&rsquo;\u00e2ge de 15 ans.&nbsp;&nbsp;&nbsp;<\/p>\n<\/div>\n\n\n\n<a class=\"gb-text gb-text-5f3bb1dc\" href=\"https:\/\/ibbss.com\/fr\/nos-tuteurs\/nos-professeurs-matthew-routley\/\">Lire la biographie<\/a>\n<\/div>\n\n\n\n<div class=\"gb-element-2a4e891c\">\n<img loading=\"lazy\" decoding=\"async\" width=\"399\" height=\"520\" class=\"gb-media-0a38ac51\" alt=\"\" src=\"http:\/\/www.ibbss.com\/wp-content\/uploads\/2025\/07\/Brett-Baker1.jpg\" title=\"Brett Baker1\">\n\n\n\n<h6 class=\"gb-text\">  Brett Baker  <\/h6>\n\n\n\n<div class=\"gb-element-4e09c93b\">\n<p class=\"gb-text\"><strong>Brett Baker<\/strong> est le trombone principal du <strong>Black Dyke Band<\/strong> et un clinicien pour <strong>Michael Rath Trombones<\/strong> et le soliste de trombone le plus enregistr\u00e9 dans le monde des brass bands.<\/p>\n<\/div>\n\n\n\n<a class=\"gb-text gb-text-9cae0066\" href=\"https:\/\/ibbss.com\/fr\/nos-tuteurs\/nos-tuteurs-dr-l-brett-baker\/\">Lire la biographie<\/a>\n<\/div>\n\n\n\n<div class=\"gb-element-597c04d2\">\n<img loading=\"lazy\" decoding=\"async\" width=\"333\" height=\"434\" class=\"gb-media-b94239f0\" alt=\"\" src=\"http:\/\/www.ibbss.com\/wp-content\/uploads\/2025\/07\/Chris-Williams1.jpg\" title=\"Chris Williams1\">\n\n\n\n<h6 class=\"gb-text\">Chris Williams  <\/h6>\n\n\n\n<div class=\"gb-element-84e1c7ee\">\n<p class=\"gb-text\"><strong>Christopher Williams<\/strong> est un pianiste, compositeur, chef d&rsquo;orchestre et \u00e9ducateur gallois avec une carri\u00e8re dynamique couvrant la performance, l&rsquo;enregistrement et l&rsquo;enseignement. <\/p>\n<\/div>\n\n\n\n<a class=\"gb-text gb-text-b1c38440\" href=\"https:\/\/ibbss.com\/fr\/nos-tuteurs\/nos-professeurs-chris-williams\/\">Lire la biographie<\/a>\n<\/div>\n<\/div>\n<\/div>\n","protected":false},"excerpt":{"rendered":"<p>David Barringer MVO MBEDirecteur de cours David Barringer est un leader tr\u00e8s exp\u00e9riment\u00e9, un planificateur strat\u00e9gique et un directeur musical, avec une carri\u00e8re distingu\u00e9e dans le secteur militaire. Lire la biographie Prof. Nicholas Childs Le professeur Nicholas Childs est un chef d&rsquo;orchestre, soliste d&rsquo;euphonium, producteur et \u00e9ducateur de renomm\u00e9e mondiale, largement c\u00e9l\u00e9br\u00e9 pour son leadership &#8230; <a title=\"Nos tuteurs\" class=\"read-more\" href=\"https:\/\/ibbss.com\/fr\/nos-tuteurs\/\" aria-label=\"En savoir plus sur Nos tuteurs\">Lire plus<\/a><\/p>\n","protected":false},"author":5,"featured_media":0,"parent":0,"menu_order":5,"comment_status":"closed","ping_status":"closed","template":"","meta":{"_acf_changed":false,"footnotes":""},"class_list":["post-1269","page","type-page","status-publish"],"acf":[],"_links":{"self":[{"href":"https:\/\/ibbss.com\/fr\/wp-json\/wp\/v2\/pages\/1269","targetHints":{"allow":["GET"]}}],"collection":[{"href":"https:\/\/ibbss.com\/fr\/wp-json\/wp\/v2\/pages"}],"about":[{"href":"https:\/\/ibbss.com\/fr\/wp-json\/wp\/v2\/types\/page"}],"author":[{"embeddable":true,"href":"https:\/\/ibbss.com\/fr\/wp-json\/wp\/v2\/users\/5"}],"replies":[{"embeddable":true,"href":"https:\/\/ibbss.com\/fr\/wp-json\/wp\/v2\/comments?post=1269"}],"version-history":[{"count":4,"href":"https:\/\/ibbss.com\/fr\/wp-json\/wp\/v2\/pages\/1269\/revisions"}],"predecessor-version":[{"id":1949,"href":"https:\/\/ibbss.com\/fr\/wp-json\/wp\/v2\/pages\/1269\/revisions\/1949"}],"wp:attachment":[{"href":"https:\/\/ibbss.com\/fr\/wp-json\/wp\/v2\/media?parent=1269"}],"curies":[{"name":"wp","href":"https:\/\/api.w.org\/{rel}","templated":true}]}}