{"id":1175,"date":"2025-07-30T13:20:18","date_gmt":"2025-07-30T12:20:18","guid":{"rendered":"https:\/\/ibbss.com\/cours-de-2026\/"},"modified":"2026-03-27T11:29:30","modified_gmt":"2026-03-27T11:29:30","slug":"cours-de-2026","status":"publish","type":"page","link":"https:\/\/ibbss.com\/fr\/cours-de-2026\/","title":{"rendered":"Cours de 2026"},"content":{"rendered":"\n<div class=\"gb-element-6c790050 alignfull\">\n<div class=\"gb-element-6e507a74\">\n<div class=\"gb-element-c17d5481\">\n<h1 class=\"gb-text\">IBBSS <strong>\u00c9cole d&rsquo;\u00e9t\u00e9 2026<\/strong><\/h1>\n\n\n\n<h2 class=\"gb-text\">Lieu : <strong>Swansea, Pays de Galles du Sud<\/strong><\/h2>\n\n\n\n<h3 class=\"gb-text\">Date : <strong>du dimanche 26 juillet au samedi 1er ao\u00fbt<\/strong><\/h3>\n\n\n\n<a class=\"gb-text gbp-button--primary smooth-scroll\" href=\"#book-now\">R\u00e9servez MAINTENANT<\/a>\n<\/div>\n<\/div>\n<\/div>\n\n<div class=\"gbp-section gb-element-472b84e0\">\n<div class=\"gbp-section__inner gb-element-e31f90c1\">\n<div class=\"gb-element-b9a2c26b\">\n<h2 class=\"gb-text gbp-section__headline gb-text-570e748a\"><strong>Cours de 2026<\/strong><\/h2>\n\n\n\n<ul class=\"wp-block-list\">\n<li>6 jours \n<ul class=\"wp-block-list\">\n<li>Du dimanche au samedi <\/li>\n<\/ul>\n<\/li>\n\n\n\n<li>Demi-pension\n<ul class=\"wp-block-list\">\n<li>Petit-d\u00e9jeuner et d\u00eener inclus <\/li>\n<\/ul>\n<\/li>\n\n\n\n<li>Campus de l&rsquo;UNI de Swansea &#8211; Chambres avec salle de bains <\/li>\n\n\n\n<li>Brangwyn Hall<\/li>\n\n\n\n<li><a href=\"https:\/\/www.ibbss.com\/our-tutors\/\" data-type=\"page\" data-id=\"617\">Le\u00e7ons de tuteurs de classe mondiale<\/a> <\/li>\n\n\n\n<li>Prestations en solo\n<ul class=\"wp-block-list\">\n<li>Interpr\u00e9tez le solo sur lequel vous avez travaill\u00e9 si dur devant un public, avec un accompagnement au piano <\/li>\n<\/ul>\n<\/li>\n\n\n\n<li>Soir\u00e9es sociales\n<ul class=\"wp-block-list\">\n<li>Ce ne serait pas une \u00e9cole d&rsquo;\u00e9t\u00e9 sans une vie sociale ! Avec un bar, des spectacles amusants et des quiz, il y a beaucoup de choses \u00e0 appr\u00e9cier !  <\/li>\n<\/ul>\n<\/li>\n\n\n\n<li>Playing &amp; Conducting Courses\n<ul class=\"wp-block-list\">\n<li>Am\u00e9liorez votre lecture \u00e0 vue, votre musicalit\u00e9 et vos comp\u00e9tences en direction d&rsquo;orchestre lors de nos masterclasses et sessions d&rsquo;\u00e9tude <\/li>\n<\/ul>\n<\/li>\n\n\n\n<li>Temps libre \u00e0 la plage\n<ul class=\"wp-block-list\">\n<li>Beaucoup de temps libre pour se d\u00e9tendre et profiter du soleil ! <\/li>\n<\/ul>\n<\/li>\n<\/ul>\n<\/div>\n\n\n\n<img loading=\"lazy\" decoding=\"async\" width=\"2377\" height=\"2560\" class=\"gb-media-44afe9b9\" alt=\"\u00c9cole d&apos;\u00e9t\u00e9 internationale de brass band\" title=\"\u00c9cole d&apos;\u00e9t\u00e9 internationale de brass band\" src=\"https:\/\/ibbss.com\/wp-content\/uploads\/2025\/07\/IMG_5644-1-scaled.jpg\" srcset=\"https:\/\/ibbss.com\/wp-content\/uploads\/2025\/07\/IMG_5644-1-scaled.jpg 2377w, https:\/\/ibbss.com\/wp-content\/uploads\/2025\/07\/IMG_5644-1-557x600.jpg 557w, https:\/\/ibbss.com\/wp-content\/uploads\/2025\/07\/IMG_5644-1-1114x1200.jpg 1114w, https:\/\/ibbss.com\/wp-content\/uploads\/2025\/07\/IMG_5644-1-768x827.jpg 768w, https:\/\/ibbss.com\/wp-content\/uploads\/2025\/07\/IMG_5644-1-1426x1536.jpg 1426w, https:\/\/ibbss.com\/wp-content\/uploads\/2025\/07\/IMG_5644-1-1902x2048.jpg 1902w, https:\/\/ibbss.com\/wp-content\/uploads\/2025\/07\/IMG_5644-1-600x646.jpg 600w\" sizes=\"auto, (max-width: 2377px) 100vw, 2377px\" \/>\n<\/div>\n<\/div>\n\n<div class=\"gb-element-a4058368\" id=\"book-now\">\n<div class=\"gb-element-6748e313\">\n<h2 class=\"gb-text gb-text-6878f411\"><strong>R\u00e9servez maintenant<\/strong><\/h2>\n\n\n\n<p class=\"gb-text\">Les places sont limit\u00e9es&nbsp;: r\u00e9servez votre place d\u00e8s aujourd&rsquo;hui pour participer \u00e0 cet \u00e9v\u00e9nement musical unique.&nbsp;<\/p>\n<\/div>\n\n\n\n<div class=\"wp-block-amelia-events-list-booking-gutenberg-block\"><script>\n  if (typeof hasAmeliaEvent === 'undefined') {\n    var hasAmeliaEvent = true;\n  }\n  if (typeof hasEventApiCall === 'undefined' && ('' === '' && '' !== '1')) {\n    var hasEventApiCall = true;\n  }\n  var hasEventShortcode = (typeof hasEventShortcode === 'undefined') ? false : true;\n  var ameliaShortcodeData = (typeof ameliaShortcodeData === 'undefined') ? [] : ameliaShortcodeData;\n  ameliaShortcodeData.push(\n    {\n      'hasApiCall': (typeof hasEventApiCall !== 'undefined') && hasEventApiCall,\n      'trigger': '',\n      'trigger_type': '',\n      'triggered_form': 'elf',\n      'in_dialog': '',\n      'counter': '1000',\n      'employee': '',\n      'eventId': '',\n      'eventRecurring': 0,\n      'eventTag': \"\",\n      'locationId': \"\"\n    }\n  );\n  var ameliaShortcodeDataTriggered = (typeof ameliaShortcodeDataTriggered === 'undefined') ? [] : ameliaShortcodeDataTriggered;\n  if (ameliaShortcodeData[ameliaShortcodeData.length - 1].trigger !== '') {\n    if (ameliaShortcodeDataTriggered.filter(a => a.counter === ameliaShortcodeData[ameliaShortcodeData.length - 1].counter).length === 0) {\n      ameliaShortcodeDataTriggered.push(ameliaShortcodeData.pop());\n    } else {\n      ameliaShortcodeData.pop()\n    }\n  }\n  if (typeof hasEventApiCall !== 'undefined' && hasEventApiCall) {\n    hasEventApiCall = false;\n  }\n<\/script>\n\n<div\n  id=\"amelia-v2-booking-1000\"\n  class=\"amelia-v2-booking\"\n>\n    <events-list-form-wrapper><\/div>\n<\/div>\n<\/div>\n","protected":false},"excerpt":{"rendered":"<p>IBBSS \u00c9cole d&rsquo;\u00e9t\u00e9 2026 Lieu : Swansea, Pays de Galles du Sud Date : du dimanche 26 juillet au samedi 1er ao\u00fbt R\u00e9servez MAINTENANT Cours de 2026 R\u00e9servez maintenant Les places sont limit\u00e9es&nbsp;: r\u00e9servez votre place d\u00e8s aujourd&rsquo;hui pour participer \u00e0 cet \u00e9v\u00e9nement musical unique.&nbsp;<\/p>\n","protected":false},"author":5,"featured_media":0,"parent":0,"menu_order":2,"comment_status":"closed","ping_status":"closed","template":"","meta":{"_acf_changed":false,"footnotes":""},"class_list":["post-1175","page","type-page","status-publish"],"acf":[],"_links":{"self":[{"href":"https:\/\/ibbss.com\/fr\/wp-json\/wp\/v2\/pages\/1175","targetHints":{"allow":["GET"]}}],"collection":[{"href":"https:\/\/ibbss.com\/fr\/wp-json\/wp\/v2\/pages"}],"about":[{"href":"https:\/\/ibbss.com\/fr\/wp-json\/wp\/v2\/types\/page"}],"author":[{"embeddable":true,"href":"https:\/\/ibbss.com\/fr\/wp-json\/wp\/v2\/users\/5"}],"replies":[{"embeddable":true,"href":"https:\/\/ibbss.com\/fr\/wp-json\/wp\/v2\/comments?post=1175"}],"version-history":[{"count":5,"href":"https:\/\/ibbss.com\/fr\/wp-json\/wp\/v2\/pages\/1175\/revisions"}],"predecessor-version":[{"id":2256,"href":"https:\/\/ibbss.com\/fr\/wp-json\/wp\/v2\/pages\/1175\/revisions\/2256"}],"wp:attachment":[{"href":"https:\/\/ibbss.com\/fr\/wp-json\/wp\/v2\/media?parent=1175"}],"curies":[{"name":"wp","href":"https:\/\/api.w.org\/{rel}","templated":true}]}}