{"id":1655,"date":"2025-07-30T11:22:01","date_gmt":"2025-07-30T10:22:01","guid":{"rendered":"https:\/\/ibbss.com\/nuestros-tutores\/nuestros-tutores-owen-farr\/"},"modified":"2025-11-19T17:46:07","modified_gmt":"2025-11-19T17:46:07","slug":"nuestros-tutores-owen-farr","status":"publish","type":"page","link":"https:\/\/ibbss.com\/es\/nuestros-tutores\/nuestros-tutores-owen-farr\/","title":{"rendered":"Nuestros tutores: Owen Farr"},"content":{"rendered":"\n<div class=\"gb-element-a4058368\">\n<div class=\"gb-element-ac7a1dbc\">\n<div class=\"gb-element-bdd81fb5\">\n<img loading=\"lazy\" decoding=\"async\" width=\"200\" height=\"280\" class=\"gb-media-fe8716a9\" alt=\"\" src=\"http:\/\/www.ibbss.com\/wp-content\/uploads\/2025\/07\/Owen-Farr.jpg\" title=\"Owen Farr\">\n<\/div>\n\n\n\n<div>\n<p class=\"gb-text\"><strong>Owen Farr<\/strong> ha ayudado a situar a Pontypool, en el sur de Gales, en el mapa musical gracias a su interpretaci\u00f3n de trompa tenor de talla mundial y a su dedicaci\u00f3n a la ense\u00f1anza del metal. Owen comenz\u00f3 su trayectoria musical con tan solo seis a\u00f1os en la Pontypool Brass Band, ascendiendo r\u00e1pidamente hasta convertirse en Trompa Principal tanto de la <strong>Gwent County Youth Brass Band<\/strong> como de la <strong>National Youth Brass Band of Wales<\/strong>. En 1995, fue nombrado <strong>British Open Junior Solo Champion<\/strong> y, a los 16 a\u00f1os, se convirti\u00f3 en Trompa Solista de la <strong>Tredegar Town Band<\/strong>.  <\/p>\n\n\n\n<p>Owen continu\u00f3 sus estudios en el <strong>Royal Northern College of Music<\/strong>, incorpor\u00e1ndose a la <strong>Williams Fairey Band<\/strong> en seis meses. Obtuvo el premio al \u00abM\u00fasico del A\u00f1o\u00bb de sus compa\u00f1eros de banda y desempe\u00f1\u00f3 un papel clave en dos victorias en las Finales Nacionales. Tras graduarse en 2002, fue nombrado inmediatamente Profesor de Trompa Tenor en el RNCM y tambi\u00e9n asumi\u00f3 un papel docente en la <strong>Universidad de Liverpool<\/strong>.   <\/p>\n\n\n\n<p>Como miembro fundador de <strong>Sonar Brass<\/strong>, Owen ha actuado en emisiones nacionales como <em>Listen to the Band<\/em> y <em>Friday Night is Music Night<\/em>. Es un apasionado defensor de la pedagog\u00eda de la trompa tenor, ocupa puestos de ense\u00f1anza en el <strong>Royal Welsh College of Music and Drama<\/strong> y en el <strong>Birmingham Conservatoire<\/strong>, y ejerce como <strong>cl\u00ednico de Besson<\/strong>, realizando amplias giras para promocionar el instrumento.  <\/p>\n\n\n\n<p>Tras regresar a Gales en 2004 para unirse a la <strong>Buy As You View Band<\/strong>, Owen sigue inspirando a trav\u00e9s de su tono l\u00edrico, su brillantez t\u00e9cnica y su dedicaci\u00f3n a la educaci\u00f3n musical. Su singular combinaci\u00f3n de arte y erudici\u00f3n asegura su lugar entre los m\u00e1s destacados m\u00fasicos de metal y educadores de su generaci\u00f3n.  <\/p>\n<\/div>\n<\/div>\n<\/div>\n","protected":false},"excerpt":{"rendered":"<p>Owen Farr ha ayudado a situar a Pontypool, en el sur de Gales, en el mapa musical gracias a su interpretaci\u00f3n de trompa tenor de talla mundial y a su dedicaci\u00f3n a la ense\u00f1anza del metal. Owen comenz\u00f3 su trayectoria musical con tan solo seis a\u00f1os en la Pontypool Brass Band, ascendiendo r\u00e1pidamente hasta convertirse &#8230; <a title=\"Nuestros tutores: Owen Farr\" class=\"read-more\" href=\"https:\/\/ibbss.com\/es\/nuestros-tutores\/nuestros-tutores-owen-farr\/\" aria-label=\"Leer m\u00e1s sobre Nuestros tutores: Owen Farr\">Leer m\u00e1s<\/a><\/p>\n","protected":false},"author":5,"featured_media":0,"parent":1307,"menu_order":0,"comment_status":"closed","ping_status":"closed","template":"","meta":{"_acf_changed":false,"footnotes":""},"class_list":["post-1655","page","type-page","status-publish"],"acf":[],"_links":{"self":[{"href":"https:\/\/ibbss.com\/es\/wp-json\/wp\/v2\/pages\/1655","targetHints":{"allow":["GET"]}}],"collection":[{"href":"https:\/\/ibbss.com\/es\/wp-json\/wp\/v2\/pages"}],"about":[{"href":"https:\/\/ibbss.com\/es\/wp-json\/wp\/v2\/types\/page"}],"author":[{"embeddable":true,"href":"https:\/\/ibbss.com\/es\/wp-json\/wp\/v2\/users\/5"}],"replies":[{"embeddable":true,"href":"https:\/\/ibbss.com\/es\/wp-json\/wp\/v2\/comments?post=1655"}],"version-history":[{"count":2,"href":"https:\/\/ibbss.com\/es\/wp-json\/wp\/v2\/pages\/1655\/revisions"}],"predecessor-version":[{"id":1888,"href":"https:\/\/ibbss.com\/es\/wp-json\/wp\/v2\/pages\/1655\/revisions\/1888"}],"up":[{"embeddable":true,"href":"https:\/\/ibbss.com\/es\/wp-json\/wp\/v2\/pages\/1307"}],"wp:attachment":[{"href":"https:\/\/ibbss.com\/es\/wp-json\/wp\/v2\/media?parent=1655"}],"curies":[{"name":"wp","href":"https:\/\/api.w.org\/{rel}","templated":true}]}}